

{"id":913,"date":"2024-02-23T09:10:42","date_gmt":"2024-02-23T09:10:42","guid":{"rendered":"https:\/\/emokebeautyzone.ro\/?post_type=product&#038;p=913"},"modified":"2024-02-23T09:10:42","modified_gmt":"2024-02-23T09:10:42","slug":"crema-fluida-matifianta-sebum-reducer-50-ml","status":"publish","type":"product","link":"https:\/\/emokebeautyzone.ro\/hu\/termek\/crema-fluida-matifianta-sebum-reducer-50-ml\/","title":{"rendered":"Crem\u0103 fluid\u0103 matifiant\u0103 Sebum Reducer &#8211; 50 ml"},"content":{"rendered":"<p>Aceast\u0103 crem\u0103 fluid\u0103, cu absorb\u021bie rapid\u0103, \u00eembog\u0103\u021bit\u0103 cu extracte de Mimosa tenuiflora \u0219i lemn dulce, confer\u0103 un ten clar \u0219i mat. Trandafirul de mirt reduce str\u0103lucirea \u0219i produc\u021bia excesiv\u0103 de sebum, porii sunt str\u00e2n\u0219i, iar pielea gras\u0103 \u00ee\u0219i recap\u0103t\u0103 echilibrul natural. Combate bacteriile implicate \u00een formarea impurit\u0103\u021bilor pielii. Celuloza \u00eembun\u0103t\u0103\u021be\u0219te absorb\u021bia surplusului de ulei \u0219i confer\u0103 tenului un aspect mat imediat \u0219i de durat\u0103.<\/p>\n<p>Eficacitatea gamei de \u00eengrijire SEBUM REDUCER, special dezvoltat\u0103 pentru tenul gras,  impur, se bazeaz\u0103 pe planta din America de Sud, Mimosa tenuiflora.<br \/>\nExtractul din acest arbust specific zonei de sud a Mexicului are, printre altele, efecte antiseptice \u015fi astringente \u015fi ajut\u0103 la vindecarea r\u0103nilor.Prin regenerarea celulelor \u015fi oferindu-le protec\u0163ie, echilibreaz\u0103 pielea.<br \/>\nModific\u0103rile hormonale din organism, de exemplu \u00een timpul pubert\u0103\u021bii, pot dezechilibra pielea.Se creeaz\u0103 o produc\u0163ie mai mare de sebum \u0219i pielea are tendin\u0163a de keratinizare excesiv\u0103. Tenul este adesea inflamat \u015fi foarte lucios. Porii sunt dilata\u021bi \u015fi plini cu sebum.<br \/>\nPropriet\u0103\u0163ile de echilibrare ale plantei Mimosa tenuiflora permit pielii stresate s\u0103 se ajute singur\u0103, \u00eentr-un mod complet natural.<br \/>\nGama SEBUM REDUCER normalizeaz\u0103 secre\u021bia de sebum a pielii \u015fi ajut\u0103 la rafinarea porilor.<br \/>\nDe asemenea, stabilizeaz\u0103 filmul hidrolipidic \u015fi contracareaz\u0103 cre\u015fterea produc\u0163iei de bacterii.<br \/>\nUtilizarea regulat\u0103 \u015fi sistematic\u0103 a gamei de \u00eengrijire SEBUM REDUCER, face ca tenul gras, impur s\u0103 arate mai clar, mat \u015fi mai pur.<\/p>","protected":false},"excerpt":{"rendered":"<p>Aceast\u0103 crem\u0103 fluid\u0103, cu absorb\u021bie rapid\u0103, \u00eembog\u0103\u021bit\u0103 cu extracte de Mimosa tenuiflora \u0219i lemn dulce, confer\u0103 un ten clar \u0219i mat. Trandafirul de mirt reduce str\u0103lucirea \u0219i produc\u021bia excesiv\u0103 de sebum, porii sunt str\u00e2n\u0219i, iar pielea gras\u0103 \u00ee\u0219i recap\u0103t\u0103 echilibrul natural. Combate bacteriile implicate \u00een formarea impurit\u0103\u021bilor pielii. Celuloza \u00eembun\u0103t\u0103\u021be\u0219te absorb\u021bia surplusului de ulei \u0219i [&hellip;]<\/p>","protected":false},"featured_media":882,"template":"","meta":{"ocean_post_layout":"","ocean_both_sidebars_style":"","ocean_both_sidebars_content_width":0,"ocean_both_sidebars_sidebars_width":0,"ocean_sidebar":"0","ocean_second_sidebar":"0","ocean_disable_margins":"enable","ocean_add_body_class":"","ocean_shortcode_before_top_bar":"","ocean_shortcode_after_top_bar":"","ocean_shortcode_before_header":"","ocean_shortcode_after_header":"","ocean_has_shortcode":"","ocean_shortcode_after_title":"","ocean_shortcode_before_footer_widgets":"","ocean_shortcode_after_footer_widgets":"","ocean_shortcode_before_footer_bottom":"","ocean_shortcode_after_footer_bottom":"","ocean_display_top_bar":"default","ocean_display_header":"default","ocean_header_style":"","ocean_center_header_left_menu":"0","ocean_custom_header_template":"0","ocean_custom_logo":0,"ocean_custom_retina_logo":0,"ocean_custom_logo_max_width":0,"ocean_custom_logo_tablet_max_width":0,"ocean_custom_logo_mobile_max_width":0,"ocean_custom_logo_max_height":0,"ocean_custom_logo_tablet_max_height":0,"ocean_custom_logo_mobile_max_height":0,"ocean_header_custom_menu":"0","ocean_menu_typo_font_family":"0","ocean_menu_typo_font_subset":"","ocean_menu_typo_font_size":0,"ocean_menu_typo_font_size_tablet":0,"ocean_menu_typo_font_size_mobile":0,"ocean_menu_typo_font_size_unit":"px","ocean_menu_typo_font_weight":"","ocean_menu_typo_font_weight_tablet":"","ocean_menu_typo_font_weight_mobile":"","ocean_menu_typo_transform":"","ocean_menu_typo_transform_tablet":"","ocean_menu_typo_transform_mobile":"","ocean_menu_typo_line_height":0,"ocean_menu_typo_line_height_tablet":0,"ocean_menu_typo_line_height_mobile":0,"ocean_menu_typo_line_height_unit":"","ocean_menu_typo_spacing":0,"ocean_menu_typo_spacing_tablet":0,"ocean_menu_typo_spacing_mobile":0,"ocean_menu_typo_spacing_unit":"","ocean_menu_link_color":"","ocean_menu_link_color_hover":"","ocean_menu_link_color_active":"","ocean_menu_link_background":"","ocean_menu_link_hover_background":"","ocean_menu_link_active_background":"","ocean_menu_social_links_bg":"","ocean_menu_social_hover_links_bg":"","ocean_menu_social_links_color":"","ocean_menu_social_hover_links_color":"","ocean_disable_title":"default","ocean_disable_heading":"default","ocean_post_title":"","ocean_post_subheading":"","ocean_post_title_style":"","ocean_post_title_background_color":"","ocean_post_title_background":0,"ocean_post_title_bg_image_position":"","ocean_post_title_bg_image_attachment":"","ocean_post_title_bg_image_repeat":"","ocean_post_title_bg_image_size":"","ocean_post_title_height":0,"ocean_post_title_bg_overlay":0.5,"ocean_post_title_bg_overlay_color":"","ocean_disable_breadcrumbs":"default","ocean_breadcrumbs_color":"","ocean_breadcrumbs_separator_color":"","ocean_breadcrumbs_links_color":"","ocean_breadcrumbs_links_hover_color":"","ocean_display_footer_widgets":"default","ocean_display_footer_bottom":"default","ocean_custom_footer_template":"0"},"product_brand":[],"product_cat":[34],"product_tag":[],"class_list":{"0":"post-913","1":"product","2":"type-product","3":"status-publish","4":"has-post-thumbnail","6":"product_cat-charlotte-meentzen","8":"entry","9":"has-media","11":"first","12":"instock","13":"shipping-taxable","14":"purchasable","15":"product-type-simple","16":"has-product-nav","17":"col","18":"span_1_of_3","19":"owp-content-center","20":"owp-thumbs-layout-horizontal","21":"owp-btn-normal","22":"owp-tabs-layout-horizontal","23":"has-no-thumbnails"},"yoast_head":"<!-- This site is optimized with the Yoast SEO plugin v25.2 - https:\/\/yoast.com\/wordpress\/plugins\/seo\/ -->\n<title>Crem\u0103 fluid\u0103 matifiant\u0103 Sebum Reducer - 50 ml - Em\u0151ke Beauty Zone<\/title>\n<meta name=\"robots\" content=\"index, follow, max-snippet:-1, max-image-preview:large, max-video-preview:-1\" \/>\n<link rel=\"canonical\" href=\"https:\/\/emokebeautyzone.ro\/hu\/termek\/crema-fluida-matifianta-sebum-reducer-50-ml\/\" \/>\n<meta property=\"og:locale\" content=\"hu_HU\" \/>\n<meta property=\"og:type\" content=\"article\" \/>\n<meta property=\"og:title\" content=\"Crem\u0103 fluid\u0103 matifiant\u0103 Sebum Reducer - 50 ml - Em\u0151ke Beauty Zone\" \/>\n<meta property=\"og:description\" content=\"Aceast\u0103 crem\u0103 fluid\u0103, cu absorb\u021bie rapid\u0103, \u00eembog\u0103\u021bit\u0103 cu extracte de Mimosa tenuiflora \u0219i lemn dulce, confer\u0103 un ten clar \u0219i mat. Trandafirul de mirt reduce str\u0103lucirea \u0219i produc\u021bia excesiv\u0103 de sebum, porii sunt str\u00e2n\u0219i, iar pielea gras\u0103 \u00ee\u0219i recap\u0103t\u0103 echilibrul natural. Combate bacteriile implicate \u00een formarea impurit\u0103\u021bilor pielii. Celuloza \u00eembun\u0103t\u0103\u021be\u0219te absorb\u021bia surplusului de ulei \u0219i [&hellip;]\" \/>\n<meta property=\"og:url\" content=\"https:\/\/emokebeautyzone.ro\/hu\/termek\/crema-fluida-matifianta-sebum-reducer-50-ml\/\" \/>\n<meta property=\"og:site_name\" content=\"Em\u0151ke Beauty Zone\" \/>\n<meta property=\"article:publisher\" content=\"https:\/\/www.facebook.com\/EmokeBeautyZone\" \/>\n<meta property=\"og:image\" content=\"https:\/\/emokebeautyzone.ro\/wp-content\/uploads\/2024\/02\/WhatsApp-Image-2023-12-29-at-14.04.05.jpg\" \/>\n\t<meta property=\"og:image:width\" content=\"1500\" \/>\n\t<meta property=\"og:image:height\" content=\"2000\" \/>\n\t<meta property=\"og:image:type\" content=\"image\/jpeg\" \/>\n<meta name=\"twitter:card\" content=\"summary_large_image\" \/>\n<meta name=\"twitter:label1\" content=\"Becs\u00fclt olvas\u00e1si id\u0151\" \/>\n\t<meta name=\"twitter:data1\" content=\"1 perc\" \/>\n<script type=\"application\/ld+json\" class=\"yoast-schema-graph\">{\"@context\":\"https:\/\/schema.org\",\"@graph\":[{\"@type\":\"WebPage\",\"@id\":\"https:\/\/emokebeautyzone.ro\/produs\/crema-fluida-matifianta-sebum-reducer-50-ml\/\",\"url\":\"https:\/\/emokebeautyzone.ro\/produs\/crema-fluida-matifianta-sebum-reducer-50-ml\/\",\"name\":\"Crem\u0103 fluid\u0103 matifiant\u0103 Sebum Reducer - 50 ml - Em\u0151ke Beauty Zone\",\"isPartOf\":{\"@id\":\"https:\/\/emokebeautyzone.ro\/#website\"},\"primaryImageOfPage\":{\"@id\":\"https:\/\/emokebeautyzone.ro\/produs\/crema-fluida-matifianta-sebum-reducer-50-ml\/#primaryimage\"},\"image\":{\"@id\":\"https:\/\/emokebeautyzone.ro\/produs\/crema-fluida-matifianta-sebum-reducer-50-ml\/#primaryimage\"},\"thumbnailUrl\":\"https:\/\/emokebeautyzone.ro\/wp-content\/uploads\/2024\/02\/WhatsApp-Image-2023-12-29-at-14.04.05.jpg\",\"datePublished\":\"2024-02-23T09:10:42+00:00\",\"breadcrumb\":{\"@id\":\"https:\/\/emokebeautyzone.ro\/produs\/crema-fluida-matifianta-sebum-reducer-50-ml\/#breadcrumb\"},\"inLanguage\":\"hu\",\"potentialAction\":[{\"@type\":\"ReadAction\",\"target\":[\"https:\/\/emokebeautyzone.ro\/produs\/crema-fluida-matifianta-sebum-reducer-50-ml\/\"]}]},{\"@type\":\"ImageObject\",\"inLanguage\":\"hu\",\"@id\":\"https:\/\/emokebeautyzone.ro\/produs\/crema-fluida-matifianta-sebum-reducer-50-ml\/#primaryimage\",\"url\":\"https:\/\/emokebeautyzone.ro\/wp-content\/uploads\/2024\/02\/WhatsApp-Image-2023-12-29-at-14.04.05.jpg\",\"contentUrl\":\"https:\/\/emokebeautyzone.ro\/wp-content\/uploads\/2024\/02\/WhatsApp-Image-2023-12-29-at-14.04.05.jpg\",\"width\":1500,\"height\":2000},{\"@type\":\"BreadcrumbList\",\"@id\":\"https:\/\/emokebeautyzone.ro\/produs\/crema-fluida-matifianta-sebum-reducer-50-ml\/#breadcrumb\",\"itemListElement\":[{\"@type\":\"ListItem\",\"position\":1,\"name\":\"Prima pagin\u0103\",\"item\":\"https:\/\/emokebeautyzone.ro\/\"},{\"@type\":\"ListItem\",\"position\":2,\"name\":\"Magazin\",\"item\":\"https:\/\/emokebeautyzone.ro\/magazin-emoke-beauty-zone-produse-profesionale-de-frumusete\/\"},{\"@type\":\"ListItem\",\"position\":3,\"name\":\"Crem\u0103 fluid\u0103 matifiant\u0103 Sebum Reducer &#8211; 50 ml\"}]},{\"@type\":\"WebSite\",\"@id\":\"https:\/\/emokebeautyzone.ro\/#website\",\"url\":\"https:\/\/emokebeautyzone.ro\/\",\"name\":\"Em\u0151ke Beauty Zone\",\"description\":\"Beauty Zone\",\"publisher\":{\"@id\":\"https:\/\/emokebeautyzone.ro\/#organization\"},\"potentialAction\":[{\"@type\":\"SearchAction\",\"target\":{\"@type\":\"EntryPoint\",\"urlTemplate\":\"https:\/\/emokebeautyzone.ro\/?s={search_term_string}\"},\"query-input\":{\"@type\":\"PropertyValueSpecification\",\"valueRequired\":true,\"valueName\":\"search_term_string\"}}],\"inLanguage\":\"hu\"},{\"@type\":\"Organization\",\"@id\":\"https:\/\/emokebeautyzone.ro\/#organization\",\"name\":\"Em\u0151ke Beauty Zone\",\"url\":\"https:\/\/emokebeautyzone.ro\/\",\"logo\":{\"@type\":\"ImageObject\",\"inLanguage\":\"hu\",\"@id\":\"https:\/\/emokebeautyzone.ro\/#\/schema\/logo\/image\/\",\"url\":\"https:\/\/emokebeautyzone.ro\/wp-content\/uploads\/2023\/01\/ebz3.jpg\",\"contentUrl\":\"https:\/\/emokebeautyzone.ro\/wp-content\/uploads\/2023\/01\/ebz3.jpg\",\"width\":1024,\"height\":577,\"caption\":\"Em\u0151ke Beauty Zone\"},\"image\":{\"@id\":\"https:\/\/emokebeautyzone.ro\/#\/schema\/logo\/image\/\"},\"sameAs\":[\"https:\/\/www.facebook.com\/EmokeBeautyZone\",\"https:\/\/www.instagram.com\/emokebeauty\/\",\"https:\/\/www.tiktok.com\/@emokebeautyzone?_t=8XNHVoBtmsw&_r=1\",\"https:\/\/mero.ro\/p\/emke-beauty-zone?absp=search_autocomplete&qid=50d505c8fda846417b5232705f6da5b9\"]}]}<\/script>\n<!-- \/ Yoast SEO plugin. -->","yoast_head_json":{"title":"Crem\u0103 fluid\u0103 matifiant\u0103 Sebum Reducer - 50 ml - Em\u0151ke Beauty Zone","robots":{"index":"index","follow":"follow","max-snippet":"max-snippet:-1","max-image-preview":"max-image-preview:large","max-video-preview":"max-video-preview:-1"},"canonical":"https:\/\/emokebeautyzone.ro\/hu\/termek\/crema-fluida-matifianta-sebum-reducer-50-ml\/","og_locale":"hu_HU","og_type":"article","og_title":"Crem\u0103 fluid\u0103 matifiant\u0103 Sebum Reducer - 50 ml - Em\u0151ke Beauty Zone","og_description":"Aceast\u0103 crem\u0103 fluid\u0103, cu absorb\u021bie rapid\u0103, \u00eembog\u0103\u021bit\u0103 cu extracte de Mimosa tenuiflora \u0219i lemn dulce, confer\u0103 un ten clar \u0219i mat. Trandafirul de mirt reduce str\u0103lucirea \u0219i produc\u021bia excesiv\u0103 de sebum, porii sunt str\u00e2n\u0219i, iar pielea gras\u0103 \u00ee\u0219i recap\u0103t\u0103 echilibrul natural. Combate bacteriile implicate \u00een formarea impurit\u0103\u021bilor pielii. Celuloza \u00eembun\u0103t\u0103\u021be\u0219te absorb\u021bia surplusului de ulei \u0219i [&hellip;]","og_url":"https:\/\/emokebeautyzone.ro\/hu\/termek\/crema-fluida-matifianta-sebum-reducer-50-ml\/","og_site_name":"Em\u0151ke Beauty Zone","article_publisher":"https:\/\/www.facebook.com\/EmokeBeautyZone","og_image":[{"width":1500,"height":2000,"url":"https:\/\/emokebeautyzone.ro\/wp-content\/uploads\/2024\/02\/WhatsApp-Image-2023-12-29-at-14.04.05.jpg","type":"image\/jpeg"}],"twitter_card":"summary_large_image","twitter_misc":{"Becs\u00fclt olvas\u00e1si id\u0151":"1 perc"},"schema":{"@context":"https:\/\/schema.org","@graph":[{"@type":"WebPage","@id":"https:\/\/emokebeautyzone.ro\/produs\/crema-fluida-matifianta-sebum-reducer-50-ml\/","url":"https:\/\/emokebeautyzone.ro\/produs\/crema-fluida-matifianta-sebum-reducer-50-ml\/","name":"Crem\u0103 fluid\u0103 matifiant\u0103 Sebum Reducer - 50 ml - Em\u0151ke Beauty Zone","isPartOf":{"@id":"https:\/\/emokebeautyzone.ro\/#website"},"primaryImageOfPage":{"@id":"https:\/\/emokebeautyzone.ro\/produs\/crema-fluida-matifianta-sebum-reducer-50-ml\/#primaryimage"},"image":{"@id":"https:\/\/emokebeautyzone.ro\/produs\/crema-fluida-matifianta-sebum-reducer-50-ml\/#primaryimage"},"thumbnailUrl":"https:\/\/emokebeautyzone.ro\/wp-content\/uploads\/2024\/02\/WhatsApp-Image-2023-12-29-at-14.04.05.jpg","datePublished":"2024-02-23T09:10:42+00:00","breadcrumb":{"@id":"https:\/\/emokebeautyzone.ro\/produs\/crema-fluida-matifianta-sebum-reducer-50-ml\/#breadcrumb"},"inLanguage":"hu","potentialAction":[{"@type":"ReadAction","target":["https:\/\/emokebeautyzone.ro\/produs\/crema-fluida-matifianta-sebum-reducer-50-ml\/"]}]},{"@type":"ImageObject","inLanguage":"hu","@id":"https:\/\/emokebeautyzone.ro\/produs\/crema-fluida-matifianta-sebum-reducer-50-ml\/#primaryimage","url":"https:\/\/emokebeautyzone.ro\/wp-content\/uploads\/2024\/02\/WhatsApp-Image-2023-12-29-at-14.04.05.jpg","contentUrl":"https:\/\/emokebeautyzone.ro\/wp-content\/uploads\/2024\/02\/WhatsApp-Image-2023-12-29-at-14.04.05.jpg","width":1500,"height":2000},{"@type":"BreadcrumbList","@id":"https:\/\/emokebeautyzone.ro\/produs\/crema-fluida-matifianta-sebum-reducer-50-ml\/#breadcrumb","itemListElement":[{"@type":"ListItem","position":1,"name":"Prima pagin\u0103","item":"https:\/\/emokebeautyzone.ro\/"},{"@type":"ListItem","position":2,"name":"Magazin","item":"https:\/\/emokebeautyzone.ro\/magazin-emoke-beauty-zone-produse-profesionale-de-frumusete\/"},{"@type":"ListItem","position":3,"name":"Crem\u0103 fluid\u0103 matifiant\u0103 Sebum Reducer &#8211; 50 ml"}]},{"@type":"WebSite","@id":"https:\/\/emokebeautyzone.ro\/#website","url":"https:\/\/emokebeautyzone.ro\/","name":"Em\u0151ke Beauty Zone","description":"Beauty Zone","publisher":{"@id":"https:\/\/emokebeautyzone.ro\/#organization"},"potentialAction":[{"@type":"SearchAction","target":{"@type":"EntryPoint","urlTemplate":"https:\/\/emokebeautyzone.ro\/?s={search_term_string}"},"query-input":{"@type":"PropertyValueSpecification","valueRequired":true,"valueName":"search_term_string"}}],"inLanguage":"hu"},{"@type":"Organization","@id":"https:\/\/emokebeautyzone.ro\/#organization","name":"Em\u0151ke Beauty Zone","url":"https:\/\/emokebeautyzone.ro\/","logo":{"@type":"ImageObject","inLanguage":"hu","@id":"https:\/\/emokebeautyzone.ro\/#\/schema\/logo\/image\/","url":"https:\/\/emokebeautyzone.ro\/wp-content\/uploads\/2023\/01\/ebz3.jpg","contentUrl":"https:\/\/emokebeautyzone.ro\/wp-content\/uploads\/2023\/01\/ebz3.jpg","width":1024,"height":577,"caption":"Em\u0151ke Beauty Zone"},"image":{"@id":"https:\/\/emokebeautyzone.ro\/#\/schema\/logo\/image\/"},"sameAs":["https:\/\/www.facebook.com\/EmokeBeautyZone","https:\/\/www.instagram.com\/emokebeauty\/","https:\/\/www.tiktok.com\/@emokebeautyzone?_t=8XNHVoBtmsw&_r=1","https:\/\/mero.ro\/p\/emke-beauty-zone?absp=search_autocomplete&qid=50d505c8fda846417b5232705f6da5b9"]}]}},"jetpack_sharing_enabled":true,"_links":{"self":[{"href":"https:\/\/emokebeautyzone.ro\/hu\/wp-json\/wp\/v2\/product\/913","targetHints":{"allow":["GET"]}}],"collection":[{"href":"https:\/\/emokebeautyzone.ro\/hu\/wp-json\/wp\/v2\/product"}],"about":[{"href":"https:\/\/emokebeautyzone.ro\/hu\/wp-json\/wp\/v2\/types\/product"}],"wp:featuredmedia":[{"embeddable":true,"href":"https:\/\/emokebeautyzone.ro\/hu\/wp-json\/wp\/v2\/media\/882"}],"wp:attachment":[{"href":"https:\/\/emokebeautyzone.ro\/hu\/wp-json\/wp\/v2\/media?parent=913"}],"wp:term":[{"taxonomy":"product_brand","embeddable":true,"href":"https:\/\/emokebeautyzone.ro\/hu\/wp-json\/wp\/v2\/product_brand?post=913"},{"taxonomy":"product_cat","embeddable":true,"href":"https:\/\/emokebeautyzone.ro\/hu\/wp-json\/wp\/v2\/product_cat?post=913"},{"taxonomy":"product_tag","embeddable":true,"href":"https:\/\/emokebeautyzone.ro\/hu\/wp-json\/wp\/v2\/product_tag?post=913"}],"curies":[{"name":"wp","href":"https:\/\/api.w.org\/{rel}","templated":true}]}}