

{"id":888,"date":"2024-02-21T16:05:02","date_gmt":"2024-02-21T16:05:02","guid":{"rendered":"https:\/\/emokebeautyzone.ro\/?post_type=product&#038;p=888"},"modified":"2024-02-21T16:18:23","modified_gmt":"2024-02-21T16:18:23","slug":"lotiune-de-orhidee-10-ml","status":"publish","type":"product","link":"https:\/\/emokebeautyzone.ro\/hu\/termek\/lotiune-de-orhidee-10-ml\/","title":{"rendered":"Lo\u0163iune de Orhidee &#8211; 10 ml"},"content":{"rendered":"<p>Pentru ce tip de piele? Pentru piele uscat\u0103, deshidratat\u0103.<\/p>\n<p>Efecte \/ Beneficii<br \/>\n\u2022\tSOS de \u00eengrijire de noapte pentru piele dezechilibrat\u0103<br \/>\n\u2022\tCalmeaz\u0103 ro\u0219ea\u021ba \u0219i irita\u021biile pielii<br \/>\n\u2022\t\u00cendep\u0103rteaz\u0103 pielea solzoas\u0103<br \/>\n\u2022\tOfer\u0103 hidratare \u015fi suple\u021be de lung\u0103 durat\u0103<br \/>\n\u2022\tLas\u0103 pielea cu o senza\u0163ie de moale, catifelat\u0103<br \/>\n\u2022\tProtejeaz\u0103 \u00eempotriva pierderii excesive a hidrat\u0103rii<\/p>\n<p>Ingrediente active speciale<br \/>\n\u2022\tExtract de Orhidee<br \/>\n\u2022\tUlei de Primula<br \/>\n\u2022\tAcetat de Vitamina E<br \/>\n\u2022\tPanthenol<br \/>\n=> F\u0103r\u0103 parabeni<\/p>\n<p>Textur\u0103<br \/>\n\u2022\tEmulsie W\/O<br \/>\n\u2022\tConsisten\u021b\u0103 lichid\u0103<\/p>\n<p>Utilizare<br \/>\n\u2022\tAplica\u0163i seara pe fa\u021ba \u0219i g\u00e2tul cur\u0103\u021bate<br \/>\n\u2022\tEvita\u0163i zona ochilor<\/p>\n<p>Sfat<br \/>\n\u2022\tIdeal pentru masaj<br \/>\n\u2022\tIdeal ca produs de \u00eengrijire corporal\u0103 pentru pielea iritat\u0103 \u0219i \u00eenro\u0219it\u0103<br \/>\n\u2022\tIdeal pentru pielea copiilor<\/p>\n<p>Pre\u021b: 10 RON\/10 ml<\/p>","protected":false},"excerpt":{"rendered":"<p>Pentru ce tip de piele? Pentru piele uscat\u0103, deshidratat\u0103. Efecte \/ Beneficii \u2022 SOS de \u00eengrijire de noapte pentru piele dezechilibrat\u0103 \u2022 Calmeaz\u0103 ro\u0219ea\u021ba \u0219i irita\u021biile pielii \u2022 \u00cendep\u0103rteaz\u0103 pielea solzoas\u0103 \u2022 Ofer\u0103 hidratare \u015fi suple\u021be de lung\u0103 durat\u0103 \u2022 Las\u0103 pielea cu o senza\u0163ie de moale, catifelat\u0103 \u2022 Protejeaz\u0103 \u00eempotriva pierderii excesive a hidrat\u0103rii [&hellip;]<\/p>","protected":false},"featured_media":860,"template":"","meta":{"ocean_post_layout":"","ocean_both_sidebars_style":"","ocean_both_sidebars_content_width":0,"ocean_both_sidebars_sidebars_width":0,"ocean_sidebar":"0","ocean_second_sidebar":"0","ocean_disable_margins":"enable","ocean_add_body_class":"","ocean_shortcode_before_top_bar":"","ocean_shortcode_after_top_bar":"","ocean_shortcode_before_header":"","ocean_shortcode_after_header":"","ocean_has_shortcode":"","ocean_shortcode_after_title":"","ocean_shortcode_before_footer_widgets":"","ocean_shortcode_after_footer_widgets":"","ocean_shortcode_before_footer_bottom":"","ocean_shortcode_after_footer_bottom":"","ocean_display_top_bar":"default","ocean_display_header":"default","ocean_header_style":"","ocean_center_header_left_menu":"0","ocean_custom_header_template":"0","ocean_custom_logo":0,"ocean_custom_retina_logo":0,"ocean_custom_logo_max_width":0,"ocean_custom_logo_tablet_max_width":0,"ocean_custom_logo_mobile_max_width":0,"ocean_custom_logo_max_height":0,"ocean_custom_logo_tablet_max_height":0,"ocean_custom_logo_mobile_max_height":0,"ocean_header_custom_menu":"0","ocean_menu_typo_font_family":"0","ocean_menu_typo_font_subset":"","ocean_menu_typo_font_size":0,"ocean_menu_typo_font_size_tablet":0,"ocean_menu_typo_font_size_mobile":0,"ocean_menu_typo_font_size_unit":"px","ocean_menu_typo_font_weight":"","ocean_menu_typo_font_weight_tablet":"","ocean_menu_typo_font_weight_mobile":"","ocean_menu_typo_transform":"","ocean_menu_typo_transform_tablet":"","ocean_menu_typo_transform_mobile":"","ocean_menu_typo_line_height":0,"ocean_menu_typo_line_height_tablet":0,"ocean_menu_typo_line_height_mobile":0,"ocean_menu_typo_line_height_unit":"","ocean_menu_typo_spacing":0,"ocean_menu_typo_spacing_tablet":0,"ocean_menu_typo_spacing_mobile":0,"ocean_menu_typo_spacing_unit":"","ocean_menu_link_color":"","ocean_menu_link_color_hover":"","ocean_menu_link_color_active":"","ocean_menu_link_background":"","ocean_menu_link_hover_background":"","ocean_menu_link_active_background":"","ocean_menu_social_links_bg":"","ocean_menu_social_hover_links_bg":"","ocean_menu_social_links_color":"","ocean_menu_social_hover_links_color":"","ocean_disable_title":"default","ocean_disable_heading":"default","ocean_post_title":"","ocean_post_subheading":"","ocean_post_title_style":"","ocean_post_title_background_color":"","ocean_post_title_background":0,"ocean_post_title_bg_image_position":"","ocean_post_title_bg_image_attachment":"","ocean_post_title_bg_image_repeat":"","ocean_post_title_bg_image_size":"","ocean_post_title_height":0,"ocean_post_title_bg_overlay":0.5,"ocean_post_title_bg_overlay_color":"","ocean_disable_breadcrumbs":"default","ocean_breadcrumbs_color":"","ocean_breadcrumbs_separator_color":"","ocean_breadcrumbs_links_color":"","ocean_breadcrumbs_links_hover_color":"","ocean_display_footer_widgets":"default","ocean_display_footer_bottom":"default","ocean_custom_footer_template":"0"},"product_brand":[],"product_cat":[34],"product_tag":[],"class_list":{"0":"post-888","1":"product","2":"type-product","3":"status-publish","4":"has-post-thumbnail","6":"product_cat-charlotte-meentzen","8":"entry","9":"has-media","11":"first","12":"instock","13":"shipping-taxable","14":"purchasable","15":"product-type-simple","16":"has-product-nav","17":"col","18":"span_1_of_3","19":"owp-content-center","20":"owp-thumbs-layout-horizontal","21":"owp-btn-normal","22":"owp-tabs-layout-horizontal"},"yoast_head":"<!-- This site is optimized with the Yoast SEO plugin v25.2 - https:\/\/yoast.com\/wordpress\/plugins\/seo\/ -->\n<title>Lo\u0163iune de Orhidee - 10 ml - Em\u0151ke Beauty Zone<\/title>\n<meta name=\"robots\" content=\"index, follow, max-snippet:-1, max-image-preview:large, max-video-preview:-1\" \/>\n<link rel=\"canonical\" href=\"https:\/\/emokebeautyzone.ro\/hu\/termek\/lotiune-de-orhidee-10-ml\/\" \/>\n<meta property=\"og:locale\" content=\"hu_HU\" \/>\n<meta property=\"og:type\" content=\"article\" \/>\n<meta property=\"og:title\" content=\"Lo\u0163iune de Orhidee - 10 ml - Em\u0151ke Beauty Zone\" \/>\n<meta property=\"og:description\" content=\"Pentru ce tip de piele? Pentru piele uscat\u0103, deshidratat\u0103. Efecte \/ Beneficii \u2022 SOS de \u00eengrijire de noapte pentru piele dezechilibrat\u0103 \u2022 Calmeaz\u0103 ro\u0219ea\u021ba \u0219i irita\u021biile pielii \u2022 \u00cendep\u0103rteaz\u0103 pielea solzoas\u0103 \u2022 Ofer\u0103 hidratare \u015fi suple\u021be de lung\u0103 durat\u0103 \u2022 Las\u0103 pielea cu o senza\u0163ie de moale, catifelat\u0103 \u2022 Protejeaz\u0103 \u00eempotriva pierderii excesive a hidrat\u0103rii [&hellip;]\" \/>\n<meta property=\"og:url\" content=\"https:\/\/emokebeautyzone.ro\/hu\/termek\/lotiune-de-orhidee-10-ml\/\" \/>\n<meta property=\"og:site_name\" content=\"Em\u0151ke Beauty Zone\" \/>\n<meta property=\"article:publisher\" content=\"https:\/\/www.facebook.com\/EmokeBeautyZone\" \/>\n<meta property=\"article:modified_time\" content=\"2024-02-21T16:18:23+00:00\" \/>\n<meta property=\"og:image\" content=\"https:\/\/emokebeautyzone.ro\/wp-content\/uploads\/2024\/02\/WhatsApp-Image-2023-12-29-at-13.59.21-2.jpg\" \/>\n\t<meta property=\"og:image:width\" content=\"1500\" \/>\n\t<meta property=\"og:image:height\" content=\"2000\" \/>\n\t<meta property=\"og:image:type\" content=\"image\/jpeg\" \/>\n<meta name=\"twitter:card\" content=\"summary_large_image\" \/>\n<meta name=\"twitter:label1\" content=\"Becs\u00fclt olvas\u00e1si id\u0151\" \/>\n\t<meta name=\"twitter:data1\" content=\"1 perc\" \/>\n<script type=\"application\/ld+json\" class=\"yoast-schema-graph\">{\"@context\":\"https:\/\/schema.org\",\"@graph\":[{\"@type\":\"WebPage\",\"@id\":\"https:\/\/emokebeautyzone.ro\/produs\/lotiune-de-orhidee-10-ml\/\",\"url\":\"https:\/\/emokebeautyzone.ro\/produs\/lotiune-de-orhidee-10-ml\/\",\"name\":\"Lo\u0163iune de Orhidee - 10 ml - Em\u0151ke Beauty Zone\",\"isPartOf\":{\"@id\":\"https:\/\/emokebeautyzone.ro\/#website\"},\"primaryImageOfPage\":{\"@id\":\"https:\/\/emokebeautyzone.ro\/produs\/lotiune-de-orhidee-10-ml\/#primaryimage\"},\"image\":{\"@id\":\"https:\/\/emokebeautyzone.ro\/produs\/lotiune-de-orhidee-10-ml\/#primaryimage\"},\"thumbnailUrl\":\"https:\/\/emokebeautyzone.ro\/wp-content\/uploads\/2024\/02\/WhatsApp-Image-2023-12-29-at-13.59.21-2.jpg\",\"datePublished\":\"2024-02-21T16:05:02+00:00\",\"dateModified\":\"2024-02-21T16:18:23+00:00\",\"breadcrumb\":{\"@id\":\"https:\/\/emokebeautyzone.ro\/produs\/lotiune-de-orhidee-10-ml\/#breadcrumb\"},\"inLanguage\":\"hu\",\"potentialAction\":[{\"@type\":\"ReadAction\",\"target\":[\"https:\/\/emokebeautyzone.ro\/produs\/lotiune-de-orhidee-10-ml\/\"]}]},{\"@type\":\"ImageObject\",\"inLanguage\":\"hu\",\"@id\":\"https:\/\/emokebeautyzone.ro\/produs\/lotiune-de-orhidee-10-ml\/#primaryimage\",\"url\":\"https:\/\/emokebeautyzone.ro\/wp-content\/uploads\/2024\/02\/WhatsApp-Image-2023-12-29-at-13.59.21-2.jpg\",\"contentUrl\":\"https:\/\/emokebeautyzone.ro\/wp-content\/uploads\/2024\/02\/WhatsApp-Image-2023-12-29-at-13.59.21-2.jpg\",\"width\":1500,\"height\":2000},{\"@type\":\"BreadcrumbList\",\"@id\":\"https:\/\/emokebeautyzone.ro\/produs\/lotiune-de-orhidee-10-ml\/#breadcrumb\",\"itemListElement\":[{\"@type\":\"ListItem\",\"position\":1,\"name\":\"Prima pagin\u0103\",\"item\":\"https:\/\/emokebeautyzone.ro\/\"},{\"@type\":\"ListItem\",\"position\":2,\"name\":\"Magazin\",\"item\":\"https:\/\/emokebeautyzone.ro\/magazin-emoke-beauty-zone-produse-profesionale-de-frumusete\/\"},{\"@type\":\"ListItem\",\"position\":3,\"name\":\"Lo\u0163iune de Orhidee &#8211; 10 ml\"}]},{\"@type\":\"WebSite\",\"@id\":\"https:\/\/emokebeautyzone.ro\/#website\",\"url\":\"https:\/\/emokebeautyzone.ro\/\",\"name\":\"Em\u0151ke Beauty Zone\",\"description\":\"Beauty Zone\",\"publisher\":{\"@id\":\"https:\/\/emokebeautyzone.ro\/#organization\"},\"potentialAction\":[{\"@type\":\"SearchAction\",\"target\":{\"@type\":\"EntryPoint\",\"urlTemplate\":\"https:\/\/emokebeautyzone.ro\/?s={search_term_string}\"},\"query-input\":{\"@type\":\"PropertyValueSpecification\",\"valueRequired\":true,\"valueName\":\"search_term_string\"}}],\"inLanguage\":\"hu\"},{\"@type\":\"Organization\",\"@id\":\"https:\/\/emokebeautyzone.ro\/#organization\",\"name\":\"Em\u0151ke Beauty Zone\",\"url\":\"https:\/\/emokebeautyzone.ro\/\",\"logo\":{\"@type\":\"ImageObject\",\"inLanguage\":\"hu\",\"@id\":\"https:\/\/emokebeautyzone.ro\/#\/schema\/logo\/image\/\",\"url\":\"https:\/\/emokebeautyzone.ro\/wp-content\/uploads\/2023\/01\/ebz3.jpg\",\"contentUrl\":\"https:\/\/emokebeautyzone.ro\/wp-content\/uploads\/2023\/01\/ebz3.jpg\",\"width\":1024,\"height\":577,\"caption\":\"Em\u0151ke Beauty Zone\"},\"image\":{\"@id\":\"https:\/\/emokebeautyzone.ro\/#\/schema\/logo\/image\/\"},\"sameAs\":[\"https:\/\/www.facebook.com\/EmokeBeautyZone\",\"https:\/\/www.instagram.com\/emokebeauty\/\",\"https:\/\/www.tiktok.com\/@emokebeautyzone?_t=8XNHVoBtmsw&_r=1\",\"https:\/\/mero.ro\/p\/emke-beauty-zone?absp=search_autocomplete&qid=50d505c8fda846417b5232705f6da5b9\"]}]}<\/script>\n<!-- \/ Yoast SEO plugin. -->","yoast_head_json":{"title":"Lo\u0163iune de Orhidee - 10 ml - Em\u0151ke Beauty Zone","robots":{"index":"index","follow":"follow","max-snippet":"max-snippet:-1","max-image-preview":"max-image-preview:large","max-video-preview":"max-video-preview:-1"},"canonical":"https:\/\/emokebeautyzone.ro\/hu\/termek\/lotiune-de-orhidee-10-ml\/","og_locale":"hu_HU","og_type":"article","og_title":"Lo\u0163iune de Orhidee - 10 ml - Em\u0151ke Beauty Zone","og_description":"Pentru ce tip de piele? Pentru piele uscat\u0103, deshidratat\u0103. Efecte \/ Beneficii \u2022 SOS de \u00eengrijire de noapte pentru piele dezechilibrat\u0103 \u2022 Calmeaz\u0103 ro\u0219ea\u021ba \u0219i irita\u021biile pielii \u2022 \u00cendep\u0103rteaz\u0103 pielea solzoas\u0103 \u2022 Ofer\u0103 hidratare \u015fi suple\u021be de lung\u0103 durat\u0103 \u2022 Las\u0103 pielea cu o senza\u0163ie de moale, catifelat\u0103 \u2022 Protejeaz\u0103 \u00eempotriva pierderii excesive a hidrat\u0103rii [&hellip;]","og_url":"https:\/\/emokebeautyzone.ro\/hu\/termek\/lotiune-de-orhidee-10-ml\/","og_site_name":"Em\u0151ke Beauty Zone","article_publisher":"https:\/\/www.facebook.com\/EmokeBeautyZone","article_modified_time":"2024-02-21T16:18:23+00:00","og_image":[{"width":1500,"height":2000,"url":"https:\/\/emokebeautyzone.ro\/wp-content\/uploads\/2024\/02\/WhatsApp-Image-2023-12-29-at-13.59.21-2.jpg","type":"image\/jpeg"}],"twitter_card":"summary_large_image","twitter_misc":{"Becs\u00fclt olvas\u00e1si id\u0151":"1 perc"},"schema":{"@context":"https:\/\/schema.org","@graph":[{"@type":"WebPage","@id":"https:\/\/emokebeautyzone.ro\/produs\/lotiune-de-orhidee-10-ml\/","url":"https:\/\/emokebeautyzone.ro\/produs\/lotiune-de-orhidee-10-ml\/","name":"Lo\u0163iune de Orhidee - 10 ml - Em\u0151ke Beauty Zone","isPartOf":{"@id":"https:\/\/emokebeautyzone.ro\/#website"},"primaryImageOfPage":{"@id":"https:\/\/emokebeautyzone.ro\/produs\/lotiune-de-orhidee-10-ml\/#primaryimage"},"image":{"@id":"https:\/\/emokebeautyzone.ro\/produs\/lotiune-de-orhidee-10-ml\/#primaryimage"},"thumbnailUrl":"https:\/\/emokebeautyzone.ro\/wp-content\/uploads\/2024\/02\/WhatsApp-Image-2023-12-29-at-13.59.21-2.jpg","datePublished":"2024-02-21T16:05:02+00:00","dateModified":"2024-02-21T16:18:23+00:00","breadcrumb":{"@id":"https:\/\/emokebeautyzone.ro\/produs\/lotiune-de-orhidee-10-ml\/#breadcrumb"},"inLanguage":"hu","potentialAction":[{"@type":"ReadAction","target":["https:\/\/emokebeautyzone.ro\/produs\/lotiune-de-orhidee-10-ml\/"]}]},{"@type":"ImageObject","inLanguage":"hu","@id":"https:\/\/emokebeautyzone.ro\/produs\/lotiune-de-orhidee-10-ml\/#primaryimage","url":"https:\/\/emokebeautyzone.ro\/wp-content\/uploads\/2024\/02\/WhatsApp-Image-2023-12-29-at-13.59.21-2.jpg","contentUrl":"https:\/\/emokebeautyzone.ro\/wp-content\/uploads\/2024\/02\/WhatsApp-Image-2023-12-29-at-13.59.21-2.jpg","width":1500,"height":2000},{"@type":"BreadcrumbList","@id":"https:\/\/emokebeautyzone.ro\/produs\/lotiune-de-orhidee-10-ml\/#breadcrumb","itemListElement":[{"@type":"ListItem","position":1,"name":"Prima pagin\u0103","item":"https:\/\/emokebeautyzone.ro\/"},{"@type":"ListItem","position":2,"name":"Magazin","item":"https:\/\/emokebeautyzone.ro\/magazin-emoke-beauty-zone-produse-profesionale-de-frumusete\/"},{"@type":"ListItem","position":3,"name":"Lo\u0163iune de Orhidee &#8211; 10 ml"}]},{"@type":"WebSite","@id":"https:\/\/emokebeautyzone.ro\/#website","url":"https:\/\/emokebeautyzone.ro\/","name":"Em\u0151ke Beauty Zone","description":"Beauty Zone","publisher":{"@id":"https:\/\/emokebeautyzone.ro\/#organization"},"potentialAction":[{"@type":"SearchAction","target":{"@type":"EntryPoint","urlTemplate":"https:\/\/emokebeautyzone.ro\/?s={search_term_string}"},"query-input":{"@type":"PropertyValueSpecification","valueRequired":true,"valueName":"search_term_string"}}],"inLanguage":"hu"},{"@type":"Organization","@id":"https:\/\/emokebeautyzone.ro\/#organization","name":"Em\u0151ke Beauty Zone","url":"https:\/\/emokebeautyzone.ro\/","logo":{"@type":"ImageObject","inLanguage":"hu","@id":"https:\/\/emokebeautyzone.ro\/#\/schema\/logo\/image\/","url":"https:\/\/emokebeautyzone.ro\/wp-content\/uploads\/2023\/01\/ebz3.jpg","contentUrl":"https:\/\/emokebeautyzone.ro\/wp-content\/uploads\/2023\/01\/ebz3.jpg","width":1024,"height":577,"caption":"Em\u0151ke Beauty Zone"},"image":{"@id":"https:\/\/emokebeautyzone.ro\/#\/schema\/logo\/image\/"},"sameAs":["https:\/\/www.facebook.com\/EmokeBeautyZone","https:\/\/www.instagram.com\/emokebeauty\/","https:\/\/www.tiktok.com\/@emokebeautyzone?_t=8XNHVoBtmsw&_r=1","https:\/\/mero.ro\/p\/emke-beauty-zone?absp=search_autocomplete&qid=50d505c8fda846417b5232705f6da5b9"]}]}},"jetpack_sharing_enabled":true,"_links":{"self":[{"href":"https:\/\/emokebeautyzone.ro\/hu\/wp-json\/wp\/v2\/product\/888","targetHints":{"allow":["GET"]}}],"collection":[{"href":"https:\/\/emokebeautyzone.ro\/hu\/wp-json\/wp\/v2\/product"}],"about":[{"href":"https:\/\/emokebeautyzone.ro\/hu\/wp-json\/wp\/v2\/types\/product"}],"wp:featuredmedia":[{"embeddable":true,"href":"https:\/\/emokebeautyzone.ro\/hu\/wp-json\/wp\/v2\/media\/860"}],"wp:attachment":[{"href":"https:\/\/emokebeautyzone.ro\/hu\/wp-json\/wp\/v2\/media?parent=888"}],"wp:term":[{"taxonomy":"product_brand","embeddable":true,"href":"https:\/\/emokebeautyzone.ro\/hu\/wp-json\/wp\/v2\/product_brand?post=888"},{"taxonomy":"product_cat","embeddable":true,"href":"https:\/\/emokebeautyzone.ro\/hu\/wp-json\/wp\/v2\/product_cat?post=888"},{"taxonomy":"product_tag","embeddable":true,"href":"https:\/\/emokebeautyzone.ro\/hu\/wp-json\/wp\/v2\/product_tag?post=888"}],"curies":[{"name":"wp","href":"https:\/\/api.w.org\/{rel}","templated":true}]}}