

{"id":837,"date":"2024-02-12T08:25:40","date_gmt":"2024-02-12T08:25:40","guid":{"rendered":"https:\/\/emokebeautyzone.ro\/?post_type=product&#038;p=837"},"modified":"2024-05-09T11:47:25","modified_gmt":"2024-05-09T11:47:25","slug":"youth-expert-anti-hair-serum-shr-roll-on","status":"publish","type":"product","link":"https:\/\/emokebeautyzone.ro\/hu\/termek\/youth-expert-anti-hair-serum-shr-roll-on\/","title":{"rendered":"YOUTH EXPERT\u2122 Anti-Hair Serum &#8211; SHR Roll-On &#8211; 15 ml"},"content":{"rendered":"<p>YOUTH EXPERT\u2122 Anti-Hair Serum by DERMEDICS\u00ae este cel mai nou concept cosmetic impotriva cresterii locale a parului nedorit. Este recomandat in special impotriva hirsutismului facial \u2013 cresterea unei cantitati excesive de par pe anumite zone ale corpului, cum ar fi fata. Un dispozitiv mic si confortabil de tip roll-on, care este ideal pentru aplicatiile din anumite zone precum buze superioare, sprancene sau areola. Recomandat pentru pielea de toate varstele, cu origini si ton diferite.<\/p>\n<p>YOUTH EXPERT\u2122 Anti-Hair Serum by DERMEDICS\u00ae ofera o noua abordare in ceea ce priveste tratamentele pentru reducerea pilozitatii, implicand o activitate in 5 dimensiuni a componentelor active din compozitia sa:<\/p>\n<p>intarzierea cresterea parului<br \/>\nreducerea sistematica a grosimii parului<br \/>\nechilibrarea hormonala<br \/>\neficacitate anti-riduri<br \/>\nmentinerea varstei prin intarzierea senescentei celulare<br \/>\nIngrediente active principale:<\/p>\n<p>Extract Organic de Narcisa \u2013 incetineste cresterea nedorita a parului<\/p>\n<p>Ceara Myrtle Bogata in Dihidromiricetina \u2013 reduce cantitatea si grosimea parului<br \/>\nTioxolone \u2013 previne foliculita si ingrosarea parului datorita eficacitatii sale keratolitice, antibacteriene si antimicotice. De asemenea, este foarte util in tratamentul petelor, precum si in tratarea rozaceei, care poate aparea dupa epilarea mecanica din jurul gurii.<br \/>\nMananuronat Silanol \u2013 protejeaza impotriva radicalilor liberi, glicarii si degradarii tesuturilor in timpul epilarii deseori mecanice pe pielea delicata a fetei.<br \/>\nAcid Hialuronic 50 kDa \u2013 ofera sprijin anti-imbatranire si hidratare la niveluri profunde (pielea profund hidratata absoarbe mai bine alte componente active, astfel extinde eficacitatea acestora).<br \/>\nComplexul Fitoestrogen \u2013 este un amestec vegetal de soia glicina, mazare, fasole larga, fasole, care are similaritate cu hormonii feminini numiti estrogeni. Estrogenii joaca un rol esential in reducerea parului facial la femei, deoarece neutralizeaza activitatea androgenilor (hormonii barbatesti), care sunt responsabili in principal pentru excesul de par nedorit la femei. Regleaza functia glandelor sebacee si hraneste in profunzime pielea. De asemenea, restabileste echilibrul hormonal al pielii.<br \/>\nINOVATIE!<\/p>\n<p>SHR = acronim de la: Strong Hair Reduction (reducerea puternica a parului)<\/p>\n<p>DERMEDICS\u00ae SHR roll-on are o formula care inhiba eficient cresterea parului printr-o tehnologie unica de somnolenta!<\/p>\n<p>Siguranta:<\/p>\n<p>Complet sigur. Calitate de incredere.<br \/>\nNu contine agenti tipici pentru produsele depilatoare.<br \/>\nSigur chiar si in aplicatii pe termen lung.<br \/>\nIndicatii pentru utilizare:<\/p>\n<p>Aplicarea topica zilnica pe piele pentru a elimina parul nedorit la femei.<br \/>\nEficacitatea ingredientelor active:<\/p>\n<p>Inhiba cresterea parului printr-o tehnologie unica de somnolenta<br \/>\nOfera eliminarea stabila si sigura a excesului de par<br \/>\nPrevine foliculita<br \/>\nPrevine inflamarea dupa barbierit<br \/>\nReduce riscul de colorare cutanata la foliculi<br \/>\nAre beneficii anti-imbatranire<br \/>\nCum se foloseste?<\/p>\n<p>Pasul 1<\/p>\n<p>Curatati pielea conform rutinei zilnice si indepartati-va parul nedorit mecanic cu pensata sau cu orice alta metoda pe care o aveti acasa (pasta de zahar sau benzi epilatoare).<\/p>\n<p>Pensetele sunt cele mai recomandate pentru firele raslete si puternice, in timp ce pasta de zahar recomandata pentru zonele mari acoperite cu par. Indiferent de tehnica pe care o veti selecta &#8211; aceasta procedura este recomandata sa fie efectuata seara.<\/p>\n<p>Dupa indepartarea parului stergeti pielea de cateva ori cu ajutorul unei dischete din bumbac cu Octenisept pentru a indeparta eventuala plasma a celulelor si \/ sau mini picaturi de sange. Asteptati in jur de 5 minute si daca pielea este curata si uscata, puteti trece la pasul urmator.<\/p>\n<p>Pasul 2<\/p>\n<p>Aplicati YOUTH EXPERT\u2122 Anti-Hair Serum prin rularea acestuia de cateva ori pe o singura zona.<\/p>\n<p>Excesul de ser poate fi masat cu varful degetelor curate si dezinfectate. Puteti simti furnicaturi delicate pe zona de aplicare, pielea poate deveni putin rozalie sau chiar rosie &#8211; dar nu va faceti griji, aceasta este o reactie total naturala, cu exceptia cazului in care se mentine mai mult de 10 minute &#8211; atunci ar trebui sa clatiti serul si sa neutralizati cu solutie salina. Dimineata spala-ti fata asa cum aveti rutina de ingrijire obisnuita. Pe timpul zilei, se recomanda utilizarea unei crem cu SPF50 pentru a evita decoloratiile topice cauzate de o eventuala expunere la UV \/ SOARE. A doua noapte si noaptea urmatoare &#8211; aplicati ser dupa spalarea faciala si masati usor pana la absorbtie. Folositi in fiecare seara pe pielea curatata si uscata.<\/p>\n<p>Ce urmeaza?<\/p>\n<p>Dupa cateva zile, parul tau va incepe sa creasca, ceea ce va fi un proces complet natural &#8211; DAR, in ciuda acestui fapt, trebuie sa continuati utilizarea serului in rutina de ingrijire de seara in mod sistematic.<\/p>\n<p>Daca parul va incepe sa fie vizibil, indepartati-l din nou folosind procedura completa cu penseta descrisa in PASUL 1 si continuati aplicatiile nocturne. Repetati indepartarea parului de mai multe ori, pana cand veti observa ca se oprese cresterea acestuia.<\/p>\n<p> Precautii 1:<\/p>\n<p>Folosirea saunei \/ solarului dupa indepartarea mecanica a parului poate provoca inflamatii si cosuri topice &#8211; deci mai bine sa evitati aceasta activitate pentru minimum 48 de ore de la procedura<br \/>\nDezinfectati penseta inainte si dupa fiecare utilizare pentru a evita raspandirea bacteriilor si contaminarea in timpul urmatoarei utilizari.<br \/>\nUtilizati roll-on-ul individual pentru a evita contaminarea incrucisata.<br \/>\nNu folositi roll-on-ul daca vedeti picaturi de sange sau plasma celulara pe piele pentru a evita contaminarea serului in sticla.<br \/>\nRezultate:<\/p>\n<p>Dupa fiecare indepartare mecanica, parul nou va deveni mai subtire si mai slab.<br \/>\nUtilizarea sistematica si pe termen lung a serului poate ajuta la eliminarea parului nedorit pana la zero.<br \/>\nAria de aplicare:<\/p>\n<p>Toate zonele cu par in exces (fata, areola).<br \/>\nNu se aplica pe pielea deteriorata.<br \/>\nPrecautii 2:<\/p>\n<p>Doar pentru uz extern. A nu se lasa la indemana copiilor.<br \/>\nContraindicatii: hipersensibilate la orice component din formula.<br \/>\nNu aplicati pe pielea deteriorata pentru a evita arderea pielii si decolorarea acesteia.<br \/>\nNu folositi pe areola in perioada de alaptare.<br \/>\nCantitate: 15 ml.<\/p>","protected":false},"excerpt":{"rendered":"<p>YOUTH EXPERT\u2122 Anti-Hair Serum by DERMEDICS\u00ae este cel mai nou concept cosmetic impotriva cresterii locale a parului nedorit. Este recomandat in special impotriva hirsutismului facial \u2013 cresterea unei cantitati excesive de par pe anumite zone ale corpului, cum ar fi fata. Un dispozitiv mic si confortabil de tip roll-on, care este ideal pentru aplicatiile din [&hellip;]<\/p>","protected":false},"featured_media":1244,"template":"","meta":{"ocean_post_layout":"","ocean_both_sidebars_style":"","ocean_both_sidebars_content_width":0,"ocean_both_sidebars_sidebars_width":0,"ocean_sidebar":"0","ocean_second_sidebar":"0","ocean_disable_margins":"enable","ocean_add_body_class":"","ocean_shortcode_before_top_bar":"","ocean_shortcode_after_top_bar":"","ocean_shortcode_before_header":"","ocean_shortcode_after_header":"","ocean_has_shortcode":"","ocean_shortcode_after_title":"","ocean_shortcode_before_footer_widgets":"","ocean_shortcode_after_footer_widgets":"","ocean_shortcode_before_footer_bottom":"","ocean_shortcode_after_footer_bottom":"","ocean_display_top_bar":"default","ocean_display_header":"default","ocean_header_style":"","ocean_center_header_left_menu":"0","ocean_custom_header_template":"0","ocean_custom_logo":0,"ocean_custom_retina_logo":0,"ocean_custom_logo_max_width":0,"ocean_custom_logo_tablet_max_width":0,"ocean_custom_logo_mobile_max_width":0,"ocean_custom_logo_max_height":0,"ocean_custom_logo_tablet_max_height":0,"ocean_custom_logo_mobile_max_height":0,"ocean_header_custom_menu":"0","ocean_menu_typo_font_family":"0","ocean_menu_typo_font_subset":"","ocean_menu_typo_font_size":0,"ocean_menu_typo_font_size_tablet":0,"ocean_menu_typo_font_size_mobile":0,"ocean_menu_typo_font_size_unit":"px","ocean_menu_typo_font_weight":"","ocean_menu_typo_font_weight_tablet":"","ocean_menu_typo_font_weight_mobile":"","ocean_menu_typo_transform":"","ocean_menu_typo_transform_tablet":"","ocean_menu_typo_transform_mobile":"","ocean_menu_typo_line_height":0,"ocean_menu_typo_line_height_tablet":0,"ocean_menu_typo_line_height_mobile":0,"ocean_menu_typo_line_height_unit":"","ocean_menu_typo_spacing":0,"ocean_menu_typo_spacing_tablet":0,"ocean_menu_typo_spacing_mobile":0,"ocean_menu_typo_spacing_unit":"","ocean_menu_link_color":"","ocean_menu_link_color_hover":"","ocean_menu_link_color_active":"","ocean_menu_link_background":"","ocean_menu_link_hover_background":"","ocean_menu_link_active_background":"","ocean_menu_social_links_bg":"","ocean_menu_social_hover_links_bg":"","ocean_menu_social_links_color":"","ocean_menu_social_hover_links_color":"","ocean_disable_title":"default","ocean_disable_heading":"default","ocean_post_title":"","ocean_post_subheading":"","ocean_post_title_style":"","ocean_post_title_background_color":"","ocean_post_title_background":0,"ocean_post_title_bg_image_position":"","ocean_post_title_bg_image_attachment":"","ocean_post_title_bg_image_repeat":"","ocean_post_title_bg_image_size":"","ocean_post_title_height":0,"ocean_post_title_bg_overlay":0.5,"ocean_post_title_bg_overlay_color":"","ocean_disable_breadcrumbs":"default","ocean_breadcrumbs_color":"","ocean_breadcrumbs_separator_color":"","ocean_breadcrumbs_links_color":"","ocean_breadcrumbs_links_hover_color":"","ocean_display_footer_widgets":"default","ocean_display_footer_bottom":"default","ocean_custom_footer_template":"0"},"product_brand":[],"product_cat":[32,38],"product_tag":[],"class_list":{"0":"post-837","1":"product","2":"type-product","3":"status-publish","4":"has-post-thumbnail","6":"product_cat-beauty","7":"product_cat-dermedics","9":"entry","10":"has-media","12":"first","13":"instock","14":"shipping-taxable","15":"purchasable","16":"product-type-simple","17":"has-product-nav","18":"col","19":"span_1_of_3","20":"owp-content-center","21":"owp-thumbs-layout-horizontal","22":"owp-btn-normal","23":"owp-tabs-layout-horizontal","24":"has-no-thumbnails"},"yoast_head":"<!-- This site is optimized with the Yoast SEO plugin v25.2 - https:\/\/yoast.com\/wordpress\/plugins\/seo\/ -->\n<title>YOUTH EXPERT\u2122 Anti-Hair Serum - SHR Roll-On - 15 ml - Em\u0151ke Beauty Zone<\/title>\n<meta name=\"robots\" content=\"index, follow, max-snippet:-1, max-image-preview:large, max-video-preview:-1\" \/>\n<link rel=\"canonical\" href=\"https:\/\/emokebeautyzone.ro\/hu\/termek\/youth-expert-anti-hair-serum-shr-roll-on\/\" \/>\n<meta property=\"og:locale\" content=\"hu_HU\" \/>\n<meta property=\"og:type\" content=\"article\" \/>\n<meta property=\"og:title\" content=\"YOUTH EXPERT\u2122 Anti-Hair Serum - SHR Roll-On - 15 ml - Em\u0151ke Beauty Zone\" \/>\n<meta property=\"og:description\" content=\"YOUTH EXPERT\u2122 Anti-Hair Serum by DERMEDICS\u00ae este cel mai nou concept cosmetic impotriva cresterii locale a parului nedorit. Este recomandat in special impotriva hirsutismului facial \u2013 cresterea unei cantitati excesive de par pe anumite zone ale corpului, cum ar fi fata. Un dispozitiv mic si confortabil de tip roll-on, care este ideal pentru aplicatiile din [&hellip;]\" \/>\n<meta property=\"og:url\" content=\"https:\/\/emokebeautyzone.ro\/hu\/termek\/youth-expert-anti-hair-serum-shr-roll-on\/\" \/>\n<meta property=\"og:site_name\" content=\"Em\u0151ke Beauty Zone\" \/>\n<meta property=\"article:publisher\" content=\"https:\/\/www.facebook.com\/EmokeBeautyZone\" \/>\n<meta property=\"article:modified_time\" content=\"2024-05-09T11:47:25+00:00\" \/>\n<meta property=\"og:image\" content=\"https:\/\/emokebeautyzone.ro\/wp-content\/uploads\/2024\/05\/dermedics_SHR_roll-on_15ml.jpg\" \/>\n\t<meta property=\"og:image:width\" content=\"1667\" \/>\n\t<meta property=\"og:image:height\" content=\"2500\" \/>\n\t<meta property=\"og:image:type\" content=\"image\/jpeg\" \/>\n<meta name=\"twitter:card\" content=\"summary_large_image\" \/>\n<meta name=\"twitter:label1\" content=\"Becs\u00fclt olvas\u00e1si id\u0151\" \/>\n\t<meta name=\"twitter:data1\" content=\"4 perc\" \/>\n<script type=\"application\/ld+json\" class=\"yoast-schema-graph\">{\"@context\":\"https:\/\/schema.org\",\"@graph\":[{\"@type\":\"WebPage\",\"@id\":\"https:\/\/emokebeautyzone.ro\/produs\/youth-expert-anti-hair-serum-shr-roll-on\/\",\"url\":\"https:\/\/emokebeautyzone.ro\/produs\/youth-expert-anti-hair-serum-shr-roll-on\/\",\"name\":\"YOUTH EXPERT\u2122 Anti-Hair Serum - SHR Roll-On - 15 ml - Em\u0151ke Beauty Zone\",\"isPartOf\":{\"@id\":\"https:\/\/emokebeautyzone.ro\/#website\"},\"primaryImageOfPage\":{\"@id\":\"https:\/\/emokebeautyzone.ro\/produs\/youth-expert-anti-hair-serum-shr-roll-on\/#primaryimage\"},\"image\":{\"@id\":\"https:\/\/emokebeautyzone.ro\/produs\/youth-expert-anti-hair-serum-shr-roll-on\/#primaryimage\"},\"thumbnailUrl\":\"https:\/\/emokebeautyzone.ro\/wp-content\/uploads\/2024\/05\/dermedics_SHR_roll-on_15ml.jpg\",\"datePublished\":\"2024-02-12T08:25:40+00:00\",\"dateModified\":\"2024-05-09T11:47:25+00:00\",\"breadcrumb\":{\"@id\":\"https:\/\/emokebeautyzone.ro\/produs\/youth-expert-anti-hair-serum-shr-roll-on\/#breadcrumb\"},\"inLanguage\":\"hu\",\"potentialAction\":[{\"@type\":\"ReadAction\",\"target\":[\"https:\/\/emokebeautyzone.ro\/produs\/youth-expert-anti-hair-serum-shr-roll-on\/\"]}]},{\"@type\":\"ImageObject\",\"inLanguage\":\"hu\",\"@id\":\"https:\/\/emokebeautyzone.ro\/produs\/youth-expert-anti-hair-serum-shr-roll-on\/#primaryimage\",\"url\":\"https:\/\/emokebeautyzone.ro\/wp-content\/uploads\/2024\/05\/dermedics_SHR_roll-on_15ml.jpg\",\"contentUrl\":\"https:\/\/emokebeautyzone.ro\/wp-content\/uploads\/2024\/05\/dermedics_SHR_roll-on_15ml.jpg\",\"width\":1667,\"height\":2500},{\"@type\":\"BreadcrumbList\",\"@id\":\"https:\/\/emokebeautyzone.ro\/produs\/youth-expert-anti-hair-serum-shr-roll-on\/#breadcrumb\",\"itemListElement\":[{\"@type\":\"ListItem\",\"position\":1,\"name\":\"Prima pagin\u0103\",\"item\":\"https:\/\/emokebeautyzone.ro\/\"},{\"@type\":\"ListItem\",\"position\":2,\"name\":\"Magazin\",\"item\":\"https:\/\/emokebeautyzone.ro\/magazin-emoke-beauty-zone-produse-profesionale-de-frumusete\/\"},{\"@type\":\"ListItem\",\"position\":3,\"name\":\"YOUTH EXPERT\u2122 Anti-Hair Serum &#8211; SHR Roll-On &#8211; 15 ml\"}]},{\"@type\":\"WebSite\",\"@id\":\"https:\/\/emokebeautyzone.ro\/#website\",\"url\":\"https:\/\/emokebeautyzone.ro\/\",\"name\":\"Em\u0151ke Beauty Zone\",\"description\":\"Beauty Zone\",\"publisher\":{\"@id\":\"https:\/\/emokebeautyzone.ro\/#organization\"},\"potentialAction\":[{\"@type\":\"SearchAction\",\"target\":{\"@type\":\"EntryPoint\",\"urlTemplate\":\"https:\/\/emokebeautyzone.ro\/?s={search_term_string}\"},\"query-input\":{\"@type\":\"PropertyValueSpecification\",\"valueRequired\":true,\"valueName\":\"search_term_string\"}}],\"inLanguage\":\"hu\"},{\"@type\":\"Organization\",\"@id\":\"https:\/\/emokebeautyzone.ro\/#organization\",\"name\":\"Em\u0151ke Beauty Zone\",\"url\":\"https:\/\/emokebeautyzone.ro\/\",\"logo\":{\"@type\":\"ImageObject\",\"inLanguage\":\"hu\",\"@id\":\"https:\/\/emokebeautyzone.ro\/#\/schema\/logo\/image\/\",\"url\":\"https:\/\/emokebeautyzone.ro\/wp-content\/uploads\/2023\/01\/ebz3.jpg\",\"contentUrl\":\"https:\/\/emokebeautyzone.ro\/wp-content\/uploads\/2023\/01\/ebz3.jpg\",\"width\":1024,\"height\":577,\"caption\":\"Em\u0151ke Beauty Zone\"},\"image\":{\"@id\":\"https:\/\/emokebeautyzone.ro\/#\/schema\/logo\/image\/\"},\"sameAs\":[\"https:\/\/www.facebook.com\/EmokeBeautyZone\",\"https:\/\/www.instagram.com\/emokebeauty\/\",\"https:\/\/www.tiktok.com\/@emokebeautyzone?_t=8XNHVoBtmsw&_r=1\",\"https:\/\/mero.ro\/p\/emke-beauty-zone?absp=search_autocomplete&qid=50d505c8fda846417b5232705f6da5b9\"]}]}<\/script>\n<!-- \/ Yoast SEO plugin. -->","yoast_head_json":{"title":"YOUTH EXPERT\u2122 Anti-Hair Serum - SHR Roll-On - 15 ml - Em\u0151ke Beauty Zone","robots":{"index":"index","follow":"follow","max-snippet":"max-snippet:-1","max-image-preview":"max-image-preview:large","max-video-preview":"max-video-preview:-1"},"canonical":"https:\/\/emokebeautyzone.ro\/hu\/termek\/youth-expert-anti-hair-serum-shr-roll-on\/","og_locale":"hu_HU","og_type":"article","og_title":"YOUTH EXPERT\u2122 Anti-Hair Serum - SHR Roll-On - 15 ml - Em\u0151ke Beauty Zone","og_description":"YOUTH EXPERT\u2122 Anti-Hair Serum by DERMEDICS\u00ae este cel mai nou concept cosmetic impotriva cresterii locale a parului nedorit. Este recomandat in special impotriva hirsutismului facial \u2013 cresterea unei cantitati excesive de par pe anumite zone ale corpului, cum ar fi fata. Un dispozitiv mic si confortabil de tip roll-on, care este ideal pentru aplicatiile din [&hellip;]","og_url":"https:\/\/emokebeautyzone.ro\/hu\/termek\/youth-expert-anti-hair-serum-shr-roll-on\/","og_site_name":"Em\u0151ke Beauty Zone","article_publisher":"https:\/\/www.facebook.com\/EmokeBeautyZone","article_modified_time":"2024-05-09T11:47:25+00:00","og_image":[{"width":1667,"height":2500,"url":"https:\/\/emokebeautyzone.ro\/wp-content\/uploads\/2024\/05\/dermedics_SHR_roll-on_15ml.jpg","type":"image\/jpeg"}],"twitter_card":"summary_large_image","twitter_misc":{"Becs\u00fclt olvas\u00e1si id\u0151":"4 perc"},"schema":{"@context":"https:\/\/schema.org","@graph":[{"@type":"WebPage","@id":"https:\/\/emokebeautyzone.ro\/produs\/youth-expert-anti-hair-serum-shr-roll-on\/","url":"https:\/\/emokebeautyzone.ro\/produs\/youth-expert-anti-hair-serum-shr-roll-on\/","name":"YOUTH EXPERT\u2122 Anti-Hair Serum - SHR Roll-On - 15 ml - Em\u0151ke Beauty Zone","isPartOf":{"@id":"https:\/\/emokebeautyzone.ro\/#website"},"primaryImageOfPage":{"@id":"https:\/\/emokebeautyzone.ro\/produs\/youth-expert-anti-hair-serum-shr-roll-on\/#primaryimage"},"image":{"@id":"https:\/\/emokebeautyzone.ro\/produs\/youth-expert-anti-hair-serum-shr-roll-on\/#primaryimage"},"thumbnailUrl":"https:\/\/emokebeautyzone.ro\/wp-content\/uploads\/2024\/05\/dermedics_SHR_roll-on_15ml.jpg","datePublished":"2024-02-12T08:25:40+00:00","dateModified":"2024-05-09T11:47:25+00:00","breadcrumb":{"@id":"https:\/\/emokebeautyzone.ro\/produs\/youth-expert-anti-hair-serum-shr-roll-on\/#breadcrumb"},"inLanguage":"hu","potentialAction":[{"@type":"ReadAction","target":["https:\/\/emokebeautyzone.ro\/produs\/youth-expert-anti-hair-serum-shr-roll-on\/"]}]},{"@type":"ImageObject","inLanguage":"hu","@id":"https:\/\/emokebeautyzone.ro\/produs\/youth-expert-anti-hair-serum-shr-roll-on\/#primaryimage","url":"https:\/\/emokebeautyzone.ro\/wp-content\/uploads\/2024\/05\/dermedics_SHR_roll-on_15ml.jpg","contentUrl":"https:\/\/emokebeautyzone.ro\/wp-content\/uploads\/2024\/05\/dermedics_SHR_roll-on_15ml.jpg","width":1667,"height":2500},{"@type":"BreadcrumbList","@id":"https:\/\/emokebeautyzone.ro\/produs\/youth-expert-anti-hair-serum-shr-roll-on\/#breadcrumb","itemListElement":[{"@type":"ListItem","position":1,"name":"Prima pagin\u0103","item":"https:\/\/emokebeautyzone.ro\/"},{"@type":"ListItem","position":2,"name":"Magazin","item":"https:\/\/emokebeautyzone.ro\/magazin-emoke-beauty-zone-produse-profesionale-de-frumusete\/"},{"@type":"ListItem","position":3,"name":"YOUTH EXPERT\u2122 Anti-Hair Serum &#8211; SHR Roll-On &#8211; 15 ml"}]},{"@type":"WebSite","@id":"https:\/\/emokebeautyzone.ro\/#website","url":"https:\/\/emokebeautyzone.ro\/","name":"Em\u0151ke Beauty Zone","description":"Beauty Zone","publisher":{"@id":"https:\/\/emokebeautyzone.ro\/#organization"},"potentialAction":[{"@type":"SearchAction","target":{"@type":"EntryPoint","urlTemplate":"https:\/\/emokebeautyzone.ro\/?s={search_term_string}"},"query-input":{"@type":"PropertyValueSpecification","valueRequired":true,"valueName":"search_term_string"}}],"inLanguage":"hu"},{"@type":"Organization","@id":"https:\/\/emokebeautyzone.ro\/#organization","name":"Em\u0151ke Beauty Zone","url":"https:\/\/emokebeautyzone.ro\/","logo":{"@type":"ImageObject","inLanguage":"hu","@id":"https:\/\/emokebeautyzone.ro\/#\/schema\/logo\/image\/","url":"https:\/\/emokebeautyzone.ro\/wp-content\/uploads\/2023\/01\/ebz3.jpg","contentUrl":"https:\/\/emokebeautyzone.ro\/wp-content\/uploads\/2023\/01\/ebz3.jpg","width":1024,"height":577,"caption":"Em\u0151ke Beauty Zone"},"image":{"@id":"https:\/\/emokebeautyzone.ro\/#\/schema\/logo\/image\/"},"sameAs":["https:\/\/www.facebook.com\/EmokeBeautyZone","https:\/\/www.instagram.com\/emokebeauty\/","https:\/\/www.tiktok.com\/@emokebeautyzone?_t=8XNHVoBtmsw&_r=1","https:\/\/mero.ro\/p\/emke-beauty-zone?absp=search_autocomplete&qid=50d505c8fda846417b5232705f6da5b9"]}]}},"jetpack_sharing_enabled":true,"_links":{"self":[{"href":"https:\/\/emokebeautyzone.ro\/hu\/wp-json\/wp\/v2\/product\/837","targetHints":{"allow":["GET"]}}],"collection":[{"href":"https:\/\/emokebeautyzone.ro\/hu\/wp-json\/wp\/v2\/product"}],"about":[{"href":"https:\/\/emokebeautyzone.ro\/hu\/wp-json\/wp\/v2\/types\/product"}],"wp:featuredmedia":[{"embeddable":true,"href":"https:\/\/emokebeautyzone.ro\/hu\/wp-json\/wp\/v2\/media\/1244"}],"wp:attachment":[{"href":"https:\/\/emokebeautyzone.ro\/hu\/wp-json\/wp\/v2\/media?parent=837"}],"wp:term":[{"taxonomy":"product_brand","embeddable":true,"href":"https:\/\/emokebeautyzone.ro\/hu\/wp-json\/wp\/v2\/product_brand?post=837"},{"taxonomy":"product_cat","embeddable":true,"href":"https:\/\/emokebeautyzone.ro\/hu\/wp-json\/wp\/v2\/product_cat?post=837"},{"taxonomy":"product_tag","embeddable":true,"href":"https:\/\/emokebeautyzone.ro\/hu\/wp-json\/wp\/v2\/product_tag?post=837"}],"curies":[{"name":"wp","href":"https:\/\/api.w.org\/{rel}","templated":true}]}}