

{"id":832,"date":"2024-02-12T08:15:24","date_gmt":"2024-02-12T08:15:24","guid":{"rendered":"https:\/\/emokebeautyzone.ro\/?post_type=product&#038;p=832"},"modified":"2024-05-09T11:51:28","modified_gmt":"2024-05-09T11:51:28","slug":"youth-expert-anti-acne-serum-cbd-hemp-rescue","status":"publish","type":"product","link":"https:\/\/emokebeautyzone.ro\/hu\/termek\/youth-expert-anti-acne-serum-cbd-hemp-rescue\/","title":{"rendered":"YOUTH EXPERT\u2122 ANTI-ACNE SERUM CBD\/HEMP RESCUE"},"content":{"rendered":"<p>YOUTH EXPERT\u2122 ANTI-ACNE SERUM CBD\/HEMP RESCUE este cel mai nou concept cosmetic creat de catre DERMEDICS\u00ae pentru a combate acneea la adolescenti si la adulti. Se poate simti un parfum subtil de plante. Eficienta ingredientelor active este imediata. Datorita formulei sale specifice, este recomandata doar adolescentilor si adultilor. Imbunatatirea conditiei pielii este vizibila doar dupa cateva aplicari.<\/p>\n<p>PURE-WOW! EFECT GARANTAT \u2013 REZULTATE REALE (REAL RESULTS\u00ae).<\/p>\n<p>Formula:<\/p>\n<p>O formula hiperintensa, ce pune accentul pe obtinerea unor rezultate reale (REAL RESULTS\u00ae) in reducerea acneei.<br \/>\nFara parabeni si alcool denaturat.<br \/>\nIngrediente active principale:<\/p>\n<p>Formula ce are la baza fiola MESO ACNE by DERMEDICS\u00ae &#8211; \u201cCel mai bun tratament profesional pentru acnee \/ cosuri\u201d conform Beauty Insider Singapore 2020 (locul 1 in clasamentul global al produselor de ingrijire a pielii)<br \/>\nAntiinflamator si antioxidant: Pufulita de Pietris (ECOCERT!)<br \/>\nInhibarea hiperkeratozei*: Acidul Nordihidroguaiaretic<br \/>\nInhibarea 5\u03b1-reductazei**: Acid Oleanolic<br \/>\n*Hiperkeratoza este ingrosarea stratului cornos, care poate duce la infundarea porilor pielii. Este adesea asociata cu o anomalie calitativa a keratinei si, de asemenea, este insotita, de obicei, de o crestere a stratului granular. Deoarece stratul cornos variaza in functie de grosime, este necesara o anumita experienta pentru a evalua gradele minore de hiperkeratoza.<\/p>\n<p>**5\u03b1-reductaza (5-alfa reductaza) este o enzima ce determina conversia testosteronului in dihidrotestosteron (DHT) din glandele sebacee si foliculii de par &#8211; cel mai puternic androgen (hormonul masculin), care este responsabil pentru formarea acneei si a supraproductiei de sebum.<\/p>\n<p>Reducerea cosurilor si a leziunilor: tipuri duble de derivati ai vitaminei A (retinol) utilizati in doze testate clinic impotriva acneei<br \/>\nCalmare + antiiritatii \/ antiinflamtii + regenerare: Alantoina + Niacinamide (PP\/B3) + Doza Tripla de CBD (canabis) \/ HEMP (canepa): celule stem, ulei si extract de frunze<br \/>\nSustinerea functiei de bariera a pielii: Pro-vitamina D3<br \/>\nActivitate reparatoare + activitate impotriva foto-imbatranirii: Acid Ursolic + Acid Oleanolic<br \/>\nRestaurarea stratului de lipide: extract lipofilic din fructe de Sabal (ECOCERT!)<br \/>\nFotoprotectie + antipoluare: HDBM (foto-protector avansat non-absorbant UV impotriva stresului foto-oxidativ)<br \/>\nCombaterea decolorarii + aparare antioxidanta: Vitamina E+C (Acid Ascorbic)<br \/>\nHidratare: Xilitol + Poligliceril-3 PCA<br \/>\nHranire: Ulei de Seminte de Dovleac (bogat in fosfor, zinc, magneziu, sodiu, fier, vitamina A, E, niacina, riboflavina, tiamina si omega acizi foarte valorosi: Omega-3 si Omega-6)<br \/>\nDiminuarea porilor mariti: Apa de Mare<br \/>\nINOVATIE:<\/p>\n<p>1. HDBM \u2013 un foto-protector avansat, care nu absoarbe UV si un antioxidant inovator extrem de puternic. Previne imbatranirea prematura a pielii in mod eficient si continuu non-stop, adica zi si noapte. Protejeaza lipidele pielii (agent ideal de control al oxidarii sebumului). Ofera o eficacitate de lunga durata si o protectie antiradicali remarcabila. Cunoscut deja din Crema GEN\u2019X #1, Crema SPF50 si Crema de Zi cu SPF15 by DERMEDICS\u00ae.<\/p>\n<p>2. Activitatea impotriva foto-imbatranirii a acidului ursolic si a acidului oleanolic este bine documentata si se remarca fata de toate celelalte efecte ale acizilor si face ca formularea serului ACNE de la DERMEDICS\u00ae sa fie potrivita si impotriva acneei la adulti. Acesti acizi triterpenoizi pentaciclici sunt fabricati prin extractia frunzelor de Loquat. Se gasesc si in balsamul frunzelor de rozmarin. Acidul ursolic si acidul oleanolic au o structura izomerica si apartin unuia dintre cele mai puternice triterpenoide, care este cel mai cautat pentru a fi utilizat in produsele anti-imbatranire si anti-foto-imbatranire. Beneficiile spectaculoase includ:<\/p>\n<p>regenerarea structurilor fasciculelor de fibre de colagen dermic<br \/>\nimbunatatirea elasticitatii pielii<br \/>\nreducerea ridurilor<br \/>\ninhibarea elastazei (degradarea fibrelor de elastina)<br \/>\naparare antioxidanta<br \/>\nactivitate antiinflamatoare<br \/>\nstabilizarea membranelor lipozomice<br \/>\nactivitate antitumorala<br \/>\nactivitate antimicrobiana<br \/>\nIndicatii pentru utilizare:<\/p>\n<p>Ingrijirea zilnica a pielii predispuse la acnee si la imperfectiuni<br \/>\nUnisex: atat pentru femei, cat si pentru barbati<br \/>\nPentru ten gras si mixt si cu pori mariti<br \/>\nAcneea activa la adolescenti si adolti.<br \/>\nCicatrici post-acneice<br \/>\nCosuri<br \/>\nTipuri de tratamente:<\/p>\n<p>Proceduri eficiente si complete impotriva acneei, porilor infundati si imperfectiunilor<br \/>\nIngrijire zilnica impotriva imperfectiunilor pielii provocate de catre acnee (zi si noapte).<br \/>\nRezultate:<\/p>\n<p>Imbunatatirea conditiei pielii este vizibila doar dupa un singur tratament,<br \/>\nAplicarea regulata ofera o imbunatatire spectaculoasa a pielii.<br \/>\nPrecautii:<\/p>\n<p>Doar pentru uz extern. A nu se lasa la indemana copiilor.<br \/>\nDin cauza continutului ridicat de derivati ai vitaminei A (retinol), este necesar ca pielea sa fie protejata impotriva UV \/ SOARE in timpul tratamentului cu acest produs. Se recomanda utilizarea acestui produs doar in rutina de seara. Poate fi aplicat in timpul zilei doar in sezonul de iarna \/ toamna, cand radiatiile UV sunt limitate. In timpul verii, protejati intotdeauna pielea cu SPF50 sau cu ACNE CREAM by DERMEDICS\u00ae.<br \/>\nContraindicatii:<\/p>\n<p>Hipersensibilitate la orice ingredient din formula.<br \/>\nCantitate: 50 ml.<\/p>","protected":false},"excerpt":{"rendered":"<p>YOUTH EXPERT\u2122 ANTI-ACNE SERUM CBD\/HEMP RESCUE este cel mai nou concept cosmetic creat de catre DERMEDICS\u00ae pentru a combate acneea la adolescenti si la adulti. Se poate simti un parfum subtil de plante. Eficienta ingredientelor active este imediata. Datorita formulei sale specifice, este recomandata doar adolescentilor si adultilor. Imbunatatirea conditiei pielii este vizibila doar dupa [&hellip;]<\/p>","protected":false},"featured_media":1217,"template":"","meta":{"ocean_post_layout":"","ocean_both_sidebars_style":"","ocean_both_sidebars_content_width":0,"ocean_both_sidebars_sidebars_width":0,"ocean_sidebar":"0","ocean_second_sidebar":"0","ocean_disable_margins":"enable","ocean_add_body_class":"","ocean_shortcode_before_top_bar":"","ocean_shortcode_after_top_bar":"","ocean_shortcode_before_header":"","ocean_shortcode_after_header":"","ocean_has_shortcode":"","ocean_shortcode_after_title":"","ocean_shortcode_before_footer_widgets":"","ocean_shortcode_after_footer_widgets":"","ocean_shortcode_before_footer_bottom":"","ocean_shortcode_after_footer_bottom":"","ocean_display_top_bar":"default","ocean_display_header":"default","ocean_header_style":"","ocean_center_header_left_menu":"0","ocean_custom_header_template":"0","ocean_custom_logo":0,"ocean_custom_retina_logo":0,"ocean_custom_logo_max_width":0,"ocean_custom_logo_tablet_max_width":0,"ocean_custom_logo_mobile_max_width":0,"ocean_custom_logo_max_height":0,"ocean_custom_logo_tablet_max_height":0,"ocean_custom_logo_mobile_max_height":0,"ocean_header_custom_menu":"0","ocean_menu_typo_font_family":"0","ocean_menu_typo_font_subset":"","ocean_menu_typo_font_size":0,"ocean_menu_typo_font_size_tablet":0,"ocean_menu_typo_font_size_mobile":0,"ocean_menu_typo_font_size_unit":"px","ocean_menu_typo_font_weight":"","ocean_menu_typo_font_weight_tablet":"","ocean_menu_typo_font_weight_mobile":"","ocean_menu_typo_transform":"","ocean_menu_typo_transform_tablet":"","ocean_menu_typo_transform_mobile":"","ocean_menu_typo_line_height":0,"ocean_menu_typo_line_height_tablet":0,"ocean_menu_typo_line_height_mobile":0,"ocean_menu_typo_line_height_unit":"","ocean_menu_typo_spacing":0,"ocean_menu_typo_spacing_tablet":0,"ocean_menu_typo_spacing_mobile":0,"ocean_menu_typo_spacing_unit":"","ocean_menu_link_color":"","ocean_menu_link_color_hover":"","ocean_menu_link_color_active":"","ocean_menu_link_background":"","ocean_menu_link_hover_background":"","ocean_menu_link_active_background":"","ocean_menu_social_links_bg":"","ocean_menu_social_hover_links_bg":"","ocean_menu_social_links_color":"","ocean_menu_social_hover_links_color":"","ocean_disable_title":"default","ocean_disable_heading":"default","ocean_post_title":"","ocean_post_subheading":"","ocean_post_title_style":"","ocean_post_title_background_color":"","ocean_post_title_background":0,"ocean_post_title_bg_image_position":"","ocean_post_title_bg_image_attachment":"","ocean_post_title_bg_image_repeat":"","ocean_post_title_bg_image_size":"","ocean_post_title_height":0,"ocean_post_title_bg_overlay":0.5,"ocean_post_title_bg_overlay_color":"","ocean_disable_breadcrumbs":"default","ocean_breadcrumbs_color":"","ocean_breadcrumbs_separator_color":"","ocean_breadcrumbs_links_color":"","ocean_breadcrumbs_links_hover_color":"","ocean_display_footer_widgets":"default","ocean_display_footer_bottom":"default","ocean_custom_footer_template":"0"},"product_brand":[],"product_cat":[32,38],"product_tag":[],"class_list":{"0":"post-832","1":"product","2":"type-product","3":"status-publish","4":"has-post-thumbnail","6":"product_cat-beauty","7":"product_cat-dermedics","9":"entry","10":"has-media","12":"first","13":"instock","14":"shipping-taxable","15":"purchasable","16":"product-type-simple","17":"has-product-nav","18":"col","19":"span_1_of_3","20":"owp-content-center","21":"owp-thumbs-layout-horizontal","22":"owp-btn-normal","23":"owp-tabs-layout-horizontal","24":"has-no-thumbnails"},"yoast_head":"<!-- This site is optimized with the Yoast SEO plugin v25.2 - https:\/\/yoast.com\/wordpress\/plugins\/seo\/ -->\n<title>YOUTH EXPERT\u2122 ANTI-ACNE SERUM CBD\/HEMP RESCUE - Em\u0151ke Beauty Zone<\/title>\n<meta name=\"robots\" content=\"index, follow, max-snippet:-1, max-image-preview:large, max-video-preview:-1\" \/>\n<link rel=\"canonical\" href=\"https:\/\/emokebeautyzone.ro\/hu\/termek\/youth-expert-anti-acne-serum-cbd-hemp-rescue\/\" \/>\n<meta property=\"og:locale\" content=\"hu_HU\" \/>\n<meta property=\"og:type\" content=\"article\" \/>\n<meta property=\"og:title\" content=\"YOUTH EXPERT\u2122 ANTI-ACNE SERUM CBD\/HEMP RESCUE - Em\u0151ke Beauty Zone\" \/>\n<meta property=\"og:description\" content=\"YOUTH EXPERT\u2122 ANTI-ACNE SERUM CBD\/HEMP RESCUE este cel mai nou concept cosmetic creat de catre DERMEDICS\u00ae pentru a combate acneea la adolescenti si la adulti. Se poate simti un parfum subtil de plante. Eficienta ingredientelor active este imediata. Datorita formulei sale specifice, este recomandata doar adolescentilor si adultilor. Imbunatatirea conditiei pielii este vizibila doar dupa [&hellip;]\" \/>\n<meta property=\"og:url\" content=\"https:\/\/emokebeautyzone.ro\/hu\/termek\/youth-expert-anti-acne-serum-cbd-hemp-rescue\/\" \/>\n<meta property=\"og:site_name\" content=\"Em\u0151ke Beauty Zone\" \/>\n<meta property=\"article:publisher\" content=\"https:\/\/www.facebook.com\/EmokeBeautyZone\" \/>\n<meta property=\"article:modified_time\" content=\"2024-05-09T11:51:28+00:00\" \/>\n<meta property=\"og:image\" content=\"https:\/\/emokebeautyzone.ro\/wp-content\/uploads\/2024\/05\/dermedics_ACNE_serum_50ml.jpg\" \/>\n\t<meta property=\"og:image:width\" content=\"1667\" \/>\n\t<meta property=\"og:image:height\" content=\"2500\" \/>\n\t<meta property=\"og:image:type\" content=\"image\/jpeg\" \/>\n<meta name=\"twitter:card\" content=\"summary_large_image\" \/>\n<meta name=\"twitter:label1\" content=\"Becs\u00fclt olvas\u00e1si id\u0151\" \/>\n\t<meta name=\"twitter:data1\" content=\"4 perc\" \/>\n<script type=\"application\/ld+json\" class=\"yoast-schema-graph\">{\"@context\":\"https:\/\/schema.org\",\"@graph\":[{\"@type\":\"WebPage\",\"@id\":\"https:\/\/emokebeautyzone.ro\/produs\/youth-expert-anti-acne-serum-cbd-hemp-rescue\/\",\"url\":\"https:\/\/emokebeautyzone.ro\/produs\/youth-expert-anti-acne-serum-cbd-hemp-rescue\/\",\"name\":\"YOUTH EXPERT\u2122 ANTI-ACNE SERUM CBD\/HEMP RESCUE - Em\u0151ke Beauty Zone\",\"isPartOf\":{\"@id\":\"https:\/\/emokebeautyzone.ro\/#website\"},\"primaryImageOfPage\":{\"@id\":\"https:\/\/emokebeautyzone.ro\/produs\/youth-expert-anti-acne-serum-cbd-hemp-rescue\/#primaryimage\"},\"image\":{\"@id\":\"https:\/\/emokebeautyzone.ro\/produs\/youth-expert-anti-acne-serum-cbd-hemp-rescue\/#primaryimage\"},\"thumbnailUrl\":\"https:\/\/emokebeautyzone.ro\/wp-content\/uploads\/2024\/05\/dermedics_ACNE_serum_50ml.jpg\",\"datePublished\":\"2024-02-12T08:15:24+00:00\",\"dateModified\":\"2024-05-09T11:51:28+00:00\",\"breadcrumb\":{\"@id\":\"https:\/\/emokebeautyzone.ro\/produs\/youth-expert-anti-acne-serum-cbd-hemp-rescue\/#breadcrumb\"},\"inLanguage\":\"hu\",\"potentialAction\":[{\"@type\":\"ReadAction\",\"target\":[\"https:\/\/emokebeautyzone.ro\/produs\/youth-expert-anti-acne-serum-cbd-hemp-rescue\/\"]}]},{\"@type\":\"ImageObject\",\"inLanguage\":\"hu\",\"@id\":\"https:\/\/emokebeautyzone.ro\/produs\/youth-expert-anti-acne-serum-cbd-hemp-rescue\/#primaryimage\",\"url\":\"https:\/\/emokebeautyzone.ro\/wp-content\/uploads\/2024\/05\/dermedics_ACNE_serum_50ml.jpg\",\"contentUrl\":\"https:\/\/emokebeautyzone.ro\/wp-content\/uploads\/2024\/05\/dermedics_ACNE_serum_50ml.jpg\",\"width\":1667,\"height\":2500},{\"@type\":\"BreadcrumbList\",\"@id\":\"https:\/\/emokebeautyzone.ro\/produs\/youth-expert-anti-acne-serum-cbd-hemp-rescue\/#breadcrumb\",\"itemListElement\":[{\"@type\":\"ListItem\",\"position\":1,\"name\":\"Prima pagin\u0103\",\"item\":\"https:\/\/emokebeautyzone.ro\/\"},{\"@type\":\"ListItem\",\"position\":2,\"name\":\"Magazin\",\"item\":\"https:\/\/emokebeautyzone.ro\/magazin-emoke-beauty-zone-produse-profesionale-de-frumusete\/\"},{\"@type\":\"ListItem\",\"position\":3,\"name\":\"YOUTH EXPERT\u2122 ANTI-ACNE SERUM CBD\/HEMP RESCUE\"}]},{\"@type\":\"WebSite\",\"@id\":\"https:\/\/emokebeautyzone.ro\/#website\",\"url\":\"https:\/\/emokebeautyzone.ro\/\",\"name\":\"Em\u0151ke Beauty Zone\",\"description\":\"Beauty Zone\",\"publisher\":{\"@id\":\"https:\/\/emokebeautyzone.ro\/#organization\"},\"potentialAction\":[{\"@type\":\"SearchAction\",\"target\":{\"@type\":\"EntryPoint\",\"urlTemplate\":\"https:\/\/emokebeautyzone.ro\/?s={search_term_string}\"},\"query-input\":{\"@type\":\"PropertyValueSpecification\",\"valueRequired\":true,\"valueName\":\"search_term_string\"}}],\"inLanguage\":\"hu\"},{\"@type\":\"Organization\",\"@id\":\"https:\/\/emokebeautyzone.ro\/#organization\",\"name\":\"Em\u0151ke Beauty Zone\",\"url\":\"https:\/\/emokebeautyzone.ro\/\",\"logo\":{\"@type\":\"ImageObject\",\"inLanguage\":\"hu\",\"@id\":\"https:\/\/emokebeautyzone.ro\/#\/schema\/logo\/image\/\",\"url\":\"https:\/\/emokebeautyzone.ro\/wp-content\/uploads\/2023\/01\/ebz3.jpg\",\"contentUrl\":\"https:\/\/emokebeautyzone.ro\/wp-content\/uploads\/2023\/01\/ebz3.jpg\",\"width\":1024,\"height\":577,\"caption\":\"Em\u0151ke Beauty Zone\"},\"image\":{\"@id\":\"https:\/\/emokebeautyzone.ro\/#\/schema\/logo\/image\/\"},\"sameAs\":[\"https:\/\/www.facebook.com\/EmokeBeautyZone\",\"https:\/\/www.instagram.com\/emokebeauty\/\",\"https:\/\/www.tiktok.com\/@emokebeautyzone?_t=8XNHVoBtmsw&_r=1\",\"https:\/\/mero.ro\/p\/emke-beauty-zone?absp=search_autocomplete&qid=50d505c8fda846417b5232705f6da5b9\"]}]}<\/script>\n<!-- \/ Yoast SEO plugin. -->","yoast_head_json":{"title":"YOUTH EXPERT\u2122 ANTI-ACNE SERUM CBD\/HEMP RESCUE - Em\u0151ke Beauty Zone","robots":{"index":"index","follow":"follow","max-snippet":"max-snippet:-1","max-image-preview":"max-image-preview:large","max-video-preview":"max-video-preview:-1"},"canonical":"https:\/\/emokebeautyzone.ro\/hu\/termek\/youth-expert-anti-acne-serum-cbd-hemp-rescue\/","og_locale":"hu_HU","og_type":"article","og_title":"YOUTH EXPERT\u2122 ANTI-ACNE SERUM CBD\/HEMP RESCUE - Em\u0151ke Beauty Zone","og_description":"YOUTH EXPERT\u2122 ANTI-ACNE SERUM CBD\/HEMP RESCUE este cel mai nou concept cosmetic creat de catre DERMEDICS\u00ae pentru a combate acneea la adolescenti si la adulti. Se poate simti un parfum subtil de plante. Eficienta ingredientelor active este imediata. Datorita formulei sale specifice, este recomandata doar adolescentilor si adultilor. Imbunatatirea conditiei pielii este vizibila doar dupa [&hellip;]","og_url":"https:\/\/emokebeautyzone.ro\/hu\/termek\/youth-expert-anti-acne-serum-cbd-hemp-rescue\/","og_site_name":"Em\u0151ke Beauty Zone","article_publisher":"https:\/\/www.facebook.com\/EmokeBeautyZone","article_modified_time":"2024-05-09T11:51:28+00:00","og_image":[{"width":1667,"height":2500,"url":"https:\/\/emokebeautyzone.ro\/wp-content\/uploads\/2024\/05\/dermedics_ACNE_serum_50ml.jpg","type":"image\/jpeg"}],"twitter_card":"summary_large_image","twitter_misc":{"Becs\u00fclt olvas\u00e1si id\u0151":"4 perc"},"schema":{"@context":"https:\/\/schema.org","@graph":[{"@type":"WebPage","@id":"https:\/\/emokebeautyzone.ro\/produs\/youth-expert-anti-acne-serum-cbd-hemp-rescue\/","url":"https:\/\/emokebeautyzone.ro\/produs\/youth-expert-anti-acne-serum-cbd-hemp-rescue\/","name":"YOUTH EXPERT\u2122 ANTI-ACNE SERUM CBD\/HEMP RESCUE - Em\u0151ke Beauty Zone","isPartOf":{"@id":"https:\/\/emokebeautyzone.ro\/#website"},"primaryImageOfPage":{"@id":"https:\/\/emokebeautyzone.ro\/produs\/youth-expert-anti-acne-serum-cbd-hemp-rescue\/#primaryimage"},"image":{"@id":"https:\/\/emokebeautyzone.ro\/produs\/youth-expert-anti-acne-serum-cbd-hemp-rescue\/#primaryimage"},"thumbnailUrl":"https:\/\/emokebeautyzone.ro\/wp-content\/uploads\/2024\/05\/dermedics_ACNE_serum_50ml.jpg","datePublished":"2024-02-12T08:15:24+00:00","dateModified":"2024-05-09T11:51:28+00:00","breadcrumb":{"@id":"https:\/\/emokebeautyzone.ro\/produs\/youth-expert-anti-acne-serum-cbd-hemp-rescue\/#breadcrumb"},"inLanguage":"hu","potentialAction":[{"@type":"ReadAction","target":["https:\/\/emokebeautyzone.ro\/produs\/youth-expert-anti-acne-serum-cbd-hemp-rescue\/"]}]},{"@type":"ImageObject","inLanguage":"hu","@id":"https:\/\/emokebeautyzone.ro\/produs\/youth-expert-anti-acne-serum-cbd-hemp-rescue\/#primaryimage","url":"https:\/\/emokebeautyzone.ro\/wp-content\/uploads\/2024\/05\/dermedics_ACNE_serum_50ml.jpg","contentUrl":"https:\/\/emokebeautyzone.ro\/wp-content\/uploads\/2024\/05\/dermedics_ACNE_serum_50ml.jpg","width":1667,"height":2500},{"@type":"BreadcrumbList","@id":"https:\/\/emokebeautyzone.ro\/produs\/youth-expert-anti-acne-serum-cbd-hemp-rescue\/#breadcrumb","itemListElement":[{"@type":"ListItem","position":1,"name":"Prima pagin\u0103","item":"https:\/\/emokebeautyzone.ro\/"},{"@type":"ListItem","position":2,"name":"Magazin","item":"https:\/\/emokebeautyzone.ro\/magazin-emoke-beauty-zone-produse-profesionale-de-frumusete\/"},{"@type":"ListItem","position":3,"name":"YOUTH EXPERT\u2122 ANTI-ACNE SERUM CBD\/HEMP RESCUE"}]},{"@type":"WebSite","@id":"https:\/\/emokebeautyzone.ro\/#website","url":"https:\/\/emokebeautyzone.ro\/","name":"Em\u0151ke Beauty Zone","description":"Beauty Zone","publisher":{"@id":"https:\/\/emokebeautyzone.ro\/#organization"},"potentialAction":[{"@type":"SearchAction","target":{"@type":"EntryPoint","urlTemplate":"https:\/\/emokebeautyzone.ro\/?s={search_term_string}"},"query-input":{"@type":"PropertyValueSpecification","valueRequired":true,"valueName":"search_term_string"}}],"inLanguage":"hu"},{"@type":"Organization","@id":"https:\/\/emokebeautyzone.ro\/#organization","name":"Em\u0151ke Beauty Zone","url":"https:\/\/emokebeautyzone.ro\/","logo":{"@type":"ImageObject","inLanguage":"hu","@id":"https:\/\/emokebeautyzone.ro\/#\/schema\/logo\/image\/","url":"https:\/\/emokebeautyzone.ro\/wp-content\/uploads\/2023\/01\/ebz3.jpg","contentUrl":"https:\/\/emokebeautyzone.ro\/wp-content\/uploads\/2023\/01\/ebz3.jpg","width":1024,"height":577,"caption":"Em\u0151ke Beauty Zone"},"image":{"@id":"https:\/\/emokebeautyzone.ro\/#\/schema\/logo\/image\/"},"sameAs":["https:\/\/www.facebook.com\/EmokeBeautyZone","https:\/\/www.instagram.com\/emokebeauty\/","https:\/\/www.tiktok.com\/@emokebeautyzone?_t=8XNHVoBtmsw&_r=1","https:\/\/mero.ro\/p\/emke-beauty-zone?absp=search_autocomplete&qid=50d505c8fda846417b5232705f6da5b9"]}]}},"jetpack_sharing_enabled":true,"_links":{"self":[{"href":"https:\/\/emokebeautyzone.ro\/hu\/wp-json\/wp\/v2\/product\/832","targetHints":{"allow":["GET"]}}],"collection":[{"href":"https:\/\/emokebeautyzone.ro\/hu\/wp-json\/wp\/v2\/product"}],"about":[{"href":"https:\/\/emokebeautyzone.ro\/hu\/wp-json\/wp\/v2\/types\/product"}],"wp:featuredmedia":[{"embeddable":true,"href":"https:\/\/emokebeautyzone.ro\/hu\/wp-json\/wp\/v2\/media\/1217"}],"wp:attachment":[{"href":"https:\/\/emokebeautyzone.ro\/hu\/wp-json\/wp\/v2\/media?parent=832"}],"wp:term":[{"taxonomy":"product_brand","embeddable":true,"href":"https:\/\/emokebeautyzone.ro\/hu\/wp-json\/wp\/v2\/product_brand?post=832"},{"taxonomy":"product_cat","embeddable":true,"href":"https:\/\/emokebeautyzone.ro\/hu\/wp-json\/wp\/v2\/product_cat?post=832"},{"taxonomy":"product_tag","embeddable":true,"href":"https:\/\/emokebeautyzone.ro\/hu\/wp-json\/wp\/v2\/product_tag?post=832"}],"curies":[{"name":"wp","href":"https:\/\/api.w.org\/{rel}","templated":true}]}}