

{"id":783,"date":"2023-12-17T21:52:57","date_gmt":"2023-12-17T21:52:57","guid":{"rendered":"https:\/\/emokebeautyzone.ro\/?post_type=product&#038;p=783"},"modified":"2025-03-17T11:55:11","modified_gmt":"2025-03-17T11:55:11","slug":"voucher-cadou-pentru-lifting-gene-sau-laminare-sprancene","status":"publish","type":"product","link":"https:\/\/emokebeautyzone.ro\/hu\/termek\/voucher-cadou-pentru-lifting-gene-sau-laminare-sprancene\/","title":{"rendered":"Voucher pentru Tratament Facial"},"content":{"rendered":"<p><strong>Voucher pentru Tratament Facial<\/strong><br \/>\nOfer\u0103 o experien\u021b\u0103 r\u0103coritoare! Voucherul nostru pentru Tratament Facial este alegerea perfect\u0103 pentru orice persoan\u0103 care dore\u0219te \u00eengrijire a pielii.<\/p>\n<p><strong>Important:<\/strong> Dac\u0103 dore\u0219ti s\u0103 prime\u0219ti voucherul online, te rug\u0103m s\u0103 men\u021bionezi numele persoanei care va primi cadoul \u0219i adresa de e-mail a persoanei care face comanda \u00een c\u00e2mpul de observa\u021bii. Dac\u0103 preferi livrarea voucherului, te rug\u0103m s\u0103 men\u021bionezi numele, numarul de telefon \u0219i adresa persoanei care va primi cadoul \u00een c\u00e2mpul de observa\u021bii.<\/p>\n<p>Surprinde-\u021bi cei dragi cu o adev\u0103rat\u0103 experien\u021b\u0103 de r\u0103sf\u0103\u021b!<\/p>","protected":false},"excerpt":{"rendered":"<p>Voucher pentru Tratament Facial Ofer\u0103 o experien\u021b\u0103 r\u0103coritoare! Voucherul nostru pentru Tratament Facial este alegerea perfect\u0103 pentru orice persoan\u0103 care dore\u0219te \u00eengrijire a pielii. Important: Dac\u0103 dore\u0219ti s\u0103 prime\u0219ti voucherul online, te rug\u0103m s\u0103 men\u021bionezi numele persoanei care va primi cadoul \u0219i adresa de e-mail a persoanei care face comanda \u00een c\u00e2mpul de observa\u021bii. Dac\u0103 [&hellip;]<\/p>","protected":false},"featured_media":2043,"template":"","meta":{"ocean_post_layout":"","ocean_both_sidebars_style":"","ocean_both_sidebars_content_width":0,"ocean_both_sidebars_sidebars_width":0,"ocean_sidebar":"0","ocean_second_sidebar":"0","ocean_disable_margins":"enable","ocean_add_body_class":"","ocean_shortcode_before_top_bar":"","ocean_shortcode_after_top_bar":"","ocean_shortcode_before_header":"","ocean_shortcode_after_header":"","ocean_has_shortcode":"","ocean_shortcode_after_title":"","ocean_shortcode_before_footer_widgets":"","ocean_shortcode_after_footer_widgets":"","ocean_shortcode_before_footer_bottom":"","ocean_shortcode_after_footer_bottom":"","ocean_display_top_bar":"default","ocean_display_header":"default","ocean_header_style":"","ocean_center_header_left_menu":"0","ocean_custom_header_template":"0","ocean_custom_logo":0,"ocean_custom_retina_logo":0,"ocean_custom_logo_max_width":0,"ocean_custom_logo_tablet_max_width":0,"ocean_custom_logo_mobile_max_width":0,"ocean_custom_logo_max_height":0,"ocean_custom_logo_tablet_max_height":0,"ocean_custom_logo_mobile_max_height":0,"ocean_header_custom_menu":"0","ocean_menu_typo_font_family":"0","ocean_menu_typo_font_subset":"","ocean_menu_typo_font_size":0,"ocean_menu_typo_font_size_tablet":0,"ocean_menu_typo_font_size_mobile":0,"ocean_menu_typo_font_size_unit":"px","ocean_menu_typo_font_weight":"","ocean_menu_typo_font_weight_tablet":"","ocean_menu_typo_font_weight_mobile":"","ocean_menu_typo_transform":"","ocean_menu_typo_transform_tablet":"","ocean_menu_typo_transform_mobile":"","ocean_menu_typo_line_height":0,"ocean_menu_typo_line_height_tablet":0,"ocean_menu_typo_line_height_mobile":0,"ocean_menu_typo_line_height_unit":"","ocean_menu_typo_spacing":0,"ocean_menu_typo_spacing_tablet":0,"ocean_menu_typo_spacing_mobile":0,"ocean_menu_typo_spacing_unit":"","ocean_menu_link_color":"","ocean_menu_link_color_hover":"","ocean_menu_link_color_active":"","ocean_menu_link_background":"","ocean_menu_link_hover_background":"","ocean_menu_link_active_background":"","ocean_menu_social_links_bg":"","ocean_menu_social_hover_links_bg":"","ocean_menu_social_links_color":"","ocean_menu_social_hover_links_color":"","ocean_disable_title":"default","ocean_disable_heading":"default","ocean_post_title":"","ocean_post_subheading":"","ocean_post_title_style":"","ocean_post_title_background_color":"","ocean_post_title_background":0,"ocean_post_title_bg_image_position":"","ocean_post_title_bg_image_attachment":"","ocean_post_title_bg_image_repeat":"","ocean_post_title_bg_image_size":"","ocean_post_title_height":0,"ocean_post_title_bg_overlay":0.5,"ocean_post_title_bg_overlay_color":"","ocean_disable_breadcrumbs":"default","ocean_breadcrumbs_color":"","ocean_breadcrumbs_separator_color":"","ocean_breadcrumbs_links_color":"","ocean_breadcrumbs_links_hover_color":"","ocean_display_footer_widgets":"default","ocean_display_footer_bottom":"default","ocean_custom_footer_template":"0"},"product_brand":[],"product_cat":[19],"product_tag":[],"class_list":{"0":"post-783","1":"product","2":"type-product","3":"status-publish","4":"has-post-thumbnail","6":"product_cat-voucher","8":"entry","9":"has-media","11":"first","12":"instock","13":"shipping-taxable","14":"purchasable","15":"product-type-simple","16":"has-product-nav","17":"col","18":"span_1_of_3","19":"owp-content-center","20":"owp-thumbs-layout-horizontal","21":"owp-btn-normal","22":"owp-tabs-layout-horizontal","23":"has-no-thumbnails"},"yoast_head":"<!-- This site is optimized with the Yoast SEO plugin v25.2 - https:\/\/yoast.com\/wordpress\/plugins\/seo\/ -->\n<title>Voucher pentru Tratament Facial - Em\u0151ke Beauty Zone<\/title>\n<meta name=\"robots\" content=\"index, follow, max-snippet:-1, max-image-preview:large, max-video-preview:-1\" \/>\n<link rel=\"canonical\" href=\"https:\/\/emokebeautyzone.ro\/hu\/termek\/voucher-cadou-pentru-lifting-gene-sau-laminare-sprancene\/\" \/>\n<meta property=\"og:locale\" content=\"hu_HU\" \/>\n<meta property=\"og:type\" content=\"article\" \/>\n<meta property=\"og:title\" content=\"Voucher pentru Tratament Facial - Em\u0151ke Beauty Zone\" \/>\n<meta property=\"og:description\" content=\"Voucher pentru Tratament Facial Ofer\u0103 o experien\u021b\u0103 r\u0103coritoare! Voucherul nostru pentru Tratament Facial este alegerea perfect\u0103 pentru orice persoan\u0103 care dore\u0219te \u00eengrijire a pielii. Important: Dac\u0103 dore\u0219ti s\u0103 prime\u0219ti voucherul online, te rug\u0103m s\u0103 men\u021bionezi numele persoanei care va primi cadoul \u0219i adresa de e-mail a persoanei care face comanda \u00een c\u00e2mpul de observa\u021bii. Dac\u0103 [&hellip;]\" \/>\n<meta property=\"og:url\" content=\"https:\/\/emokebeautyzone.ro\/hu\/termek\/voucher-cadou-pentru-lifting-gene-sau-laminare-sprancene\/\" \/>\n<meta property=\"og:site_name\" content=\"Em\u0151ke Beauty Zone\" \/>\n<meta property=\"article:publisher\" content=\"https:\/\/www.facebook.com\/EmokeBeautyZone\" \/>\n<meta property=\"article:modified_time\" content=\"2025-03-17T11:55:11+00:00\" \/>\n<meta property=\"og:image\" content=\"https:\/\/emokebeautyzone.ro\/wp-content\/uploads\/2023\/12\/gift-card.jpg\" \/>\n\t<meta property=\"og:image:width\" content=\"2048\" \/>\n\t<meta property=\"og:image:height\" content=\"1536\" \/>\n\t<meta property=\"og:image:type\" content=\"image\/jpeg\" \/>\n<meta name=\"twitter:card\" content=\"summary_large_image\" \/>\n<meta name=\"twitter:label1\" content=\"Becs\u00fclt olvas\u00e1si id\u0151\" \/>\n\t<meta name=\"twitter:data1\" content=\"1 perc\" \/>\n<script type=\"application\/ld+json\" class=\"yoast-schema-graph\">{\"@context\":\"https:\/\/schema.org\",\"@graph\":[{\"@type\":\"WebPage\",\"@id\":\"https:\/\/emokebeautyzone.ro\/produs\/voucher-cadou-pentru-lifting-gene-sau-laminare-sprancene\/\",\"url\":\"https:\/\/emokebeautyzone.ro\/produs\/voucher-cadou-pentru-lifting-gene-sau-laminare-sprancene\/\",\"name\":\"Voucher pentru Tratament Facial - Em\u0151ke Beauty Zone\",\"isPartOf\":{\"@id\":\"https:\/\/emokebeautyzone.ro\/#website\"},\"primaryImageOfPage\":{\"@id\":\"https:\/\/emokebeautyzone.ro\/produs\/voucher-cadou-pentru-lifting-gene-sau-laminare-sprancene\/#primaryimage\"},\"image\":{\"@id\":\"https:\/\/emokebeautyzone.ro\/produs\/voucher-cadou-pentru-lifting-gene-sau-laminare-sprancene\/#primaryimage\"},\"thumbnailUrl\":\"https:\/\/emokebeautyzone.ro\/wp-content\/uploads\/2023\/12\/gift-card.jpg\",\"datePublished\":\"2023-12-17T21:52:57+00:00\",\"dateModified\":\"2025-03-17T11:55:11+00:00\",\"breadcrumb\":{\"@id\":\"https:\/\/emokebeautyzone.ro\/produs\/voucher-cadou-pentru-lifting-gene-sau-laminare-sprancene\/#breadcrumb\"},\"inLanguage\":\"hu\",\"potentialAction\":[{\"@type\":\"ReadAction\",\"target\":[\"https:\/\/emokebeautyzone.ro\/produs\/voucher-cadou-pentru-lifting-gene-sau-laminare-sprancene\/\"]}]},{\"@type\":\"ImageObject\",\"inLanguage\":\"hu\",\"@id\":\"https:\/\/emokebeautyzone.ro\/produs\/voucher-cadou-pentru-lifting-gene-sau-laminare-sprancene\/#primaryimage\",\"url\":\"https:\/\/emokebeautyzone.ro\/wp-content\/uploads\/2023\/12\/gift-card.jpg\",\"contentUrl\":\"https:\/\/emokebeautyzone.ro\/wp-content\/uploads\/2023\/12\/gift-card.jpg\",\"width\":2048,\"height\":1536},{\"@type\":\"BreadcrumbList\",\"@id\":\"https:\/\/emokebeautyzone.ro\/produs\/voucher-cadou-pentru-lifting-gene-sau-laminare-sprancene\/#breadcrumb\",\"itemListElement\":[{\"@type\":\"ListItem\",\"position\":1,\"name\":\"Prima pagin\u0103\",\"item\":\"https:\/\/emokebeautyzone.ro\/\"},{\"@type\":\"ListItem\",\"position\":2,\"name\":\"Magazin\",\"item\":\"https:\/\/emokebeautyzone.ro\/magazin-emoke-beauty-zone-produse-profesionale-de-frumusete\/\"},{\"@type\":\"ListItem\",\"position\":3,\"name\":\"Voucher pentru Tratament Facial\"}]},{\"@type\":\"WebSite\",\"@id\":\"https:\/\/emokebeautyzone.ro\/#website\",\"url\":\"https:\/\/emokebeautyzone.ro\/\",\"name\":\"Em\u0151ke Beauty Zone\",\"description\":\"Beauty Zone\",\"publisher\":{\"@id\":\"https:\/\/emokebeautyzone.ro\/#organization\"},\"potentialAction\":[{\"@type\":\"SearchAction\",\"target\":{\"@type\":\"EntryPoint\",\"urlTemplate\":\"https:\/\/emokebeautyzone.ro\/?s={search_term_string}\"},\"query-input\":{\"@type\":\"PropertyValueSpecification\",\"valueRequired\":true,\"valueName\":\"search_term_string\"}}],\"inLanguage\":\"hu\"},{\"@type\":\"Organization\",\"@id\":\"https:\/\/emokebeautyzone.ro\/#organization\",\"name\":\"Em\u0151ke Beauty Zone\",\"url\":\"https:\/\/emokebeautyzone.ro\/\",\"logo\":{\"@type\":\"ImageObject\",\"inLanguage\":\"hu\",\"@id\":\"https:\/\/emokebeautyzone.ro\/#\/schema\/logo\/image\/\",\"url\":\"https:\/\/emokebeautyzone.ro\/wp-content\/uploads\/2023\/01\/ebz3.jpg\",\"contentUrl\":\"https:\/\/emokebeautyzone.ro\/wp-content\/uploads\/2023\/01\/ebz3.jpg\",\"width\":1024,\"height\":577,\"caption\":\"Em\u0151ke Beauty Zone\"},\"image\":{\"@id\":\"https:\/\/emokebeautyzone.ro\/#\/schema\/logo\/image\/\"},\"sameAs\":[\"https:\/\/www.facebook.com\/EmokeBeautyZone\",\"https:\/\/www.instagram.com\/emokebeauty\/\",\"https:\/\/www.tiktok.com\/@emokebeautyzone?_t=8XNHVoBtmsw&_r=1\",\"https:\/\/mero.ro\/p\/emke-beauty-zone?absp=search_autocomplete&qid=50d505c8fda846417b5232705f6da5b9\"]}]}<\/script>\n<!-- \/ Yoast SEO plugin. -->","yoast_head_json":{"title":"Voucher pentru Tratament Facial - Em\u0151ke Beauty Zone","robots":{"index":"index","follow":"follow","max-snippet":"max-snippet:-1","max-image-preview":"max-image-preview:large","max-video-preview":"max-video-preview:-1"},"canonical":"https:\/\/emokebeautyzone.ro\/hu\/termek\/voucher-cadou-pentru-lifting-gene-sau-laminare-sprancene\/","og_locale":"hu_HU","og_type":"article","og_title":"Voucher pentru Tratament Facial - Em\u0151ke Beauty Zone","og_description":"Voucher pentru Tratament Facial Ofer\u0103 o experien\u021b\u0103 r\u0103coritoare! Voucherul nostru pentru Tratament Facial este alegerea perfect\u0103 pentru orice persoan\u0103 care dore\u0219te \u00eengrijire a pielii. Important: Dac\u0103 dore\u0219ti s\u0103 prime\u0219ti voucherul online, te rug\u0103m s\u0103 men\u021bionezi numele persoanei care va primi cadoul \u0219i adresa de e-mail a persoanei care face comanda \u00een c\u00e2mpul de observa\u021bii. Dac\u0103 [&hellip;]","og_url":"https:\/\/emokebeautyzone.ro\/hu\/termek\/voucher-cadou-pentru-lifting-gene-sau-laminare-sprancene\/","og_site_name":"Em\u0151ke Beauty Zone","article_publisher":"https:\/\/www.facebook.com\/EmokeBeautyZone","article_modified_time":"2025-03-17T11:55:11+00:00","og_image":[{"width":2048,"height":1536,"url":"https:\/\/emokebeautyzone.ro\/wp-content\/uploads\/2023\/12\/gift-card.jpg","type":"image\/jpeg"}],"twitter_card":"summary_large_image","twitter_misc":{"Becs\u00fclt olvas\u00e1si id\u0151":"1 perc"},"schema":{"@context":"https:\/\/schema.org","@graph":[{"@type":"WebPage","@id":"https:\/\/emokebeautyzone.ro\/produs\/voucher-cadou-pentru-lifting-gene-sau-laminare-sprancene\/","url":"https:\/\/emokebeautyzone.ro\/produs\/voucher-cadou-pentru-lifting-gene-sau-laminare-sprancene\/","name":"Voucher pentru Tratament Facial - Em\u0151ke Beauty Zone","isPartOf":{"@id":"https:\/\/emokebeautyzone.ro\/#website"},"primaryImageOfPage":{"@id":"https:\/\/emokebeautyzone.ro\/produs\/voucher-cadou-pentru-lifting-gene-sau-laminare-sprancene\/#primaryimage"},"image":{"@id":"https:\/\/emokebeautyzone.ro\/produs\/voucher-cadou-pentru-lifting-gene-sau-laminare-sprancene\/#primaryimage"},"thumbnailUrl":"https:\/\/emokebeautyzone.ro\/wp-content\/uploads\/2023\/12\/gift-card.jpg","datePublished":"2023-12-17T21:52:57+00:00","dateModified":"2025-03-17T11:55:11+00:00","breadcrumb":{"@id":"https:\/\/emokebeautyzone.ro\/produs\/voucher-cadou-pentru-lifting-gene-sau-laminare-sprancene\/#breadcrumb"},"inLanguage":"hu","potentialAction":[{"@type":"ReadAction","target":["https:\/\/emokebeautyzone.ro\/produs\/voucher-cadou-pentru-lifting-gene-sau-laminare-sprancene\/"]}]},{"@type":"ImageObject","inLanguage":"hu","@id":"https:\/\/emokebeautyzone.ro\/produs\/voucher-cadou-pentru-lifting-gene-sau-laminare-sprancene\/#primaryimage","url":"https:\/\/emokebeautyzone.ro\/wp-content\/uploads\/2023\/12\/gift-card.jpg","contentUrl":"https:\/\/emokebeautyzone.ro\/wp-content\/uploads\/2023\/12\/gift-card.jpg","width":2048,"height":1536},{"@type":"BreadcrumbList","@id":"https:\/\/emokebeautyzone.ro\/produs\/voucher-cadou-pentru-lifting-gene-sau-laminare-sprancene\/#breadcrumb","itemListElement":[{"@type":"ListItem","position":1,"name":"Prima pagin\u0103","item":"https:\/\/emokebeautyzone.ro\/"},{"@type":"ListItem","position":2,"name":"Magazin","item":"https:\/\/emokebeautyzone.ro\/magazin-emoke-beauty-zone-produse-profesionale-de-frumusete\/"},{"@type":"ListItem","position":3,"name":"Voucher pentru Tratament Facial"}]},{"@type":"WebSite","@id":"https:\/\/emokebeautyzone.ro\/#website","url":"https:\/\/emokebeautyzone.ro\/","name":"Em\u0151ke Beauty Zone","description":"Beauty Zone","publisher":{"@id":"https:\/\/emokebeautyzone.ro\/#organization"},"potentialAction":[{"@type":"SearchAction","target":{"@type":"EntryPoint","urlTemplate":"https:\/\/emokebeautyzone.ro\/?s={search_term_string}"},"query-input":{"@type":"PropertyValueSpecification","valueRequired":true,"valueName":"search_term_string"}}],"inLanguage":"hu"},{"@type":"Organization","@id":"https:\/\/emokebeautyzone.ro\/#organization","name":"Em\u0151ke Beauty Zone","url":"https:\/\/emokebeautyzone.ro\/","logo":{"@type":"ImageObject","inLanguage":"hu","@id":"https:\/\/emokebeautyzone.ro\/#\/schema\/logo\/image\/","url":"https:\/\/emokebeautyzone.ro\/wp-content\/uploads\/2023\/01\/ebz3.jpg","contentUrl":"https:\/\/emokebeautyzone.ro\/wp-content\/uploads\/2023\/01\/ebz3.jpg","width":1024,"height":577,"caption":"Em\u0151ke Beauty Zone"},"image":{"@id":"https:\/\/emokebeautyzone.ro\/#\/schema\/logo\/image\/"},"sameAs":["https:\/\/www.facebook.com\/EmokeBeautyZone","https:\/\/www.instagram.com\/emokebeauty\/","https:\/\/www.tiktok.com\/@emokebeautyzone?_t=8XNHVoBtmsw&_r=1","https:\/\/mero.ro\/p\/emke-beauty-zone?absp=search_autocomplete&qid=50d505c8fda846417b5232705f6da5b9"]}]}},"jetpack_sharing_enabled":true,"_links":{"self":[{"href":"https:\/\/emokebeautyzone.ro\/hu\/wp-json\/wp\/v2\/product\/783","targetHints":{"allow":["GET"]}}],"collection":[{"href":"https:\/\/emokebeautyzone.ro\/hu\/wp-json\/wp\/v2\/product"}],"about":[{"href":"https:\/\/emokebeautyzone.ro\/hu\/wp-json\/wp\/v2\/types\/product"}],"wp:featuredmedia":[{"embeddable":true,"href":"https:\/\/emokebeautyzone.ro\/hu\/wp-json\/wp\/v2\/media\/2043"}],"wp:attachment":[{"href":"https:\/\/emokebeautyzone.ro\/hu\/wp-json\/wp\/v2\/media?parent=783"}],"wp:term":[{"taxonomy":"product_brand","embeddable":true,"href":"https:\/\/emokebeautyzone.ro\/hu\/wp-json\/wp\/v2\/product_brand?post=783"},{"taxonomy":"product_cat","embeddable":true,"href":"https:\/\/emokebeautyzone.ro\/hu\/wp-json\/wp\/v2\/product_cat?post=783"},{"taxonomy":"product_tag","embeddable":true,"href":"https:\/\/emokebeautyzone.ro\/hu\/wp-json\/wp\/v2\/product_tag?post=783"}],"curies":[{"name":"wp","href":"https:\/\/api.w.org\/{rel}","templated":true}]}}