

{"id":680,"date":"2023-10-19T11:20:42","date_gmt":"2023-10-19T11:20:42","guid":{"rendered":"https:\/\/emokebeautyzone.ro\/?post_type=product&#038;p=680"},"modified":"2024-03-13T00:54:27","modified_gmt":"2024-03-13T00:54:27","slug":"crema-pentru-ochi-contour-lift-charlotte-meentzen-15-ml","status":"publish","type":"product","link":"https:\/\/emokebeautyzone.ro\/hu\/termek\/crema-pentru-ochi-contour-lift-charlotte-meentzen-15-ml\/","title":{"rendered":"Crema pentru ochi &#8211; Contour Lift, Charlotte Meentzen, 15 ml"},"content":{"rendered":"<h2 class=\"page-section-title\">Descriere<\/h2>\n<div id=\"collapse-wrapper-description\">\n<div class=\"product-page-description description-banner-right\">\n<div class=\"product-page-description-text\">\n<div id=\"description-body\" class=\"collapse-offset collapse in\">\n<p>\u00a0 Crema de ingrijire usoara stimuleaza pielea cu un efect de durata. Combinatia de acid hialuronic cu masa moleculara mica si mare imbunatateste aspectul si elasticitatea pielii in zona ochilor si impiedica deshidratarea ei.<\/p>\n<p>Prin activarea productiei proprii de acid hialuronic si intarirea fibrelor de colagen, crema de ochi asigura un efect de\u00a0 fermitate de lunga durata si reduce in mod evident ridurile. Extractul de germeni de creson protejeaza pielea impotriva influentelor negative ale mediului si pielea capata un aspect sanatos.<\/p>\n<p><strong>=&gt; Fara parabeni, uleiuri minerale, PEG-uri si silicon.<\/strong><\/p>\n<p><strong>Mod de utilizare:\u00a0<\/strong>Masati usor in zona ochilor in fiecare dimineata si seara.<\/p>\n<p><strong>Recomandare:\u00a0<\/strong>Toate tipurile de ten.<\/p>\n<h2 class=\"page-section-title\">Specificatii<\/h2>\n<div class=\"d-flex\">\n<div class=\"specifications-body\">\n<div id=\"specifications-body\" class=\"collapse-offset in\">\n<p class=\"pad-top-sm text-uppercase strong\">CARACTERISTICI GENERALE<\/p>\n<table class=\"table table-striped specifications-table\">\n<tbody>\n<tr>\n<td class=\"col-xs-4 text-muted\">Tip produs<\/td>\n<td class=\"col-xs-8\">Crema de fata<\/td>\n<\/tr>\n<tr>\n<td class=\"col-xs-4 text-muted\">Zona corporala<\/td>\n<td class=\"col-xs-8\">Ochi<\/td>\n<\/tr>\n<tr>\n<td class=\"col-xs-4 text-muted\">Utilizare<\/td>\n<td class=\"col-xs-8\">Zi Noapte<\/td>\n<\/tr>\n<tr>\n<td class=\"col-xs-4 text-muted\">Tip<\/td>\n<td class=\"col-xs-8\">Dermatocosmetic Profesional<\/td>\n<\/tr>\n<tr>\n<td class=\"col-xs-4 text-muted\">Varsta<\/td>\n<td class=\"col-xs-8\">Toate varstele 30+ ani<\/td>\n<\/tr>\n<tr>\n<td class=\"col-xs-4 text-muted\">Tipul de ten<\/td>\n<td class=\"col-xs-8\">Uscat Gras Mixt Sensibil Matur Normal<\/td>\n<\/tr>\n<tr>\n<td class=\"col-xs-4 text-muted\">Proprietati<\/td>\n<td class=\"col-xs-8\">Acid hialuronic<\/td>\n<\/tr>\n<\/tbody>\n<\/table>\n<\/div>\n<\/div>\n<\/div>\n<\/div>\n<\/div>\n<\/div>\n<\/div>","protected":false},"excerpt":{"rendered":"<p>Descriere \u00a0 Crema de ingrijire usoara stimuleaza pielea cu un efect de durata. Combinatia de acid hialuronic cu masa moleculara mica si mare imbunatateste aspectul si elasticitatea pielii in zona ochilor si impiedica deshidratarea ei. Prin activarea productiei proprii de acid hialuronic si intarirea fibrelor de colagen, crema de ochi asigura un efect de\u00a0 fermitate [&hellip;]<\/p>","protected":false},"featured_media":1039,"template":"","meta":{"ocean_post_layout":"","ocean_both_sidebars_style":"","ocean_both_sidebars_content_width":0,"ocean_both_sidebars_sidebars_width":0,"ocean_sidebar":"0","ocean_second_sidebar":"0","ocean_disable_margins":"enable","ocean_add_body_class":"","ocean_shortcode_before_top_bar":"","ocean_shortcode_after_top_bar":"","ocean_shortcode_before_header":"","ocean_shortcode_after_header":"","ocean_has_shortcode":"","ocean_shortcode_after_title":"","ocean_shortcode_before_footer_widgets":"","ocean_shortcode_after_footer_widgets":"","ocean_shortcode_before_footer_bottom":"","ocean_shortcode_after_footer_bottom":"","ocean_display_top_bar":"default","ocean_display_header":"default","ocean_header_style":"","ocean_center_header_left_menu":"0","ocean_custom_header_template":"0","ocean_custom_logo":0,"ocean_custom_retina_logo":0,"ocean_custom_logo_max_width":0,"ocean_custom_logo_tablet_max_width":0,"ocean_custom_logo_mobile_max_width":0,"ocean_custom_logo_max_height":0,"ocean_custom_logo_tablet_max_height":0,"ocean_custom_logo_mobile_max_height":0,"ocean_header_custom_menu":"0","ocean_menu_typo_font_family":"0","ocean_menu_typo_font_subset":"","ocean_menu_typo_font_size":0,"ocean_menu_typo_font_size_tablet":0,"ocean_menu_typo_font_size_mobile":0,"ocean_menu_typo_font_size_unit":"px","ocean_menu_typo_font_weight":"","ocean_menu_typo_font_weight_tablet":"","ocean_menu_typo_font_weight_mobile":"","ocean_menu_typo_transform":"","ocean_menu_typo_transform_tablet":"","ocean_menu_typo_transform_mobile":"","ocean_menu_typo_line_height":0,"ocean_menu_typo_line_height_tablet":0,"ocean_menu_typo_line_height_mobile":0,"ocean_menu_typo_line_height_unit":"","ocean_menu_typo_spacing":0,"ocean_menu_typo_spacing_tablet":0,"ocean_menu_typo_spacing_mobile":0,"ocean_menu_typo_spacing_unit":"","ocean_menu_link_color":"","ocean_menu_link_color_hover":"","ocean_menu_link_color_active":"","ocean_menu_link_background":"","ocean_menu_link_hover_background":"","ocean_menu_link_active_background":"","ocean_menu_social_links_bg":"","ocean_menu_social_hover_links_bg":"","ocean_menu_social_links_color":"","ocean_menu_social_hover_links_color":"","ocean_disable_title":"default","ocean_disable_heading":"default","ocean_post_title":"","ocean_post_subheading":"","ocean_post_title_style":"","ocean_post_title_background_color":"","ocean_post_title_background":0,"ocean_post_title_bg_image_position":"","ocean_post_title_bg_image_attachment":"","ocean_post_title_bg_image_repeat":"","ocean_post_title_bg_image_size":"","ocean_post_title_height":0,"ocean_post_title_bg_overlay":0.5,"ocean_post_title_bg_overlay_color":"","ocean_disable_breadcrumbs":"default","ocean_breadcrumbs_color":"","ocean_breadcrumbs_separator_color":"","ocean_breadcrumbs_links_color":"","ocean_breadcrumbs_links_hover_color":"","ocean_display_footer_widgets":"default","ocean_display_footer_bottom":"default","ocean_custom_footer_template":"0"},"product_brand":[],"product_cat":[32,34],"product_tag":[],"class_list":{"0":"post-680","1":"product","2":"type-product","3":"status-publish","4":"has-post-thumbnail","6":"product_cat-beauty","7":"product_cat-charlotte-meentzen","9":"entry","10":"has-media","12":"first","13":"instock","14":"shipping-taxable","15":"purchasable","16":"product-type-simple","17":"has-product-nav","18":"col","19":"span_1_of_3","20":"owp-content-center","21":"owp-thumbs-layout-horizontal","22":"owp-btn-normal","23":"owp-tabs-layout-horizontal"},"yoast_head":"<!-- This site is optimized with the Yoast SEO plugin v25.2 - https:\/\/yoast.com\/wordpress\/plugins\/seo\/ -->\n<title>Crema pentru ochi - Contour Lift, Charlotte Meentzen, 15 ml - Em\u0151ke Beauty Zone<\/title>\n<meta name=\"robots\" content=\"index, follow, max-snippet:-1, max-image-preview:large, max-video-preview:-1\" \/>\n<link rel=\"canonical\" href=\"https:\/\/emokebeautyzone.ro\/hu\/termek\/crema-pentru-ochi-contour-lift-charlotte-meentzen-15-ml\/\" \/>\n<meta property=\"og:locale\" content=\"hu_HU\" \/>\n<meta property=\"og:type\" content=\"article\" \/>\n<meta property=\"og:title\" content=\"Crema pentru ochi - Contour Lift, Charlotte Meentzen, 15 ml - Em\u0151ke Beauty Zone\" \/>\n<meta property=\"og:description\" content=\"Descriere \u00a0 Crema de ingrijire usoara stimuleaza pielea cu un efect de durata. Combinatia de acid hialuronic cu masa moleculara mica si mare imbunatateste aspectul si elasticitatea pielii in zona ochilor si impiedica deshidratarea ei. Prin activarea productiei proprii de acid hialuronic si intarirea fibrelor de colagen, crema de ochi asigura un efect de\u00a0 fermitate [&hellip;]\" \/>\n<meta property=\"og:url\" content=\"https:\/\/emokebeautyzone.ro\/hu\/termek\/crema-pentru-ochi-contour-lift-charlotte-meentzen-15-ml\/\" \/>\n<meta property=\"og:site_name\" content=\"Em\u0151ke Beauty Zone\" \/>\n<meta property=\"article:publisher\" content=\"https:\/\/www.facebook.com\/EmokeBeautyZone\" \/>\n<meta property=\"article:modified_time\" content=\"2024-03-13T00:54:27+00:00\" \/>\n<meta property=\"og:image\" content=\"https:\/\/emokebeautyzone.ro\/wp-content\/uploads\/2023\/10\/O39A9755-scaled.jpg\" \/>\n\t<meta property=\"og:image:width\" content=\"1707\" \/>\n\t<meta property=\"og:image:height\" content=\"2560\" \/>\n\t<meta property=\"og:image:type\" content=\"image\/jpeg\" \/>\n<meta name=\"twitter:card\" content=\"summary_large_image\" \/>\n<meta name=\"twitter:label1\" content=\"Becs\u00fclt olvas\u00e1si id\u0151\" \/>\n\t<meta name=\"twitter:data1\" content=\"1 perc\" \/>\n<script type=\"application\/ld+json\" class=\"yoast-schema-graph\">{\"@context\":\"https:\/\/schema.org\",\"@graph\":[{\"@type\":\"WebPage\",\"@id\":\"https:\/\/emokebeautyzone.ro\/produs\/crema-pentru-ochi-contour-lift-charlotte-meentzen-15-ml\/\",\"url\":\"https:\/\/emokebeautyzone.ro\/produs\/crema-pentru-ochi-contour-lift-charlotte-meentzen-15-ml\/\",\"name\":\"Crema pentru ochi - Contour Lift, Charlotte Meentzen, 15 ml - Em\u0151ke Beauty Zone\",\"isPartOf\":{\"@id\":\"https:\/\/emokebeautyzone.ro\/#website\"},\"primaryImageOfPage\":{\"@id\":\"https:\/\/emokebeautyzone.ro\/produs\/crema-pentru-ochi-contour-lift-charlotte-meentzen-15-ml\/#primaryimage\"},\"image\":{\"@id\":\"https:\/\/emokebeautyzone.ro\/produs\/crema-pentru-ochi-contour-lift-charlotte-meentzen-15-ml\/#primaryimage\"},\"thumbnailUrl\":\"https:\/\/emokebeautyzone.ro\/wp-content\/uploads\/2023\/10\/O39A9755-scaled.jpg\",\"datePublished\":\"2023-10-19T11:20:42+00:00\",\"dateModified\":\"2024-03-13T00:54:27+00:00\",\"breadcrumb\":{\"@id\":\"https:\/\/emokebeautyzone.ro\/produs\/crema-pentru-ochi-contour-lift-charlotte-meentzen-15-ml\/#breadcrumb\"},\"inLanguage\":\"hu\",\"potentialAction\":[{\"@type\":\"ReadAction\",\"target\":[\"https:\/\/emokebeautyzone.ro\/produs\/crema-pentru-ochi-contour-lift-charlotte-meentzen-15-ml\/\"]}]},{\"@type\":\"ImageObject\",\"inLanguage\":\"hu\",\"@id\":\"https:\/\/emokebeautyzone.ro\/produs\/crema-pentru-ochi-contour-lift-charlotte-meentzen-15-ml\/#primaryimage\",\"url\":\"https:\/\/emokebeautyzone.ro\/wp-content\/uploads\/2023\/10\/O39A9755-scaled.jpg\",\"contentUrl\":\"https:\/\/emokebeautyzone.ro\/wp-content\/uploads\/2023\/10\/O39A9755-scaled.jpg\",\"width\":1707,\"height\":2560},{\"@type\":\"BreadcrumbList\",\"@id\":\"https:\/\/emokebeautyzone.ro\/produs\/crema-pentru-ochi-contour-lift-charlotte-meentzen-15-ml\/#breadcrumb\",\"itemListElement\":[{\"@type\":\"ListItem\",\"position\":1,\"name\":\"Prima pagin\u0103\",\"item\":\"https:\/\/emokebeautyzone.ro\/\"},{\"@type\":\"ListItem\",\"position\":2,\"name\":\"Magazin\",\"item\":\"https:\/\/emokebeautyzone.ro\/magazin-emoke-beauty-zone-produse-profesionale-de-frumusete\/\"},{\"@type\":\"ListItem\",\"position\":3,\"name\":\"Crema pentru ochi &#8211; Contour Lift, Charlotte Meentzen, 15 ml\"}]},{\"@type\":\"WebSite\",\"@id\":\"https:\/\/emokebeautyzone.ro\/#website\",\"url\":\"https:\/\/emokebeautyzone.ro\/\",\"name\":\"Em\u0151ke Beauty Zone\",\"description\":\"Beauty Zone\",\"publisher\":{\"@id\":\"https:\/\/emokebeautyzone.ro\/#organization\"},\"potentialAction\":[{\"@type\":\"SearchAction\",\"target\":{\"@type\":\"EntryPoint\",\"urlTemplate\":\"https:\/\/emokebeautyzone.ro\/?s={search_term_string}\"},\"query-input\":{\"@type\":\"PropertyValueSpecification\",\"valueRequired\":true,\"valueName\":\"search_term_string\"}}],\"inLanguage\":\"hu\"},{\"@type\":\"Organization\",\"@id\":\"https:\/\/emokebeautyzone.ro\/#organization\",\"name\":\"Em\u0151ke Beauty Zone\",\"url\":\"https:\/\/emokebeautyzone.ro\/\",\"logo\":{\"@type\":\"ImageObject\",\"inLanguage\":\"hu\",\"@id\":\"https:\/\/emokebeautyzone.ro\/#\/schema\/logo\/image\/\",\"url\":\"https:\/\/emokebeautyzone.ro\/wp-content\/uploads\/2023\/01\/ebz3.jpg\",\"contentUrl\":\"https:\/\/emokebeautyzone.ro\/wp-content\/uploads\/2023\/01\/ebz3.jpg\",\"width\":1024,\"height\":577,\"caption\":\"Em\u0151ke Beauty Zone\"},\"image\":{\"@id\":\"https:\/\/emokebeautyzone.ro\/#\/schema\/logo\/image\/\"},\"sameAs\":[\"https:\/\/www.facebook.com\/EmokeBeautyZone\",\"https:\/\/www.instagram.com\/emokebeauty\/\",\"https:\/\/www.tiktok.com\/@emokebeautyzone?_t=8XNHVoBtmsw&_r=1\",\"https:\/\/mero.ro\/p\/emke-beauty-zone?absp=search_autocomplete&qid=50d505c8fda846417b5232705f6da5b9\"]}]}<\/script>\n<!-- \/ Yoast SEO plugin. -->","yoast_head_json":{"title":"Crema pentru ochi - Contour Lift, Charlotte Meentzen, 15 ml - Em\u0151ke Beauty Zone","robots":{"index":"index","follow":"follow","max-snippet":"max-snippet:-1","max-image-preview":"max-image-preview:large","max-video-preview":"max-video-preview:-1"},"canonical":"https:\/\/emokebeautyzone.ro\/hu\/termek\/crema-pentru-ochi-contour-lift-charlotte-meentzen-15-ml\/","og_locale":"hu_HU","og_type":"article","og_title":"Crema pentru ochi - Contour Lift, Charlotte Meentzen, 15 ml - Em\u0151ke Beauty Zone","og_description":"Descriere \u00a0 Crema de ingrijire usoara stimuleaza pielea cu un efect de durata. Combinatia de acid hialuronic cu masa moleculara mica si mare imbunatateste aspectul si elasticitatea pielii in zona ochilor si impiedica deshidratarea ei. Prin activarea productiei proprii de acid hialuronic si intarirea fibrelor de colagen, crema de ochi asigura un efect de\u00a0 fermitate [&hellip;]","og_url":"https:\/\/emokebeautyzone.ro\/hu\/termek\/crema-pentru-ochi-contour-lift-charlotte-meentzen-15-ml\/","og_site_name":"Em\u0151ke Beauty Zone","article_publisher":"https:\/\/www.facebook.com\/EmokeBeautyZone","article_modified_time":"2024-03-13T00:54:27+00:00","og_image":[{"width":1707,"height":2560,"url":"https:\/\/emokebeautyzone.ro\/wp-content\/uploads\/2023\/10\/O39A9755-scaled.jpg","type":"image\/jpeg"}],"twitter_card":"summary_large_image","twitter_misc":{"Becs\u00fclt olvas\u00e1si id\u0151":"1 perc"},"schema":{"@context":"https:\/\/schema.org","@graph":[{"@type":"WebPage","@id":"https:\/\/emokebeautyzone.ro\/produs\/crema-pentru-ochi-contour-lift-charlotte-meentzen-15-ml\/","url":"https:\/\/emokebeautyzone.ro\/produs\/crema-pentru-ochi-contour-lift-charlotte-meentzen-15-ml\/","name":"Crema pentru ochi - Contour Lift, Charlotte Meentzen, 15 ml - Em\u0151ke Beauty Zone","isPartOf":{"@id":"https:\/\/emokebeautyzone.ro\/#website"},"primaryImageOfPage":{"@id":"https:\/\/emokebeautyzone.ro\/produs\/crema-pentru-ochi-contour-lift-charlotte-meentzen-15-ml\/#primaryimage"},"image":{"@id":"https:\/\/emokebeautyzone.ro\/produs\/crema-pentru-ochi-contour-lift-charlotte-meentzen-15-ml\/#primaryimage"},"thumbnailUrl":"https:\/\/emokebeautyzone.ro\/wp-content\/uploads\/2023\/10\/O39A9755-scaled.jpg","datePublished":"2023-10-19T11:20:42+00:00","dateModified":"2024-03-13T00:54:27+00:00","breadcrumb":{"@id":"https:\/\/emokebeautyzone.ro\/produs\/crema-pentru-ochi-contour-lift-charlotte-meentzen-15-ml\/#breadcrumb"},"inLanguage":"hu","potentialAction":[{"@type":"ReadAction","target":["https:\/\/emokebeautyzone.ro\/produs\/crema-pentru-ochi-contour-lift-charlotte-meentzen-15-ml\/"]}]},{"@type":"ImageObject","inLanguage":"hu","@id":"https:\/\/emokebeautyzone.ro\/produs\/crema-pentru-ochi-contour-lift-charlotte-meentzen-15-ml\/#primaryimage","url":"https:\/\/emokebeautyzone.ro\/wp-content\/uploads\/2023\/10\/O39A9755-scaled.jpg","contentUrl":"https:\/\/emokebeautyzone.ro\/wp-content\/uploads\/2023\/10\/O39A9755-scaled.jpg","width":1707,"height":2560},{"@type":"BreadcrumbList","@id":"https:\/\/emokebeautyzone.ro\/produs\/crema-pentru-ochi-contour-lift-charlotte-meentzen-15-ml\/#breadcrumb","itemListElement":[{"@type":"ListItem","position":1,"name":"Prima pagin\u0103","item":"https:\/\/emokebeautyzone.ro\/"},{"@type":"ListItem","position":2,"name":"Magazin","item":"https:\/\/emokebeautyzone.ro\/magazin-emoke-beauty-zone-produse-profesionale-de-frumusete\/"},{"@type":"ListItem","position":3,"name":"Crema pentru ochi &#8211; Contour Lift, Charlotte Meentzen, 15 ml"}]},{"@type":"WebSite","@id":"https:\/\/emokebeautyzone.ro\/#website","url":"https:\/\/emokebeautyzone.ro\/","name":"Em\u0151ke Beauty Zone","description":"Beauty Zone","publisher":{"@id":"https:\/\/emokebeautyzone.ro\/#organization"},"potentialAction":[{"@type":"SearchAction","target":{"@type":"EntryPoint","urlTemplate":"https:\/\/emokebeautyzone.ro\/?s={search_term_string}"},"query-input":{"@type":"PropertyValueSpecification","valueRequired":true,"valueName":"search_term_string"}}],"inLanguage":"hu"},{"@type":"Organization","@id":"https:\/\/emokebeautyzone.ro\/#organization","name":"Em\u0151ke Beauty Zone","url":"https:\/\/emokebeautyzone.ro\/","logo":{"@type":"ImageObject","inLanguage":"hu","@id":"https:\/\/emokebeautyzone.ro\/#\/schema\/logo\/image\/","url":"https:\/\/emokebeautyzone.ro\/wp-content\/uploads\/2023\/01\/ebz3.jpg","contentUrl":"https:\/\/emokebeautyzone.ro\/wp-content\/uploads\/2023\/01\/ebz3.jpg","width":1024,"height":577,"caption":"Em\u0151ke Beauty Zone"},"image":{"@id":"https:\/\/emokebeautyzone.ro\/#\/schema\/logo\/image\/"},"sameAs":["https:\/\/www.facebook.com\/EmokeBeautyZone","https:\/\/www.instagram.com\/emokebeauty\/","https:\/\/www.tiktok.com\/@emokebeautyzone?_t=8XNHVoBtmsw&_r=1","https:\/\/mero.ro\/p\/emke-beauty-zone?absp=search_autocomplete&qid=50d505c8fda846417b5232705f6da5b9"]}]}},"jetpack_sharing_enabled":true,"_links":{"self":[{"href":"https:\/\/emokebeautyzone.ro\/hu\/wp-json\/wp\/v2\/product\/680","targetHints":{"allow":["GET"]}}],"collection":[{"href":"https:\/\/emokebeautyzone.ro\/hu\/wp-json\/wp\/v2\/product"}],"about":[{"href":"https:\/\/emokebeautyzone.ro\/hu\/wp-json\/wp\/v2\/types\/product"}],"wp:featuredmedia":[{"embeddable":true,"href":"https:\/\/emokebeautyzone.ro\/hu\/wp-json\/wp\/v2\/media\/1039"}],"wp:attachment":[{"href":"https:\/\/emokebeautyzone.ro\/hu\/wp-json\/wp\/v2\/media?parent=680"}],"wp:term":[{"taxonomy":"product_brand","embeddable":true,"href":"https:\/\/emokebeautyzone.ro\/hu\/wp-json\/wp\/v2\/product_brand?post=680"},{"taxonomy":"product_cat","embeddable":true,"href":"https:\/\/emokebeautyzone.ro\/hu\/wp-json\/wp\/v2\/product_cat?post=680"},{"taxonomy":"product_tag","embeddable":true,"href":"https:\/\/emokebeautyzone.ro\/hu\/wp-json\/wp\/v2\/product_tag?post=680"}],"curies":[{"name":"wp","href":"https:\/\/api.w.org\/{rel}","templated":true}]}}