

{"id":2584,"date":"2025-07-09T06:05:00","date_gmt":"2025-07-09T06:05:00","guid":{"rendered":"https:\/\/emokebeautyzone.ro\/?post_type=product&#038;p=2584"},"modified":"2025-07-09T06:05:00","modified_gmt":"2025-07-09T06:05:00","slug":"buchetul-edenul-de-vara","status":"publish","type":"product","link":"https:\/\/emokebeautyzone.ro\/hu\/termek\/buchetul-edenul-de-vara\/","title":{"rendered":"Buchetul \u201dEdenul de var\u0103\u201d"},"content":{"rendered":"<p>\u201eEdenul de Var\u0103\u201d este un buchet comestibil, care \u00eenc\u00e2nt\u0103 privirea \u0219i aduce aromele verii cu prune, mere, piersici \u0219i nectarine. Ofer\u0103 prospe\u021bime \u0219i dulcea\u021b\u0103 natural\u0103 pentru orice ocazie, fie ca dar, fie ca surpriz\u0103 special\u0103.<\/p>","protected":false},"excerpt":{"rendered":"<p>Un buchet comestibil cu fructe proaspete de sezon \u2013 prune, mere, piersici \u0219i nectarine \u2013 perfect pentru cadouri sau momente dulci \u0219i s\u0103n\u0103toase.<\/p>","protected":false},"featured_media":2579,"template":"","meta":{"ocean_post_layout":"","ocean_both_sidebars_style":"","ocean_both_sidebars_content_width":0,"ocean_both_sidebars_sidebars_width":0,"ocean_sidebar":"0","ocean_second_sidebar":"0","ocean_disable_margins":"enable","ocean_add_body_class":"","ocean_shortcode_before_top_bar":"","ocean_shortcode_after_top_bar":"","ocean_shortcode_before_header":"","ocean_shortcode_after_header":"","ocean_has_shortcode":"","ocean_shortcode_after_title":"","ocean_shortcode_before_footer_widgets":"","ocean_shortcode_after_footer_widgets":"","ocean_shortcode_before_footer_bottom":"","ocean_shortcode_after_footer_bottom":"","ocean_display_top_bar":"default","ocean_display_header":"default","ocean_header_style":"","ocean_center_header_left_menu":"0","ocean_custom_header_template":"0","ocean_custom_logo":0,"ocean_custom_retina_logo":0,"ocean_custom_logo_max_width":0,"ocean_custom_logo_tablet_max_width":0,"ocean_custom_logo_mobile_max_width":0,"ocean_custom_logo_max_height":0,"ocean_custom_logo_tablet_max_height":0,"ocean_custom_logo_mobile_max_height":0,"ocean_header_custom_menu":"0","ocean_menu_typo_font_family":"0","ocean_menu_typo_font_subset":"","ocean_menu_typo_font_size":0,"ocean_menu_typo_font_size_tablet":0,"ocean_menu_typo_font_size_mobile":0,"ocean_menu_typo_font_size_unit":"px","ocean_menu_typo_font_weight":"","ocean_menu_typo_font_weight_tablet":"","ocean_menu_typo_font_weight_mobile":"","ocean_menu_typo_transform":"","ocean_menu_typo_transform_tablet":"","ocean_menu_typo_transform_mobile":"","ocean_menu_typo_line_height":0,"ocean_menu_typo_line_height_tablet":0,"ocean_menu_typo_line_height_mobile":0,"ocean_menu_typo_line_height_unit":"","ocean_menu_typo_spacing":0,"ocean_menu_typo_spacing_tablet":0,"ocean_menu_typo_spacing_mobile":0,"ocean_menu_typo_spacing_unit":"","ocean_menu_link_color":"","ocean_menu_link_color_hover":"","ocean_menu_link_color_active":"","ocean_menu_link_background":"","ocean_menu_link_hover_background":"","ocean_menu_link_active_background":"","ocean_menu_social_links_bg":"","ocean_menu_social_hover_links_bg":"","ocean_menu_social_links_color":"","ocean_menu_social_hover_links_color":"","ocean_disable_title":"default","ocean_disable_heading":"default","ocean_post_title":"","ocean_post_subheading":"","ocean_post_title_style":"","ocean_post_title_background_color":"","ocean_post_title_background":0,"ocean_post_title_bg_image_position":"","ocean_post_title_bg_image_attachment":"","ocean_post_title_bg_image_repeat":"","ocean_post_title_bg_image_size":"","ocean_post_title_height":0,"ocean_post_title_bg_overlay":0.5,"ocean_post_title_bg_overlay_color":"","ocean_disable_breadcrumbs":"default","ocean_breadcrumbs_color":"","ocean_breadcrumbs_separator_color":"","ocean_breadcrumbs_links_color":"","ocean_breadcrumbs_links_hover_color":"","ocean_display_footer_widgets":"default","ocean_display_footer_bottom":"default","ocean_custom_footer_template":"0"},"product_brand":[],"product_cat":[16,31],"product_tag":[185,173,176,184,175,187,177,186,189,174,183,180,182,181,179,190,178,188],"class_list":{"0":"post-2584","1":"product","2":"type-product","3":"status-publish","4":"has-post-thumbnail","6":"product_cat-buchete","7":"product_cat-flori","8":"product_tag-aranjament-fructe","9":"product_tag-buchet-comestibil","10":"product_tag-buchet-cu-fructe","11":"product_tag-buchet-inedit","12":"product_tag-cadou-cu-fructe","13":"product_tag-cadou-gourmet","14":"product_tag-dar-sanatos","15":"product_tag-desert-natural","16":"product_tag-fructe-de-sezon","17":"product_tag-fructe-proaspete","18":"product_tag-idei-cadouri","19":"product_tag-mere","20":"product_tag-nectarine","21":"product_tag-piersici","22":"product_tag-prune","23":"product_tag-rasfat-sanatos","24":"product_tag-surpriza-de-vara","25":"product_tag-vara-delicioasa","27":"entry","28":"has-media","30":"first","31":"instock","32":"shipping-taxable","33":"purchasable","34":"product-type-simple","35":"has-product-nav","36":"col","37":"span_1_of_3","38":"owp-content-center","39":"owp-thumbs-layout-horizontal","40":"owp-btn-normal","41":"owp-tabs-layout-horizontal"},"yoast_head":"<!-- This site is optimized with the Yoast SEO plugin v25.2 - https:\/\/yoast.com\/wordpress\/plugins\/seo\/ -->\n<title>Buchetul \u201dEdenul de var\u0103\u201d - Em\u0151ke Beauty Zone<\/title>\n<meta name=\"description\" content=\"Descoper\u0103 buchetul comestibil \u2018Edenul de Var\u0103\u2019 \u2013 o combina\u021bie delicioas\u0103 de prune, mere, piersici \u0219i nectarine, perfect pentru cadouri sau momente speciale.\" \/>\n<meta name=\"robots\" content=\"index, follow, max-snippet:-1, max-image-preview:large, max-video-preview:-1\" \/>\n<link rel=\"canonical\" href=\"https:\/\/emokebeautyzone.ro\/hu\/termek\/buchetul-edenul-de-vara\/\" \/>\n<meta property=\"og:locale\" content=\"hu_HU\" \/>\n<meta property=\"og:type\" content=\"article\" \/>\n<meta property=\"og:title\" content=\"Buchetul \u201dEdenul de var\u0103\u201d - Em\u0151ke Beauty Zone\" \/>\n<meta property=\"og:description\" content=\"Descoper\u0103 buchetul comestibil \u2018Edenul de Var\u0103\u2019 \u2013 o combina\u021bie delicioas\u0103 de prune, mere, piersici \u0219i nectarine, perfect pentru cadouri sau momente speciale.\" \/>\n<meta property=\"og:url\" content=\"https:\/\/emokebeautyzone.ro\/hu\/termek\/buchetul-edenul-de-vara\/\" \/>\n<meta property=\"og:site_name\" content=\"Em\u0151ke Beauty Zone\" \/>\n<meta property=\"article:publisher\" content=\"https:\/\/www.facebook.com\/EmokeBeautyZone\" \/>\n<meta property=\"og:image\" content=\"https:\/\/emokebeautyzone.ro\/wp-content\/uploads\/2025\/06\/WhatsApp-Image-2025-07-08-at-10.48.27-1.jpeg\" \/>\n\t<meta property=\"og:image:width\" content=\"1500\" \/>\n\t<meta property=\"og:image:height\" content=\"2000\" \/>\n\t<meta property=\"og:image:type\" content=\"image\/jpeg\" \/>\n<meta name=\"twitter:card\" content=\"summary_large_image\" \/>\n<meta name=\"twitter:label1\" content=\"Becs\u00fclt olvas\u00e1si id\u0151\" \/>\n\t<meta name=\"twitter:data1\" content=\"1 perc\" \/>\n<script type=\"application\/ld+json\" class=\"yoast-schema-graph\">{\"@context\":\"https:\/\/schema.org\",\"@graph\":[{\"@type\":\"WebPage\",\"@id\":\"https:\/\/emokebeautyzone.ro\/produs\/buchetul-edenul-de-vara\/\",\"url\":\"https:\/\/emokebeautyzone.ro\/produs\/buchetul-edenul-de-vara\/\",\"name\":\"Buchetul \u201dEdenul de var\u0103\u201d - Em\u0151ke Beauty Zone\",\"isPartOf\":{\"@id\":\"https:\/\/emokebeautyzone.ro\/#website\"},\"primaryImageOfPage\":{\"@id\":\"https:\/\/emokebeautyzone.ro\/produs\/buchetul-edenul-de-vara\/#primaryimage\"},\"image\":{\"@id\":\"https:\/\/emokebeautyzone.ro\/produs\/buchetul-edenul-de-vara\/#primaryimage\"},\"thumbnailUrl\":\"https:\/\/emokebeautyzone.ro\/wp-content\/uploads\/2025\/06\/WhatsApp-Image-2025-07-08-at-10.48.27-1.jpeg\",\"datePublished\":\"2025-07-09T06:05:00+00:00\",\"description\":\"Descoper\u0103 buchetul comestibil \u2018Edenul de Var\u0103\u2019 \u2013 o combina\u021bie delicioas\u0103 de prune, mere, piersici \u0219i nectarine, perfect pentru cadouri sau momente speciale.\",\"breadcrumb\":{\"@id\":\"https:\/\/emokebeautyzone.ro\/produs\/buchetul-edenul-de-vara\/#breadcrumb\"},\"inLanguage\":\"hu\",\"potentialAction\":[{\"@type\":\"ReadAction\",\"target\":[\"https:\/\/emokebeautyzone.ro\/produs\/buchetul-edenul-de-vara\/\"]}]},{\"@type\":\"ImageObject\",\"inLanguage\":\"hu\",\"@id\":\"https:\/\/emokebeautyzone.ro\/produs\/buchetul-edenul-de-vara\/#primaryimage\",\"url\":\"https:\/\/emokebeautyzone.ro\/wp-content\/uploads\/2025\/06\/WhatsApp-Image-2025-07-08-at-10.48.27-1.jpeg\",\"contentUrl\":\"https:\/\/emokebeautyzone.ro\/wp-content\/uploads\/2025\/06\/WhatsApp-Image-2025-07-08-at-10.48.27-1.jpeg\",\"width\":1500,\"height\":2000},{\"@type\":\"BreadcrumbList\",\"@id\":\"https:\/\/emokebeautyzone.ro\/produs\/buchetul-edenul-de-vara\/#breadcrumb\",\"itemListElement\":[{\"@type\":\"ListItem\",\"position\":1,\"name\":\"Prima pagin\u0103\",\"item\":\"https:\/\/emokebeautyzone.ro\/\"},{\"@type\":\"ListItem\",\"position\":2,\"name\":\"Magazin\",\"item\":\"https:\/\/emokebeautyzone.ro\/magazin-emoke-beauty-zone-produse-profesionale-de-frumusete\/\"},{\"@type\":\"ListItem\",\"position\":3,\"name\":\"Buchetul \u201dEdenul de var\u0103\u201d\"}]},{\"@type\":\"WebSite\",\"@id\":\"https:\/\/emokebeautyzone.ro\/#website\",\"url\":\"https:\/\/emokebeautyzone.ro\/\",\"name\":\"Em\u0151ke Beauty Zone\",\"description\":\"Beauty Zone\",\"publisher\":{\"@id\":\"https:\/\/emokebeautyzone.ro\/#organization\"},\"potentialAction\":[{\"@type\":\"SearchAction\",\"target\":{\"@type\":\"EntryPoint\",\"urlTemplate\":\"https:\/\/emokebeautyzone.ro\/?s={search_term_string}\"},\"query-input\":{\"@type\":\"PropertyValueSpecification\",\"valueRequired\":true,\"valueName\":\"search_term_string\"}}],\"inLanguage\":\"hu\"},{\"@type\":\"Organization\",\"@id\":\"https:\/\/emokebeautyzone.ro\/#organization\",\"name\":\"Em\u0151ke Beauty Zone\",\"url\":\"https:\/\/emokebeautyzone.ro\/\",\"logo\":{\"@type\":\"ImageObject\",\"inLanguage\":\"hu\",\"@id\":\"https:\/\/emokebeautyzone.ro\/#\/schema\/logo\/image\/\",\"url\":\"https:\/\/emokebeautyzone.ro\/wp-content\/uploads\/2023\/01\/ebz3.jpg\",\"contentUrl\":\"https:\/\/emokebeautyzone.ro\/wp-content\/uploads\/2023\/01\/ebz3.jpg\",\"width\":1024,\"height\":577,\"caption\":\"Em\u0151ke Beauty Zone\"},\"image\":{\"@id\":\"https:\/\/emokebeautyzone.ro\/#\/schema\/logo\/image\/\"},\"sameAs\":[\"https:\/\/www.facebook.com\/EmokeBeautyZone\",\"https:\/\/www.instagram.com\/emokebeauty\/\",\"https:\/\/www.tiktok.com\/@emokebeautyzone?_t=8XNHVoBtmsw&_r=1\",\"https:\/\/mero.ro\/p\/emke-beauty-zone?absp=search_autocomplete&qid=50d505c8fda846417b5232705f6da5b9\"]}]}<\/script>\n<!-- \/ Yoast SEO plugin. -->","yoast_head_json":{"title":"Buchetul \u201dEdenul de var\u0103\u201d - Em\u0151ke Beauty Zone","description":"Descoper\u0103 buchetul comestibil \u2018Edenul de Var\u0103\u2019 \u2013 o combina\u021bie delicioas\u0103 de prune, mere, piersici \u0219i nectarine, perfect pentru cadouri sau momente speciale.","robots":{"index":"index","follow":"follow","max-snippet":"max-snippet:-1","max-image-preview":"max-image-preview:large","max-video-preview":"max-video-preview:-1"},"canonical":"https:\/\/emokebeautyzone.ro\/hu\/termek\/buchetul-edenul-de-vara\/","og_locale":"hu_HU","og_type":"article","og_title":"Buchetul \u201dEdenul de var\u0103\u201d - Em\u0151ke Beauty Zone","og_description":"Descoper\u0103 buchetul comestibil \u2018Edenul de Var\u0103\u2019 \u2013 o combina\u021bie delicioas\u0103 de prune, mere, piersici \u0219i nectarine, perfect pentru cadouri sau momente speciale.","og_url":"https:\/\/emokebeautyzone.ro\/hu\/termek\/buchetul-edenul-de-vara\/","og_site_name":"Em\u0151ke Beauty Zone","article_publisher":"https:\/\/www.facebook.com\/EmokeBeautyZone","og_image":[{"width":1500,"height":2000,"url":"https:\/\/emokebeautyzone.ro\/wp-content\/uploads\/2025\/06\/WhatsApp-Image-2025-07-08-at-10.48.27-1.jpeg","type":"image\/jpeg"}],"twitter_card":"summary_large_image","twitter_misc":{"Becs\u00fclt olvas\u00e1si id\u0151":"1 perc"},"schema":{"@context":"https:\/\/schema.org","@graph":[{"@type":"WebPage","@id":"https:\/\/emokebeautyzone.ro\/produs\/buchetul-edenul-de-vara\/","url":"https:\/\/emokebeautyzone.ro\/produs\/buchetul-edenul-de-vara\/","name":"Buchetul \u201dEdenul de var\u0103\u201d - Em\u0151ke Beauty Zone","isPartOf":{"@id":"https:\/\/emokebeautyzone.ro\/#website"},"primaryImageOfPage":{"@id":"https:\/\/emokebeautyzone.ro\/produs\/buchetul-edenul-de-vara\/#primaryimage"},"image":{"@id":"https:\/\/emokebeautyzone.ro\/produs\/buchetul-edenul-de-vara\/#primaryimage"},"thumbnailUrl":"https:\/\/emokebeautyzone.ro\/wp-content\/uploads\/2025\/06\/WhatsApp-Image-2025-07-08-at-10.48.27-1.jpeg","datePublished":"2025-07-09T06:05:00+00:00","description":"Descoper\u0103 buchetul comestibil \u2018Edenul de Var\u0103\u2019 \u2013 o combina\u021bie delicioas\u0103 de prune, mere, piersici \u0219i nectarine, perfect pentru cadouri sau momente speciale.","breadcrumb":{"@id":"https:\/\/emokebeautyzone.ro\/produs\/buchetul-edenul-de-vara\/#breadcrumb"},"inLanguage":"hu","potentialAction":[{"@type":"ReadAction","target":["https:\/\/emokebeautyzone.ro\/produs\/buchetul-edenul-de-vara\/"]}]},{"@type":"ImageObject","inLanguage":"hu","@id":"https:\/\/emokebeautyzone.ro\/produs\/buchetul-edenul-de-vara\/#primaryimage","url":"https:\/\/emokebeautyzone.ro\/wp-content\/uploads\/2025\/06\/WhatsApp-Image-2025-07-08-at-10.48.27-1.jpeg","contentUrl":"https:\/\/emokebeautyzone.ro\/wp-content\/uploads\/2025\/06\/WhatsApp-Image-2025-07-08-at-10.48.27-1.jpeg","width":1500,"height":2000},{"@type":"BreadcrumbList","@id":"https:\/\/emokebeautyzone.ro\/produs\/buchetul-edenul-de-vara\/#breadcrumb","itemListElement":[{"@type":"ListItem","position":1,"name":"Prima pagin\u0103","item":"https:\/\/emokebeautyzone.ro\/"},{"@type":"ListItem","position":2,"name":"Magazin","item":"https:\/\/emokebeautyzone.ro\/magazin-emoke-beauty-zone-produse-profesionale-de-frumusete\/"},{"@type":"ListItem","position":3,"name":"Buchetul \u201dEdenul de var\u0103\u201d"}]},{"@type":"WebSite","@id":"https:\/\/emokebeautyzone.ro\/#website","url":"https:\/\/emokebeautyzone.ro\/","name":"Em\u0151ke Beauty Zone","description":"Beauty Zone","publisher":{"@id":"https:\/\/emokebeautyzone.ro\/#organization"},"potentialAction":[{"@type":"SearchAction","target":{"@type":"EntryPoint","urlTemplate":"https:\/\/emokebeautyzone.ro\/?s={search_term_string}"},"query-input":{"@type":"PropertyValueSpecification","valueRequired":true,"valueName":"search_term_string"}}],"inLanguage":"hu"},{"@type":"Organization","@id":"https:\/\/emokebeautyzone.ro\/#organization","name":"Em\u0151ke Beauty Zone","url":"https:\/\/emokebeautyzone.ro\/","logo":{"@type":"ImageObject","inLanguage":"hu","@id":"https:\/\/emokebeautyzone.ro\/#\/schema\/logo\/image\/","url":"https:\/\/emokebeautyzone.ro\/wp-content\/uploads\/2023\/01\/ebz3.jpg","contentUrl":"https:\/\/emokebeautyzone.ro\/wp-content\/uploads\/2023\/01\/ebz3.jpg","width":1024,"height":577,"caption":"Em\u0151ke Beauty Zone"},"image":{"@id":"https:\/\/emokebeautyzone.ro\/#\/schema\/logo\/image\/"},"sameAs":["https:\/\/www.facebook.com\/EmokeBeautyZone","https:\/\/www.instagram.com\/emokebeauty\/","https:\/\/www.tiktok.com\/@emokebeautyzone?_t=8XNHVoBtmsw&_r=1","https:\/\/mero.ro\/p\/emke-beauty-zone?absp=search_autocomplete&qid=50d505c8fda846417b5232705f6da5b9"]}]}},"jetpack_sharing_enabled":true,"_links":{"self":[{"href":"https:\/\/emokebeautyzone.ro\/hu\/wp-json\/wp\/v2\/product\/2584","targetHints":{"allow":["GET"]}}],"collection":[{"href":"https:\/\/emokebeautyzone.ro\/hu\/wp-json\/wp\/v2\/product"}],"about":[{"href":"https:\/\/emokebeautyzone.ro\/hu\/wp-json\/wp\/v2\/types\/product"}],"wp:featuredmedia":[{"embeddable":true,"href":"https:\/\/emokebeautyzone.ro\/hu\/wp-json\/wp\/v2\/media\/2579"}],"wp:attachment":[{"href":"https:\/\/emokebeautyzone.ro\/hu\/wp-json\/wp\/v2\/media?parent=2584"}],"wp:term":[{"taxonomy":"product_brand","embeddable":true,"href":"https:\/\/emokebeautyzone.ro\/hu\/wp-json\/wp\/v2\/product_brand?post=2584"},{"taxonomy":"product_cat","embeddable":true,"href":"https:\/\/emokebeautyzone.ro\/hu\/wp-json\/wp\/v2\/product_cat?post=2584"},{"taxonomy":"product_tag","embeddable":true,"href":"https:\/\/emokebeautyzone.ro\/hu\/wp-json\/wp\/v2\/product_tag?post=2584"}],"curies":[{"name":"wp","href":"https:\/\/api.w.org\/{rel}","templated":true}]}}