

{"id":1489,"date":"2024-07-31T18:53:01","date_gmt":"2024-07-31T18:53:01","guid":{"rendered":"https:\/\/emokebeautyzone.ro\/?post_type=product&#038;p=1489"},"modified":"2024-07-31T18:53:01","modified_gmt":"2024-07-31T18:53:01","slug":"lipo-serum-booster-200ml","status":"publish","type":"product","link":"https:\/\/emokebeautyzone.ro\/hu\/termek\/lipo-serum-booster-200ml\/","title":{"rendered":"LIPO SERUM Booster &#8211; 200ml"},"content":{"rendered":"<p><strong>DERMEDICS\u00ae LIPO SERUM Booster pentru Arderea Grasimii<\/strong>\u00a0este un ser inovator de slabire sub forma de ulei cu efect de incalzire pentru terapiile intensive de slabire ce vizeaza REZULTATE REALE\u2122.<\/p>\n<p><strong>Ingrediente active principale:<\/strong><\/p>\n<ul>\n<li><strong>Complex ISA\u2122 = Inner-Skin Activator (Acid Nicotinic + Mentol)<\/strong><\/li>\n<li><strong>Complex BFR\u2122 = Brown Fat Reductor<\/strong>\u00a0(Mustar Alb + Capsaicina din ardei iuti)<\/li>\n<li>Complex pentru Fermitate: Struguri Rosii + Ulei de Cafea<\/li>\n<li>Etil Vanilil Butilic<\/li>\n<li>Acid Ximeninic<\/li>\n<li>Ulei din Seminte de Floare Soarelui<\/li>\n<\/ul>\n<p><strong>Siguranta:\u00a0<\/strong><\/p>\n<ul>\n<li>Complet sigur. Calitate de incredere.<\/li>\n<li>Sigur chiar si in aplicarile pe termen lung.<\/li>\n<\/ul>\n<p><strong>INOVATIE<\/strong>\u00a0<strong>COLD-HEATING\u2122!<\/strong><\/p>\n<p>O combinatie unica a doua amestecuri puternice de componente:\u00a0<strong>ISA\u2122 = Inner-Skin Activator\u00a0<\/strong>with<strong>\u00a0BFR\u2122 = Brown Fat Reductor<\/strong>\u00a0fac ca LIPO SERUM by DERMEDICS\u00ae sa ofere cele mai puternice efecte din interior catre exterior, precum:<\/p>\n<ul>\n<li>un mic-masaj cutanat profund generat de\u00a0efectul simultan rece-cald, cu o senzatie unica de stare de bine placuta, fara iritatii<\/li>\n<li>activarea fluxului de sange (microcirculatie) pentru a lupta cu retentia de apa (apare atunci cand excesul de lichide se acumuleaza in corpul)<\/li>\n<li>actiune care \u201egoleste\u201d celulele tesutului adipos prin transformarea adipocitelor care acumuleaza grasimi in celule care ard activ grasimea<\/li>\n<\/ul>\n<p>Toate de mai sus, cu efect hranitor suplimentar datorat esentei de seminte din floarea soarelui.<\/p>\n<p><strong>Indicatii pentru utilizare:<\/strong><\/p>\n<ul>\n<li>Unisex: atat pentru femei, cat si pentru barbati<\/li>\n<li>Ingrijire zilnica si remodelare corporala<\/li>\n<\/ul>\n<p><strong>Utilizat ca si serum de slabire pentru terapii intensive sustinute de cele mai noi proceduri cu efecte de incalzire, cum ar fi:<\/strong><\/p>\n<ul>\n<li>Impachetari corporale (aplicati inainte si \/ sau dupa)<\/li>\n<li>Paturi termale (paturi cu infrarosu sau paturi din fibre de carbon)\u00a0<strong>\u2013 verificati intotdeauna reactia pacientului, deoarece procedurile ar putea fi foarte fierbinti!<\/strong><\/li>\n<li>Dupa lipoliza laser (LipoContour\u2122) pentru a extinde actiunea lipolitica<\/li>\n<li>Dupa RF premium cu actiune ce vizeaza slabirea pentru a extinde caldura in tesut pentru a sustine detoxifierea celulelor grase si pentru obtinerea fermitatii pielii<\/li>\n<\/ul>\n<p><strong>Utilizat in timpul tratamentului ca suport pentru:<\/strong><\/p>\n<p>&nbsp;<\/p>\n<ul>\n<li>Masaj manual<\/li>\n<li>Terapii de slabire cu vacuum (Cellulogy\u2122 si CelluDrain\u2122)<\/li>\n<\/ul>\n<p><strong>Efecte:<\/strong><\/p>\n<p><strong>Fiecare terapie profesionala cu acest produs ofera urmatoarele avantaje:<\/strong><\/p>\n<ul>\n<li>Ofera un efect termic puternic pentru a accelera detoxifierea celulelor grase<\/li>\n<li>Creste eficacitatea terapiilor de slabire<\/li>\n<li>Sustine eficacitatea anticelulitica<\/li>\n<li>Accelereaza drenajul limfatic<\/li>\n<li>Dezintoxifica intensiv pielea si celulele grase<\/li>\n<li>Imbunatateste elasticitatea si fermitatea pielii<\/li>\n<li>Strange pielea si sustine programul de remodelare al corpului<\/li>\n<\/ul>\n<p><strong>Tipuri de tratamente:<\/strong><\/p>\n<ul>\n<li>Anti-celulita: reducerea depozitarii de apa si lipide (detoxifiere corporala)<\/li>\n<li>Conturarea corpului: reducerea obezitatii + slabire si fermitate<\/li>\n<li>Masaje: slabire, relaxare, reducerea durerilor musculare<\/li>\n<\/ul>\n<p><strong>Aria de aplicare:\u00a0<\/strong><\/p>\n<ul>\n<li><strong>Toate zonele pielii\u00a0<\/strong>care prezinta umflaturi, obezitate topica si celulita (picioare, fese, talie, antebrate, spate, umeri, altele).<\/li>\n<\/ul>\n<p><strong>Cum se foloseste?<\/strong><\/p>\n<ul>\n<li>Aplicati pe piele dupa baie sau dus.<\/li>\n<li>Pentru a prelungi durata de incalzire infasurati zona tratata cu o folie si \/ sau faceti un peeling bland de zahar inainte de aplicare.<\/li>\n<\/ul>\n<p><strong>Precautii:\u00a0<\/strong><\/p>\n<ul>\n<li>Doar pentru uz extern. Nu se foloseste pentru tratamente cu ac.<\/li>\n<li>A nu se lasa la indemana copiilor.<\/li>\n<li>Contraindicatii: hipersensibilitate la orice componenta a formularii.<\/li>\n<\/ul>\n<p><strong>Rezultate*:\u00a0<\/strong><\/p>\n<ul>\n<li>Imbunatatirea texturii pielii si reducerea celulitei dupa un singur tratament.<\/li>\n<li>Utilizarea frecventa asigura o imbunatatire spectaculoasa a pielii.<\/li>\n<\/ul>\n<p><strong>Beneficii aditionale:<\/strong><\/p>\n<ul>\n<li>Acest produs poate fi utilizat in saloanele de infrumusetare pentru a stimula efectele de slabire cu echipamente. De asemenea, poate fi aplicat zilnic acasa pe piele.<\/li>\n<\/ul>\n<p><strong>Cantitate:<\/strong>\u00a0200 ml.<\/p>\n<p>&nbsp;<\/p>\n<p>&nbsp;<\/p>\n<p align=\"center\">","protected":false},"excerpt":{"rendered":"<p>DERMEDICS\u00ae LIPO SERUM Booster pentru Arderea Grasimii\u00a0este un ser inovator de slabire sub forma de ulei cu efect de incalzire pentru terapiile intensive de slabire ce vizeaza REZULTATE REALE\u2122. Ingrediente active principale: Complex ISA\u2122 = Inner-Skin Activator (Acid Nicotinic + Mentol) Complex BFR\u2122 = Brown Fat Reductor\u00a0(Mustar Alb + Capsaicina din ardei iuti) Complex pentru [&hellip;]<\/p>","protected":false},"featured_media":1237,"template":"","meta":{"ocean_post_layout":"","ocean_both_sidebars_style":"","ocean_both_sidebars_content_width":0,"ocean_both_sidebars_sidebars_width":0,"ocean_sidebar":"0","ocean_second_sidebar":"0","ocean_disable_margins":"enable","ocean_add_body_class":"","ocean_shortcode_before_top_bar":"","ocean_shortcode_after_top_bar":"","ocean_shortcode_before_header":"","ocean_shortcode_after_header":"","ocean_has_shortcode":"","ocean_shortcode_after_title":"","ocean_shortcode_before_footer_widgets":"","ocean_shortcode_after_footer_widgets":"","ocean_shortcode_before_footer_bottom":"","ocean_shortcode_after_footer_bottom":"","ocean_display_top_bar":"default","ocean_display_header":"default","ocean_header_style":"","ocean_center_header_left_menu":"0","ocean_custom_header_template":"0","ocean_custom_logo":0,"ocean_custom_retina_logo":0,"ocean_custom_logo_max_width":0,"ocean_custom_logo_tablet_max_width":0,"ocean_custom_logo_mobile_max_width":0,"ocean_custom_logo_max_height":0,"ocean_custom_logo_tablet_max_height":0,"ocean_custom_logo_mobile_max_height":0,"ocean_header_custom_menu":"0","ocean_menu_typo_font_family":"0","ocean_menu_typo_font_subset":"","ocean_menu_typo_font_size":0,"ocean_menu_typo_font_size_tablet":0,"ocean_menu_typo_font_size_mobile":0,"ocean_menu_typo_font_size_unit":"px","ocean_menu_typo_font_weight":"","ocean_menu_typo_font_weight_tablet":"","ocean_menu_typo_font_weight_mobile":"","ocean_menu_typo_transform":"","ocean_menu_typo_transform_tablet":"","ocean_menu_typo_transform_mobile":"","ocean_menu_typo_line_height":0,"ocean_menu_typo_line_height_tablet":0,"ocean_menu_typo_line_height_mobile":0,"ocean_menu_typo_line_height_unit":"","ocean_menu_typo_spacing":0,"ocean_menu_typo_spacing_tablet":0,"ocean_menu_typo_spacing_mobile":0,"ocean_menu_typo_spacing_unit":"","ocean_menu_link_color":"","ocean_menu_link_color_hover":"","ocean_menu_link_color_active":"","ocean_menu_link_background":"","ocean_menu_link_hover_background":"","ocean_menu_link_active_background":"","ocean_menu_social_links_bg":"","ocean_menu_social_hover_links_bg":"","ocean_menu_social_links_color":"","ocean_menu_social_hover_links_color":"","ocean_disable_title":"default","ocean_disable_heading":"default","ocean_post_title":"","ocean_post_subheading":"","ocean_post_title_style":"","ocean_post_title_background_color":"","ocean_post_title_background":0,"ocean_post_title_bg_image_position":"","ocean_post_title_bg_image_attachment":"","ocean_post_title_bg_image_repeat":"","ocean_post_title_bg_image_size":"","ocean_post_title_height":0,"ocean_post_title_bg_overlay":0.5,"ocean_post_title_bg_overlay_color":"","ocean_disable_breadcrumbs":"default","ocean_breadcrumbs_color":"","ocean_breadcrumbs_separator_color":"","ocean_breadcrumbs_links_color":"","ocean_breadcrumbs_links_hover_color":"","ocean_display_footer_widgets":"default","ocean_display_footer_bottom":"default","ocean_custom_footer_template":"0"},"product_brand":[],"product_cat":[32,38],"product_tag":[],"class_list":{"0":"post-1489","1":"product","2":"type-product","3":"status-publish","4":"has-post-thumbnail","6":"product_cat-beauty","7":"product_cat-dermedics","9":"entry","10":"has-media","12":"first","13":"instock","14":"shipping-taxable","15":"purchasable","16":"product-type-simple","17":"has-product-nav","18":"col","19":"span_1_of_3","20":"owp-content-center","21":"owp-thumbs-layout-horizontal","22":"owp-btn-normal","23":"owp-tabs-layout-horizontal"},"yoast_head":"<!-- This site is optimized with the Yoast SEO plugin v25.2 - https:\/\/yoast.com\/wordpress\/plugins\/seo\/ -->\n<title>LIPO SERUM Booster - 200ml - Em\u0151ke Beauty Zone<\/title>\n<meta name=\"robots\" content=\"index, follow, max-snippet:-1, max-image-preview:large, max-video-preview:-1\" \/>\n<link rel=\"canonical\" href=\"https:\/\/emokebeautyzone.ro\/hu\/termek\/lipo-serum-booster-200ml\/\" \/>\n<meta property=\"og:locale\" content=\"hu_HU\" \/>\n<meta property=\"og:type\" content=\"article\" \/>\n<meta property=\"og:title\" content=\"LIPO SERUM Booster - 200ml - Em\u0151ke Beauty Zone\" \/>\n<meta property=\"og:description\" content=\"DERMEDICS\u00ae LIPO SERUM Booster pentru Arderea Grasimii\u00a0este un ser inovator de slabire sub forma de ulei cu efect de incalzire pentru terapiile intensive de slabire ce vizeaza REZULTATE REALE\u2122. Ingrediente active principale: Complex ISA\u2122 = Inner-Skin Activator (Acid Nicotinic + Mentol) Complex BFR\u2122 = Brown Fat Reductor\u00a0(Mustar Alb + Capsaicina din ardei iuti) Complex pentru [&hellip;]\" \/>\n<meta property=\"og:url\" content=\"https:\/\/emokebeautyzone.ro\/hu\/termek\/lipo-serum-booster-200ml\/\" \/>\n<meta property=\"og:site_name\" content=\"Em\u0151ke Beauty Zone\" \/>\n<meta property=\"article:publisher\" content=\"https:\/\/www.facebook.com\/EmokeBeautyZone\" \/>\n<meta property=\"og:image\" content=\"https:\/\/emokebeautyzone.ro\/wp-content\/uploads\/2024\/05\/dermedics_SLIM_lipo_SERUM_200ml.jpg\" \/>\n\t<meta property=\"og:image:width\" content=\"1667\" \/>\n\t<meta property=\"og:image:height\" content=\"2500\" \/>\n\t<meta property=\"og:image:type\" content=\"image\/jpeg\" \/>\n<meta name=\"twitter:card\" content=\"summary_large_image\" \/>\n<meta name=\"twitter:label1\" content=\"Becs\u00fclt olvas\u00e1si id\u0151\" \/>\n\t<meta name=\"twitter:data1\" content=\"3 perc\" \/>\n<script type=\"application\/ld+json\" class=\"yoast-schema-graph\">{\"@context\":\"https:\/\/schema.org\",\"@graph\":[{\"@type\":\"WebPage\",\"@id\":\"https:\/\/emokebeautyzone.ro\/produs\/lipo-serum-booster-200ml\/\",\"url\":\"https:\/\/emokebeautyzone.ro\/produs\/lipo-serum-booster-200ml\/\",\"name\":\"LIPO SERUM Booster - 200ml - Em\u0151ke Beauty Zone\",\"isPartOf\":{\"@id\":\"https:\/\/emokebeautyzone.ro\/#website\"},\"primaryImageOfPage\":{\"@id\":\"https:\/\/emokebeautyzone.ro\/produs\/lipo-serum-booster-200ml\/#primaryimage\"},\"image\":{\"@id\":\"https:\/\/emokebeautyzone.ro\/produs\/lipo-serum-booster-200ml\/#primaryimage\"},\"thumbnailUrl\":\"https:\/\/emokebeautyzone.ro\/wp-content\/uploads\/2024\/05\/dermedics_SLIM_lipo_SERUM_200ml.jpg\",\"datePublished\":\"2024-07-31T18:53:01+00:00\",\"breadcrumb\":{\"@id\":\"https:\/\/emokebeautyzone.ro\/produs\/lipo-serum-booster-200ml\/#breadcrumb\"},\"inLanguage\":\"hu\",\"potentialAction\":[{\"@type\":\"ReadAction\",\"target\":[\"https:\/\/emokebeautyzone.ro\/produs\/lipo-serum-booster-200ml\/\"]}]},{\"@type\":\"ImageObject\",\"inLanguage\":\"hu\",\"@id\":\"https:\/\/emokebeautyzone.ro\/produs\/lipo-serum-booster-200ml\/#primaryimage\",\"url\":\"https:\/\/emokebeautyzone.ro\/wp-content\/uploads\/2024\/05\/dermedics_SLIM_lipo_SERUM_200ml.jpg\",\"contentUrl\":\"https:\/\/emokebeautyzone.ro\/wp-content\/uploads\/2024\/05\/dermedics_SLIM_lipo_SERUM_200ml.jpg\",\"width\":1667,\"height\":2500},{\"@type\":\"BreadcrumbList\",\"@id\":\"https:\/\/emokebeautyzone.ro\/produs\/lipo-serum-booster-200ml\/#breadcrumb\",\"itemListElement\":[{\"@type\":\"ListItem\",\"position\":1,\"name\":\"Prima pagin\u0103\",\"item\":\"https:\/\/emokebeautyzone.ro\/\"},{\"@type\":\"ListItem\",\"position\":2,\"name\":\"Magazin\",\"item\":\"https:\/\/emokebeautyzone.ro\/magazin-emoke-beauty-zone-produse-profesionale-de-frumusete\/\"},{\"@type\":\"ListItem\",\"position\":3,\"name\":\"LIPO SERUM Booster &#8211; 200ml\"}]},{\"@type\":\"WebSite\",\"@id\":\"https:\/\/emokebeautyzone.ro\/#website\",\"url\":\"https:\/\/emokebeautyzone.ro\/\",\"name\":\"Em\u0151ke Beauty Zone\",\"description\":\"Beauty Zone\",\"publisher\":{\"@id\":\"https:\/\/emokebeautyzone.ro\/#organization\"},\"potentialAction\":[{\"@type\":\"SearchAction\",\"target\":{\"@type\":\"EntryPoint\",\"urlTemplate\":\"https:\/\/emokebeautyzone.ro\/?s={search_term_string}\"},\"query-input\":{\"@type\":\"PropertyValueSpecification\",\"valueRequired\":true,\"valueName\":\"search_term_string\"}}],\"inLanguage\":\"hu\"},{\"@type\":\"Organization\",\"@id\":\"https:\/\/emokebeautyzone.ro\/#organization\",\"name\":\"Em\u0151ke Beauty Zone\",\"url\":\"https:\/\/emokebeautyzone.ro\/\",\"logo\":{\"@type\":\"ImageObject\",\"inLanguage\":\"hu\",\"@id\":\"https:\/\/emokebeautyzone.ro\/#\/schema\/logo\/image\/\",\"url\":\"https:\/\/emokebeautyzone.ro\/wp-content\/uploads\/2023\/01\/ebz3.jpg\",\"contentUrl\":\"https:\/\/emokebeautyzone.ro\/wp-content\/uploads\/2023\/01\/ebz3.jpg\",\"width\":1024,\"height\":577,\"caption\":\"Em\u0151ke Beauty Zone\"},\"image\":{\"@id\":\"https:\/\/emokebeautyzone.ro\/#\/schema\/logo\/image\/\"},\"sameAs\":[\"https:\/\/www.facebook.com\/EmokeBeautyZone\",\"https:\/\/www.instagram.com\/emokebeauty\/\",\"https:\/\/www.tiktok.com\/@emokebeautyzone?_t=8XNHVoBtmsw&_r=1\",\"https:\/\/mero.ro\/p\/emke-beauty-zone?absp=search_autocomplete&qid=50d505c8fda846417b5232705f6da5b9\"]}]}<\/script>\n<!-- \/ Yoast SEO plugin. -->","yoast_head_json":{"title":"LIPO SERUM Booster - 200ml - Em\u0151ke Beauty Zone","robots":{"index":"index","follow":"follow","max-snippet":"max-snippet:-1","max-image-preview":"max-image-preview:large","max-video-preview":"max-video-preview:-1"},"canonical":"https:\/\/emokebeautyzone.ro\/hu\/termek\/lipo-serum-booster-200ml\/","og_locale":"hu_HU","og_type":"article","og_title":"LIPO SERUM Booster - 200ml - Em\u0151ke Beauty Zone","og_description":"DERMEDICS\u00ae LIPO SERUM Booster pentru Arderea Grasimii\u00a0este un ser inovator de slabire sub forma de ulei cu efect de incalzire pentru terapiile intensive de slabire ce vizeaza REZULTATE REALE\u2122. Ingrediente active principale: Complex ISA\u2122 = Inner-Skin Activator (Acid Nicotinic + Mentol) Complex BFR\u2122 = Brown Fat Reductor\u00a0(Mustar Alb + Capsaicina din ardei iuti) Complex pentru [&hellip;]","og_url":"https:\/\/emokebeautyzone.ro\/hu\/termek\/lipo-serum-booster-200ml\/","og_site_name":"Em\u0151ke Beauty Zone","article_publisher":"https:\/\/www.facebook.com\/EmokeBeautyZone","og_image":[{"width":1667,"height":2500,"url":"https:\/\/emokebeautyzone.ro\/wp-content\/uploads\/2024\/05\/dermedics_SLIM_lipo_SERUM_200ml.jpg","type":"image\/jpeg"}],"twitter_card":"summary_large_image","twitter_misc":{"Becs\u00fclt olvas\u00e1si id\u0151":"3 perc"},"schema":{"@context":"https:\/\/schema.org","@graph":[{"@type":"WebPage","@id":"https:\/\/emokebeautyzone.ro\/produs\/lipo-serum-booster-200ml\/","url":"https:\/\/emokebeautyzone.ro\/produs\/lipo-serum-booster-200ml\/","name":"LIPO SERUM Booster - 200ml - Em\u0151ke Beauty Zone","isPartOf":{"@id":"https:\/\/emokebeautyzone.ro\/#website"},"primaryImageOfPage":{"@id":"https:\/\/emokebeautyzone.ro\/produs\/lipo-serum-booster-200ml\/#primaryimage"},"image":{"@id":"https:\/\/emokebeautyzone.ro\/produs\/lipo-serum-booster-200ml\/#primaryimage"},"thumbnailUrl":"https:\/\/emokebeautyzone.ro\/wp-content\/uploads\/2024\/05\/dermedics_SLIM_lipo_SERUM_200ml.jpg","datePublished":"2024-07-31T18:53:01+00:00","breadcrumb":{"@id":"https:\/\/emokebeautyzone.ro\/produs\/lipo-serum-booster-200ml\/#breadcrumb"},"inLanguage":"hu","potentialAction":[{"@type":"ReadAction","target":["https:\/\/emokebeautyzone.ro\/produs\/lipo-serum-booster-200ml\/"]}]},{"@type":"ImageObject","inLanguage":"hu","@id":"https:\/\/emokebeautyzone.ro\/produs\/lipo-serum-booster-200ml\/#primaryimage","url":"https:\/\/emokebeautyzone.ro\/wp-content\/uploads\/2024\/05\/dermedics_SLIM_lipo_SERUM_200ml.jpg","contentUrl":"https:\/\/emokebeautyzone.ro\/wp-content\/uploads\/2024\/05\/dermedics_SLIM_lipo_SERUM_200ml.jpg","width":1667,"height":2500},{"@type":"BreadcrumbList","@id":"https:\/\/emokebeautyzone.ro\/produs\/lipo-serum-booster-200ml\/#breadcrumb","itemListElement":[{"@type":"ListItem","position":1,"name":"Prima pagin\u0103","item":"https:\/\/emokebeautyzone.ro\/"},{"@type":"ListItem","position":2,"name":"Magazin","item":"https:\/\/emokebeautyzone.ro\/magazin-emoke-beauty-zone-produse-profesionale-de-frumusete\/"},{"@type":"ListItem","position":3,"name":"LIPO SERUM Booster &#8211; 200ml"}]},{"@type":"WebSite","@id":"https:\/\/emokebeautyzone.ro\/#website","url":"https:\/\/emokebeautyzone.ro\/","name":"Em\u0151ke Beauty Zone","description":"Beauty Zone","publisher":{"@id":"https:\/\/emokebeautyzone.ro\/#organization"},"potentialAction":[{"@type":"SearchAction","target":{"@type":"EntryPoint","urlTemplate":"https:\/\/emokebeautyzone.ro\/?s={search_term_string}"},"query-input":{"@type":"PropertyValueSpecification","valueRequired":true,"valueName":"search_term_string"}}],"inLanguage":"hu"},{"@type":"Organization","@id":"https:\/\/emokebeautyzone.ro\/#organization","name":"Em\u0151ke Beauty Zone","url":"https:\/\/emokebeautyzone.ro\/","logo":{"@type":"ImageObject","inLanguage":"hu","@id":"https:\/\/emokebeautyzone.ro\/#\/schema\/logo\/image\/","url":"https:\/\/emokebeautyzone.ro\/wp-content\/uploads\/2023\/01\/ebz3.jpg","contentUrl":"https:\/\/emokebeautyzone.ro\/wp-content\/uploads\/2023\/01\/ebz3.jpg","width":1024,"height":577,"caption":"Em\u0151ke Beauty Zone"},"image":{"@id":"https:\/\/emokebeautyzone.ro\/#\/schema\/logo\/image\/"},"sameAs":["https:\/\/www.facebook.com\/EmokeBeautyZone","https:\/\/www.instagram.com\/emokebeauty\/","https:\/\/www.tiktok.com\/@emokebeautyzone?_t=8XNHVoBtmsw&_r=1","https:\/\/mero.ro\/p\/emke-beauty-zone?absp=search_autocomplete&qid=50d505c8fda846417b5232705f6da5b9"]}]}},"jetpack_sharing_enabled":true,"_links":{"self":[{"href":"https:\/\/emokebeautyzone.ro\/hu\/wp-json\/wp\/v2\/product\/1489","targetHints":{"allow":["GET"]}}],"collection":[{"href":"https:\/\/emokebeautyzone.ro\/hu\/wp-json\/wp\/v2\/product"}],"about":[{"href":"https:\/\/emokebeautyzone.ro\/hu\/wp-json\/wp\/v2\/types\/product"}],"wp:featuredmedia":[{"embeddable":true,"href":"https:\/\/emokebeautyzone.ro\/hu\/wp-json\/wp\/v2\/media\/1237"}],"wp:attachment":[{"href":"https:\/\/emokebeautyzone.ro\/hu\/wp-json\/wp\/v2\/media?parent=1489"}],"wp:term":[{"taxonomy":"product_brand","embeddable":true,"href":"https:\/\/emokebeautyzone.ro\/hu\/wp-json\/wp\/v2\/product_brand?post=1489"},{"taxonomy":"product_cat","embeddable":true,"href":"https:\/\/emokebeautyzone.ro\/hu\/wp-json\/wp\/v2\/product_cat?post=1489"},{"taxonomy":"product_tag","embeddable":true,"href":"https:\/\/emokebeautyzone.ro\/hu\/wp-json\/wp\/v2\/product_tag?post=1489"}],"curies":[{"name":"wp","href":"https:\/\/api.w.org\/{rel}","templated":true}]}}