

{"id":1488,"date":"2024-07-31T18:49:59","date_gmt":"2024-07-31T18:49:59","guid":{"rendered":"https:\/\/emokebeautyzone.ro\/?post_type=product&#038;p=1488"},"modified":"2024-07-31T18:49:59","modified_gmt":"2024-07-31T18:49:59","slug":"lipo-peel-sugar-body-scrub-250ml","status":"publish","type":"product","link":"https:\/\/emokebeautyzone.ro\/hu\/termek\/lipo-peel-sugar-body-scrub-250ml\/","title":{"rendered":"LIPO PEEL \u2013 Sugar Body Scrub &#8211; 250ml"},"content":{"rendered":"<p><strong>Evadati in Paradis cu LIPO PEEL\u2122 si rasfatati-va simturile cu un parfum exotic!<\/strong><\/p>\n<p><strong>LIPO PEEL\u2122 by DERMEDICS\u00ae nu numai ca ofera beneficii uimitoare pentru procedurile de slabire, dar are si un miros de vara incantator<\/strong>, suculent, care te va transporta intr-un paradis tropical cu fiecare utilizare. Mirosul unic este creat dintr-un amestec de parfum proaspat si suculent de vara, care are la baza un amestec de fructe racoritoare si exotice, plin de note dulci si acidulate, citrice gustoase, fructe verzi crocante, pepene galben si struguri.<\/p>\n<p><strong>LIPO PEEL\u2122 este un exfoliant pentru corp pe baza de zahar.<\/strong>\u00a0Acesta este special formulat pentru a indeparta celulele moarte ale pielii, reduce rugozitatea si uscaciunea pielii, dar si pentru promovarea unei circulatii sanatoase, stimuland, in acelasi timp, procesele naturale de ardere a grasimilor din organism.<\/p>\n<p>Fabricat din ingrediente naturale si suficient de blande, chiar si pentru cea mai sensibila piele,\u00a0<strong>LIPO PEEL\u2122 reprezinta completarea perfecta pentru un tratament remodelant.<\/strong><\/p>\n<p><strong>La baza produsului se afla tehnologia revolutionara 3D SLIM\u2122<\/strong>, care combina puterea exfolierii, slabirii si a fermitatii pentru rezultate optime si reale. Exfoliantul ajuta la stimularea fluxului sanguin, la promovarea circulatiei sanatoase si la reducerea inflamatiei, ceea ce duce la un corp mai tonifiat si mai ferm.<\/p>\n<p><strong>Ingrediente active:<\/strong><\/p>\n<ul>\n<li><strong>Zaharoza<\/strong>\u00a0pentru a exfolia usor si a indeparta celulele moarte ale pielii.<\/li>\n<li><strong>Capsaicina (ardei iute) si ghimbir<\/strong>\u00a0pentru a stimula fluxul sanguin si promoveaza circulatia sanatoasa.<\/li>\n<li><strong>Ginkgo Biloba<\/strong>\u00a0pentru a ajuta la reducerea aspectului celulitei.<\/li>\n<li><strong>Scortisoara de Ceylon<\/strong>\u00a0pentru a imbunatati elasticitatea pielii si a reduce inflamatia.<\/li>\n<li><strong>Ceai verde<\/strong>\u00a0pentru a oferi protectie antioxidanta.<\/li>\n<li><strong>Castan de cal<\/strong>\u00a0pentru a calma si calma pielea.<\/li>\n<li><strong>Arnica<\/strong>\u00a0pentru a ajuta la reducerea umflaturilor si vanatailor.<\/li>\n<\/ul>\n<p><strong>Cum se utilizeaza?<\/strong><\/p>\n<ul>\n<li>LIPO PEEL\u2122 este incredibil de usor de utilizat si de indepartat.<\/li>\n<li>Nu lasa reziduuri uleioase, iar pielea ramane neteda si catifelata.<\/li>\n<li>LIPO PEEL\u2122 este conceput pentru a se dizolva cu usurinta in apa.<\/li>\n<li>Pur si simplu, se aplica pe pielea uscata si se maseaza cu miscari circulare pana cand consistenta geloasa se transforma intr-un semi-ulei cu particule de zahar.<\/li>\n<li>Apoi, se indeparteaza cu apa calda.<\/li>\n<\/ul>\n<p><strong>Cantitate:<\/strong>\u00a0250 ml.<\/p>","protected":false},"excerpt":{"rendered":"<p>Evadati in Paradis cu LIPO PEEL\u2122 si rasfatati-va simturile cu un parfum exotic! LIPO PEEL\u2122 by DERMEDICS\u00ae nu numai ca ofera beneficii uimitoare pentru procedurile de slabire, dar are si un miros de vara incantator, suculent, care te va transporta intr-un paradis tropical cu fiecare utilizare. Mirosul unic este creat dintr-un amestec de parfum proaspat [&hellip;]<\/p>","protected":false},"featured_media":1234,"template":"","meta":{"ocean_post_layout":"","ocean_both_sidebars_style":"","ocean_both_sidebars_content_width":0,"ocean_both_sidebars_sidebars_width":0,"ocean_sidebar":"0","ocean_second_sidebar":"0","ocean_disable_margins":"enable","ocean_add_body_class":"","ocean_shortcode_before_top_bar":"","ocean_shortcode_after_top_bar":"","ocean_shortcode_before_header":"","ocean_shortcode_after_header":"","ocean_has_shortcode":"","ocean_shortcode_after_title":"","ocean_shortcode_before_footer_widgets":"","ocean_shortcode_after_footer_widgets":"","ocean_shortcode_before_footer_bottom":"","ocean_shortcode_after_footer_bottom":"","ocean_display_top_bar":"default","ocean_display_header":"default","ocean_header_style":"","ocean_center_header_left_menu":"0","ocean_custom_header_template":"0","ocean_custom_logo":0,"ocean_custom_retina_logo":0,"ocean_custom_logo_max_width":0,"ocean_custom_logo_tablet_max_width":0,"ocean_custom_logo_mobile_max_width":0,"ocean_custom_logo_max_height":0,"ocean_custom_logo_tablet_max_height":0,"ocean_custom_logo_mobile_max_height":0,"ocean_header_custom_menu":"0","ocean_menu_typo_font_family":"0","ocean_menu_typo_font_subset":"","ocean_menu_typo_font_size":0,"ocean_menu_typo_font_size_tablet":0,"ocean_menu_typo_font_size_mobile":0,"ocean_menu_typo_font_size_unit":"px","ocean_menu_typo_font_weight":"","ocean_menu_typo_font_weight_tablet":"","ocean_menu_typo_font_weight_mobile":"","ocean_menu_typo_transform":"","ocean_menu_typo_transform_tablet":"","ocean_menu_typo_transform_mobile":"","ocean_menu_typo_line_height":0,"ocean_menu_typo_line_height_tablet":0,"ocean_menu_typo_line_height_mobile":0,"ocean_menu_typo_line_height_unit":"","ocean_menu_typo_spacing":0,"ocean_menu_typo_spacing_tablet":0,"ocean_menu_typo_spacing_mobile":0,"ocean_menu_typo_spacing_unit":"","ocean_menu_link_color":"","ocean_menu_link_color_hover":"","ocean_menu_link_color_active":"","ocean_menu_link_background":"","ocean_menu_link_hover_background":"","ocean_menu_link_active_background":"","ocean_menu_social_links_bg":"","ocean_menu_social_hover_links_bg":"","ocean_menu_social_links_color":"","ocean_menu_social_hover_links_color":"","ocean_disable_title":"default","ocean_disable_heading":"default","ocean_post_title":"","ocean_post_subheading":"","ocean_post_title_style":"","ocean_post_title_background_color":"","ocean_post_title_background":0,"ocean_post_title_bg_image_position":"","ocean_post_title_bg_image_attachment":"","ocean_post_title_bg_image_repeat":"","ocean_post_title_bg_image_size":"","ocean_post_title_height":0,"ocean_post_title_bg_overlay":0.5,"ocean_post_title_bg_overlay_color":"","ocean_disable_breadcrumbs":"default","ocean_breadcrumbs_color":"","ocean_breadcrumbs_separator_color":"","ocean_breadcrumbs_links_color":"","ocean_breadcrumbs_links_hover_color":"","ocean_display_footer_widgets":"default","ocean_display_footer_bottom":"default","ocean_custom_footer_template":"0"},"product_brand":[],"product_cat":[32,38],"product_tag":[],"class_list":{"0":"post-1488","1":"product","2":"type-product","3":"status-publish","4":"has-post-thumbnail","6":"product_cat-beauty","7":"product_cat-dermedics","9":"entry","10":"has-media","12":"first","13":"instock","14":"shipping-taxable","15":"purchasable","16":"product-type-simple","17":"has-product-nav","18":"col","19":"span_1_of_3","20":"owp-content-center","21":"owp-thumbs-layout-horizontal","22":"owp-btn-normal","23":"owp-tabs-layout-horizontal"},"yoast_head":"<!-- This site is optimized with the Yoast SEO plugin v25.2 - https:\/\/yoast.com\/wordpress\/plugins\/seo\/ -->\n<title>LIPO PEEL \u2013 Sugar Body Scrub - 250ml - Em\u0151ke Beauty Zone<\/title>\n<meta name=\"robots\" content=\"index, follow, max-snippet:-1, max-image-preview:large, max-video-preview:-1\" \/>\n<link rel=\"canonical\" href=\"https:\/\/emokebeautyzone.ro\/hu\/termek\/lipo-peel-sugar-body-scrub-250ml\/\" \/>\n<meta property=\"og:locale\" content=\"hu_HU\" \/>\n<meta property=\"og:type\" content=\"article\" \/>\n<meta property=\"og:title\" content=\"LIPO PEEL \u2013 Sugar Body Scrub - 250ml - Em\u0151ke Beauty Zone\" \/>\n<meta property=\"og:description\" content=\"Evadati in Paradis cu LIPO PEEL\u2122 si rasfatati-va simturile cu un parfum exotic! LIPO PEEL\u2122 by DERMEDICS\u00ae nu numai ca ofera beneficii uimitoare pentru procedurile de slabire, dar are si un miros de vara incantator, suculent, care te va transporta intr-un paradis tropical cu fiecare utilizare. Mirosul unic este creat dintr-un amestec de parfum proaspat [&hellip;]\" \/>\n<meta property=\"og:url\" content=\"https:\/\/emokebeautyzone.ro\/hu\/termek\/lipo-peel-sugar-body-scrub-250ml\/\" \/>\n<meta property=\"og:site_name\" content=\"Em\u0151ke Beauty Zone\" \/>\n<meta property=\"article:publisher\" content=\"https:\/\/www.facebook.com\/EmokeBeautyZone\" \/>\n<meta property=\"og:image\" content=\"https:\/\/emokebeautyzone.ro\/wp-content\/uploads\/2024\/05\/dermedics_LIPO_PEEL_250ml_PR-2.jpg\" \/>\n\t<meta property=\"og:image:width\" content=\"2500\" \/>\n\t<meta property=\"og:image:height\" content=\"2500\" \/>\n\t<meta property=\"og:image:type\" content=\"image\/jpeg\" \/>\n<meta name=\"twitter:card\" content=\"summary_large_image\" \/>\n<meta name=\"twitter:label1\" content=\"Becs\u00fclt olvas\u00e1si id\u0151\" \/>\n\t<meta name=\"twitter:data1\" content=\"2 perc\" \/>\n<script type=\"application\/ld+json\" class=\"yoast-schema-graph\">{\"@context\":\"https:\/\/schema.org\",\"@graph\":[{\"@type\":\"WebPage\",\"@id\":\"https:\/\/emokebeautyzone.ro\/produs\/lipo-peel-sugar-body-scrub-250ml\/\",\"url\":\"https:\/\/emokebeautyzone.ro\/produs\/lipo-peel-sugar-body-scrub-250ml\/\",\"name\":\"LIPO PEEL \u2013 Sugar Body Scrub - 250ml - Em\u0151ke Beauty Zone\",\"isPartOf\":{\"@id\":\"https:\/\/emokebeautyzone.ro\/#website\"},\"primaryImageOfPage\":{\"@id\":\"https:\/\/emokebeautyzone.ro\/produs\/lipo-peel-sugar-body-scrub-250ml\/#primaryimage\"},\"image\":{\"@id\":\"https:\/\/emokebeautyzone.ro\/produs\/lipo-peel-sugar-body-scrub-250ml\/#primaryimage\"},\"thumbnailUrl\":\"https:\/\/emokebeautyzone.ro\/wp-content\/uploads\/2024\/05\/dermedics_LIPO_PEEL_250ml_PR-2.jpg\",\"datePublished\":\"2024-07-31T18:49:59+00:00\",\"breadcrumb\":{\"@id\":\"https:\/\/emokebeautyzone.ro\/produs\/lipo-peel-sugar-body-scrub-250ml\/#breadcrumb\"},\"inLanguage\":\"hu\",\"potentialAction\":[{\"@type\":\"ReadAction\",\"target\":[\"https:\/\/emokebeautyzone.ro\/produs\/lipo-peel-sugar-body-scrub-250ml\/\"]}]},{\"@type\":\"ImageObject\",\"inLanguage\":\"hu\",\"@id\":\"https:\/\/emokebeautyzone.ro\/produs\/lipo-peel-sugar-body-scrub-250ml\/#primaryimage\",\"url\":\"https:\/\/emokebeautyzone.ro\/wp-content\/uploads\/2024\/05\/dermedics_LIPO_PEEL_250ml_PR-2.jpg\",\"contentUrl\":\"https:\/\/emokebeautyzone.ro\/wp-content\/uploads\/2024\/05\/dermedics_LIPO_PEEL_250ml_PR-2.jpg\",\"width\":2500,\"height\":2500},{\"@type\":\"BreadcrumbList\",\"@id\":\"https:\/\/emokebeautyzone.ro\/produs\/lipo-peel-sugar-body-scrub-250ml\/#breadcrumb\",\"itemListElement\":[{\"@type\":\"ListItem\",\"position\":1,\"name\":\"Prima pagin\u0103\",\"item\":\"https:\/\/emokebeautyzone.ro\/\"},{\"@type\":\"ListItem\",\"position\":2,\"name\":\"Magazin\",\"item\":\"https:\/\/emokebeautyzone.ro\/magazin-emoke-beauty-zone-produse-profesionale-de-frumusete\/\"},{\"@type\":\"ListItem\",\"position\":3,\"name\":\"LIPO PEEL \u2013 Sugar Body Scrub &#8211; 250ml\"}]},{\"@type\":\"WebSite\",\"@id\":\"https:\/\/emokebeautyzone.ro\/#website\",\"url\":\"https:\/\/emokebeautyzone.ro\/\",\"name\":\"Em\u0151ke Beauty Zone\",\"description\":\"Beauty Zone\",\"publisher\":{\"@id\":\"https:\/\/emokebeautyzone.ro\/#organization\"},\"potentialAction\":[{\"@type\":\"SearchAction\",\"target\":{\"@type\":\"EntryPoint\",\"urlTemplate\":\"https:\/\/emokebeautyzone.ro\/?s={search_term_string}\"},\"query-input\":{\"@type\":\"PropertyValueSpecification\",\"valueRequired\":true,\"valueName\":\"search_term_string\"}}],\"inLanguage\":\"hu\"},{\"@type\":\"Organization\",\"@id\":\"https:\/\/emokebeautyzone.ro\/#organization\",\"name\":\"Em\u0151ke Beauty Zone\",\"url\":\"https:\/\/emokebeautyzone.ro\/\",\"logo\":{\"@type\":\"ImageObject\",\"inLanguage\":\"hu\",\"@id\":\"https:\/\/emokebeautyzone.ro\/#\/schema\/logo\/image\/\",\"url\":\"https:\/\/emokebeautyzone.ro\/wp-content\/uploads\/2023\/01\/ebz3.jpg\",\"contentUrl\":\"https:\/\/emokebeautyzone.ro\/wp-content\/uploads\/2023\/01\/ebz3.jpg\",\"width\":1024,\"height\":577,\"caption\":\"Em\u0151ke Beauty Zone\"},\"image\":{\"@id\":\"https:\/\/emokebeautyzone.ro\/#\/schema\/logo\/image\/\"},\"sameAs\":[\"https:\/\/www.facebook.com\/EmokeBeautyZone\",\"https:\/\/www.instagram.com\/emokebeauty\/\",\"https:\/\/www.tiktok.com\/@emokebeautyzone?_t=8XNHVoBtmsw&_r=1\",\"https:\/\/mero.ro\/p\/emke-beauty-zone?absp=search_autocomplete&qid=50d505c8fda846417b5232705f6da5b9\"]}]}<\/script>\n<!-- \/ Yoast SEO plugin. -->","yoast_head_json":{"title":"LIPO PEEL \u2013 Sugar Body Scrub - 250ml - Em\u0151ke Beauty Zone","robots":{"index":"index","follow":"follow","max-snippet":"max-snippet:-1","max-image-preview":"max-image-preview:large","max-video-preview":"max-video-preview:-1"},"canonical":"https:\/\/emokebeautyzone.ro\/hu\/termek\/lipo-peel-sugar-body-scrub-250ml\/","og_locale":"hu_HU","og_type":"article","og_title":"LIPO PEEL \u2013 Sugar Body Scrub - 250ml - Em\u0151ke Beauty Zone","og_description":"Evadati in Paradis cu LIPO PEEL\u2122 si rasfatati-va simturile cu un parfum exotic! LIPO PEEL\u2122 by DERMEDICS\u00ae nu numai ca ofera beneficii uimitoare pentru procedurile de slabire, dar are si un miros de vara incantator, suculent, care te va transporta intr-un paradis tropical cu fiecare utilizare. Mirosul unic este creat dintr-un amestec de parfum proaspat [&hellip;]","og_url":"https:\/\/emokebeautyzone.ro\/hu\/termek\/lipo-peel-sugar-body-scrub-250ml\/","og_site_name":"Em\u0151ke Beauty Zone","article_publisher":"https:\/\/www.facebook.com\/EmokeBeautyZone","og_image":[{"width":2500,"height":2500,"url":"https:\/\/emokebeautyzone.ro\/wp-content\/uploads\/2024\/05\/dermedics_LIPO_PEEL_250ml_PR-2.jpg","type":"image\/jpeg"}],"twitter_card":"summary_large_image","twitter_misc":{"Becs\u00fclt olvas\u00e1si id\u0151":"2 perc"},"schema":{"@context":"https:\/\/schema.org","@graph":[{"@type":"WebPage","@id":"https:\/\/emokebeautyzone.ro\/produs\/lipo-peel-sugar-body-scrub-250ml\/","url":"https:\/\/emokebeautyzone.ro\/produs\/lipo-peel-sugar-body-scrub-250ml\/","name":"LIPO PEEL \u2013 Sugar Body Scrub - 250ml - Em\u0151ke Beauty Zone","isPartOf":{"@id":"https:\/\/emokebeautyzone.ro\/#website"},"primaryImageOfPage":{"@id":"https:\/\/emokebeautyzone.ro\/produs\/lipo-peel-sugar-body-scrub-250ml\/#primaryimage"},"image":{"@id":"https:\/\/emokebeautyzone.ro\/produs\/lipo-peel-sugar-body-scrub-250ml\/#primaryimage"},"thumbnailUrl":"https:\/\/emokebeautyzone.ro\/wp-content\/uploads\/2024\/05\/dermedics_LIPO_PEEL_250ml_PR-2.jpg","datePublished":"2024-07-31T18:49:59+00:00","breadcrumb":{"@id":"https:\/\/emokebeautyzone.ro\/produs\/lipo-peel-sugar-body-scrub-250ml\/#breadcrumb"},"inLanguage":"hu","potentialAction":[{"@type":"ReadAction","target":["https:\/\/emokebeautyzone.ro\/produs\/lipo-peel-sugar-body-scrub-250ml\/"]}]},{"@type":"ImageObject","inLanguage":"hu","@id":"https:\/\/emokebeautyzone.ro\/produs\/lipo-peel-sugar-body-scrub-250ml\/#primaryimage","url":"https:\/\/emokebeautyzone.ro\/wp-content\/uploads\/2024\/05\/dermedics_LIPO_PEEL_250ml_PR-2.jpg","contentUrl":"https:\/\/emokebeautyzone.ro\/wp-content\/uploads\/2024\/05\/dermedics_LIPO_PEEL_250ml_PR-2.jpg","width":2500,"height":2500},{"@type":"BreadcrumbList","@id":"https:\/\/emokebeautyzone.ro\/produs\/lipo-peel-sugar-body-scrub-250ml\/#breadcrumb","itemListElement":[{"@type":"ListItem","position":1,"name":"Prima pagin\u0103","item":"https:\/\/emokebeautyzone.ro\/"},{"@type":"ListItem","position":2,"name":"Magazin","item":"https:\/\/emokebeautyzone.ro\/magazin-emoke-beauty-zone-produse-profesionale-de-frumusete\/"},{"@type":"ListItem","position":3,"name":"LIPO PEEL \u2013 Sugar Body Scrub &#8211; 250ml"}]},{"@type":"WebSite","@id":"https:\/\/emokebeautyzone.ro\/#website","url":"https:\/\/emokebeautyzone.ro\/","name":"Em\u0151ke Beauty Zone","description":"Beauty Zone","publisher":{"@id":"https:\/\/emokebeautyzone.ro\/#organization"},"potentialAction":[{"@type":"SearchAction","target":{"@type":"EntryPoint","urlTemplate":"https:\/\/emokebeautyzone.ro\/?s={search_term_string}"},"query-input":{"@type":"PropertyValueSpecification","valueRequired":true,"valueName":"search_term_string"}}],"inLanguage":"hu"},{"@type":"Organization","@id":"https:\/\/emokebeautyzone.ro\/#organization","name":"Em\u0151ke Beauty Zone","url":"https:\/\/emokebeautyzone.ro\/","logo":{"@type":"ImageObject","inLanguage":"hu","@id":"https:\/\/emokebeautyzone.ro\/#\/schema\/logo\/image\/","url":"https:\/\/emokebeautyzone.ro\/wp-content\/uploads\/2023\/01\/ebz3.jpg","contentUrl":"https:\/\/emokebeautyzone.ro\/wp-content\/uploads\/2023\/01\/ebz3.jpg","width":1024,"height":577,"caption":"Em\u0151ke Beauty Zone"},"image":{"@id":"https:\/\/emokebeautyzone.ro\/#\/schema\/logo\/image\/"},"sameAs":["https:\/\/www.facebook.com\/EmokeBeautyZone","https:\/\/www.instagram.com\/emokebeauty\/","https:\/\/www.tiktok.com\/@emokebeautyzone?_t=8XNHVoBtmsw&_r=1","https:\/\/mero.ro\/p\/emke-beauty-zone?absp=search_autocomplete&qid=50d505c8fda846417b5232705f6da5b9"]}]}},"jetpack_sharing_enabled":true,"_links":{"self":[{"href":"https:\/\/emokebeautyzone.ro\/hu\/wp-json\/wp\/v2\/product\/1488","targetHints":{"allow":["GET"]}}],"collection":[{"href":"https:\/\/emokebeautyzone.ro\/hu\/wp-json\/wp\/v2\/product"}],"about":[{"href":"https:\/\/emokebeautyzone.ro\/hu\/wp-json\/wp\/v2\/types\/product"}],"wp:featuredmedia":[{"embeddable":true,"href":"https:\/\/emokebeautyzone.ro\/hu\/wp-json\/wp\/v2\/media\/1234"}],"wp:attachment":[{"href":"https:\/\/emokebeautyzone.ro\/hu\/wp-json\/wp\/v2\/media?parent=1488"}],"wp:term":[{"taxonomy":"product_brand","embeddable":true,"href":"https:\/\/emokebeautyzone.ro\/hu\/wp-json\/wp\/v2\/product_brand?post=1488"},{"taxonomy":"product_cat","embeddable":true,"href":"https:\/\/emokebeautyzone.ro\/hu\/wp-json\/wp\/v2\/product_cat?post=1488"},{"taxonomy":"product_tag","embeddable":true,"href":"https:\/\/emokebeautyzone.ro\/hu\/wp-json\/wp\/v2\/product_tag?post=1488"}],"curies":[{"name":"wp","href":"https:\/\/api.w.org\/{rel}","templated":true}]}}