

{"id":1484,"date":"2024-07-31T18:47:26","date_gmt":"2024-07-31T18:47:26","guid":{"rendered":"https:\/\/emokebeautyzone.ro\/?post_type=product&#038;p=1484"},"modified":"2024-07-31T18:47:26","modified_gmt":"2024-07-31T18:47:26","slug":"lipodrain-activator-de-slabire","status":"publish","type":"product","link":"https:\/\/emokebeautyzone.ro\/hu\/termek\/lipodrain-activator-de-slabire\/","title":{"rendered":"LIPODRAIN\u2122 &#8211; Activator de Slabire"},"content":{"rendered":"<p>LIPODRAIN\u2122 este o emulsie inovatoare conceputa pentru toate tipurile de masaj de slabire unde se doreste a se crea drenaj limfatic in organism prin proceduri manuale (vacuum sau alte terapii).<\/p>\n<p><strong>Ingrediente active:<\/strong>\u00a0Complex LIPODRAIN\u2122 [Yerba Mate + Arnica + Cafea Arabica + Hedera Helix {Iedera} + Gingko Biloba + Castan Salbatic].<\/p>\n<p><em>Contine\u00a0<strong>Complexul<\/strong>\u00a0<strong>LipoDrain\u2122\u00a0<\/strong>pentru a accelera\u00a0<strong>drenajul limfatic<\/strong>\u00a0&amp;\u00a0<strong>detoxifierea<\/strong>\u00a0corpului pentru a lupta impotriva celulitei si obezitatii locale!<\/em><\/p>\n<p><strong>Siguranta:<\/strong>\u00a0fara parabeni, alcool, coloranti si alergeni.<\/p>\n<p><strong>Indicatii pentru utilizare:<\/strong><\/p>\n<ul>\n<li>Unisex: atat pentru femei, cat si pentru barbati<\/li>\n<li>Tratamente anti-celulita si tratamente de slabire<\/li>\n<li>Tratamente de detoxifiere (detoxifierea celulelor grase)<\/li>\n<li>Simptome de picioare grele, picioare umflate, edem<\/li>\n<li>Edem postmenstrual<\/li>\n<li>Piele predispusa la capilare sparte<\/li>\n<li>Durerea cronica a corpului cauzata de stres sau fibromialgie\u00a0(relaxarea corpului datorita stimulari drenajului limfatic)<\/li>\n<li>Ingrijirea zilnica si remodelare corporala<\/li>\n<\/ul>\n<p><strong>Acest produs este recomandat pentru masajele intensive care maresc fluxul de sange pentru a reduce aparitia venelor varicoase si pentru a accelera procesul metabolic celular impotriva celulitei::<\/strong><\/p>\n<ul>\n<li>Vacuum cu Cellulogy\u2122 si CelluDrain\u2122<\/li>\n<li>Tratamente de slabire cu vacuum si RF = AdipoTherm\u2122 RF<\/li>\n<li>Drenaj Limfatic Manual (MLD)<\/li>\n<\/ul>\n<p><strong>Acest produs poate fi utilizat si in procedurile de slabire cu<\/strong><\/p>\n<ul>\n<li>Lipoliza lase = LipoContour\u2122 (se aplica inainte)<\/li>\n<li>Termocuverta (se aplica inainte)<\/li>\n<li>Impachetari corporale (se aplica inainte)<\/li>\n<li>A nu se utiliza cu Mesowave\u2122, ultrasunete sau cavitatie<\/li>\n<\/ul>\n<p><strong>Efecte:<\/strong><\/p>\n<ul>\n<li>Ofera eficacitate la nivelulul venelor si limfei impotriva inflamatiei, celulitei si obezitatii topice<\/li>\n<li>Ofera o detoxifiere corporala puternica si de lunga durata<\/li>\n<li>Reduce umflarea si limfedemele de diverse origini<\/li>\n<li>Stimuleaza sistemul imunitar al organismului si sinteza colagenului<\/li>\n<li>Regenereaza tesutul si asigura eficacitate anti-imbatranire<\/li>\n<li>Amelioreaza durerea cronica a organismului (cauzata de stres sau fibromialgie)<\/li>\n<li>Impiedica ruperea si inflamatia capilarelor<\/li>\n<li>Relaxeaza corpul<\/li>\n<li>Accelereaza intensiv efectele de slabire<\/li>\n<li>Reduce aspectul de coaja de portocala al pielii<\/li>\n<\/ul>\n<p><strong>Aria de aplicare:<\/strong>\u00a0toate zonele pielii care prezinta umflaturi, obezitate topica si celulita (picioare, fese, talie, antebrate, spate, umeri, altele).<\/p>\n<p><strong>Contraindicatii:<\/strong><\/p>\n<ul>\n<li>Hipersensibilitate la orice component al formulei<\/li>\n<li>Inflamatia acuta (cauzata de bacterii, virusi sau corpuri straine)<\/li>\n<li>Inflamatie cronica<\/li>\n<li>Tromboza la risc sau embolie<\/li>\n<li>Edem dupa tratamentul carcinomului<\/li>\n<li>Edemul provocat de decompensarea cardiaca<\/li>\n<li>Boli oncologice sau interventii chirurgicale impotriva cancerului<\/li>\n<li>Stare de slabiciune a corpului<\/li>\n<li>Insuficienta cardiaca sau boli de inima<\/li>\n<li>Atacuri respiratorii (astm bronsic sau in timpul menopauzei)<\/li>\n<li>Hipotensiune arteriala sau hipertensiune arteriala<\/li>\n<li>Disfunctie tiroidiana<\/li>\n<li>Disfunctie hepatica (cauzata de detoxificarea intensiva a corpului)<\/li>\n<li>Sarcina si \/ sau alaptarea, menstruatie<\/li>\n<li>Febra, boli sau extractii dentare<\/li>\n<li>Diabet<\/li>\n<\/ul>\n<p><strong>Rezultate:<\/strong><\/p>\n<ul>\n<li>Imbunatatirea texturii pielii si reducerea celulitei dupa un singur tratament.<\/li>\n<li>Utilizarea frecventa asigura o imbunatatire spectaculoasa a pielii.<\/li>\n<\/ul>\n<p><strong>Informatii aditionale:<\/strong><\/p>\n<ul>\n<li>Poate fi amestecat cu\u00a0<a href=\"https:\/\/www.completebeauty.ro\/cosmetica\/dermedics-produse-corporale-lipobalm.html\">LIPOBALM\u2122 \u2013 Concentrat Lipolitic<\/a>.<\/li>\n<li>Poate fi amestecat cu MESO SLIM si cuMESO CAPIL in cadrul unui singur tratament (varianta doar pentru utilzarea in cadrul centrelor de estetica).<\/li>\n<li>Produsul este solubil in apa: in contact cu apa calda, se transforma in lotiune ceea ce il face sa fie si mai usor absorbit de catre piele (nu este necesar sa faceti dus dupa tratament; indepartati excesul cu un prosop de celuloza umeda).<\/li>\n<\/ul>\n<p><strong>Cantitate:<\/strong>\u00a0200 ml.<\/p>","protected":false},"excerpt":{"rendered":"<p>LIPODRAIN\u2122 este o emulsie inovatoare conceputa pentru toate tipurile de masaj de slabire unde se doreste a se crea drenaj limfatic in organism prin proceduri manuale (vacuum sau alte terapii). Ingrediente active:\u00a0Complex LIPODRAIN\u2122 [Yerba Mate + Arnica + Cafea Arabica + Hedera Helix {Iedera} + Gingko Biloba + Castan Salbatic]. Contine\u00a0Complexul\u00a0LipoDrain\u2122\u00a0pentru a accelera\u00a0drenajul limfatic\u00a0&amp;\u00a0detoxifierea\u00a0corpului pentru [&hellip;]<\/p>","protected":false},"featured_media":1246,"template":"","meta":{"ocean_post_layout":"","ocean_both_sidebars_style":"","ocean_both_sidebars_content_width":0,"ocean_both_sidebars_sidebars_width":0,"ocean_sidebar":"0","ocean_second_sidebar":"0","ocean_disable_margins":"enable","ocean_add_body_class":"","ocean_shortcode_before_top_bar":"","ocean_shortcode_after_top_bar":"","ocean_shortcode_before_header":"","ocean_shortcode_after_header":"","ocean_has_shortcode":"","ocean_shortcode_after_title":"","ocean_shortcode_before_footer_widgets":"","ocean_shortcode_after_footer_widgets":"","ocean_shortcode_before_footer_bottom":"","ocean_shortcode_after_footer_bottom":"","ocean_display_top_bar":"default","ocean_display_header":"default","ocean_header_style":"","ocean_center_header_left_menu":"0","ocean_custom_header_template":"0","ocean_custom_logo":0,"ocean_custom_retina_logo":0,"ocean_custom_logo_max_width":0,"ocean_custom_logo_tablet_max_width":0,"ocean_custom_logo_mobile_max_width":0,"ocean_custom_logo_max_height":0,"ocean_custom_logo_tablet_max_height":0,"ocean_custom_logo_mobile_max_height":0,"ocean_header_custom_menu":"0","ocean_menu_typo_font_family":"0","ocean_menu_typo_font_subset":"","ocean_menu_typo_font_size":0,"ocean_menu_typo_font_size_tablet":0,"ocean_menu_typo_font_size_mobile":0,"ocean_menu_typo_font_size_unit":"px","ocean_menu_typo_font_weight":"","ocean_menu_typo_font_weight_tablet":"","ocean_menu_typo_font_weight_mobile":"","ocean_menu_typo_transform":"","ocean_menu_typo_transform_tablet":"","ocean_menu_typo_transform_mobile":"","ocean_menu_typo_line_height":0,"ocean_menu_typo_line_height_tablet":0,"ocean_menu_typo_line_height_mobile":0,"ocean_menu_typo_line_height_unit":"","ocean_menu_typo_spacing":0,"ocean_menu_typo_spacing_tablet":0,"ocean_menu_typo_spacing_mobile":0,"ocean_menu_typo_spacing_unit":"","ocean_menu_link_color":"","ocean_menu_link_color_hover":"","ocean_menu_link_color_active":"","ocean_menu_link_background":"","ocean_menu_link_hover_background":"","ocean_menu_link_active_background":"","ocean_menu_social_links_bg":"","ocean_menu_social_hover_links_bg":"","ocean_menu_social_links_color":"","ocean_menu_social_hover_links_color":"","ocean_disable_title":"default","ocean_disable_heading":"default","ocean_post_title":"","ocean_post_subheading":"","ocean_post_title_style":"","ocean_post_title_background_color":"","ocean_post_title_background":0,"ocean_post_title_bg_image_position":"","ocean_post_title_bg_image_attachment":"","ocean_post_title_bg_image_repeat":"","ocean_post_title_bg_image_size":"","ocean_post_title_height":0,"ocean_post_title_bg_overlay":0.5,"ocean_post_title_bg_overlay_color":"","ocean_disable_breadcrumbs":"default","ocean_breadcrumbs_color":"","ocean_breadcrumbs_separator_color":"","ocean_breadcrumbs_links_color":"","ocean_breadcrumbs_links_hover_color":"","ocean_display_footer_widgets":"default","ocean_display_footer_bottom":"default","ocean_custom_footer_template":"0"},"product_brand":[],"product_cat":[32,38],"product_tag":[],"class_list":{"0":"post-1484","1":"product","2":"type-product","3":"status-publish","4":"has-post-thumbnail","6":"product_cat-beauty","7":"product_cat-dermedics","9":"entry","10":"has-media","12":"first","13":"instock","14":"shipping-taxable","15":"purchasable","16":"product-type-simple","17":"has-product-nav","18":"col","19":"span_1_of_3","20":"owp-content-center","21":"owp-thumbs-layout-horizontal","22":"owp-btn-normal","23":"owp-tabs-layout-horizontal"},"yoast_head":"<!-- This site is optimized with the Yoast SEO plugin v25.2 - https:\/\/yoast.com\/wordpress\/plugins\/seo\/ -->\n<title>LIPODRAIN\u2122 - Activator de Slabire - Em\u0151ke Beauty Zone<\/title>\n<meta name=\"robots\" content=\"index, follow, max-snippet:-1, max-image-preview:large, max-video-preview:-1\" \/>\n<link rel=\"canonical\" href=\"https:\/\/emokebeautyzone.ro\/hu\/termek\/lipodrain-activator-de-slabire\/\" \/>\n<meta property=\"og:locale\" content=\"hu_HU\" \/>\n<meta property=\"og:type\" content=\"article\" \/>\n<meta property=\"og:title\" content=\"LIPODRAIN\u2122 - Activator de Slabire - Em\u0151ke Beauty Zone\" \/>\n<meta property=\"og:description\" content=\"LIPODRAIN\u2122 este o emulsie inovatoare conceputa pentru toate tipurile de masaj de slabire unde se doreste a se crea drenaj limfatic in organism prin proceduri manuale (vacuum sau alte terapii). Ingrediente active:\u00a0Complex LIPODRAIN\u2122 [Yerba Mate + Arnica + Cafea Arabica + Hedera Helix {Iedera} + Gingko Biloba + Castan Salbatic]. Contine\u00a0Complexul\u00a0LipoDrain\u2122\u00a0pentru a accelera\u00a0drenajul limfatic\u00a0&amp;\u00a0detoxifierea\u00a0corpului pentru [&hellip;]\" \/>\n<meta property=\"og:url\" content=\"https:\/\/emokebeautyzone.ro\/hu\/termek\/lipodrain-activator-de-slabire\/\" \/>\n<meta property=\"og:site_name\" content=\"Em\u0151ke Beauty Zone\" \/>\n<meta property=\"article:publisher\" content=\"https:\/\/www.facebook.com\/EmokeBeautyZone\" \/>\n<meta property=\"og:image\" content=\"https:\/\/emokebeautyzone.ro\/wp-content\/uploads\/2024\/05\/dermedics_SLIM_lipo_DRAIN_200ml.jpg\" \/>\n\t<meta property=\"og:image:width\" content=\"1667\" \/>\n\t<meta property=\"og:image:height\" content=\"2500\" \/>\n\t<meta property=\"og:image:type\" content=\"image\/jpeg\" \/>\n<meta name=\"twitter:card\" content=\"summary_large_image\" \/>\n<meta name=\"twitter:label1\" content=\"Becs\u00fclt olvas\u00e1si id\u0151\" \/>\n\t<meta name=\"twitter:data1\" content=\"2 perc\" \/>\n<script type=\"application\/ld+json\" class=\"yoast-schema-graph\">{\"@context\":\"https:\/\/schema.org\",\"@graph\":[{\"@type\":\"WebPage\",\"@id\":\"https:\/\/emokebeautyzone.ro\/produs\/lipodrain-activator-de-slabire\/\",\"url\":\"https:\/\/emokebeautyzone.ro\/produs\/lipodrain-activator-de-slabire\/\",\"name\":\"LIPODRAIN\u2122 - Activator de Slabire - Em\u0151ke Beauty Zone\",\"isPartOf\":{\"@id\":\"https:\/\/emokebeautyzone.ro\/#website\"},\"primaryImageOfPage\":{\"@id\":\"https:\/\/emokebeautyzone.ro\/produs\/lipodrain-activator-de-slabire\/#primaryimage\"},\"image\":{\"@id\":\"https:\/\/emokebeautyzone.ro\/produs\/lipodrain-activator-de-slabire\/#primaryimage\"},\"thumbnailUrl\":\"https:\/\/emokebeautyzone.ro\/wp-content\/uploads\/2024\/05\/dermedics_SLIM_lipo_DRAIN_200ml.jpg\",\"datePublished\":\"2024-07-31T18:47:26+00:00\",\"breadcrumb\":{\"@id\":\"https:\/\/emokebeautyzone.ro\/produs\/lipodrain-activator-de-slabire\/#breadcrumb\"},\"inLanguage\":\"hu\",\"potentialAction\":[{\"@type\":\"ReadAction\",\"target\":[\"https:\/\/emokebeautyzone.ro\/produs\/lipodrain-activator-de-slabire\/\"]}]},{\"@type\":\"ImageObject\",\"inLanguage\":\"hu\",\"@id\":\"https:\/\/emokebeautyzone.ro\/produs\/lipodrain-activator-de-slabire\/#primaryimage\",\"url\":\"https:\/\/emokebeautyzone.ro\/wp-content\/uploads\/2024\/05\/dermedics_SLIM_lipo_DRAIN_200ml.jpg\",\"contentUrl\":\"https:\/\/emokebeautyzone.ro\/wp-content\/uploads\/2024\/05\/dermedics_SLIM_lipo_DRAIN_200ml.jpg\",\"width\":1667,\"height\":2500},{\"@type\":\"BreadcrumbList\",\"@id\":\"https:\/\/emokebeautyzone.ro\/produs\/lipodrain-activator-de-slabire\/#breadcrumb\",\"itemListElement\":[{\"@type\":\"ListItem\",\"position\":1,\"name\":\"Prima pagin\u0103\",\"item\":\"https:\/\/emokebeautyzone.ro\/\"},{\"@type\":\"ListItem\",\"position\":2,\"name\":\"Magazin\",\"item\":\"https:\/\/emokebeautyzone.ro\/magazin-emoke-beauty-zone-produse-profesionale-de-frumusete\/\"},{\"@type\":\"ListItem\",\"position\":3,\"name\":\"LIPODRAIN\u2122 &#8211; Activator de Slabire\"}]},{\"@type\":\"WebSite\",\"@id\":\"https:\/\/emokebeautyzone.ro\/#website\",\"url\":\"https:\/\/emokebeautyzone.ro\/\",\"name\":\"Em\u0151ke Beauty Zone\",\"description\":\"Beauty Zone\",\"publisher\":{\"@id\":\"https:\/\/emokebeautyzone.ro\/#organization\"},\"potentialAction\":[{\"@type\":\"SearchAction\",\"target\":{\"@type\":\"EntryPoint\",\"urlTemplate\":\"https:\/\/emokebeautyzone.ro\/?s={search_term_string}\"},\"query-input\":{\"@type\":\"PropertyValueSpecification\",\"valueRequired\":true,\"valueName\":\"search_term_string\"}}],\"inLanguage\":\"hu\"},{\"@type\":\"Organization\",\"@id\":\"https:\/\/emokebeautyzone.ro\/#organization\",\"name\":\"Em\u0151ke Beauty Zone\",\"url\":\"https:\/\/emokebeautyzone.ro\/\",\"logo\":{\"@type\":\"ImageObject\",\"inLanguage\":\"hu\",\"@id\":\"https:\/\/emokebeautyzone.ro\/#\/schema\/logo\/image\/\",\"url\":\"https:\/\/emokebeautyzone.ro\/wp-content\/uploads\/2023\/01\/ebz3.jpg\",\"contentUrl\":\"https:\/\/emokebeautyzone.ro\/wp-content\/uploads\/2023\/01\/ebz3.jpg\",\"width\":1024,\"height\":577,\"caption\":\"Em\u0151ke Beauty Zone\"},\"image\":{\"@id\":\"https:\/\/emokebeautyzone.ro\/#\/schema\/logo\/image\/\"},\"sameAs\":[\"https:\/\/www.facebook.com\/EmokeBeautyZone\",\"https:\/\/www.instagram.com\/emokebeauty\/\",\"https:\/\/www.tiktok.com\/@emokebeautyzone?_t=8XNHVoBtmsw&_r=1\",\"https:\/\/mero.ro\/p\/emke-beauty-zone?absp=search_autocomplete&qid=50d505c8fda846417b5232705f6da5b9\"]}]}<\/script>\n<!-- \/ Yoast SEO plugin. -->","yoast_head_json":{"title":"LIPODRAIN\u2122 - Activator de Slabire - Em\u0151ke Beauty Zone","robots":{"index":"index","follow":"follow","max-snippet":"max-snippet:-1","max-image-preview":"max-image-preview:large","max-video-preview":"max-video-preview:-1"},"canonical":"https:\/\/emokebeautyzone.ro\/hu\/termek\/lipodrain-activator-de-slabire\/","og_locale":"hu_HU","og_type":"article","og_title":"LIPODRAIN\u2122 - Activator de Slabire - Em\u0151ke Beauty Zone","og_description":"LIPODRAIN\u2122 este o emulsie inovatoare conceputa pentru toate tipurile de masaj de slabire unde se doreste a se crea drenaj limfatic in organism prin proceduri manuale (vacuum sau alte terapii). Ingrediente active:\u00a0Complex LIPODRAIN\u2122 [Yerba Mate + Arnica + Cafea Arabica + Hedera Helix {Iedera} + Gingko Biloba + Castan Salbatic]. Contine\u00a0Complexul\u00a0LipoDrain\u2122\u00a0pentru a accelera\u00a0drenajul limfatic\u00a0&amp;\u00a0detoxifierea\u00a0corpului pentru [&hellip;]","og_url":"https:\/\/emokebeautyzone.ro\/hu\/termek\/lipodrain-activator-de-slabire\/","og_site_name":"Em\u0151ke Beauty Zone","article_publisher":"https:\/\/www.facebook.com\/EmokeBeautyZone","og_image":[{"width":1667,"height":2500,"url":"https:\/\/emokebeautyzone.ro\/wp-content\/uploads\/2024\/05\/dermedics_SLIM_lipo_DRAIN_200ml.jpg","type":"image\/jpeg"}],"twitter_card":"summary_large_image","twitter_misc":{"Becs\u00fclt olvas\u00e1si id\u0151":"2 perc"},"schema":{"@context":"https:\/\/schema.org","@graph":[{"@type":"WebPage","@id":"https:\/\/emokebeautyzone.ro\/produs\/lipodrain-activator-de-slabire\/","url":"https:\/\/emokebeautyzone.ro\/produs\/lipodrain-activator-de-slabire\/","name":"LIPODRAIN\u2122 - Activator de Slabire - Em\u0151ke Beauty Zone","isPartOf":{"@id":"https:\/\/emokebeautyzone.ro\/#website"},"primaryImageOfPage":{"@id":"https:\/\/emokebeautyzone.ro\/produs\/lipodrain-activator-de-slabire\/#primaryimage"},"image":{"@id":"https:\/\/emokebeautyzone.ro\/produs\/lipodrain-activator-de-slabire\/#primaryimage"},"thumbnailUrl":"https:\/\/emokebeautyzone.ro\/wp-content\/uploads\/2024\/05\/dermedics_SLIM_lipo_DRAIN_200ml.jpg","datePublished":"2024-07-31T18:47:26+00:00","breadcrumb":{"@id":"https:\/\/emokebeautyzone.ro\/produs\/lipodrain-activator-de-slabire\/#breadcrumb"},"inLanguage":"hu","potentialAction":[{"@type":"ReadAction","target":["https:\/\/emokebeautyzone.ro\/produs\/lipodrain-activator-de-slabire\/"]}]},{"@type":"ImageObject","inLanguage":"hu","@id":"https:\/\/emokebeautyzone.ro\/produs\/lipodrain-activator-de-slabire\/#primaryimage","url":"https:\/\/emokebeautyzone.ro\/wp-content\/uploads\/2024\/05\/dermedics_SLIM_lipo_DRAIN_200ml.jpg","contentUrl":"https:\/\/emokebeautyzone.ro\/wp-content\/uploads\/2024\/05\/dermedics_SLIM_lipo_DRAIN_200ml.jpg","width":1667,"height":2500},{"@type":"BreadcrumbList","@id":"https:\/\/emokebeautyzone.ro\/produs\/lipodrain-activator-de-slabire\/#breadcrumb","itemListElement":[{"@type":"ListItem","position":1,"name":"Prima pagin\u0103","item":"https:\/\/emokebeautyzone.ro\/"},{"@type":"ListItem","position":2,"name":"Magazin","item":"https:\/\/emokebeautyzone.ro\/magazin-emoke-beauty-zone-produse-profesionale-de-frumusete\/"},{"@type":"ListItem","position":3,"name":"LIPODRAIN\u2122 &#8211; Activator de Slabire"}]},{"@type":"WebSite","@id":"https:\/\/emokebeautyzone.ro\/#website","url":"https:\/\/emokebeautyzone.ro\/","name":"Em\u0151ke Beauty Zone","description":"Beauty Zone","publisher":{"@id":"https:\/\/emokebeautyzone.ro\/#organization"},"potentialAction":[{"@type":"SearchAction","target":{"@type":"EntryPoint","urlTemplate":"https:\/\/emokebeautyzone.ro\/?s={search_term_string}"},"query-input":{"@type":"PropertyValueSpecification","valueRequired":true,"valueName":"search_term_string"}}],"inLanguage":"hu"},{"@type":"Organization","@id":"https:\/\/emokebeautyzone.ro\/#organization","name":"Em\u0151ke Beauty Zone","url":"https:\/\/emokebeautyzone.ro\/","logo":{"@type":"ImageObject","inLanguage":"hu","@id":"https:\/\/emokebeautyzone.ro\/#\/schema\/logo\/image\/","url":"https:\/\/emokebeautyzone.ro\/wp-content\/uploads\/2023\/01\/ebz3.jpg","contentUrl":"https:\/\/emokebeautyzone.ro\/wp-content\/uploads\/2023\/01\/ebz3.jpg","width":1024,"height":577,"caption":"Em\u0151ke Beauty Zone"},"image":{"@id":"https:\/\/emokebeautyzone.ro\/#\/schema\/logo\/image\/"},"sameAs":["https:\/\/www.facebook.com\/EmokeBeautyZone","https:\/\/www.instagram.com\/emokebeauty\/","https:\/\/www.tiktok.com\/@emokebeautyzone?_t=8XNHVoBtmsw&_r=1","https:\/\/mero.ro\/p\/emke-beauty-zone?absp=search_autocomplete&qid=50d505c8fda846417b5232705f6da5b9"]}]}},"jetpack_sharing_enabled":true,"_links":{"self":[{"href":"https:\/\/emokebeautyzone.ro\/hu\/wp-json\/wp\/v2\/product\/1484","targetHints":{"allow":["GET"]}}],"collection":[{"href":"https:\/\/emokebeautyzone.ro\/hu\/wp-json\/wp\/v2\/product"}],"about":[{"href":"https:\/\/emokebeautyzone.ro\/hu\/wp-json\/wp\/v2\/types\/product"}],"wp:featuredmedia":[{"embeddable":true,"href":"https:\/\/emokebeautyzone.ro\/hu\/wp-json\/wp\/v2\/media\/1246"}],"wp:attachment":[{"href":"https:\/\/emokebeautyzone.ro\/hu\/wp-json\/wp\/v2\/media?parent=1484"}],"wp:term":[{"taxonomy":"product_brand","embeddable":true,"href":"https:\/\/emokebeautyzone.ro\/hu\/wp-json\/wp\/v2\/product_brand?post=1484"},{"taxonomy":"product_cat","embeddable":true,"href":"https:\/\/emokebeautyzone.ro\/hu\/wp-json\/wp\/v2\/product_cat?post=1484"},{"taxonomy":"product_tag","embeddable":true,"href":"https:\/\/emokebeautyzone.ro\/hu\/wp-json\/wp\/v2\/product_tag?post=1484"}],"curies":[{"name":"wp","href":"https:\/\/api.w.org\/{rel}","templated":true}]}}