

{"id":1483,"date":"2024-07-31T18:45:30","date_gmt":"2024-07-31T18:45:30","guid":{"rendered":"https:\/\/emokebeautyzone.ro\/?post_type=product&#038;p=1483"},"modified":"2024-07-31T18:45:30","modified_gmt":"2024-07-31T18:45:30","slug":"lipobalm-concentrat-lipolitic-200ml","status":"publish","type":"product","link":"https:\/\/emokebeautyzone.ro\/hu\/termek\/lipobalm-concentrat-lipolitic-200ml\/","title":{"rendered":"LIPOBALM\u2122 \u2013 Concentrat Lipolitic &#8211; 200ml"},"content":{"rendered":"<p>LIPOBALM\u2122 este un concentrat lipolitic inovativ orientat spre tratamentele de slabire cu efecte reale si vizibile.<\/p>\n<p><strong>Inovatie:\u00a0Phytosonic\u2122 &#8211; eliminarea adipocitelor prin efect asemanator ultrasunetelor.<\/strong><\/p>\n<p><strong>Ingrediente active:<\/strong>\u00a0Euglena Gracilis + Glaucium Flavum + Cafeina + Macrocystis + Pyrifera + Acid Xymeninic<\/p>\n<p><strong>Siguranta:<\/strong>\u00a0fara parabeni, alcool, coloranti si alergeni.<\/p>\n<p><strong>Indicatii pentru utilizare:<\/strong><\/p>\n<ul>\n<li>Unisex: atat pentru femei, cat si pentru barbati<\/li>\n<li>Tratamente anti-celulita si tratamente de slabire<\/li>\n<li>Tratamente de detoxifiere (detoxifierea celulelor grase)<\/li>\n<li>Tratamente pentru fermitate<\/li>\n<li>Ingrijirea zilnica si remodelare corporala<\/li>\n<\/ul>\n<p><strong>Utilizat ca si concentrat de slabire\u00a0<\/strong><strong>pentru terapii intensive sustinute de cele mai noi proceduri cu efecte de incalzire, cum ar fi:<\/strong><\/p>\n<ul>\n<li>Impachetari corporale (aplicati inainte si\/sau dupa)<\/li>\n<li>Termocuverta (patura cu\u00a0infrarosu\u00a0sau\u00a0patura\u00a0din fibre de carbon)<\/li>\n<\/ul>\n<p><strong>Utilizat ca si crema de final\u00a0<\/strong><strong>la finalul tratamentelor corporale, precum:<\/strong><\/p>\n<ul>\n<li>Dupa masajul manual<\/li>\n<li>Dupa terapiile de slabire cu vacuum (Cellulogy\u2122 si CelluDrain\u2122), cavitatie, RF, lipoliza laser (LipoContour\u2122) pentru a extinde actiunea lipolitica<\/li>\n<\/ul>\n<p><strong>Efecte:<\/strong><\/p>\n<ul>\n<li>Terapii intensive de detoxifiere a pielii si a celulelor graseReduce volumul celulelor grase (actiune de slabire)<\/li>\n<li>Reduce aparitia celulitei<\/li>\n<li>Imbunatateste vitalitatea pielii<\/li>\n<li>Imbunatateste elasticitatea si fermitatea pielii<\/li>\n<li>Ofera fermitate si remodelare corporala<\/li>\n<\/ul>\n<p><strong>Aria de aplicare:<\/strong>\u00a0toate zonele pielii care prezinta umflaturi, obezitate topica si celulita (picioare, fese, talie, antebrate, spate, umeri, altele).<\/p>\n<p><strong>Contraindicatii:<\/strong><\/p>\n<ul>\n<li>Hipersensibilitate la orice component al formularii<\/li>\n<li>Alergie la fructe de mare (deoarece serul contine alge)<\/li>\n<li>Inflamatie acuta (cauzata de bacterii, virusuri sau corpuri straine)<\/li>\n<li>Inflamatie cronica<\/li>\n<li>Tromboza cu risc sau embolie<\/li>\n<li>Edem in urma tratamentului cu carcinom<\/li>\n<li>Edem cauzat de decompensarea cardiaca<\/li>\n<li>Boli oncologice sau interventii chirurgicale pentru cancer<\/li>\n<li>Stare de slabiciune a corpului<\/li>\n<li>Disfunctii cardiace sau boli de inima<\/li>\n<li>Atacuri de respiratie (astm bronsic sau atacuri cauzate de catre menopauza)<\/li>\n<li>Hipotensiune arteriala sau hipertensiune arteriala<\/li>\n<li>Disfunctie tiroidiana<\/li>\n<li>Hipertiroidism (din cauza componentelor algelor marine bogate in iod)<\/li>\n<li>Disfunctie hepatica (din cauza dezintoxicarii intense a corpului)<\/li>\n<li>Sarcina si \/ sau alaptarea, menstruatie<\/li>\n<li>Febra sau extractii ale dintilor<\/li>\n<li>Diabet<\/li>\n<\/ul>\n<p><strong>Precautii:<\/strong><\/p>\n<ul>\n<li>Doar pentru uz extern.<\/li>\n<li>A nu se folosi in cadrul tratametelor cu ac.<\/li>\n<li>A nu se lasa la indemana copiilor.<\/li>\n<\/ul>\n<p><strong>Rezultate:<\/strong><\/p>\n<ul>\n<li>Imbunatatirea vizibila a starii pielii dupa un singur tratament.<\/li>\n<li>Reducerea aspectului de coaja de portocala al pielii.<\/li>\n<li>Aplicarea regulata asigura o imbunatatire spectaculoasa a pielii.<\/li>\n<\/ul>\n<p><strong>Informatii aditionale:<\/strong><\/p>\n<ul>\n<li>Poate fi amestecat cu\u00a0<a href=\"https:\/\/www.completebeauty.ro\/cosmetica\/dermedics-produse-corporale-lipodrain.html\">LIPODRAIN &#8211; Activator de Slabire<\/a>.<\/li>\n<li>Poate fi amestecat cu MESO SLIM si cuMESO CAPIL in cadrul unui singur tratament (varianta doar pentru utilzarea in cadrul centrelor de estetica).<\/li>\n<li>Produsul este solubil in apa: in contact cu apa calda, se transforma in lotiune ceea ce il face sa fie si mai usor absorbit de catre piele (nu este necesar sa faceti dus dupa tratament; indepartati excesul cu un prosop de celuloza umeda).<\/li>\n<\/ul>\n<p><strong>Cantitate:<\/strong>\u00a0200 ml.<\/p>","protected":false},"excerpt":{"rendered":"<p>LIPOBALM\u2122 este un concentrat lipolitic inovativ orientat spre tratamentele de slabire cu efecte reale si vizibile. Inovatie:\u00a0Phytosonic\u2122 &#8211; eliminarea adipocitelor prin efect asemanator ultrasunetelor. Ingrediente active:\u00a0Euglena Gracilis + Glaucium Flavum + Cafeina + Macrocystis + Pyrifera + Acid Xymeninic Siguranta:\u00a0fara parabeni, alcool, coloranti si alergeni. Indicatii pentru utilizare: Unisex: atat pentru femei, cat si pentru [&hellip;]<\/p>","protected":false},"featured_media":1245,"template":"","meta":{"ocean_post_layout":"","ocean_both_sidebars_style":"","ocean_both_sidebars_content_width":0,"ocean_both_sidebars_sidebars_width":0,"ocean_sidebar":"0","ocean_second_sidebar":"0","ocean_disable_margins":"enable","ocean_add_body_class":"","ocean_shortcode_before_top_bar":"","ocean_shortcode_after_top_bar":"","ocean_shortcode_before_header":"","ocean_shortcode_after_header":"","ocean_has_shortcode":"","ocean_shortcode_after_title":"","ocean_shortcode_before_footer_widgets":"","ocean_shortcode_after_footer_widgets":"","ocean_shortcode_before_footer_bottom":"","ocean_shortcode_after_footer_bottom":"","ocean_display_top_bar":"default","ocean_display_header":"default","ocean_header_style":"","ocean_center_header_left_menu":"0","ocean_custom_header_template":"0","ocean_custom_logo":0,"ocean_custom_retina_logo":0,"ocean_custom_logo_max_width":0,"ocean_custom_logo_tablet_max_width":0,"ocean_custom_logo_mobile_max_width":0,"ocean_custom_logo_max_height":0,"ocean_custom_logo_tablet_max_height":0,"ocean_custom_logo_mobile_max_height":0,"ocean_header_custom_menu":"0","ocean_menu_typo_font_family":"0","ocean_menu_typo_font_subset":"","ocean_menu_typo_font_size":0,"ocean_menu_typo_font_size_tablet":0,"ocean_menu_typo_font_size_mobile":0,"ocean_menu_typo_font_size_unit":"px","ocean_menu_typo_font_weight":"","ocean_menu_typo_font_weight_tablet":"","ocean_menu_typo_font_weight_mobile":"","ocean_menu_typo_transform":"","ocean_menu_typo_transform_tablet":"","ocean_menu_typo_transform_mobile":"","ocean_menu_typo_line_height":0,"ocean_menu_typo_line_height_tablet":0,"ocean_menu_typo_line_height_mobile":0,"ocean_menu_typo_line_height_unit":"","ocean_menu_typo_spacing":0,"ocean_menu_typo_spacing_tablet":0,"ocean_menu_typo_spacing_mobile":0,"ocean_menu_typo_spacing_unit":"","ocean_menu_link_color":"","ocean_menu_link_color_hover":"","ocean_menu_link_color_active":"","ocean_menu_link_background":"","ocean_menu_link_hover_background":"","ocean_menu_link_active_background":"","ocean_menu_social_links_bg":"","ocean_menu_social_hover_links_bg":"","ocean_menu_social_links_color":"","ocean_menu_social_hover_links_color":"","ocean_disable_title":"default","ocean_disable_heading":"default","ocean_post_title":"","ocean_post_subheading":"","ocean_post_title_style":"","ocean_post_title_background_color":"","ocean_post_title_background":0,"ocean_post_title_bg_image_position":"","ocean_post_title_bg_image_attachment":"","ocean_post_title_bg_image_repeat":"","ocean_post_title_bg_image_size":"","ocean_post_title_height":0,"ocean_post_title_bg_overlay":0.5,"ocean_post_title_bg_overlay_color":"","ocean_disable_breadcrumbs":"default","ocean_breadcrumbs_color":"","ocean_breadcrumbs_separator_color":"","ocean_breadcrumbs_links_color":"","ocean_breadcrumbs_links_hover_color":"","ocean_display_footer_widgets":"default","ocean_display_footer_bottom":"default","ocean_custom_footer_template":"0"},"product_brand":[],"product_cat":[32,38],"product_tag":[],"class_list":{"0":"post-1483","1":"product","2":"type-product","3":"status-publish","4":"has-post-thumbnail","6":"product_cat-beauty","7":"product_cat-dermedics","9":"entry","10":"has-media","12":"first","13":"instock","14":"shipping-taxable","15":"purchasable","16":"product-type-simple","17":"has-product-nav","18":"col","19":"span_1_of_3","20":"owp-content-center","21":"owp-thumbs-layout-horizontal","22":"owp-btn-normal","23":"owp-tabs-layout-horizontal","24":"has-no-thumbnails"},"yoast_head":"<!-- This site is optimized with the Yoast SEO plugin v25.2 - https:\/\/yoast.com\/wordpress\/plugins\/seo\/ -->\n<title>LIPOBALM\u2122 \u2013 Concentrat Lipolitic - 200ml - Em\u0151ke Beauty Zone<\/title>\n<meta name=\"robots\" content=\"index, follow, max-snippet:-1, max-image-preview:large, max-video-preview:-1\" \/>\n<link rel=\"canonical\" href=\"https:\/\/emokebeautyzone.ro\/hu\/termek\/lipobalm-concentrat-lipolitic-200ml\/\" \/>\n<meta property=\"og:locale\" content=\"hu_HU\" \/>\n<meta property=\"og:type\" content=\"article\" \/>\n<meta property=\"og:title\" content=\"LIPOBALM\u2122 \u2013 Concentrat Lipolitic - 200ml - Em\u0151ke Beauty Zone\" \/>\n<meta property=\"og:description\" content=\"LIPOBALM\u2122 este un concentrat lipolitic inovativ orientat spre tratamentele de slabire cu efecte reale si vizibile. Inovatie:\u00a0Phytosonic\u2122 &#8211; eliminarea adipocitelor prin efect asemanator ultrasunetelor. Ingrediente active:\u00a0Euglena Gracilis + Glaucium Flavum + Cafeina + Macrocystis + Pyrifera + Acid Xymeninic Siguranta:\u00a0fara parabeni, alcool, coloranti si alergeni. Indicatii pentru utilizare: Unisex: atat pentru femei, cat si pentru [&hellip;]\" \/>\n<meta property=\"og:url\" content=\"https:\/\/emokebeautyzone.ro\/hu\/termek\/lipobalm-concentrat-lipolitic-200ml\/\" \/>\n<meta property=\"og:site_name\" content=\"Em\u0151ke Beauty Zone\" \/>\n<meta property=\"article:publisher\" content=\"https:\/\/www.facebook.com\/EmokeBeautyZone\" \/>\n<meta property=\"og:image\" content=\"https:\/\/emokebeautyzone.ro\/wp-content\/uploads\/2024\/05\/dermedics_SLIM_lipo_BALM_200ml.jpg\" \/>\n\t<meta property=\"og:image:width\" content=\"1667\" \/>\n\t<meta property=\"og:image:height\" content=\"2500\" \/>\n\t<meta property=\"og:image:type\" content=\"image\/jpeg\" \/>\n<meta name=\"twitter:card\" content=\"summary_large_image\" \/>\n<meta name=\"twitter:label1\" content=\"Becs\u00fclt olvas\u00e1si id\u0151\" \/>\n\t<meta name=\"twitter:data1\" content=\"2 perc\" \/>\n<script type=\"application\/ld+json\" class=\"yoast-schema-graph\">{\"@context\":\"https:\/\/schema.org\",\"@graph\":[{\"@type\":\"WebPage\",\"@id\":\"https:\/\/emokebeautyzone.ro\/produs\/lipobalm-concentrat-lipolitic-200ml\/\",\"url\":\"https:\/\/emokebeautyzone.ro\/produs\/lipobalm-concentrat-lipolitic-200ml\/\",\"name\":\"LIPOBALM\u2122 \u2013 Concentrat Lipolitic - 200ml - Em\u0151ke Beauty Zone\",\"isPartOf\":{\"@id\":\"https:\/\/emokebeautyzone.ro\/#website\"},\"primaryImageOfPage\":{\"@id\":\"https:\/\/emokebeautyzone.ro\/produs\/lipobalm-concentrat-lipolitic-200ml\/#primaryimage\"},\"image\":{\"@id\":\"https:\/\/emokebeautyzone.ro\/produs\/lipobalm-concentrat-lipolitic-200ml\/#primaryimage\"},\"thumbnailUrl\":\"https:\/\/emokebeautyzone.ro\/wp-content\/uploads\/2024\/05\/dermedics_SLIM_lipo_BALM_200ml.jpg\",\"datePublished\":\"2024-07-31T18:45:30+00:00\",\"breadcrumb\":{\"@id\":\"https:\/\/emokebeautyzone.ro\/produs\/lipobalm-concentrat-lipolitic-200ml\/#breadcrumb\"},\"inLanguage\":\"hu\",\"potentialAction\":[{\"@type\":\"ReadAction\",\"target\":[\"https:\/\/emokebeautyzone.ro\/produs\/lipobalm-concentrat-lipolitic-200ml\/\"]}]},{\"@type\":\"ImageObject\",\"inLanguage\":\"hu\",\"@id\":\"https:\/\/emokebeautyzone.ro\/produs\/lipobalm-concentrat-lipolitic-200ml\/#primaryimage\",\"url\":\"https:\/\/emokebeautyzone.ro\/wp-content\/uploads\/2024\/05\/dermedics_SLIM_lipo_BALM_200ml.jpg\",\"contentUrl\":\"https:\/\/emokebeautyzone.ro\/wp-content\/uploads\/2024\/05\/dermedics_SLIM_lipo_BALM_200ml.jpg\",\"width\":1667,\"height\":2500},{\"@type\":\"BreadcrumbList\",\"@id\":\"https:\/\/emokebeautyzone.ro\/produs\/lipobalm-concentrat-lipolitic-200ml\/#breadcrumb\",\"itemListElement\":[{\"@type\":\"ListItem\",\"position\":1,\"name\":\"Prima pagin\u0103\",\"item\":\"https:\/\/emokebeautyzone.ro\/\"},{\"@type\":\"ListItem\",\"position\":2,\"name\":\"Magazin\",\"item\":\"https:\/\/emokebeautyzone.ro\/magazin-emoke-beauty-zone-produse-profesionale-de-frumusete\/\"},{\"@type\":\"ListItem\",\"position\":3,\"name\":\"LIPOBALM\u2122 \u2013 Concentrat Lipolitic &#8211; 200ml\"}]},{\"@type\":\"WebSite\",\"@id\":\"https:\/\/emokebeautyzone.ro\/#website\",\"url\":\"https:\/\/emokebeautyzone.ro\/\",\"name\":\"Em\u0151ke Beauty Zone\",\"description\":\"Beauty Zone\",\"publisher\":{\"@id\":\"https:\/\/emokebeautyzone.ro\/#organization\"},\"potentialAction\":[{\"@type\":\"SearchAction\",\"target\":{\"@type\":\"EntryPoint\",\"urlTemplate\":\"https:\/\/emokebeautyzone.ro\/?s={search_term_string}\"},\"query-input\":{\"@type\":\"PropertyValueSpecification\",\"valueRequired\":true,\"valueName\":\"search_term_string\"}}],\"inLanguage\":\"hu\"},{\"@type\":\"Organization\",\"@id\":\"https:\/\/emokebeautyzone.ro\/#organization\",\"name\":\"Em\u0151ke Beauty Zone\",\"url\":\"https:\/\/emokebeautyzone.ro\/\",\"logo\":{\"@type\":\"ImageObject\",\"inLanguage\":\"hu\",\"@id\":\"https:\/\/emokebeautyzone.ro\/#\/schema\/logo\/image\/\",\"url\":\"https:\/\/emokebeautyzone.ro\/wp-content\/uploads\/2023\/01\/ebz3.jpg\",\"contentUrl\":\"https:\/\/emokebeautyzone.ro\/wp-content\/uploads\/2023\/01\/ebz3.jpg\",\"width\":1024,\"height\":577,\"caption\":\"Em\u0151ke Beauty Zone\"},\"image\":{\"@id\":\"https:\/\/emokebeautyzone.ro\/#\/schema\/logo\/image\/\"},\"sameAs\":[\"https:\/\/www.facebook.com\/EmokeBeautyZone\",\"https:\/\/www.instagram.com\/emokebeauty\/\",\"https:\/\/www.tiktok.com\/@emokebeautyzone?_t=8XNHVoBtmsw&_r=1\",\"https:\/\/mero.ro\/p\/emke-beauty-zone?absp=search_autocomplete&qid=50d505c8fda846417b5232705f6da5b9\"]}]}<\/script>\n<!-- \/ Yoast SEO plugin. -->","yoast_head_json":{"title":"LIPOBALM\u2122 \u2013 Concentrat Lipolitic - 200ml - Em\u0151ke Beauty Zone","robots":{"index":"index","follow":"follow","max-snippet":"max-snippet:-1","max-image-preview":"max-image-preview:large","max-video-preview":"max-video-preview:-1"},"canonical":"https:\/\/emokebeautyzone.ro\/hu\/termek\/lipobalm-concentrat-lipolitic-200ml\/","og_locale":"hu_HU","og_type":"article","og_title":"LIPOBALM\u2122 \u2013 Concentrat Lipolitic - 200ml - Em\u0151ke Beauty Zone","og_description":"LIPOBALM\u2122 este un concentrat lipolitic inovativ orientat spre tratamentele de slabire cu efecte reale si vizibile. Inovatie:\u00a0Phytosonic\u2122 &#8211; eliminarea adipocitelor prin efect asemanator ultrasunetelor. Ingrediente active:\u00a0Euglena Gracilis + Glaucium Flavum + Cafeina + Macrocystis + Pyrifera + Acid Xymeninic Siguranta:\u00a0fara parabeni, alcool, coloranti si alergeni. Indicatii pentru utilizare: Unisex: atat pentru femei, cat si pentru [&hellip;]","og_url":"https:\/\/emokebeautyzone.ro\/hu\/termek\/lipobalm-concentrat-lipolitic-200ml\/","og_site_name":"Em\u0151ke Beauty Zone","article_publisher":"https:\/\/www.facebook.com\/EmokeBeautyZone","og_image":[{"width":1667,"height":2500,"url":"https:\/\/emokebeautyzone.ro\/wp-content\/uploads\/2024\/05\/dermedics_SLIM_lipo_BALM_200ml.jpg","type":"image\/jpeg"}],"twitter_card":"summary_large_image","twitter_misc":{"Becs\u00fclt olvas\u00e1si id\u0151":"2 perc"},"schema":{"@context":"https:\/\/schema.org","@graph":[{"@type":"WebPage","@id":"https:\/\/emokebeautyzone.ro\/produs\/lipobalm-concentrat-lipolitic-200ml\/","url":"https:\/\/emokebeautyzone.ro\/produs\/lipobalm-concentrat-lipolitic-200ml\/","name":"LIPOBALM\u2122 \u2013 Concentrat Lipolitic - 200ml - Em\u0151ke Beauty Zone","isPartOf":{"@id":"https:\/\/emokebeautyzone.ro\/#website"},"primaryImageOfPage":{"@id":"https:\/\/emokebeautyzone.ro\/produs\/lipobalm-concentrat-lipolitic-200ml\/#primaryimage"},"image":{"@id":"https:\/\/emokebeautyzone.ro\/produs\/lipobalm-concentrat-lipolitic-200ml\/#primaryimage"},"thumbnailUrl":"https:\/\/emokebeautyzone.ro\/wp-content\/uploads\/2024\/05\/dermedics_SLIM_lipo_BALM_200ml.jpg","datePublished":"2024-07-31T18:45:30+00:00","breadcrumb":{"@id":"https:\/\/emokebeautyzone.ro\/produs\/lipobalm-concentrat-lipolitic-200ml\/#breadcrumb"},"inLanguage":"hu","potentialAction":[{"@type":"ReadAction","target":["https:\/\/emokebeautyzone.ro\/produs\/lipobalm-concentrat-lipolitic-200ml\/"]}]},{"@type":"ImageObject","inLanguage":"hu","@id":"https:\/\/emokebeautyzone.ro\/produs\/lipobalm-concentrat-lipolitic-200ml\/#primaryimage","url":"https:\/\/emokebeautyzone.ro\/wp-content\/uploads\/2024\/05\/dermedics_SLIM_lipo_BALM_200ml.jpg","contentUrl":"https:\/\/emokebeautyzone.ro\/wp-content\/uploads\/2024\/05\/dermedics_SLIM_lipo_BALM_200ml.jpg","width":1667,"height":2500},{"@type":"BreadcrumbList","@id":"https:\/\/emokebeautyzone.ro\/produs\/lipobalm-concentrat-lipolitic-200ml\/#breadcrumb","itemListElement":[{"@type":"ListItem","position":1,"name":"Prima pagin\u0103","item":"https:\/\/emokebeautyzone.ro\/"},{"@type":"ListItem","position":2,"name":"Magazin","item":"https:\/\/emokebeautyzone.ro\/magazin-emoke-beauty-zone-produse-profesionale-de-frumusete\/"},{"@type":"ListItem","position":3,"name":"LIPOBALM\u2122 \u2013 Concentrat Lipolitic &#8211; 200ml"}]},{"@type":"WebSite","@id":"https:\/\/emokebeautyzone.ro\/#website","url":"https:\/\/emokebeautyzone.ro\/","name":"Em\u0151ke Beauty Zone","description":"Beauty Zone","publisher":{"@id":"https:\/\/emokebeautyzone.ro\/#organization"},"potentialAction":[{"@type":"SearchAction","target":{"@type":"EntryPoint","urlTemplate":"https:\/\/emokebeautyzone.ro\/?s={search_term_string}"},"query-input":{"@type":"PropertyValueSpecification","valueRequired":true,"valueName":"search_term_string"}}],"inLanguage":"hu"},{"@type":"Organization","@id":"https:\/\/emokebeautyzone.ro\/#organization","name":"Em\u0151ke Beauty Zone","url":"https:\/\/emokebeautyzone.ro\/","logo":{"@type":"ImageObject","inLanguage":"hu","@id":"https:\/\/emokebeautyzone.ro\/#\/schema\/logo\/image\/","url":"https:\/\/emokebeautyzone.ro\/wp-content\/uploads\/2023\/01\/ebz3.jpg","contentUrl":"https:\/\/emokebeautyzone.ro\/wp-content\/uploads\/2023\/01\/ebz3.jpg","width":1024,"height":577,"caption":"Em\u0151ke Beauty Zone"},"image":{"@id":"https:\/\/emokebeautyzone.ro\/#\/schema\/logo\/image\/"},"sameAs":["https:\/\/www.facebook.com\/EmokeBeautyZone","https:\/\/www.instagram.com\/emokebeauty\/","https:\/\/www.tiktok.com\/@emokebeautyzone?_t=8XNHVoBtmsw&_r=1","https:\/\/mero.ro\/p\/emke-beauty-zone?absp=search_autocomplete&qid=50d505c8fda846417b5232705f6da5b9"]}]}},"jetpack_sharing_enabled":true,"_links":{"self":[{"href":"https:\/\/emokebeautyzone.ro\/hu\/wp-json\/wp\/v2\/product\/1483","targetHints":{"allow":["GET"]}}],"collection":[{"href":"https:\/\/emokebeautyzone.ro\/hu\/wp-json\/wp\/v2\/product"}],"about":[{"href":"https:\/\/emokebeautyzone.ro\/hu\/wp-json\/wp\/v2\/types\/product"}],"wp:featuredmedia":[{"embeddable":true,"href":"https:\/\/emokebeautyzone.ro\/hu\/wp-json\/wp\/v2\/media\/1245"}],"wp:attachment":[{"href":"https:\/\/emokebeautyzone.ro\/hu\/wp-json\/wp\/v2\/media?parent=1483"}],"wp:term":[{"taxonomy":"product_brand","embeddable":true,"href":"https:\/\/emokebeautyzone.ro\/hu\/wp-json\/wp\/v2\/product_brand?post=1483"},{"taxonomy":"product_cat","embeddable":true,"href":"https:\/\/emokebeautyzone.ro\/hu\/wp-json\/wp\/v2\/product_cat?post=1483"},{"taxonomy":"product_tag","embeddable":true,"href":"https:\/\/emokebeautyzone.ro\/hu\/wp-json\/wp\/v2\/product_tag?post=1483"}],"curies":[{"name":"wp","href":"https:\/\/api.w.org\/{rel}","templated":true}]}}