

{"id":1482,"date":"2024-07-31T18:40:06","date_gmt":"2024-07-31T18:40:06","guid":{"rendered":"https:\/\/emokebeautyzone.ro\/?post_type=product&#038;p=1482"},"modified":"2026-03-27T08:50:43","modified_gmt":"2026-03-27T08:50:43","slug":"dermedics-uv-protective-cream-spf50-50-ml","status":"publish","type":"product","link":"https:\/\/emokebeautyzone.ro\/hu\/termek\/dermedics-uv-protective-cream-spf50-50-ml\/","title":{"rendered":"Dermedics UV Protective Cream SPF50, 50 ml"},"content":{"rendered":"<p data-start=\"0\" data-end=\"239\">YOUTH EXPERT\u2122 UV Protective Cream SPF50 este crema noastr\u0103 preferat\u0103 pentru protec\u021bie zilnic\u0103 \u2014 o formul\u0103 u\u0219oar\u0103, f\u0103r\u0103 efect gras sau pelicul\u0103 alb\u0103, care ofer\u0103 protec\u021bie avansat\u0103 UVA\/UVB \u0219i \u00eengrijire premium pentru toate tipurile de piele.<\/p>\n<p data-start=\"241\" data-end=\"485\" data-is-last-node=\"\" data-is-only-node=\"\">Ne place foarte mult pentru c\u0103 se absoarbe rapid, hidrateaz\u0103, calmeaz\u0103 pielea \u0219i este ideal\u0103 at\u00e2t acas\u0103, c\u00e2t \u0219i \u00een salon, mai ales dup\u0103 proceduri estetice. O alegem cu \u00eencredere pentru confort, protec\u021bie ridicat\u0103 \u0219i un aspect natural al pielii.<\/p>\n<p>Ingrediente active:<\/p>\n<p>Filtre chimice (organice): Octocrylene + Octinoxate + Octisalicylate in combinatie cu Ethylhexyl Triazone, Diethylamino Hydroxybenzoyl Hexyl Benzoate, Di-C12-13 Alkyl Malate, Diisopropyl Adipate (absorb razele printr-o reactie chimica care disipeaza caldura de pe piele)<br \/>\nFiltre fizice (anorganice\/minerale): Dioxid de Titan (TiO2) incapsulat in margele de siliciu (reflecta ca o oglinda razele solare pentru a proteja pielea expusa)<br \/>\nFoto-protectie: HDBM (factor avansat non-UV, care absoarbe razele si care lupta impotriva stresului oxidativ)<br \/>\nAnti-oxidant: Vitamina E<br \/>\nAnti-inflamator: Thermus Thermophilus Ferment<\/p>\n<p>INOVATIE:<\/p>\n<p>Margele de siliciu + TiO2 in interior = fara nano-materiale si aprobat de catre ECOCERT!<br \/>\nHDBM \u2013 factor avansat non-UV, inovativ si anti-oxidant. Previne imbatranirea prematura a pielii. Protejeaza stratul lipidic al pielii (agent ideal pentru controlul oxidarii sebumului) si ofera protectie indelungata anti-radicali. Cunoscut deja de la Crema #1 GEN\u2019X by DERMEDICS\u00ae.<br \/>\nO textura incredibila de usoara = nu creeaza efect de masca<br \/>\nWhite-free = nu lasa filtru alb pe piele<\/p>\n<p>Indicatii pentru utilizare:<\/p>\n<p>Unisex: atat pentru femei, cat si pentru barbati indiferent de varsta.<br \/>\nVarsta: adulti fara limita de varsta.<br \/>\nUtilizare adecvata: se aplica 2mg \/ cm2, la 15 minute inainte de expunerea la UV si-se reaplica in termen de 2-3 ore<br \/>\nProtectie ridicata dupa proceduri invazive.<br \/>\nIngrijire specializata a pielii cu protectie ulterioara ridicata pentru expunerea UV dupa tratamente (de obicei 2-3 saptamani)<\/p>\n<p>Efecte:<\/p>\n<p>Protectie ridicata impotriva razelor solare<br \/>\nSprijina reducerea traumei pielii post-tratamente<br \/>\nPiele hidratata<\/p>\n<p>Tipuri de tramente:<\/p>\n<p>Crema de final pentru toate procedurile cosmetice<br \/>\nIngrijire post-tratament dupa microdermabraziune, peeling chimic, epilarea, foto-epilarea etc<\/p>\n<p>Aria de aplicare:<\/p>\n<p>Recomandata pentru: fata, gat, decolteu.<br \/>\nOptional: partile superioare ale mainilor si alte zone ale corpului, in functie de necesitati.<\/p>\n<p>Precautii:<\/p>\n<p>Reaplicati frecvent pentru a mentine protectia, mai ales dupa transpiratie, inot sau dupa stergerea cu prosopul.<br \/>\nNu stati prea mult timp la soare, chiar daca utilizati produse cu protectie solara.<br \/>\nProdusele cu protectie solara nu ofera protectie 100% fata de UV.<br \/>\nSupraexpunerea la soare reprezinta o amenintare grava la adresa sanatatii. Numai pentru adulti.<br \/>\nDoar pentru uz extern. A nu se lasa la indemana copiilor.<br \/>\nContraindicatii: hipersensibilitate la oricare component al formulei.<\/p>","protected":false},"excerpt":{"rendered":"<p data-start=\"0\" data-end=\"239\">YOUTH EXPERT\u2122 UV Protective Cream SPF50 este crema noastr\u0103 preferat\u0103 pentru protec\u021bie zilnic\u0103 \u2014 o formul\u0103 u\u0219oar\u0103, f\u0103r\u0103 efect gras sau pelicul\u0103 alb\u0103, care ofer\u0103 protec\u021bie avansat\u0103 UVA\/UVB \u0219i \u00eengrijire premium pentru toate tipurile de piele.<\/p>\n<p data-start=\"241\" data-end=\"485\" data-is-last-node=\"\" data-is-only-node=\"\">Ne place foarte mult pentru c\u0103 se absoarbe rapid, hidrateaz\u0103, calmeaz\u0103 pielea \u0219i este ideal\u0103 at\u00e2t acas\u0103, c\u00e2t \u0219i \u00een salon, mai ales dup\u0103 proceduri estetice. O alegem cu \u00eencredere pentru confort, protec\u021bie ridicat\u0103 \u0219i un aspect natural al pielii.<\/p>","protected":false},"featured_media":1238,"template":"","meta":{"ocean_post_layout":"","ocean_both_sidebars_style":"","ocean_both_sidebars_content_width":0,"ocean_both_sidebars_sidebars_width":0,"ocean_sidebar":"0","ocean_second_sidebar":"0","ocean_disable_margins":"enable","ocean_add_body_class":"","ocean_shortcode_before_top_bar":"","ocean_shortcode_after_top_bar":"","ocean_shortcode_before_header":"","ocean_shortcode_after_header":"","ocean_has_shortcode":"","ocean_shortcode_after_title":"","ocean_shortcode_before_footer_widgets":"","ocean_shortcode_after_footer_widgets":"","ocean_shortcode_before_footer_bottom":"","ocean_shortcode_after_footer_bottom":"","ocean_display_top_bar":"default","ocean_display_header":"default","ocean_header_style":"","ocean_center_header_left_menu":"0","ocean_custom_header_template":"0","ocean_custom_logo":0,"ocean_custom_retina_logo":0,"ocean_custom_logo_max_width":0,"ocean_custom_logo_tablet_max_width":0,"ocean_custom_logo_mobile_max_width":0,"ocean_custom_logo_max_height":0,"ocean_custom_logo_tablet_max_height":0,"ocean_custom_logo_mobile_max_height":0,"ocean_header_custom_menu":"0","ocean_menu_typo_font_family":"0","ocean_menu_typo_font_subset":"","ocean_menu_typo_font_size":0,"ocean_menu_typo_font_size_tablet":0,"ocean_menu_typo_font_size_mobile":0,"ocean_menu_typo_font_size_unit":"px","ocean_menu_typo_font_weight":"","ocean_menu_typo_font_weight_tablet":"","ocean_menu_typo_font_weight_mobile":"","ocean_menu_typo_transform":"","ocean_menu_typo_transform_tablet":"","ocean_menu_typo_transform_mobile":"","ocean_menu_typo_line_height":0,"ocean_menu_typo_line_height_tablet":0,"ocean_menu_typo_line_height_mobile":0,"ocean_menu_typo_line_height_unit":"","ocean_menu_typo_spacing":0,"ocean_menu_typo_spacing_tablet":0,"ocean_menu_typo_spacing_mobile":0,"ocean_menu_typo_spacing_unit":"","ocean_menu_link_color":"","ocean_menu_link_color_hover":"","ocean_menu_link_color_active":"","ocean_menu_link_background":"","ocean_menu_link_hover_background":"","ocean_menu_link_active_background":"","ocean_menu_social_links_bg":"","ocean_menu_social_hover_links_bg":"","ocean_menu_social_links_color":"","ocean_menu_social_hover_links_color":"","ocean_disable_title":"default","ocean_disable_heading":"default","ocean_post_title":"","ocean_post_subheading":"","ocean_post_title_style":"","ocean_post_title_background_color":"","ocean_post_title_background":0,"ocean_post_title_bg_image_position":"","ocean_post_title_bg_image_attachment":"","ocean_post_title_bg_image_repeat":"","ocean_post_title_bg_image_size":"","ocean_post_title_height":0,"ocean_post_title_bg_overlay":0.5,"ocean_post_title_bg_overlay_color":"","ocean_disable_breadcrumbs":"default","ocean_breadcrumbs_color":"","ocean_breadcrumbs_separator_color":"","ocean_breadcrumbs_links_color":"","ocean_breadcrumbs_links_hover_color":"","ocean_display_footer_widgets":"default","ocean_display_footer_bottom":"default","ocean_custom_footer_template":"0"},"product_brand":[],"product_cat":[32,38],"product_tag":[],"class_list":{"0":"post-1482","1":"product","2":"type-product","3":"status-publish","4":"has-post-thumbnail","6":"product_cat-beauty","7":"product_cat-dermedics","9":"entry","10":"has-media","12":"first","13":"instock","14":"shipping-taxable","15":"purchasable","16":"product-type-simple","17":"has-product-nav","18":"col","19":"span_1_of_3","20":"owp-content-center","21":"owp-thumbs-layout-horizontal","22":"owp-btn-normal","23":"owp-tabs-layout-horizontal"},"yoast_head":"<!-- This site is optimized with the Yoast SEO plugin v25.2 - https:\/\/yoast.com\/wordpress\/plugins\/seo\/ -->\n<title>Dermedics UV Protective Cream SPF50, 50 ml - Em\u0151ke Beauty Zone<\/title>\n<meta name=\"description\" content=\"YOUTH EXPERT\u2122 UV Protective Cream SPF50 este crema noastr\u0103 preferat\u0103 pentru protec\u021bie zilnic\u0103 \u2014 o formul\u0103 u\u0219oar\u0103, f\u0103r\u0103 efect gras sau pelicul\u0103 alb\u0103, care ofer\u0103 protec\u021bie avansat\u0103 UVA\/UVB \u0219i \u00eengrijire premium pentru toate tipurile de piele.Ne place foarte mult pentru c\u0103 se absoarbe rapid, hidrateaz\u0103, calmeaz\u0103 pielea \u0219i este ideal\u0103 at\u00e2t acas\u0103, c\u00e2t \u0219i \u00een salon, mai ales dup\u0103 proceduri estetice. O alegem cu \u00eencredere pentru confort, protec\u021bie ridicat\u0103 \u0219i un aspect natural al pielii.\" \/>\n<meta name=\"robots\" content=\"index, follow, max-snippet:-1, max-image-preview:large, max-video-preview:-1\" \/>\n<link rel=\"canonical\" href=\"https:\/\/emokebeautyzone.ro\/hu\/termek\/dermedics-uv-protective-cream-spf50-50-ml\/\" \/>\n<meta property=\"og:locale\" content=\"hu_HU\" \/>\n<meta property=\"og:type\" content=\"article\" \/>\n<meta property=\"og:title\" content=\"Dermedics UV Protective Cream SPF50, 50 ml - Em\u0151ke Beauty Zone\" \/>\n<meta property=\"og:description\" content=\"YOUTH EXPERT\u2122 UV Protective Cream SPF50 este crema noastr\u0103 preferat\u0103 pentru protec\u021bie zilnic\u0103 \u2014 o formul\u0103 u\u0219oar\u0103, f\u0103r\u0103 efect gras sau pelicul\u0103 alb\u0103, care ofer\u0103 protec\u021bie avansat\u0103 UVA\/UVB \u0219i \u00eengrijire premium pentru toate tipurile de piele.Ne place foarte mult pentru c\u0103 se absoarbe rapid, hidrateaz\u0103, calmeaz\u0103 pielea \u0219i este ideal\u0103 at\u00e2t acas\u0103, c\u00e2t \u0219i \u00een salon, mai ales dup\u0103 proceduri estetice. O alegem cu \u00eencredere pentru confort, protec\u021bie ridicat\u0103 \u0219i un aspect natural al pielii.\" \/>\n<meta property=\"og:url\" content=\"https:\/\/emokebeautyzone.ro\/hu\/termek\/dermedics-uv-protective-cream-spf50-50-ml\/\" \/>\n<meta property=\"og:site_name\" content=\"Em\u0151ke Beauty Zone\" \/>\n<meta property=\"article:publisher\" content=\"https:\/\/www.facebook.com\/EmokeBeautyZone\" \/>\n<meta property=\"article:modified_time\" content=\"2026-03-27T08:50:43+00:00\" \/>\n<meta property=\"og:image\" content=\"https:\/\/emokebeautyzone.ro\/wp-content\/uploads\/2024\/05\/dermedics_SPF50_cream_50ml.jpg\" \/>\n\t<meta property=\"og:image:width\" content=\"1667\" \/>\n\t<meta property=\"og:image:height\" content=\"2500\" \/>\n\t<meta property=\"og:image:type\" content=\"image\/jpeg\" \/>\n<meta name=\"twitter:card\" content=\"summary_large_image\" \/>\n<meta name=\"twitter:label1\" content=\"Becs\u00fclt olvas\u00e1si id\u0151\" \/>\n\t<meta name=\"twitter:data1\" content=\"3 perc\" \/>\n<script type=\"application\/ld+json\" class=\"yoast-schema-graph\">{\"@context\":\"https:\/\/schema.org\",\"@graph\":[{\"@type\":\"WebPage\",\"@id\":\"https:\/\/emokebeautyzone.ro\/produs\/dermedics-uv-protective-cream-spf50-50-ml\/\",\"url\":\"https:\/\/emokebeautyzone.ro\/produs\/dermedics-uv-protective-cream-spf50-50-ml\/\",\"name\":\"Dermedics UV Protective Cream SPF50, 50 ml - Em\u0151ke Beauty Zone\",\"isPartOf\":{\"@id\":\"https:\/\/emokebeautyzone.ro\/#website\"},\"primaryImageOfPage\":{\"@id\":\"https:\/\/emokebeautyzone.ro\/produs\/dermedics-uv-protective-cream-spf50-50-ml\/#primaryimage\"},\"image\":{\"@id\":\"https:\/\/emokebeautyzone.ro\/produs\/dermedics-uv-protective-cream-spf50-50-ml\/#primaryimage\"},\"thumbnailUrl\":\"https:\/\/emokebeautyzone.ro\/wp-content\/uploads\/2024\/05\/dermedics_SPF50_cream_50ml.jpg\",\"datePublished\":\"2024-07-31T18:40:06+00:00\",\"dateModified\":\"2026-03-27T08:50:43+00:00\",\"description\":\"YOUTH EXPERT\u2122 UV Protective Cream SPF50 este crema noastr\u0103 preferat\u0103 pentru protec\u021bie zilnic\u0103 \u2014 o formul\u0103 u\u0219oar\u0103, f\u0103r\u0103 efect gras sau pelicul\u0103 alb\u0103, care ofer\u0103 protec\u021bie avansat\u0103 UVA\/UVB \u0219i \u00eengrijire premium pentru toate tipurile de piele.Ne place foarte mult pentru c\u0103 se absoarbe rapid, hidrateaz\u0103, calmeaz\u0103 pielea \u0219i este ideal\u0103 at\u00e2t acas\u0103, c\u00e2t \u0219i \u00een salon, mai ales dup\u0103 proceduri estetice. O alegem cu \u00eencredere pentru confort, protec\u021bie ridicat\u0103 \u0219i un aspect natural al pielii.\",\"breadcrumb\":{\"@id\":\"https:\/\/emokebeautyzone.ro\/produs\/dermedics-uv-protective-cream-spf50-50-ml\/#breadcrumb\"},\"inLanguage\":\"hu\",\"potentialAction\":[{\"@type\":\"ReadAction\",\"target\":[\"https:\/\/emokebeautyzone.ro\/produs\/dermedics-uv-protective-cream-spf50-50-ml\/\"]}]},{\"@type\":\"ImageObject\",\"inLanguage\":\"hu\",\"@id\":\"https:\/\/emokebeautyzone.ro\/produs\/dermedics-uv-protective-cream-spf50-50-ml\/#primaryimage\",\"url\":\"https:\/\/emokebeautyzone.ro\/wp-content\/uploads\/2024\/05\/dermedics_SPF50_cream_50ml.jpg\",\"contentUrl\":\"https:\/\/emokebeautyzone.ro\/wp-content\/uploads\/2024\/05\/dermedics_SPF50_cream_50ml.jpg\",\"width\":1667,\"height\":2500},{\"@type\":\"BreadcrumbList\",\"@id\":\"https:\/\/emokebeautyzone.ro\/produs\/dermedics-uv-protective-cream-spf50-50-ml\/#breadcrumb\",\"itemListElement\":[{\"@type\":\"ListItem\",\"position\":1,\"name\":\"Prima pagin\u0103\",\"item\":\"https:\/\/emokebeautyzone.ro\/\"},{\"@type\":\"ListItem\",\"position\":2,\"name\":\"Magazin\",\"item\":\"https:\/\/emokebeautyzone.ro\/magazin-emoke-beauty-zone-produse-profesionale-de-frumusete\/\"},{\"@type\":\"ListItem\",\"position\":3,\"name\":\"Dermedics UV Protective Cream SPF50, 50 ml\"}]},{\"@type\":\"WebSite\",\"@id\":\"https:\/\/emokebeautyzone.ro\/#website\",\"url\":\"https:\/\/emokebeautyzone.ro\/\",\"name\":\"Em\u0151ke Beauty Zone\",\"description\":\"Beauty Zone\",\"publisher\":{\"@id\":\"https:\/\/emokebeautyzone.ro\/#organization\"},\"potentialAction\":[{\"@type\":\"SearchAction\",\"target\":{\"@type\":\"EntryPoint\",\"urlTemplate\":\"https:\/\/emokebeautyzone.ro\/?s={search_term_string}\"},\"query-input\":{\"@type\":\"PropertyValueSpecification\",\"valueRequired\":true,\"valueName\":\"search_term_string\"}}],\"inLanguage\":\"hu\"},{\"@type\":\"Organization\",\"@id\":\"https:\/\/emokebeautyzone.ro\/#organization\",\"name\":\"Em\u0151ke Beauty Zone\",\"url\":\"https:\/\/emokebeautyzone.ro\/\",\"logo\":{\"@type\":\"ImageObject\",\"inLanguage\":\"hu\",\"@id\":\"https:\/\/emokebeautyzone.ro\/#\/schema\/logo\/image\/\",\"url\":\"https:\/\/emokebeautyzone.ro\/wp-content\/uploads\/2023\/01\/ebz3.jpg\",\"contentUrl\":\"https:\/\/emokebeautyzone.ro\/wp-content\/uploads\/2023\/01\/ebz3.jpg\",\"width\":1024,\"height\":577,\"caption\":\"Em\u0151ke Beauty Zone\"},\"image\":{\"@id\":\"https:\/\/emokebeautyzone.ro\/#\/schema\/logo\/image\/\"},\"sameAs\":[\"https:\/\/www.facebook.com\/EmokeBeautyZone\",\"https:\/\/www.instagram.com\/emokebeauty\/\",\"https:\/\/www.tiktok.com\/@emokebeautyzone?_t=8XNHVoBtmsw&_r=1\",\"https:\/\/mero.ro\/p\/emke-beauty-zone?absp=search_autocomplete&qid=50d505c8fda846417b5232705f6da5b9\"]}]}<\/script>\n<!-- \/ Yoast SEO plugin. -->","yoast_head_json":{"title":"Dermedics UV Protective Cream SPF50, 50 ml - Em\u0151ke Beauty Zone","description":"YOUTH EXPERT\u2122 UV Protective Cream SPF50 este crema noastr\u0103 preferat\u0103 pentru protec\u021bie zilnic\u0103 \u2014 o formul\u0103 u\u0219oar\u0103, f\u0103r\u0103 efect gras sau pelicul\u0103 alb\u0103, care ofer\u0103 protec\u021bie avansat\u0103 UVA\/UVB \u0219i \u00eengrijire premium pentru toate tipurile de piele.Ne place foarte mult pentru c\u0103 se absoarbe rapid, hidrateaz\u0103, calmeaz\u0103 pielea \u0219i este ideal\u0103 at\u00e2t acas\u0103, c\u00e2t \u0219i \u00een salon, mai ales dup\u0103 proceduri estetice. O alegem cu \u00eencredere pentru confort, protec\u021bie ridicat\u0103 \u0219i un aspect natural al pielii.","robots":{"index":"index","follow":"follow","max-snippet":"max-snippet:-1","max-image-preview":"max-image-preview:large","max-video-preview":"max-video-preview:-1"},"canonical":"https:\/\/emokebeautyzone.ro\/hu\/termek\/dermedics-uv-protective-cream-spf50-50-ml\/","og_locale":"hu_HU","og_type":"article","og_title":"Dermedics UV Protective Cream SPF50, 50 ml - Em\u0151ke Beauty Zone","og_description":"YOUTH EXPERT\u2122 UV Protective Cream SPF50 este crema noastr\u0103 preferat\u0103 pentru protec\u021bie zilnic\u0103 \u2014 o formul\u0103 u\u0219oar\u0103, f\u0103r\u0103 efect gras sau pelicul\u0103 alb\u0103, care ofer\u0103 protec\u021bie avansat\u0103 UVA\/UVB \u0219i \u00eengrijire premium pentru toate tipurile de piele.Ne place foarte mult pentru c\u0103 se absoarbe rapid, hidrateaz\u0103, calmeaz\u0103 pielea \u0219i este ideal\u0103 at\u00e2t acas\u0103, c\u00e2t \u0219i \u00een salon, mai ales dup\u0103 proceduri estetice. O alegem cu \u00eencredere pentru confort, protec\u021bie ridicat\u0103 \u0219i un aspect natural al pielii.","og_url":"https:\/\/emokebeautyzone.ro\/hu\/termek\/dermedics-uv-protective-cream-spf50-50-ml\/","og_site_name":"Em\u0151ke Beauty Zone","article_publisher":"https:\/\/www.facebook.com\/EmokeBeautyZone","article_modified_time":"2026-03-27T08:50:43+00:00","og_image":[{"width":1667,"height":2500,"url":"https:\/\/emokebeautyzone.ro\/wp-content\/uploads\/2024\/05\/dermedics_SPF50_cream_50ml.jpg","type":"image\/jpeg"}],"twitter_card":"summary_large_image","twitter_misc":{"Becs\u00fclt olvas\u00e1si id\u0151":"3 perc"},"schema":{"@context":"https:\/\/schema.org","@graph":[{"@type":"WebPage","@id":"https:\/\/emokebeautyzone.ro\/produs\/dermedics-uv-protective-cream-spf50-50-ml\/","url":"https:\/\/emokebeautyzone.ro\/produs\/dermedics-uv-protective-cream-spf50-50-ml\/","name":"Dermedics UV Protective Cream SPF50, 50 ml - Em\u0151ke Beauty Zone","isPartOf":{"@id":"https:\/\/emokebeautyzone.ro\/#website"},"primaryImageOfPage":{"@id":"https:\/\/emokebeautyzone.ro\/produs\/dermedics-uv-protective-cream-spf50-50-ml\/#primaryimage"},"image":{"@id":"https:\/\/emokebeautyzone.ro\/produs\/dermedics-uv-protective-cream-spf50-50-ml\/#primaryimage"},"thumbnailUrl":"https:\/\/emokebeautyzone.ro\/wp-content\/uploads\/2024\/05\/dermedics_SPF50_cream_50ml.jpg","datePublished":"2024-07-31T18:40:06+00:00","dateModified":"2026-03-27T08:50:43+00:00","description":"YOUTH EXPERT\u2122 UV Protective Cream SPF50 este crema noastr\u0103 preferat\u0103 pentru protec\u021bie zilnic\u0103 \u2014 o formul\u0103 u\u0219oar\u0103, f\u0103r\u0103 efect gras sau pelicul\u0103 alb\u0103, care ofer\u0103 protec\u021bie avansat\u0103 UVA\/UVB \u0219i \u00eengrijire premium pentru toate tipurile de piele.Ne place foarte mult pentru c\u0103 se absoarbe rapid, hidrateaz\u0103, calmeaz\u0103 pielea \u0219i este ideal\u0103 at\u00e2t acas\u0103, c\u00e2t \u0219i \u00een salon, mai ales dup\u0103 proceduri estetice. O alegem cu \u00eencredere pentru confort, protec\u021bie ridicat\u0103 \u0219i un aspect natural al pielii.","breadcrumb":{"@id":"https:\/\/emokebeautyzone.ro\/produs\/dermedics-uv-protective-cream-spf50-50-ml\/#breadcrumb"},"inLanguage":"hu","potentialAction":[{"@type":"ReadAction","target":["https:\/\/emokebeautyzone.ro\/produs\/dermedics-uv-protective-cream-spf50-50-ml\/"]}]},{"@type":"ImageObject","inLanguage":"hu","@id":"https:\/\/emokebeautyzone.ro\/produs\/dermedics-uv-protective-cream-spf50-50-ml\/#primaryimage","url":"https:\/\/emokebeautyzone.ro\/wp-content\/uploads\/2024\/05\/dermedics_SPF50_cream_50ml.jpg","contentUrl":"https:\/\/emokebeautyzone.ro\/wp-content\/uploads\/2024\/05\/dermedics_SPF50_cream_50ml.jpg","width":1667,"height":2500},{"@type":"BreadcrumbList","@id":"https:\/\/emokebeautyzone.ro\/produs\/dermedics-uv-protective-cream-spf50-50-ml\/#breadcrumb","itemListElement":[{"@type":"ListItem","position":1,"name":"Prima pagin\u0103","item":"https:\/\/emokebeautyzone.ro\/"},{"@type":"ListItem","position":2,"name":"Magazin","item":"https:\/\/emokebeautyzone.ro\/magazin-emoke-beauty-zone-produse-profesionale-de-frumusete\/"},{"@type":"ListItem","position":3,"name":"Dermedics UV Protective Cream SPF50, 50 ml"}]},{"@type":"WebSite","@id":"https:\/\/emokebeautyzone.ro\/#website","url":"https:\/\/emokebeautyzone.ro\/","name":"Em\u0151ke Beauty Zone","description":"Beauty Zone","publisher":{"@id":"https:\/\/emokebeautyzone.ro\/#organization"},"potentialAction":[{"@type":"SearchAction","target":{"@type":"EntryPoint","urlTemplate":"https:\/\/emokebeautyzone.ro\/?s={search_term_string}"},"query-input":{"@type":"PropertyValueSpecification","valueRequired":true,"valueName":"search_term_string"}}],"inLanguage":"hu"},{"@type":"Organization","@id":"https:\/\/emokebeautyzone.ro\/#organization","name":"Em\u0151ke Beauty Zone","url":"https:\/\/emokebeautyzone.ro\/","logo":{"@type":"ImageObject","inLanguage":"hu","@id":"https:\/\/emokebeautyzone.ro\/#\/schema\/logo\/image\/","url":"https:\/\/emokebeautyzone.ro\/wp-content\/uploads\/2023\/01\/ebz3.jpg","contentUrl":"https:\/\/emokebeautyzone.ro\/wp-content\/uploads\/2023\/01\/ebz3.jpg","width":1024,"height":577,"caption":"Em\u0151ke Beauty Zone"},"image":{"@id":"https:\/\/emokebeautyzone.ro\/#\/schema\/logo\/image\/"},"sameAs":["https:\/\/www.facebook.com\/EmokeBeautyZone","https:\/\/www.instagram.com\/emokebeauty\/","https:\/\/www.tiktok.com\/@emokebeautyzone?_t=8XNHVoBtmsw&_r=1","https:\/\/mero.ro\/p\/emke-beauty-zone?absp=search_autocomplete&qid=50d505c8fda846417b5232705f6da5b9"]}]}},"jetpack_sharing_enabled":true,"_links":{"self":[{"href":"https:\/\/emokebeautyzone.ro\/hu\/wp-json\/wp\/v2\/product\/1482","targetHints":{"allow":["GET"]}}],"collection":[{"href":"https:\/\/emokebeautyzone.ro\/hu\/wp-json\/wp\/v2\/product"}],"about":[{"href":"https:\/\/emokebeautyzone.ro\/hu\/wp-json\/wp\/v2\/types\/product"}],"wp:featuredmedia":[{"embeddable":true,"href":"https:\/\/emokebeautyzone.ro\/hu\/wp-json\/wp\/v2\/media\/1238"}],"wp:attachment":[{"href":"https:\/\/emokebeautyzone.ro\/hu\/wp-json\/wp\/v2\/media?parent=1482"}],"wp:term":[{"taxonomy":"product_brand","embeddable":true,"href":"https:\/\/emokebeautyzone.ro\/hu\/wp-json\/wp\/v2\/product_brand?post=1482"},{"taxonomy":"product_cat","embeddable":true,"href":"https:\/\/emokebeautyzone.ro\/hu\/wp-json\/wp\/v2\/product_cat?post=1482"},{"taxonomy":"product_tag","embeddable":true,"href":"https:\/\/emokebeautyzone.ro\/hu\/wp-json\/wp\/v2\/product_tag?post=1482"}],"curies":[{"name":"wp","href":"https:\/\/api.w.org\/{rel}","templated":true}]}}