

{"id":1477,"date":"2024-07-31T18:26:38","date_gmt":"2024-07-31T18:26:38","guid":{"rendered":"https:\/\/emokebeautyzone.ro\/?post_type=product&#038;p=1477"},"modified":"2024-07-31T18:26:39","modified_gmt":"2024-07-31T18:26:39","slug":"youth-expert-cream-lifting-express-eye-care-15ml","status":"publish","type":"product","link":"https:\/\/emokebeautyzone.ro\/hu\/termek\/youth-expert-cream-lifting-express-eye-care-15ml\/","title":{"rendered":"YOUTH EXPERT\u2122 Cream Lifting Express &#8211; Eye Care &#8211; 15ml"},"content":{"rendered":"<p><strong>YOUTH EXPERT\u2122 Cream Lifting Express \u2013Eye Care<\/strong>\u00a0este o crema extraordinara cu o textura unica, usoara si matasoasa. Formula cationica a cremei ii permite o penetrare rapidapentru a oferi o eficacitate maxima inceea ce priveste terapiile de lifting pentru zona ochilor intr-unmod expres.Crema creata special pentru terapii intensive de lifting apielii din zonaochilor\u2013REZULTATE REALE\u2122.<\/p>\n<p><strong>Ingrediente active:<\/strong><\/p>\n<ul>\n<li><strong>Un complex puternic tri-activ\u00a0[\u03bcconoToxin CnCIII peptide + Botulin\u00a0&#8211;\u00a0like Tripeptide + Lift\u00a0Deluxe\u2122] + Microalga Nannochloropsis +\u00a0Acid Hialuronic\u00a050 kDa + Cafeina<\/strong><\/li>\n<li><strong>Fara\u00a0parabeni si fara coloranti.<\/strong><\/li>\n<\/ul>\n<p><strong>Inovatie:<br \/>\n<\/strong><\/p>\n<ul>\n<li><strong>\u03bcconoToxin CnCIII peptide<\/strong>\u00a0\u2013\u00a0o conopeptida biomimetica din extract de melc cu o foarte\u00a0buna putere de penetrare transcutanata (formula generala cationica), care ajuta la\u00a0crearea unor legaturi puternice directionate catre intinderea instanta a ridurilor (efect\u00a0similar toxinei botulinice)<\/li>\n<li><strong>Botulin-like-Tripeptide<\/strong>\u00a0\u2013\u00a0un compus\u00a0puternic neuromuscular obtinut din veninul Viperei\u00a0de Templu, care neteste ridurile de expresie si relaxeaza musculature faciala. Efect\u00a0similar cu cel injectiilor cu toxina botulinica.<\/li>\n<li><strong>Lift Deluxe\u2122<\/strong>\u00a0\u2013\u00a0un amestec luxuriant extraordinar din coji de fructe de\u00a0Zanthoxylum\u00a0Bungeanum (cunoscut si cu numele de piper de Sichuan\u00a0\u2013\u00a0aprobare ECOCERT), cu\u00a0plasma trombocitara, sfere de siliciu si cu PCA cationic, care ofera lifting instant si vizibil,\u00a0ajutand in acelasi timp pielea sa isi recapete hidratarea si sa mentina\u00a0echilibrul apei din\u00a0celule.<\/li>\n<\/ul>\n<p><strong>Indicatii pentru utilizare:<\/strong><\/p>\n<ul>\n<li>Target:\u00a0ingrijirea ochilor<\/li>\n<li>Varsta: 40\/45+<\/li>\n<li>Pielea lasata din jurul ochilorRiduri adanci si linii fine<\/li>\n<li>Piele lipsita de stralucire,\u00a0ceracane si pungi sub ochi<\/li>\n<li>Ingrijirea zilnica pentru toate tipurile de piele (se aplica si dimineata si seara)<\/li>\n<\/ul>\n<p><strong>Eficacitatea ingredientelor active:<\/strong><\/p>\n<div>\n<ul>\n<li>Activeaza puternic activitatea miorelaxata (efect similar cu cel al injectiilor cu toxina\u00a0botulinca) = relaxeaza musculatura fara a crea o paralizie totala pentru o reintinerire\u00a0naturala<\/li>\n<li>Ofera lifting instant si reduce vizibil ridurile mimice<\/li>\n<li>Imbunatateste rezistenta si fermitatea pielii, dar si coeziunea epidermica<\/li>\n<li>Permite pielii sa se rehidrateze singura intr-un mod natural si rapid<\/li>\n<li>Imbunatateste microcirculatia, reducand cearcanele si pungile de sub ochi<\/li>\n<\/ul>\n<p><strong>Tipuri de tratamente:<\/strong><\/p>\n<div>\n<ul>\n<li>Terapii premium avansate de lifting pentru zona ochilorIngrijirea zilnica pentru toate tipurile de piele (se aplica si dimineata si\u00a0seara)<\/li>\n<li>Optional pentru liniile verticale\u00a0ale\u00a0buzelor,\u00a0cat\u00a0si\u00a0pentru\u00a0conturul buzelor<\/li>\n<li>Terapii intensive axate pe lifting-ul zonei conturului ochilor in mod expres<\/li>\n<\/ul>\n<p><strong>Aria de aplicare:<\/strong><\/p>\n<div>\n<ul>\n<li>Pielea din jurul ochilor.<\/li>\n<li>Poate fi de asemenea utilizat\u00a0si\u00a0pentru a reduce\u00a0liniile verticale\u00a0din zona\u00a0buzelor (\u201cliniile\u00a0fumatorului\u201d), cat\u00a0si pentru a\u00a0imbunatati conturul buzelor<\/li>\n<\/ul>\n<p><strong>Precautii:<\/strong><\/p>\n<ul>\n<li>Destinata uzului extern.<\/li>\n<li>A nu se folosi in mezoterapia cu ac.<\/li>\n<li>A nu se lasa la indemana copiilor.<\/li>\n<li>A nu se amesteca cu produse anestezice din cauza activitatii miorelaxata (efect similar cu cel al injectiilor cu toxina botulinica)<\/li>\n<\/ul>\n<p>&lt;p:<strong>Contraindicatii:<\/strong>&nbsp;<\/p>\n<ul>\n<li>Hipersensibilitate la orice component din produs<\/li>\n<li>Hipertiroidism (contine componente din alte marine bogate in iod)<\/li>\n<li>Alergii la plante sau fructe marine (serul contine alge)<\/li>\n<\/ul>\n<div><strong>Rezultate:<\/strong><\/div>\n<ul>\n<li>Pielea isi imbunatateste vizibil conditia de la primul tratament.<\/li>\n<li>Folosirea\u00a0constanta arata o imbunatatire vizibila a\u00a0conturului ochilor<\/li>\n<\/ul>\n<div><strong>Cantitate:<\/strong>\u00a015 ml<\/div>\n<p><strong><br \/>\n<\/strong><\/div>\n<\/div>\n<div>\n<div class=\"price-box\"><\/div>\n<\/div>\n<\/div>","protected":false},"excerpt":{"rendered":"<p>YOUTH EXPERT\u2122 Cream Lifting Express \u2013Eye Care\u00a0este o crema extraordinara cu o textura unica, usoara si matasoasa. Formula cationica a cremei ii permite o penetrare rapidapentru a oferi o eficacitate maxima inceea ce priveste terapiile de lifting pentru zona ochilor intr-unmod expres.Crema creata special pentru terapii intensive de lifting apielii din zonaochilor\u2013REZULTATE REALE\u2122. Ingrediente active: [&hellip;]<\/p>","protected":false},"featured_media":1242,"template":"","meta":{"ocean_post_layout":"","ocean_both_sidebars_style":"","ocean_both_sidebars_content_width":0,"ocean_both_sidebars_sidebars_width":0,"ocean_sidebar":"0","ocean_second_sidebar":"0","ocean_disable_margins":"enable","ocean_add_body_class":"","ocean_shortcode_before_top_bar":"","ocean_shortcode_after_top_bar":"","ocean_shortcode_before_header":"","ocean_shortcode_after_header":"","ocean_has_shortcode":"","ocean_shortcode_after_title":"","ocean_shortcode_before_footer_widgets":"","ocean_shortcode_after_footer_widgets":"","ocean_shortcode_before_footer_bottom":"","ocean_shortcode_after_footer_bottom":"","ocean_display_top_bar":"default","ocean_display_header":"default","ocean_header_style":"","ocean_center_header_left_menu":"0","ocean_custom_header_template":"0","ocean_custom_logo":0,"ocean_custom_retina_logo":0,"ocean_custom_logo_max_width":0,"ocean_custom_logo_tablet_max_width":0,"ocean_custom_logo_mobile_max_width":0,"ocean_custom_logo_max_height":0,"ocean_custom_logo_tablet_max_height":0,"ocean_custom_logo_mobile_max_height":0,"ocean_header_custom_menu":"0","ocean_menu_typo_font_family":"0","ocean_menu_typo_font_subset":"","ocean_menu_typo_font_size":0,"ocean_menu_typo_font_size_tablet":0,"ocean_menu_typo_font_size_mobile":0,"ocean_menu_typo_font_size_unit":"px","ocean_menu_typo_font_weight":"","ocean_menu_typo_font_weight_tablet":"","ocean_menu_typo_font_weight_mobile":"","ocean_menu_typo_transform":"","ocean_menu_typo_transform_tablet":"","ocean_menu_typo_transform_mobile":"","ocean_menu_typo_line_height":0,"ocean_menu_typo_line_height_tablet":0,"ocean_menu_typo_line_height_mobile":0,"ocean_menu_typo_line_height_unit":"","ocean_menu_typo_spacing":0,"ocean_menu_typo_spacing_tablet":0,"ocean_menu_typo_spacing_mobile":0,"ocean_menu_typo_spacing_unit":"","ocean_menu_link_color":"","ocean_menu_link_color_hover":"","ocean_menu_link_color_active":"","ocean_menu_link_background":"","ocean_menu_link_hover_background":"","ocean_menu_link_active_background":"","ocean_menu_social_links_bg":"","ocean_menu_social_hover_links_bg":"","ocean_menu_social_links_color":"","ocean_menu_social_hover_links_color":"","ocean_disable_title":"default","ocean_disable_heading":"default","ocean_post_title":"","ocean_post_subheading":"","ocean_post_title_style":"","ocean_post_title_background_color":"","ocean_post_title_background":0,"ocean_post_title_bg_image_position":"","ocean_post_title_bg_image_attachment":"","ocean_post_title_bg_image_repeat":"","ocean_post_title_bg_image_size":"","ocean_post_title_height":0,"ocean_post_title_bg_overlay":0.5,"ocean_post_title_bg_overlay_color":"","ocean_disable_breadcrumbs":"default","ocean_breadcrumbs_color":"","ocean_breadcrumbs_separator_color":"","ocean_breadcrumbs_links_color":"","ocean_breadcrumbs_links_hover_color":"","ocean_display_footer_widgets":"default","ocean_display_footer_bottom":"default","ocean_custom_footer_template":"0"},"product_brand":[],"product_cat":[32,38],"product_tag":[],"class_list":{"0":"post-1477","1":"product","2":"type-product","3":"status-publish","4":"has-post-thumbnail","6":"product_cat-beauty","7":"product_cat-dermedics","9":"entry","10":"has-media","12":"first","13":"instock","14":"shipping-taxable","15":"purchasable","16":"product-type-simple","17":"has-product-nav","18":"col","19":"span_1_of_3","20":"owp-content-center","21":"owp-thumbs-layout-horizontal","22":"owp-btn-normal","23":"owp-tabs-layout-horizontal"},"yoast_head":"<!-- This site is optimized with the Yoast SEO plugin v25.2 - https:\/\/yoast.com\/wordpress\/plugins\/seo\/ -->\n<title>YOUTH EXPERT\u2122 Cream Lifting Express - Eye Care - 15ml - Em\u0151ke Beauty Zone<\/title>\n<meta name=\"robots\" content=\"index, follow, max-snippet:-1, max-image-preview:large, max-video-preview:-1\" \/>\n<link rel=\"canonical\" href=\"https:\/\/emokebeautyzone.ro\/hu\/termek\/youth-expert-cream-lifting-express-eye-care-15ml\/\" \/>\n<meta property=\"og:locale\" content=\"hu_HU\" \/>\n<meta property=\"og:type\" content=\"article\" \/>\n<meta property=\"og:title\" content=\"YOUTH EXPERT\u2122 Cream Lifting Express - Eye Care - 15ml - Em\u0151ke Beauty Zone\" \/>\n<meta property=\"og:description\" content=\"YOUTH EXPERT\u2122 Cream Lifting Express \u2013Eye Care\u00a0este o crema extraordinara cu o textura unica, usoara si matasoasa. Formula cationica a cremei ii permite o penetrare rapidapentru a oferi o eficacitate maxima inceea ce priveste terapiile de lifting pentru zona ochilor intr-unmod expres.Crema creata special pentru terapii intensive de lifting apielii din zonaochilor\u2013REZULTATE REALE\u2122. Ingrediente active: [&hellip;]\" \/>\n<meta property=\"og:url\" content=\"https:\/\/emokebeautyzone.ro\/hu\/termek\/youth-expert-cream-lifting-express-eye-care-15ml\/\" \/>\n<meta property=\"og:site_name\" content=\"Em\u0151ke Beauty Zone\" \/>\n<meta property=\"article:publisher\" content=\"https:\/\/www.facebook.com\/EmokeBeautyZone\" \/>\n<meta property=\"article:modified_time\" content=\"2024-07-31T18:26:39+00:00\" \/>\n<meta property=\"og:image\" content=\"https:\/\/emokebeautyzone.ro\/wp-content\/uploads\/2024\/05\/dermedics_LIFT_eye_cream_15ml.jpg\" \/>\n\t<meta property=\"og:image:width\" content=\"1667\" \/>\n\t<meta property=\"og:image:height\" content=\"2500\" \/>\n\t<meta property=\"og:image:type\" content=\"image\/jpeg\" \/>\n<meta name=\"twitter:card\" content=\"summary_large_image\" \/>\n<meta name=\"twitter:label1\" content=\"Becs\u00fclt olvas\u00e1si id\u0151\" \/>\n\t<meta name=\"twitter:data1\" content=\"2 perc\" \/>\n<script type=\"application\/ld+json\" class=\"yoast-schema-graph\">{\"@context\":\"https:\/\/schema.org\",\"@graph\":[{\"@type\":\"WebPage\",\"@id\":\"https:\/\/emokebeautyzone.ro\/produs\/youth-expert-cream-lifting-express-eye-care-15ml\/\",\"url\":\"https:\/\/emokebeautyzone.ro\/produs\/youth-expert-cream-lifting-express-eye-care-15ml\/\",\"name\":\"YOUTH EXPERT\u2122 Cream Lifting Express - Eye Care - 15ml - Em\u0151ke Beauty Zone\",\"isPartOf\":{\"@id\":\"https:\/\/emokebeautyzone.ro\/#website\"},\"primaryImageOfPage\":{\"@id\":\"https:\/\/emokebeautyzone.ro\/produs\/youth-expert-cream-lifting-express-eye-care-15ml\/#primaryimage\"},\"image\":{\"@id\":\"https:\/\/emokebeautyzone.ro\/produs\/youth-expert-cream-lifting-express-eye-care-15ml\/#primaryimage\"},\"thumbnailUrl\":\"https:\/\/emokebeautyzone.ro\/wp-content\/uploads\/2024\/05\/dermedics_LIFT_eye_cream_15ml.jpg\",\"datePublished\":\"2024-07-31T18:26:38+00:00\",\"dateModified\":\"2024-07-31T18:26:39+00:00\",\"breadcrumb\":{\"@id\":\"https:\/\/emokebeautyzone.ro\/produs\/youth-expert-cream-lifting-express-eye-care-15ml\/#breadcrumb\"},\"inLanguage\":\"hu\",\"potentialAction\":[{\"@type\":\"ReadAction\",\"target\":[\"https:\/\/emokebeautyzone.ro\/produs\/youth-expert-cream-lifting-express-eye-care-15ml\/\"]}]},{\"@type\":\"ImageObject\",\"inLanguage\":\"hu\",\"@id\":\"https:\/\/emokebeautyzone.ro\/produs\/youth-expert-cream-lifting-express-eye-care-15ml\/#primaryimage\",\"url\":\"https:\/\/emokebeautyzone.ro\/wp-content\/uploads\/2024\/05\/dermedics_LIFT_eye_cream_15ml.jpg\",\"contentUrl\":\"https:\/\/emokebeautyzone.ro\/wp-content\/uploads\/2024\/05\/dermedics_LIFT_eye_cream_15ml.jpg\",\"width\":1667,\"height\":2500},{\"@type\":\"BreadcrumbList\",\"@id\":\"https:\/\/emokebeautyzone.ro\/produs\/youth-expert-cream-lifting-express-eye-care-15ml\/#breadcrumb\",\"itemListElement\":[{\"@type\":\"ListItem\",\"position\":1,\"name\":\"Prima pagin\u0103\",\"item\":\"https:\/\/emokebeautyzone.ro\/\"},{\"@type\":\"ListItem\",\"position\":2,\"name\":\"Magazin\",\"item\":\"https:\/\/emokebeautyzone.ro\/magazin-emoke-beauty-zone-produse-profesionale-de-frumusete\/\"},{\"@type\":\"ListItem\",\"position\":3,\"name\":\"YOUTH EXPERT\u2122 Cream Lifting Express &#8211; Eye Care &#8211; 15ml\"}]},{\"@type\":\"WebSite\",\"@id\":\"https:\/\/emokebeautyzone.ro\/#website\",\"url\":\"https:\/\/emokebeautyzone.ro\/\",\"name\":\"Em\u0151ke Beauty Zone\",\"description\":\"Beauty Zone\",\"publisher\":{\"@id\":\"https:\/\/emokebeautyzone.ro\/#organization\"},\"potentialAction\":[{\"@type\":\"SearchAction\",\"target\":{\"@type\":\"EntryPoint\",\"urlTemplate\":\"https:\/\/emokebeautyzone.ro\/?s={search_term_string}\"},\"query-input\":{\"@type\":\"PropertyValueSpecification\",\"valueRequired\":true,\"valueName\":\"search_term_string\"}}],\"inLanguage\":\"hu\"},{\"@type\":\"Organization\",\"@id\":\"https:\/\/emokebeautyzone.ro\/#organization\",\"name\":\"Em\u0151ke Beauty Zone\",\"url\":\"https:\/\/emokebeautyzone.ro\/\",\"logo\":{\"@type\":\"ImageObject\",\"inLanguage\":\"hu\",\"@id\":\"https:\/\/emokebeautyzone.ro\/#\/schema\/logo\/image\/\",\"url\":\"https:\/\/emokebeautyzone.ro\/wp-content\/uploads\/2023\/01\/ebz3.jpg\",\"contentUrl\":\"https:\/\/emokebeautyzone.ro\/wp-content\/uploads\/2023\/01\/ebz3.jpg\",\"width\":1024,\"height\":577,\"caption\":\"Em\u0151ke Beauty Zone\"},\"image\":{\"@id\":\"https:\/\/emokebeautyzone.ro\/#\/schema\/logo\/image\/\"},\"sameAs\":[\"https:\/\/www.facebook.com\/EmokeBeautyZone\",\"https:\/\/www.instagram.com\/emokebeauty\/\",\"https:\/\/www.tiktok.com\/@emokebeautyzone?_t=8XNHVoBtmsw&_r=1\",\"https:\/\/mero.ro\/p\/emke-beauty-zone?absp=search_autocomplete&qid=50d505c8fda846417b5232705f6da5b9\"]}]}<\/script>\n<!-- \/ Yoast SEO plugin. -->","yoast_head_json":{"title":"YOUTH EXPERT\u2122 Cream Lifting Express - Eye Care - 15ml - Em\u0151ke Beauty Zone","robots":{"index":"index","follow":"follow","max-snippet":"max-snippet:-1","max-image-preview":"max-image-preview:large","max-video-preview":"max-video-preview:-1"},"canonical":"https:\/\/emokebeautyzone.ro\/hu\/termek\/youth-expert-cream-lifting-express-eye-care-15ml\/","og_locale":"hu_HU","og_type":"article","og_title":"YOUTH EXPERT\u2122 Cream Lifting Express - Eye Care - 15ml - Em\u0151ke Beauty Zone","og_description":"YOUTH EXPERT\u2122 Cream Lifting Express \u2013Eye Care\u00a0este o crema extraordinara cu o textura unica, usoara si matasoasa. Formula cationica a cremei ii permite o penetrare rapidapentru a oferi o eficacitate maxima inceea ce priveste terapiile de lifting pentru zona ochilor intr-unmod expres.Crema creata special pentru terapii intensive de lifting apielii din zonaochilor\u2013REZULTATE REALE\u2122. Ingrediente active: [&hellip;]","og_url":"https:\/\/emokebeautyzone.ro\/hu\/termek\/youth-expert-cream-lifting-express-eye-care-15ml\/","og_site_name":"Em\u0151ke Beauty Zone","article_publisher":"https:\/\/www.facebook.com\/EmokeBeautyZone","article_modified_time":"2024-07-31T18:26:39+00:00","og_image":[{"width":1667,"height":2500,"url":"https:\/\/emokebeautyzone.ro\/wp-content\/uploads\/2024\/05\/dermedics_LIFT_eye_cream_15ml.jpg","type":"image\/jpeg"}],"twitter_card":"summary_large_image","twitter_misc":{"Becs\u00fclt olvas\u00e1si id\u0151":"2 perc"},"schema":{"@context":"https:\/\/schema.org","@graph":[{"@type":"WebPage","@id":"https:\/\/emokebeautyzone.ro\/produs\/youth-expert-cream-lifting-express-eye-care-15ml\/","url":"https:\/\/emokebeautyzone.ro\/produs\/youth-expert-cream-lifting-express-eye-care-15ml\/","name":"YOUTH EXPERT\u2122 Cream Lifting Express - Eye Care - 15ml - Em\u0151ke Beauty Zone","isPartOf":{"@id":"https:\/\/emokebeautyzone.ro\/#website"},"primaryImageOfPage":{"@id":"https:\/\/emokebeautyzone.ro\/produs\/youth-expert-cream-lifting-express-eye-care-15ml\/#primaryimage"},"image":{"@id":"https:\/\/emokebeautyzone.ro\/produs\/youth-expert-cream-lifting-express-eye-care-15ml\/#primaryimage"},"thumbnailUrl":"https:\/\/emokebeautyzone.ro\/wp-content\/uploads\/2024\/05\/dermedics_LIFT_eye_cream_15ml.jpg","datePublished":"2024-07-31T18:26:38+00:00","dateModified":"2024-07-31T18:26:39+00:00","breadcrumb":{"@id":"https:\/\/emokebeautyzone.ro\/produs\/youth-expert-cream-lifting-express-eye-care-15ml\/#breadcrumb"},"inLanguage":"hu","potentialAction":[{"@type":"ReadAction","target":["https:\/\/emokebeautyzone.ro\/produs\/youth-expert-cream-lifting-express-eye-care-15ml\/"]}]},{"@type":"ImageObject","inLanguage":"hu","@id":"https:\/\/emokebeautyzone.ro\/produs\/youth-expert-cream-lifting-express-eye-care-15ml\/#primaryimage","url":"https:\/\/emokebeautyzone.ro\/wp-content\/uploads\/2024\/05\/dermedics_LIFT_eye_cream_15ml.jpg","contentUrl":"https:\/\/emokebeautyzone.ro\/wp-content\/uploads\/2024\/05\/dermedics_LIFT_eye_cream_15ml.jpg","width":1667,"height":2500},{"@type":"BreadcrumbList","@id":"https:\/\/emokebeautyzone.ro\/produs\/youth-expert-cream-lifting-express-eye-care-15ml\/#breadcrumb","itemListElement":[{"@type":"ListItem","position":1,"name":"Prima pagin\u0103","item":"https:\/\/emokebeautyzone.ro\/"},{"@type":"ListItem","position":2,"name":"Magazin","item":"https:\/\/emokebeautyzone.ro\/magazin-emoke-beauty-zone-produse-profesionale-de-frumusete\/"},{"@type":"ListItem","position":3,"name":"YOUTH EXPERT\u2122 Cream Lifting Express &#8211; Eye Care &#8211; 15ml"}]},{"@type":"WebSite","@id":"https:\/\/emokebeautyzone.ro\/#website","url":"https:\/\/emokebeautyzone.ro\/","name":"Em\u0151ke Beauty Zone","description":"Beauty Zone","publisher":{"@id":"https:\/\/emokebeautyzone.ro\/#organization"},"potentialAction":[{"@type":"SearchAction","target":{"@type":"EntryPoint","urlTemplate":"https:\/\/emokebeautyzone.ro\/?s={search_term_string}"},"query-input":{"@type":"PropertyValueSpecification","valueRequired":true,"valueName":"search_term_string"}}],"inLanguage":"hu"},{"@type":"Organization","@id":"https:\/\/emokebeautyzone.ro\/#organization","name":"Em\u0151ke Beauty Zone","url":"https:\/\/emokebeautyzone.ro\/","logo":{"@type":"ImageObject","inLanguage":"hu","@id":"https:\/\/emokebeautyzone.ro\/#\/schema\/logo\/image\/","url":"https:\/\/emokebeautyzone.ro\/wp-content\/uploads\/2023\/01\/ebz3.jpg","contentUrl":"https:\/\/emokebeautyzone.ro\/wp-content\/uploads\/2023\/01\/ebz3.jpg","width":1024,"height":577,"caption":"Em\u0151ke Beauty Zone"},"image":{"@id":"https:\/\/emokebeautyzone.ro\/#\/schema\/logo\/image\/"},"sameAs":["https:\/\/www.facebook.com\/EmokeBeautyZone","https:\/\/www.instagram.com\/emokebeauty\/","https:\/\/www.tiktok.com\/@emokebeautyzone?_t=8XNHVoBtmsw&_r=1","https:\/\/mero.ro\/p\/emke-beauty-zone?absp=search_autocomplete&qid=50d505c8fda846417b5232705f6da5b9"]}]}},"jetpack_sharing_enabled":true,"_links":{"self":[{"href":"https:\/\/emokebeautyzone.ro\/hu\/wp-json\/wp\/v2\/product\/1477","targetHints":{"allow":["GET"]}}],"collection":[{"href":"https:\/\/emokebeautyzone.ro\/hu\/wp-json\/wp\/v2\/product"}],"about":[{"href":"https:\/\/emokebeautyzone.ro\/hu\/wp-json\/wp\/v2\/types\/product"}],"wp:featuredmedia":[{"embeddable":true,"href":"https:\/\/emokebeautyzone.ro\/hu\/wp-json\/wp\/v2\/media\/1242"}],"wp:attachment":[{"href":"https:\/\/emokebeautyzone.ro\/hu\/wp-json\/wp\/v2\/media?parent=1477"}],"wp:term":[{"taxonomy":"product_brand","embeddable":true,"href":"https:\/\/emokebeautyzone.ro\/hu\/wp-json\/wp\/v2\/product_brand?post=1477"},{"taxonomy":"product_cat","embeddable":true,"href":"https:\/\/emokebeautyzone.ro\/hu\/wp-json\/wp\/v2\/product_cat?post=1477"},{"taxonomy":"product_tag","embeddable":true,"href":"https:\/\/emokebeautyzone.ro\/hu\/wp-json\/wp\/v2\/product_tag?post=1477"}],"curies":[{"name":"wp","href":"https:\/\/api.w.org\/{rel}","templated":true}]}}