

{"id":1315,"date":"2024-05-20T13:34:16","date_gmt":"2024-05-20T13:34:16","guid":{"rendered":"https:\/\/emokebeautyzone.ro\/?post_type=product&#038;p=1315"},"modified":"2024-05-20T13:34:16","modified_gmt":"2024-05-20T13:34:16","slug":"youth-expert-remodelare-contur-ochi-15-ml","status":"publish","type":"product","link":"https:\/\/emokebeautyzone.ro\/hu\/termek\/youth-expert-remodelare-contur-ochi-15-ml\/","title":{"rendered":"YOUTH EXPERT\u2122 Remodelare Contur Ochi &#8211; 15 ml"},"content":{"rendered":"<p>YOUTH EXPERT\u2122 Crema Global Anti-Aging \u2013 remodelarea zonei ochilor &#8211; este crema de lux dedicata terapiilor de prestigiu orientate pe intinerirea globala si corectarea volumului pielii delicate din jurul ochilor &#8211; reale rezultate \u2122.<\/p>\n<p>Ingrediente active:<\/p>\n<p>GEN\u2019X-17-GAA\u2122 Complex: Celule stem din coaja de portocala + Extract Baicalin (Protectorul telomerilor) + Apitoxin (Venin de albine) + Crystal Tears\u2122<br \/>\nEnergizare si luminozitate: Lipozomi Q10 + Carnitina + Lecitina Volumizare: VoluFL \u2122<br \/>\nFermitate si elasticitate: ciclopeptida-5 (molecula mica, aminoacizi ciclici derivati)<br \/>\nHidratarea: Ectoina (creste nivelul de hidratare din tesut, sustine sistemul imunitar, stabilizeaza membranele celulare si protejeaza pielea de deteriorarea ADN-ului)<br \/>\nAntioxidant: Vitamina E<br \/>\nFara parabeni si coloranti!<br \/>\nInovatie:<\/p>\n<p>GEN&#8217;X-17-GAA &#8211; O tehnologie uimitoare Global-Anti-Age (AGA \u2122), care reactiveaza genele pielii implicate in activitatea celulara,pentru a stimula:<br \/>\nSinteza ARN celular = in acest fel celulele sunt mai active si vitalitatea lor devine similar cu cea a fibroblastelor &#8211; o piele cu 17 ani mai tanara!<br \/>\nRepararea ADN-ului celular si detoxifiere<br \/>\nSinteza fibrillinei (o glicoproteina mare (~ 350 kDa), bogata in cisteina, care este o componenta principala a microfibrilelor &#8211; cantitatea sa este redusa in timpul imbatranirii).<br \/>\nCiclopeptida-5 &#8211; cea mai noua generatie de peptide cu rol de a actiona in piele cu mare precizie. Este noua dimensiune in eficienta tratamentelor anti-imbatranire. Acesta contine secventa unica de aminoacizi (arginina, glicina, aspartat) fiind cea mai buna configuratie pentru a imita procesele naturale la locul &#8222;tintei&#8221; biologice alese &#8211; integrinele (receptori celulari de suprafata).<br \/>\n VoluFL \u2122 &#8211; un nou concept cosmetic destinat sa remodeleze tesutul printr-o actiune progresiva si tintita, care stimuleaza crearea de noi celule adipoase. Ea promoveaza stocarea lipidelor ce conduc la o crestere a volumului adipocitelor in tesutul gras pentru a umple ridurile si liniile de expresie tipice de imbatranire a pielii din interior. Celulele din tesutul adipos cresc in volum iar ridurile devin mai putin vizibile, in mod natural. Acest proces este numit &#8222;lipofilling&#8221;.<br \/>\nMod de utilizare:<\/p>\n<p>Tinta: ingrijirea zonei perioculare<br \/>\nGrupa de varsta: tuturor<br \/>\nPielii din jurul ochilor cu lipsa volumului si densitatii<br \/>\nPielea deshidratata cu riduri vizibile (riduri laba gastei)<br \/>\nTonul pielii obosite si cearcane<br \/>\nIntinerire globala la toate nivelurile pielii<br \/>\nPe tot parcursul tratamentului anti-imbatranire pentru a extinde durata de viata a celulelor<br \/>\nIngrijirea pielii de zi cu zi (aplicare zi si\/sau noapte)<br \/>\nBeneficii:<\/p>\n<p>Intinerire absoluta: re-densificare, re-volumizare, reducerea 3D a ridurilor<br \/>\nCresterea productiei de ATP &#8211; molecula cheie de energie din celule<br \/>\nHidratare imbunatatita a pielii, elasticitate si fermitate<br \/>\nRe-activarea a doua proteine ale tineretii: KLOTHO  si FOXO<br \/>\nRe-activarea detoxifierii celulare si repararea ADN-ului si ARN-ului<br \/>\nHranire intensiva: textura pielii mai fina, tonul pielii imbunatatit<br \/>\nPielea din jurul ochilor arata mai sanatoasa si are un aspect mai tanar<br \/>\nTipuri de tratamente:<\/p>\n<p>Terapii de lux orientate pe intinerirea pielii la nivelul ochilor<br \/>\nRemodelarea tisulara: corectii de volum si reducerea 3D a ridurilor<br \/>\nRegenerare profunda si hidratare<br \/>\nTratamente directionate pe efecte vizibile &#8211; imbunatatirea texturii pielii de la primul tratament !<br \/>\nCantitate: 15 ml.<\/p>","protected":false},"excerpt":{"rendered":"<p>YOUTH EXPERT\u2122 Crema Global Anti-Aging \u2013 remodelarea zonei ochilor &#8211; este crema de lux dedicata terapiilor de prestigiu orientate pe intinerirea globala si corectarea volumului pielii delicate din jurul ochilor &#8211; reale rezultate \u2122. Ingrediente active: GEN\u2019X-17-GAA\u2122 Complex: Celule stem din coaja de portocala + Extract Baicalin (Protectorul telomerilor) + Apitoxin (Venin de albine) + [&hellip;]<\/p>","protected":false},"featured_media":1258,"template":"","meta":{"ocean_post_layout":"","ocean_both_sidebars_style":"","ocean_both_sidebars_content_width":0,"ocean_both_sidebars_sidebars_width":0,"ocean_sidebar":"0","ocean_second_sidebar":"0","ocean_disable_margins":"enable","ocean_add_body_class":"","ocean_shortcode_before_top_bar":"","ocean_shortcode_after_top_bar":"","ocean_shortcode_before_header":"","ocean_shortcode_after_header":"","ocean_has_shortcode":"","ocean_shortcode_after_title":"","ocean_shortcode_before_footer_widgets":"","ocean_shortcode_after_footer_widgets":"","ocean_shortcode_before_footer_bottom":"","ocean_shortcode_after_footer_bottom":"","ocean_display_top_bar":"default","ocean_display_header":"default","ocean_header_style":"","ocean_center_header_left_menu":"0","ocean_custom_header_template":"0","ocean_custom_logo":0,"ocean_custom_retina_logo":0,"ocean_custom_logo_max_width":0,"ocean_custom_logo_tablet_max_width":0,"ocean_custom_logo_mobile_max_width":0,"ocean_custom_logo_max_height":0,"ocean_custom_logo_tablet_max_height":0,"ocean_custom_logo_mobile_max_height":0,"ocean_header_custom_menu":"0","ocean_menu_typo_font_family":"0","ocean_menu_typo_font_subset":"","ocean_menu_typo_font_size":0,"ocean_menu_typo_font_size_tablet":0,"ocean_menu_typo_font_size_mobile":0,"ocean_menu_typo_font_size_unit":"px","ocean_menu_typo_font_weight":"","ocean_menu_typo_font_weight_tablet":"","ocean_menu_typo_font_weight_mobile":"","ocean_menu_typo_transform":"","ocean_menu_typo_transform_tablet":"","ocean_menu_typo_transform_mobile":"","ocean_menu_typo_line_height":0,"ocean_menu_typo_line_height_tablet":0,"ocean_menu_typo_line_height_mobile":0,"ocean_menu_typo_line_height_unit":"","ocean_menu_typo_spacing":0,"ocean_menu_typo_spacing_tablet":0,"ocean_menu_typo_spacing_mobile":0,"ocean_menu_typo_spacing_unit":"","ocean_menu_link_color":"","ocean_menu_link_color_hover":"","ocean_menu_link_color_active":"","ocean_menu_link_background":"","ocean_menu_link_hover_background":"","ocean_menu_link_active_background":"","ocean_menu_social_links_bg":"","ocean_menu_social_hover_links_bg":"","ocean_menu_social_links_color":"","ocean_menu_social_hover_links_color":"","ocean_disable_title":"default","ocean_disable_heading":"default","ocean_post_title":"","ocean_post_subheading":"","ocean_post_title_style":"","ocean_post_title_background_color":"","ocean_post_title_background":0,"ocean_post_title_bg_image_position":"","ocean_post_title_bg_image_attachment":"","ocean_post_title_bg_image_repeat":"","ocean_post_title_bg_image_size":"","ocean_post_title_height":0,"ocean_post_title_bg_overlay":0.5,"ocean_post_title_bg_overlay_color":"","ocean_disable_breadcrumbs":"default","ocean_breadcrumbs_color":"","ocean_breadcrumbs_separator_color":"","ocean_breadcrumbs_links_color":"","ocean_breadcrumbs_links_hover_color":"","ocean_display_footer_widgets":"default","ocean_display_footer_bottom":"default","ocean_custom_footer_template":"0"},"product_brand":[],"product_cat":[32,38],"product_tag":[],"class_list":{"0":"post-1315","1":"product","2":"type-product","3":"status-publish","4":"has-post-thumbnail","6":"product_cat-beauty","7":"product_cat-dermedics","9":"entry","10":"has-media","12":"first","13":"instock","14":"shipping-taxable","15":"purchasable","16":"product-type-simple","17":"has-product-nav","18":"col","19":"span_1_of_3","20":"owp-content-center","21":"owp-thumbs-layout-horizontal","22":"owp-btn-normal","23":"owp-tabs-layout-horizontal","24":"has-no-thumbnails"},"yoast_head":"<!-- This site is optimized with the Yoast SEO plugin v25.2 - https:\/\/yoast.com\/wordpress\/plugins\/seo\/ -->\n<title>YOUTH EXPERT\u2122 Remodelare Contur Ochi - 15 ml - Em\u0151ke Beauty Zone<\/title>\n<meta name=\"robots\" content=\"index, follow, max-snippet:-1, max-image-preview:large, max-video-preview:-1\" \/>\n<link rel=\"canonical\" href=\"https:\/\/emokebeautyzone.ro\/hu\/termek\/youth-expert-remodelare-contur-ochi-15-ml\/\" \/>\n<meta property=\"og:locale\" content=\"hu_HU\" \/>\n<meta property=\"og:type\" content=\"article\" \/>\n<meta property=\"og:title\" content=\"YOUTH EXPERT\u2122 Remodelare Contur Ochi - 15 ml - Em\u0151ke Beauty Zone\" \/>\n<meta property=\"og:description\" content=\"YOUTH EXPERT\u2122 Crema Global Anti-Aging \u2013 remodelarea zonei ochilor &#8211; este crema de lux dedicata terapiilor de prestigiu orientate pe intinerirea globala si corectarea volumului pielii delicate din jurul ochilor &#8211; reale rezultate \u2122. Ingrediente active: GEN\u2019X-17-GAA\u2122 Complex: Celule stem din coaja de portocala + Extract Baicalin (Protectorul telomerilor) + Apitoxin (Venin de albine) + [&hellip;]\" \/>\n<meta property=\"og:url\" content=\"https:\/\/emokebeautyzone.ro\/hu\/termek\/youth-expert-remodelare-contur-ochi-15-ml\/\" \/>\n<meta property=\"og:site_name\" content=\"Em\u0151ke Beauty Zone\" \/>\n<meta property=\"article:publisher\" content=\"https:\/\/www.facebook.com\/EmokeBeautyZone\" \/>\n<meta property=\"og:image\" content=\"https:\/\/emokebeautyzone.ro\/wp-content\/uploads\/2024\/05\/dermedics_GENX_eye_cream_15ml.jpg\" \/>\n\t<meta property=\"og:image:width\" content=\"1667\" \/>\n\t<meta property=\"og:image:height\" content=\"2500\" \/>\n\t<meta property=\"og:image:type\" content=\"image\/jpeg\" \/>\n<meta name=\"twitter:card\" content=\"summary_large_image\" \/>\n<meta name=\"twitter:label1\" content=\"Becs\u00fclt olvas\u00e1si id\u0151\" \/>\n\t<meta name=\"twitter:data1\" content=\"2 perc\" \/>\n<script type=\"application\/ld+json\" class=\"yoast-schema-graph\">{\"@context\":\"https:\/\/schema.org\",\"@graph\":[{\"@type\":\"WebPage\",\"@id\":\"https:\/\/emokebeautyzone.ro\/produs\/youth-expert-remodelare-contur-ochi-15-ml\/\",\"url\":\"https:\/\/emokebeautyzone.ro\/produs\/youth-expert-remodelare-contur-ochi-15-ml\/\",\"name\":\"YOUTH EXPERT\u2122 Remodelare Contur Ochi - 15 ml - Em\u0151ke Beauty Zone\",\"isPartOf\":{\"@id\":\"https:\/\/emokebeautyzone.ro\/#website\"},\"primaryImageOfPage\":{\"@id\":\"https:\/\/emokebeautyzone.ro\/produs\/youth-expert-remodelare-contur-ochi-15-ml\/#primaryimage\"},\"image\":{\"@id\":\"https:\/\/emokebeautyzone.ro\/produs\/youth-expert-remodelare-contur-ochi-15-ml\/#primaryimage\"},\"thumbnailUrl\":\"https:\/\/emokebeautyzone.ro\/wp-content\/uploads\/2024\/05\/dermedics_GENX_eye_cream_15ml.jpg\",\"datePublished\":\"2024-05-20T13:34:16+00:00\",\"breadcrumb\":{\"@id\":\"https:\/\/emokebeautyzone.ro\/produs\/youth-expert-remodelare-contur-ochi-15-ml\/#breadcrumb\"},\"inLanguage\":\"hu\",\"potentialAction\":[{\"@type\":\"ReadAction\",\"target\":[\"https:\/\/emokebeautyzone.ro\/produs\/youth-expert-remodelare-contur-ochi-15-ml\/\"]}]},{\"@type\":\"ImageObject\",\"inLanguage\":\"hu\",\"@id\":\"https:\/\/emokebeautyzone.ro\/produs\/youth-expert-remodelare-contur-ochi-15-ml\/#primaryimage\",\"url\":\"https:\/\/emokebeautyzone.ro\/wp-content\/uploads\/2024\/05\/dermedics_GENX_eye_cream_15ml.jpg\",\"contentUrl\":\"https:\/\/emokebeautyzone.ro\/wp-content\/uploads\/2024\/05\/dermedics_GENX_eye_cream_15ml.jpg\",\"width\":1667,\"height\":2500},{\"@type\":\"BreadcrumbList\",\"@id\":\"https:\/\/emokebeautyzone.ro\/produs\/youth-expert-remodelare-contur-ochi-15-ml\/#breadcrumb\",\"itemListElement\":[{\"@type\":\"ListItem\",\"position\":1,\"name\":\"Prima pagin\u0103\",\"item\":\"https:\/\/emokebeautyzone.ro\/\"},{\"@type\":\"ListItem\",\"position\":2,\"name\":\"Magazin\",\"item\":\"https:\/\/emokebeautyzone.ro\/magazin-emoke-beauty-zone-produse-profesionale-de-frumusete\/\"},{\"@type\":\"ListItem\",\"position\":3,\"name\":\"YOUTH EXPERT\u2122 Remodelare Contur Ochi &#8211; 15 ml\"}]},{\"@type\":\"WebSite\",\"@id\":\"https:\/\/emokebeautyzone.ro\/#website\",\"url\":\"https:\/\/emokebeautyzone.ro\/\",\"name\":\"Em\u0151ke Beauty Zone\",\"description\":\"Beauty Zone\",\"publisher\":{\"@id\":\"https:\/\/emokebeautyzone.ro\/#organization\"},\"potentialAction\":[{\"@type\":\"SearchAction\",\"target\":{\"@type\":\"EntryPoint\",\"urlTemplate\":\"https:\/\/emokebeautyzone.ro\/?s={search_term_string}\"},\"query-input\":{\"@type\":\"PropertyValueSpecification\",\"valueRequired\":true,\"valueName\":\"search_term_string\"}}],\"inLanguage\":\"hu\"},{\"@type\":\"Organization\",\"@id\":\"https:\/\/emokebeautyzone.ro\/#organization\",\"name\":\"Em\u0151ke Beauty Zone\",\"url\":\"https:\/\/emokebeautyzone.ro\/\",\"logo\":{\"@type\":\"ImageObject\",\"inLanguage\":\"hu\",\"@id\":\"https:\/\/emokebeautyzone.ro\/#\/schema\/logo\/image\/\",\"url\":\"https:\/\/emokebeautyzone.ro\/wp-content\/uploads\/2023\/01\/ebz3.jpg\",\"contentUrl\":\"https:\/\/emokebeautyzone.ro\/wp-content\/uploads\/2023\/01\/ebz3.jpg\",\"width\":1024,\"height\":577,\"caption\":\"Em\u0151ke Beauty Zone\"},\"image\":{\"@id\":\"https:\/\/emokebeautyzone.ro\/#\/schema\/logo\/image\/\"},\"sameAs\":[\"https:\/\/www.facebook.com\/EmokeBeautyZone\",\"https:\/\/www.instagram.com\/emokebeauty\/\",\"https:\/\/www.tiktok.com\/@emokebeautyzone?_t=8XNHVoBtmsw&_r=1\",\"https:\/\/mero.ro\/p\/emke-beauty-zone?absp=search_autocomplete&qid=50d505c8fda846417b5232705f6da5b9\"]}]}<\/script>\n<!-- \/ Yoast SEO plugin. -->","yoast_head_json":{"title":"YOUTH EXPERT\u2122 Remodelare Contur Ochi - 15 ml - Em\u0151ke Beauty Zone","robots":{"index":"index","follow":"follow","max-snippet":"max-snippet:-1","max-image-preview":"max-image-preview:large","max-video-preview":"max-video-preview:-1"},"canonical":"https:\/\/emokebeautyzone.ro\/hu\/termek\/youth-expert-remodelare-contur-ochi-15-ml\/","og_locale":"hu_HU","og_type":"article","og_title":"YOUTH EXPERT\u2122 Remodelare Contur Ochi - 15 ml - Em\u0151ke Beauty Zone","og_description":"YOUTH EXPERT\u2122 Crema Global Anti-Aging \u2013 remodelarea zonei ochilor &#8211; este crema de lux dedicata terapiilor de prestigiu orientate pe intinerirea globala si corectarea volumului pielii delicate din jurul ochilor &#8211; reale rezultate \u2122. Ingrediente active: GEN\u2019X-17-GAA\u2122 Complex: Celule stem din coaja de portocala + Extract Baicalin (Protectorul telomerilor) + Apitoxin (Venin de albine) + [&hellip;]","og_url":"https:\/\/emokebeautyzone.ro\/hu\/termek\/youth-expert-remodelare-contur-ochi-15-ml\/","og_site_name":"Em\u0151ke Beauty Zone","article_publisher":"https:\/\/www.facebook.com\/EmokeBeautyZone","og_image":[{"width":1667,"height":2500,"url":"https:\/\/emokebeautyzone.ro\/wp-content\/uploads\/2024\/05\/dermedics_GENX_eye_cream_15ml.jpg","type":"image\/jpeg"}],"twitter_card":"summary_large_image","twitter_misc":{"Becs\u00fclt olvas\u00e1si id\u0151":"2 perc"},"schema":{"@context":"https:\/\/schema.org","@graph":[{"@type":"WebPage","@id":"https:\/\/emokebeautyzone.ro\/produs\/youth-expert-remodelare-contur-ochi-15-ml\/","url":"https:\/\/emokebeautyzone.ro\/produs\/youth-expert-remodelare-contur-ochi-15-ml\/","name":"YOUTH EXPERT\u2122 Remodelare Contur Ochi - 15 ml - Em\u0151ke Beauty Zone","isPartOf":{"@id":"https:\/\/emokebeautyzone.ro\/#website"},"primaryImageOfPage":{"@id":"https:\/\/emokebeautyzone.ro\/produs\/youth-expert-remodelare-contur-ochi-15-ml\/#primaryimage"},"image":{"@id":"https:\/\/emokebeautyzone.ro\/produs\/youth-expert-remodelare-contur-ochi-15-ml\/#primaryimage"},"thumbnailUrl":"https:\/\/emokebeautyzone.ro\/wp-content\/uploads\/2024\/05\/dermedics_GENX_eye_cream_15ml.jpg","datePublished":"2024-05-20T13:34:16+00:00","breadcrumb":{"@id":"https:\/\/emokebeautyzone.ro\/produs\/youth-expert-remodelare-contur-ochi-15-ml\/#breadcrumb"},"inLanguage":"hu","potentialAction":[{"@type":"ReadAction","target":["https:\/\/emokebeautyzone.ro\/produs\/youth-expert-remodelare-contur-ochi-15-ml\/"]}]},{"@type":"ImageObject","inLanguage":"hu","@id":"https:\/\/emokebeautyzone.ro\/produs\/youth-expert-remodelare-contur-ochi-15-ml\/#primaryimage","url":"https:\/\/emokebeautyzone.ro\/wp-content\/uploads\/2024\/05\/dermedics_GENX_eye_cream_15ml.jpg","contentUrl":"https:\/\/emokebeautyzone.ro\/wp-content\/uploads\/2024\/05\/dermedics_GENX_eye_cream_15ml.jpg","width":1667,"height":2500},{"@type":"BreadcrumbList","@id":"https:\/\/emokebeautyzone.ro\/produs\/youth-expert-remodelare-contur-ochi-15-ml\/#breadcrumb","itemListElement":[{"@type":"ListItem","position":1,"name":"Prima pagin\u0103","item":"https:\/\/emokebeautyzone.ro\/"},{"@type":"ListItem","position":2,"name":"Magazin","item":"https:\/\/emokebeautyzone.ro\/magazin-emoke-beauty-zone-produse-profesionale-de-frumusete\/"},{"@type":"ListItem","position":3,"name":"YOUTH EXPERT\u2122 Remodelare Contur Ochi &#8211; 15 ml"}]},{"@type":"WebSite","@id":"https:\/\/emokebeautyzone.ro\/#website","url":"https:\/\/emokebeautyzone.ro\/","name":"Em\u0151ke Beauty Zone","description":"Beauty Zone","publisher":{"@id":"https:\/\/emokebeautyzone.ro\/#organization"},"potentialAction":[{"@type":"SearchAction","target":{"@type":"EntryPoint","urlTemplate":"https:\/\/emokebeautyzone.ro\/?s={search_term_string}"},"query-input":{"@type":"PropertyValueSpecification","valueRequired":true,"valueName":"search_term_string"}}],"inLanguage":"hu"},{"@type":"Organization","@id":"https:\/\/emokebeautyzone.ro\/#organization","name":"Em\u0151ke Beauty Zone","url":"https:\/\/emokebeautyzone.ro\/","logo":{"@type":"ImageObject","inLanguage":"hu","@id":"https:\/\/emokebeautyzone.ro\/#\/schema\/logo\/image\/","url":"https:\/\/emokebeautyzone.ro\/wp-content\/uploads\/2023\/01\/ebz3.jpg","contentUrl":"https:\/\/emokebeautyzone.ro\/wp-content\/uploads\/2023\/01\/ebz3.jpg","width":1024,"height":577,"caption":"Em\u0151ke Beauty Zone"},"image":{"@id":"https:\/\/emokebeautyzone.ro\/#\/schema\/logo\/image\/"},"sameAs":["https:\/\/www.facebook.com\/EmokeBeautyZone","https:\/\/www.instagram.com\/emokebeauty\/","https:\/\/www.tiktok.com\/@emokebeautyzone?_t=8XNHVoBtmsw&_r=1","https:\/\/mero.ro\/p\/emke-beauty-zone?absp=search_autocomplete&qid=50d505c8fda846417b5232705f6da5b9"]}]}},"jetpack_sharing_enabled":true,"_links":{"self":[{"href":"https:\/\/emokebeautyzone.ro\/hu\/wp-json\/wp\/v2\/product\/1315","targetHints":{"allow":["GET"]}}],"collection":[{"href":"https:\/\/emokebeautyzone.ro\/hu\/wp-json\/wp\/v2\/product"}],"about":[{"href":"https:\/\/emokebeautyzone.ro\/hu\/wp-json\/wp\/v2\/types\/product"}],"wp:featuredmedia":[{"embeddable":true,"href":"https:\/\/emokebeautyzone.ro\/hu\/wp-json\/wp\/v2\/media\/1258"}],"wp:attachment":[{"href":"https:\/\/emokebeautyzone.ro\/hu\/wp-json\/wp\/v2\/media?parent=1315"}],"wp:term":[{"taxonomy":"product_brand","embeddable":true,"href":"https:\/\/emokebeautyzone.ro\/hu\/wp-json\/wp\/v2\/product_brand?post=1315"},{"taxonomy":"product_cat","embeddable":true,"href":"https:\/\/emokebeautyzone.ro\/hu\/wp-json\/wp\/v2\/product_cat?post=1315"},{"taxonomy":"product_tag","embeddable":true,"href":"https:\/\/emokebeautyzone.ro\/hu\/wp-json\/wp\/v2\/product_tag?post=1315"}],"curies":[{"name":"wp","href":"https:\/\/api.w.org\/{rel}","templated":true}]}}