

{"id":1310,"date":"2024-05-20T13:16:14","date_gmt":"2024-05-20T13:16:14","guid":{"rendered":"https:\/\/emokebeautyzone.ro\/?post_type=product&#038;p=1310"},"modified":"2024-05-20T13:16:14","modified_gmt":"2024-05-20T13:16:14","slug":"crema-global-anti-aging-3-50-ml","status":"publish","type":"product","link":"https:\/\/emokebeautyzone.ro\/hu\/termek\/crema-global-anti-aging-3-50-ml\/","title":{"rendered":"Crema Global Anti-Aging #3 &#8211; 50 ml"},"content":{"rendered":"<p>YOUTH EXPERT\u2122 Crema Global Anti-Aging #3 este o formula imbogatita, crema de lux special creata pentru terapiile orientate pe regenerare profunda &#8211; rezultate reale \u2122. Crema este potrivita pentru ingrijirea zilnica a pielii pentru toate tipurile de ten incepand cu varsta 60+.<\/p>\n<p>Ingrediente active:<\/p>\n<p>Componente de baza Complex GEN\u2019X-17-GAA\u2122 : Celule stem din coaja de portocala + Extract Baicalin (Protectorul telomerilor) + Apitoxin (Venin de albine) + Crystal Tears\u2122<br \/>\nComponente complementare &#8211; tipic grupei de varsta<br \/>\nRestaurarea Lipidelor: Ceramide 1-3-6 + Unt de Shea + Lauryl Olivate (dermolient hidrolipidic)<br \/>\nHidratare: bumbac<br \/>\nRemodelarea tisulara: Acid Xymeninic<br \/>\nAnti-rid si lifting: Matrixyl\u00ae 3000 Peptide<br \/>\nAnti-decolorare: RC-PBR \u2122 (inhibitor tirozinaza pentru ten perfect)<br \/>\nSuport de ingrijire imun: Xilitol + Lacticol<br \/>\nAntioxidant: Vitamina E<br \/>\nFara parabeni si coloranti!<br \/>\nInovatie:<\/p>\n<p>GEN&#8217;X-17-GAA &#8211; O tehnologie uimitoare Global-Anti-Age (AGA \u2122), care reactiveaza genele pielii implicate in activitatea celulara,pentru a stimula:<br \/>\nSinteza ARN celular = in acest fel celulele sunt mai active si vitalitatea lor devine similar cu cea a fibroblastelor &#8211; o piele cu 17 ani mai tanara!<br \/>\nRepararea ADN-ului celular si detoxifiere<br \/>\nSinteza fibrillinei (o glicoproteina mare (~ 350 kDa), bogata in cisteina, care este o componenta principala a microfibrilelor &#8211; cantitatea sa este redusa in timpul imbatranirii).<br \/>\nRC-PBR \u2122 &#8211; o componenta inovatoare, care restabileste luminozitatea naturala a pielii prin reducerea formarii melaninei in tesut, acest lucru ajutand in realizarea unei corectii vizibile a hiperpigmentarii.<br \/>\nBeneficiile oferite de componentele de baza includ:<\/p>\n<p>Reactivarea a doua proteine ale &#8222;tineretii&#8221;: KLOTHO  si FOXO<br \/>\nReactivarea detoxifierii celulare si repararea eventualelor disfunctionalitati ale ADN-ului si ARN-ului<br \/>\nExtinderea lungimii telomerilor  care sunt responsabili de durata de viata a celulelor<br \/>\nProtectia celulelor impotriva nivelurilor ridicate de radicali liberi si a stresului oxidativ Cit-SAP &#8211; o proteina cu omologie considerabila a glutationei peroxidaza (GP) Re-activarea activitatii celulare (sinteza de colagen, elastina si fibrillina)<br \/>\nImbunatatirea microcirculatiei, astfel accelerandu-se oxigenarea pielii<\/p>\n<p>Beneficiile oferite de ingredientele tipice pentru acest grup de varsta includ:<\/p>\n<p>Hidratare profunda si restaurarea lipidelor: imbunatatirea hidratarii, rugozitate redusa Pielea arata mai sanatos: tonusul pielii este imbunatatit, decolorarea este redusa<br \/>\nPielea arata mai tanara: mai putine riduri, textura netezita<br \/>\nActiune de lifting: reconturarea conturului facial<br \/>\nTipuri de tratamente:<\/p>\n<p>Terapii de lux orientate pe intinerirea globala<br \/>\nTerapii anti-rid pentru pielea peste 60 de ani<br \/>\nProfunda regenerare, consolidare si reinnoirea pielii<br \/>\nTratamente directionate pe efecte vizibile &#8211; imbunatatirea texturii pielii de la primul tratament!<br \/>\nCantitate: 50 ml.<\/p>","protected":false},"excerpt":{"rendered":"<p>YOUTH EXPERT\u2122 Crema Global Anti-Aging #3 este o formula imbogatita, crema de lux special creata pentru terapiile orientate pe regenerare profunda &#8211; rezultate reale \u2122. Crema este potrivita pentru ingrijirea zilnica a pielii pentru toate tipurile de ten incepand cu varsta 60+. Ingrediente active: Componente de baza Complex GEN\u2019X-17-GAA\u2122 : Celule stem din coaja de [&hellip;]<\/p>","protected":false},"featured_media":1257,"template":"","meta":{"ocean_post_layout":"","ocean_both_sidebars_style":"","ocean_both_sidebars_content_width":0,"ocean_both_sidebars_sidebars_width":0,"ocean_sidebar":"0","ocean_second_sidebar":"0","ocean_disable_margins":"enable","ocean_add_body_class":"","ocean_shortcode_before_top_bar":"","ocean_shortcode_after_top_bar":"","ocean_shortcode_before_header":"","ocean_shortcode_after_header":"","ocean_has_shortcode":"","ocean_shortcode_after_title":"","ocean_shortcode_before_footer_widgets":"","ocean_shortcode_after_footer_widgets":"","ocean_shortcode_before_footer_bottom":"","ocean_shortcode_after_footer_bottom":"","ocean_display_top_bar":"default","ocean_display_header":"default","ocean_header_style":"","ocean_center_header_left_menu":"0","ocean_custom_header_template":"0","ocean_custom_logo":0,"ocean_custom_retina_logo":0,"ocean_custom_logo_max_width":0,"ocean_custom_logo_tablet_max_width":0,"ocean_custom_logo_mobile_max_width":0,"ocean_custom_logo_max_height":0,"ocean_custom_logo_tablet_max_height":0,"ocean_custom_logo_mobile_max_height":0,"ocean_header_custom_menu":"0","ocean_menu_typo_font_family":"0","ocean_menu_typo_font_subset":"","ocean_menu_typo_font_size":0,"ocean_menu_typo_font_size_tablet":0,"ocean_menu_typo_font_size_mobile":0,"ocean_menu_typo_font_size_unit":"px","ocean_menu_typo_font_weight":"","ocean_menu_typo_font_weight_tablet":"","ocean_menu_typo_font_weight_mobile":"","ocean_menu_typo_transform":"","ocean_menu_typo_transform_tablet":"","ocean_menu_typo_transform_mobile":"","ocean_menu_typo_line_height":0,"ocean_menu_typo_line_height_tablet":0,"ocean_menu_typo_line_height_mobile":0,"ocean_menu_typo_line_height_unit":"","ocean_menu_typo_spacing":0,"ocean_menu_typo_spacing_tablet":0,"ocean_menu_typo_spacing_mobile":0,"ocean_menu_typo_spacing_unit":"","ocean_menu_link_color":"","ocean_menu_link_color_hover":"","ocean_menu_link_color_active":"","ocean_menu_link_background":"","ocean_menu_link_hover_background":"","ocean_menu_link_active_background":"","ocean_menu_social_links_bg":"","ocean_menu_social_hover_links_bg":"","ocean_menu_social_links_color":"","ocean_menu_social_hover_links_color":"","ocean_disable_title":"default","ocean_disable_heading":"default","ocean_post_title":"","ocean_post_subheading":"","ocean_post_title_style":"","ocean_post_title_background_color":"","ocean_post_title_background":0,"ocean_post_title_bg_image_position":"","ocean_post_title_bg_image_attachment":"","ocean_post_title_bg_image_repeat":"","ocean_post_title_bg_image_size":"","ocean_post_title_height":0,"ocean_post_title_bg_overlay":0.5,"ocean_post_title_bg_overlay_color":"","ocean_disable_breadcrumbs":"default","ocean_breadcrumbs_color":"","ocean_breadcrumbs_separator_color":"","ocean_breadcrumbs_links_color":"","ocean_breadcrumbs_links_hover_color":"","ocean_display_footer_widgets":"default","ocean_display_footer_bottom":"default","ocean_custom_footer_template":"0"},"product_brand":[],"product_cat":[32,38],"product_tag":[],"class_list":{"0":"post-1310","1":"product","2":"type-product","3":"status-publish","4":"has-post-thumbnail","6":"product_cat-beauty","7":"product_cat-dermedics","9":"entry","10":"has-media","12":"first","13":"instock","14":"shipping-taxable","15":"purchasable","16":"product-type-simple","17":"has-product-nav","18":"col","19":"span_1_of_3","20":"owp-content-center","21":"owp-thumbs-layout-horizontal","22":"owp-btn-normal","23":"owp-tabs-layout-horizontal","24":"has-no-thumbnails"},"yoast_head":"<!-- This site is optimized with the Yoast SEO plugin v25.2 - https:\/\/yoast.com\/wordpress\/plugins\/seo\/ -->\n<title>Crema Global Anti-Aging #3 - 50 ml - Em\u0151ke Beauty Zone<\/title>\n<meta name=\"robots\" content=\"index, follow, max-snippet:-1, max-image-preview:large, max-video-preview:-1\" \/>\n<link rel=\"canonical\" href=\"https:\/\/emokebeautyzone.ro\/hu\/termek\/crema-global-anti-aging-3-50-ml\/\" \/>\n<meta property=\"og:locale\" content=\"hu_HU\" \/>\n<meta property=\"og:type\" content=\"article\" \/>\n<meta property=\"og:title\" content=\"Crema Global Anti-Aging #3 - 50 ml - Em\u0151ke Beauty Zone\" \/>\n<meta property=\"og:description\" content=\"YOUTH EXPERT\u2122 Crema Global Anti-Aging #3 este o formula imbogatita, crema de lux special creata pentru terapiile orientate pe regenerare profunda &#8211; rezultate reale \u2122. Crema este potrivita pentru ingrijirea zilnica a pielii pentru toate tipurile de ten incepand cu varsta 60+. Ingrediente active: Componente de baza Complex GEN\u2019X-17-GAA\u2122 : Celule stem din coaja de [&hellip;]\" \/>\n<meta property=\"og:url\" content=\"https:\/\/emokebeautyzone.ro\/hu\/termek\/crema-global-anti-aging-3-50-ml\/\" \/>\n<meta property=\"og:site_name\" content=\"Em\u0151ke Beauty Zone\" \/>\n<meta property=\"article:publisher\" content=\"https:\/\/www.facebook.com\/EmokeBeautyZone\" \/>\n<meta property=\"og:image\" content=\"https:\/\/emokebeautyzone.ro\/wp-content\/uploads\/2024\/05\/dermedics_GENX_cream_3_50ml.jpg\" \/>\n\t<meta property=\"og:image:width\" content=\"1667\" \/>\n\t<meta property=\"og:image:height\" content=\"2500\" \/>\n\t<meta property=\"og:image:type\" content=\"image\/jpeg\" \/>\n<meta name=\"twitter:card\" content=\"summary_large_image\" \/>\n<meta name=\"twitter:label1\" content=\"Becs\u00fclt olvas\u00e1si id\u0151\" \/>\n\t<meta name=\"twitter:data1\" content=\"2 perc\" \/>\n<script type=\"application\/ld+json\" class=\"yoast-schema-graph\">{\"@context\":\"https:\/\/schema.org\",\"@graph\":[{\"@type\":\"WebPage\",\"@id\":\"https:\/\/emokebeautyzone.ro\/produs\/crema-global-anti-aging-3-50-ml\/\",\"url\":\"https:\/\/emokebeautyzone.ro\/produs\/crema-global-anti-aging-3-50-ml\/\",\"name\":\"Crema Global Anti-Aging #3 - 50 ml - Em\u0151ke Beauty Zone\",\"isPartOf\":{\"@id\":\"https:\/\/emokebeautyzone.ro\/#website\"},\"primaryImageOfPage\":{\"@id\":\"https:\/\/emokebeautyzone.ro\/produs\/crema-global-anti-aging-3-50-ml\/#primaryimage\"},\"image\":{\"@id\":\"https:\/\/emokebeautyzone.ro\/produs\/crema-global-anti-aging-3-50-ml\/#primaryimage\"},\"thumbnailUrl\":\"https:\/\/emokebeautyzone.ro\/wp-content\/uploads\/2024\/05\/dermedics_GENX_cream_3_50ml.jpg\",\"datePublished\":\"2024-05-20T13:16:14+00:00\",\"breadcrumb\":{\"@id\":\"https:\/\/emokebeautyzone.ro\/produs\/crema-global-anti-aging-3-50-ml\/#breadcrumb\"},\"inLanguage\":\"hu\",\"potentialAction\":[{\"@type\":\"ReadAction\",\"target\":[\"https:\/\/emokebeautyzone.ro\/produs\/crema-global-anti-aging-3-50-ml\/\"]}]},{\"@type\":\"ImageObject\",\"inLanguage\":\"hu\",\"@id\":\"https:\/\/emokebeautyzone.ro\/produs\/crema-global-anti-aging-3-50-ml\/#primaryimage\",\"url\":\"https:\/\/emokebeautyzone.ro\/wp-content\/uploads\/2024\/05\/dermedics_GENX_cream_3_50ml.jpg\",\"contentUrl\":\"https:\/\/emokebeautyzone.ro\/wp-content\/uploads\/2024\/05\/dermedics_GENX_cream_3_50ml.jpg\",\"width\":1667,\"height\":2500},{\"@type\":\"BreadcrumbList\",\"@id\":\"https:\/\/emokebeautyzone.ro\/produs\/crema-global-anti-aging-3-50-ml\/#breadcrumb\",\"itemListElement\":[{\"@type\":\"ListItem\",\"position\":1,\"name\":\"Prima pagin\u0103\",\"item\":\"https:\/\/emokebeautyzone.ro\/\"},{\"@type\":\"ListItem\",\"position\":2,\"name\":\"Magazin\",\"item\":\"https:\/\/emokebeautyzone.ro\/magazin-emoke-beauty-zone-produse-profesionale-de-frumusete\/\"},{\"@type\":\"ListItem\",\"position\":3,\"name\":\"Crema Global Anti-Aging #3 &#8211; 50 ml\"}]},{\"@type\":\"WebSite\",\"@id\":\"https:\/\/emokebeautyzone.ro\/#website\",\"url\":\"https:\/\/emokebeautyzone.ro\/\",\"name\":\"Em\u0151ke Beauty Zone\",\"description\":\"Beauty Zone\",\"publisher\":{\"@id\":\"https:\/\/emokebeautyzone.ro\/#organization\"},\"potentialAction\":[{\"@type\":\"SearchAction\",\"target\":{\"@type\":\"EntryPoint\",\"urlTemplate\":\"https:\/\/emokebeautyzone.ro\/?s={search_term_string}\"},\"query-input\":{\"@type\":\"PropertyValueSpecification\",\"valueRequired\":true,\"valueName\":\"search_term_string\"}}],\"inLanguage\":\"hu\"},{\"@type\":\"Organization\",\"@id\":\"https:\/\/emokebeautyzone.ro\/#organization\",\"name\":\"Em\u0151ke Beauty Zone\",\"url\":\"https:\/\/emokebeautyzone.ro\/\",\"logo\":{\"@type\":\"ImageObject\",\"inLanguage\":\"hu\",\"@id\":\"https:\/\/emokebeautyzone.ro\/#\/schema\/logo\/image\/\",\"url\":\"https:\/\/emokebeautyzone.ro\/wp-content\/uploads\/2023\/01\/ebz3.jpg\",\"contentUrl\":\"https:\/\/emokebeautyzone.ro\/wp-content\/uploads\/2023\/01\/ebz3.jpg\",\"width\":1024,\"height\":577,\"caption\":\"Em\u0151ke Beauty Zone\"},\"image\":{\"@id\":\"https:\/\/emokebeautyzone.ro\/#\/schema\/logo\/image\/\"},\"sameAs\":[\"https:\/\/www.facebook.com\/EmokeBeautyZone\",\"https:\/\/www.instagram.com\/emokebeauty\/\",\"https:\/\/www.tiktok.com\/@emokebeautyzone?_t=8XNHVoBtmsw&_r=1\",\"https:\/\/mero.ro\/p\/emke-beauty-zone?absp=search_autocomplete&qid=50d505c8fda846417b5232705f6da5b9\"]}]}<\/script>\n<!-- \/ Yoast SEO plugin. -->","yoast_head_json":{"title":"Crema Global Anti-Aging #3 - 50 ml - Em\u0151ke Beauty Zone","robots":{"index":"index","follow":"follow","max-snippet":"max-snippet:-1","max-image-preview":"max-image-preview:large","max-video-preview":"max-video-preview:-1"},"canonical":"https:\/\/emokebeautyzone.ro\/hu\/termek\/crema-global-anti-aging-3-50-ml\/","og_locale":"hu_HU","og_type":"article","og_title":"Crema Global Anti-Aging #3 - 50 ml - Em\u0151ke Beauty Zone","og_description":"YOUTH EXPERT\u2122 Crema Global Anti-Aging #3 este o formula imbogatita, crema de lux special creata pentru terapiile orientate pe regenerare profunda &#8211; rezultate reale \u2122. Crema este potrivita pentru ingrijirea zilnica a pielii pentru toate tipurile de ten incepand cu varsta 60+. Ingrediente active: Componente de baza Complex GEN\u2019X-17-GAA\u2122 : Celule stem din coaja de [&hellip;]","og_url":"https:\/\/emokebeautyzone.ro\/hu\/termek\/crema-global-anti-aging-3-50-ml\/","og_site_name":"Em\u0151ke Beauty Zone","article_publisher":"https:\/\/www.facebook.com\/EmokeBeautyZone","og_image":[{"width":1667,"height":2500,"url":"https:\/\/emokebeautyzone.ro\/wp-content\/uploads\/2024\/05\/dermedics_GENX_cream_3_50ml.jpg","type":"image\/jpeg"}],"twitter_card":"summary_large_image","twitter_misc":{"Becs\u00fclt olvas\u00e1si id\u0151":"2 perc"},"schema":{"@context":"https:\/\/schema.org","@graph":[{"@type":"WebPage","@id":"https:\/\/emokebeautyzone.ro\/produs\/crema-global-anti-aging-3-50-ml\/","url":"https:\/\/emokebeautyzone.ro\/produs\/crema-global-anti-aging-3-50-ml\/","name":"Crema Global Anti-Aging #3 - 50 ml - Em\u0151ke Beauty Zone","isPartOf":{"@id":"https:\/\/emokebeautyzone.ro\/#website"},"primaryImageOfPage":{"@id":"https:\/\/emokebeautyzone.ro\/produs\/crema-global-anti-aging-3-50-ml\/#primaryimage"},"image":{"@id":"https:\/\/emokebeautyzone.ro\/produs\/crema-global-anti-aging-3-50-ml\/#primaryimage"},"thumbnailUrl":"https:\/\/emokebeautyzone.ro\/wp-content\/uploads\/2024\/05\/dermedics_GENX_cream_3_50ml.jpg","datePublished":"2024-05-20T13:16:14+00:00","breadcrumb":{"@id":"https:\/\/emokebeautyzone.ro\/produs\/crema-global-anti-aging-3-50-ml\/#breadcrumb"},"inLanguage":"hu","potentialAction":[{"@type":"ReadAction","target":["https:\/\/emokebeautyzone.ro\/produs\/crema-global-anti-aging-3-50-ml\/"]}]},{"@type":"ImageObject","inLanguage":"hu","@id":"https:\/\/emokebeautyzone.ro\/produs\/crema-global-anti-aging-3-50-ml\/#primaryimage","url":"https:\/\/emokebeautyzone.ro\/wp-content\/uploads\/2024\/05\/dermedics_GENX_cream_3_50ml.jpg","contentUrl":"https:\/\/emokebeautyzone.ro\/wp-content\/uploads\/2024\/05\/dermedics_GENX_cream_3_50ml.jpg","width":1667,"height":2500},{"@type":"BreadcrumbList","@id":"https:\/\/emokebeautyzone.ro\/produs\/crema-global-anti-aging-3-50-ml\/#breadcrumb","itemListElement":[{"@type":"ListItem","position":1,"name":"Prima pagin\u0103","item":"https:\/\/emokebeautyzone.ro\/"},{"@type":"ListItem","position":2,"name":"Magazin","item":"https:\/\/emokebeautyzone.ro\/magazin-emoke-beauty-zone-produse-profesionale-de-frumusete\/"},{"@type":"ListItem","position":3,"name":"Crema Global Anti-Aging #3 &#8211; 50 ml"}]},{"@type":"WebSite","@id":"https:\/\/emokebeautyzone.ro\/#website","url":"https:\/\/emokebeautyzone.ro\/","name":"Em\u0151ke Beauty Zone","description":"Beauty Zone","publisher":{"@id":"https:\/\/emokebeautyzone.ro\/#organization"},"potentialAction":[{"@type":"SearchAction","target":{"@type":"EntryPoint","urlTemplate":"https:\/\/emokebeautyzone.ro\/?s={search_term_string}"},"query-input":{"@type":"PropertyValueSpecification","valueRequired":true,"valueName":"search_term_string"}}],"inLanguage":"hu"},{"@type":"Organization","@id":"https:\/\/emokebeautyzone.ro\/#organization","name":"Em\u0151ke Beauty Zone","url":"https:\/\/emokebeautyzone.ro\/","logo":{"@type":"ImageObject","inLanguage":"hu","@id":"https:\/\/emokebeautyzone.ro\/#\/schema\/logo\/image\/","url":"https:\/\/emokebeautyzone.ro\/wp-content\/uploads\/2023\/01\/ebz3.jpg","contentUrl":"https:\/\/emokebeautyzone.ro\/wp-content\/uploads\/2023\/01\/ebz3.jpg","width":1024,"height":577,"caption":"Em\u0151ke Beauty Zone"},"image":{"@id":"https:\/\/emokebeautyzone.ro\/#\/schema\/logo\/image\/"},"sameAs":["https:\/\/www.facebook.com\/EmokeBeautyZone","https:\/\/www.instagram.com\/emokebeauty\/","https:\/\/www.tiktok.com\/@emokebeautyzone?_t=8XNHVoBtmsw&_r=1","https:\/\/mero.ro\/p\/emke-beauty-zone?absp=search_autocomplete&qid=50d505c8fda846417b5232705f6da5b9"]}]}},"jetpack_sharing_enabled":true,"_links":{"self":[{"href":"https:\/\/emokebeautyzone.ro\/hu\/wp-json\/wp\/v2\/product\/1310","targetHints":{"allow":["GET"]}}],"collection":[{"href":"https:\/\/emokebeautyzone.ro\/hu\/wp-json\/wp\/v2\/product"}],"about":[{"href":"https:\/\/emokebeautyzone.ro\/hu\/wp-json\/wp\/v2\/types\/product"}],"wp:featuredmedia":[{"embeddable":true,"href":"https:\/\/emokebeautyzone.ro\/hu\/wp-json\/wp\/v2\/media\/1257"}],"wp:attachment":[{"href":"https:\/\/emokebeautyzone.ro\/hu\/wp-json\/wp\/v2\/media?parent=1310"}],"wp:term":[{"taxonomy":"product_brand","embeddable":true,"href":"https:\/\/emokebeautyzone.ro\/hu\/wp-json\/wp\/v2\/product_brand?post=1310"},{"taxonomy":"product_cat","embeddable":true,"href":"https:\/\/emokebeautyzone.ro\/hu\/wp-json\/wp\/v2\/product_cat?post=1310"},{"taxonomy":"product_tag","embeddable":true,"href":"https:\/\/emokebeautyzone.ro\/hu\/wp-json\/wp\/v2\/product_tag?post=1310"}],"curies":[{"name":"wp","href":"https:\/\/api.w.org\/{rel}","templated":true}]}}