

{"id":1306,"date":"2024-05-20T13:08:33","date_gmt":"2024-05-20T13:08:33","guid":{"rendered":"https:\/\/emokebeautyzone.ro\/?post_type=product&#038;p=1306"},"modified":"2024-05-20T13:08:33","modified_gmt":"2024-05-20T13:08:33","slug":"youth-expert-ultimate-corrective-serum-50-ml","status":"publish","type":"product","link":"https:\/\/emokebeautyzone.ro\/hu\/termek\/youth-expert-ultimate-corrective-serum-50-ml\/","title":{"rendered":"YOUTH EXPERT\u2122 Ultimate Corrective Serum &#8211; 50 ml"},"content":{"rendered":"<p>YOUTH EXPERT\u2122 Ultimate Corrective Serum este un produs creat pentru regenerarea intensiva a matricei extracelulare deteriorate si pentru dezactivarea inflamatiei responsabile pentru degradarea tesutului.<\/p>\n<p>Ingrediente active:<\/p>\n<p>Lipodipeptide Tyrosyl-Arginyl + Rutin + Palmitoyl Oligopeptide + Palmitoyl Tetrapeptide-7 + Phaseolus Extract (Green Bean) + Mannuronate Silanol + 50 kDa Hyaluronic Acid<br \/>\nSiguranta:<\/p>\n<p>Hipoalergenic.<br \/>\nFara parabeni, alcool, coloranti, parfum si alergeni.<br \/>\nFara factori de crestere epidermica (EGF), care ar putea cauza diviziuni cancerigene ale celulelor si care ar putea accelera mutatia cancerului in celule in aplicari pe termen lung.<br \/>\nIndicatii pentru utilizare:<\/p>\n<p>Ingrijirea zilnica a fetei si a corpului si a corpului<br \/>\nUnisex: pentru femei si barbati, dar si pentru pielea de toate tipurile<br \/>\nSemne avansate de imbatranire<br \/>\nRiduri si linii profunde<br \/>\nVergeturile de pe piept, stomac, coapse sau fese<br \/>\nCicatrici post-acneice<br \/>\nPiele lasata<br \/>\nLipsa elasticitatii si fermitatii pielii<br \/>\nPiele delicata si sensibila<br \/>\nInflamatia (una dintre cauzele de degradare a matricei extracelulare)<br \/>\nIndepartarea barbiei duble<br \/>\nEfecte:<\/p>\n<p>Stimuleaza sinteza colagenului, elastinei si fibronectinei<\/p>\n<p>Reconstruieste deficientele din structura pielii (riduri, vergeturi, cicatrici post-acnee)<br \/>\nRe-volumizeaza structura matricei extracelulare (ECM)<br \/>\nOfera bio-lifting prin redensificarea pielii<br \/>\nImbunatateste coeziunea pielii (eficacitatea anti-sagging)<br \/>\nSustine matricea extracelulara pentru a reconstrui tesutul<br \/>\nImbunatateste arhitectura fibrelor elastice<br \/>\nImbunatateste rezistenta la gravitate<br \/>\nRecontureaza conturului fetei vizibil si modeleaza linia maxilarului<br \/>\nReduce barbia dubla<br \/>\nTipuri de tratamente:<\/p>\n<p>Proceduri intensive anti-imbatranire care vizeaza ridicarea si reconturarea conturului ovalului facial, precum si redensificarea pielii<br \/>\nProceduri de infrumusetare de reducere a ridurilor profunde, cicatrici (inclusiv cicatrici post-acnee) si vergeturi<br \/>\nProtectie zilnica a pielii (aplicatie zi si noapte)<br \/>\nAria de aplicare:<\/p>\n<p>Toate zonele pielii ce prezinta o pierdere vizibila a structurii si a coeziunii tesutului conjunctiv (\u201csanturi\u201d profunde, riduri foarte adanci, vergeturi, lipsa fermitatii si elasticitatii pielii, pielea lasata a fetei si a corpului).<br \/>\nPrecautii<\/p>\n<p>Doar pentru uz extern. A nu se utiliza pentru tratamentele cu ace.<br \/>\nProdusul nu este destinat utilizarii cu injectii de umplere.<br \/>\nA nu se lasa la indemana copiilor.<br \/>\nContraindicatii: <\/p>\n<p>Hipersensibilitate la oricare component al formulei.<br \/>\nInformatii aditionale:<\/p>\n<p>Poate fi combinat cu Crema Lamelara.<br \/>\nPoate fi combinat mesoserurile Dermedics in timpul unui tratament profesional.<br \/>\nRezultate:<\/p>\n<p>Imbunatatirea conditiei pielii vizibil dupa un singur tratament.<br \/>\nAplicarea regulata asigura imbunatatirea spectaculoasa a pielii.<br \/>\nCantitate: 50 ml.<\/p>\n<p>*  Eficacitatea ingredientelor active confirmate prin testele in vitro si in vivo prin aplicarea regulata.<\/p>\n<p>Inregistrat in Uniunea Europeana ca produse cosmetice conform Directivei Cosmetice 76\/768 \/ CEE.<\/p>\n<p>Fabricat in conformitate cu bunele practici de fabricatie (GMP).<\/p>\n<p>Testat microbiologic si dermatologic. | NU TESTAT PE ANIMALE.<\/p>","protected":false},"excerpt":{"rendered":"<p>YOUTH EXPERT\u2122 Ultimate Corrective Serum este un produs creat pentru regenerarea intensiva a matricei extracelulare deteriorate si pentru dezactivarea inflamatiei responsabile pentru degradarea tesutului. Ingrediente active: Lipodipeptide Tyrosyl-Arginyl + Rutin + Palmitoyl Oligopeptide + Palmitoyl Tetrapeptide-7 + Phaseolus Extract (Green Bean) + Mannuronate Silanol + 50 kDa Hyaluronic Acid Siguranta: Hipoalergenic. Fara parabeni, alcool, coloranti, [&hellip;]<\/p>","protected":false},"featured_media":1263,"template":"","meta":{"ocean_post_layout":"","ocean_both_sidebars_style":"","ocean_both_sidebars_content_width":0,"ocean_both_sidebars_sidebars_width":0,"ocean_sidebar":"0","ocean_second_sidebar":"0","ocean_disable_margins":"enable","ocean_add_body_class":"","ocean_shortcode_before_top_bar":"","ocean_shortcode_after_top_bar":"","ocean_shortcode_before_header":"","ocean_shortcode_after_header":"","ocean_has_shortcode":"","ocean_shortcode_after_title":"","ocean_shortcode_before_footer_widgets":"","ocean_shortcode_after_footer_widgets":"","ocean_shortcode_before_footer_bottom":"","ocean_shortcode_after_footer_bottom":"","ocean_display_top_bar":"default","ocean_display_header":"default","ocean_header_style":"","ocean_center_header_left_menu":"0","ocean_custom_header_template":"0","ocean_custom_logo":0,"ocean_custom_retina_logo":0,"ocean_custom_logo_max_width":0,"ocean_custom_logo_tablet_max_width":0,"ocean_custom_logo_mobile_max_width":0,"ocean_custom_logo_max_height":0,"ocean_custom_logo_tablet_max_height":0,"ocean_custom_logo_mobile_max_height":0,"ocean_header_custom_menu":"0","ocean_menu_typo_font_family":"0","ocean_menu_typo_font_subset":"","ocean_menu_typo_font_size":0,"ocean_menu_typo_font_size_tablet":0,"ocean_menu_typo_font_size_mobile":0,"ocean_menu_typo_font_size_unit":"px","ocean_menu_typo_font_weight":"","ocean_menu_typo_font_weight_tablet":"","ocean_menu_typo_font_weight_mobile":"","ocean_menu_typo_transform":"","ocean_menu_typo_transform_tablet":"","ocean_menu_typo_transform_mobile":"","ocean_menu_typo_line_height":0,"ocean_menu_typo_line_height_tablet":0,"ocean_menu_typo_line_height_mobile":0,"ocean_menu_typo_line_height_unit":"","ocean_menu_typo_spacing":0,"ocean_menu_typo_spacing_tablet":0,"ocean_menu_typo_spacing_mobile":0,"ocean_menu_typo_spacing_unit":"","ocean_menu_link_color":"","ocean_menu_link_color_hover":"","ocean_menu_link_color_active":"","ocean_menu_link_background":"","ocean_menu_link_hover_background":"","ocean_menu_link_active_background":"","ocean_menu_social_links_bg":"","ocean_menu_social_hover_links_bg":"","ocean_menu_social_links_color":"","ocean_menu_social_hover_links_color":"","ocean_disable_title":"default","ocean_disable_heading":"default","ocean_post_title":"","ocean_post_subheading":"","ocean_post_title_style":"","ocean_post_title_background_color":"","ocean_post_title_background":0,"ocean_post_title_bg_image_position":"","ocean_post_title_bg_image_attachment":"","ocean_post_title_bg_image_repeat":"","ocean_post_title_bg_image_size":"","ocean_post_title_height":0,"ocean_post_title_bg_overlay":0.5,"ocean_post_title_bg_overlay_color":"","ocean_disable_breadcrumbs":"default","ocean_breadcrumbs_color":"","ocean_breadcrumbs_separator_color":"","ocean_breadcrumbs_links_color":"","ocean_breadcrumbs_links_hover_color":"","ocean_display_footer_widgets":"default","ocean_display_footer_bottom":"default","ocean_custom_footer_template":"0"},"product_brand":[],"product_cat":[38],"product_tag":[],"class_list":{"0":"post-1306","1":"product","2":"type-product","3":"status-publish","4":"has-post-thumbnail","6":"product_cat-dermedics","8":"entry","9":"has-media","11":"first","12":"instock","13":"shipping-taxable","14":"purchasable","15":"product-type-simple","16":"has-product-nav","17":"col","18":"span_1_of_3","19":"owp-content-center","20":"owp-thumbs-layout-horizontal","21":"owp-btn-normal","22":"owp-tabs-layout-horizontal","23":"has-no-thumbnails"},"yoast_head":"<!-- This site is optimized with the Yoast SEO plugin v25.2 - https:\/\/yoast.com\/wordpress\/plugins\/seo\/ -->\n<title>YOUTH EXPERT\u2122 Ultimate Corrective Serum - 50 ml - Em\u0151ke Beauty Zone<\/title>\n<meta name=\"robots\" content=\"index, follow, max-snippet:-1, max-image-preview:large, max-video-preview:-1\" \/>\n<link rel=\"canonical\" href=\"https:\/\/emokebeautyzone.ro\/hu\/termek\/youth-expert-ultimate-corrective-serum-50-ml\/\" \/>\n<meta property=\"og:locale\" content=\"hu_HU\" \/>\n<meta property=\"og:type\" content=\"article\" \/>\n<meta property=\"og:title\" content=\"YOUTH EXPERT\u2122 Ultimate Corrective Serum - 50 ml - Em\u0151ke Beauty Zone\" \/>\n<meta property=\"og:description\" content=\"YOUTH EXPERT\u2122 Ultimate Corrective Serum este un produs creat pentru regenerarea intensiva a matricei extracelulare deteriorate si pentru dezactivarea inflamatiei responsabile pentru degradarea tesutului. Ingrediente active: Lipodipeptide Tyrosyl-Arginyl + Rutin + Palmitoyl Oligopeptide + Palmitoyl Tetrapeptide-7 + Phaseolus Extract (Green Bean) + Mannuronate Silanol + 50 kDa Hyaluronic Acid Siguranta: Hipoalergenic. Fara parabeni, alcool, coloranti, [&hellip;]\" \/>\n<meta property=\"og:url\" content=\"https:\/\/emokebeautyzone.ro\/hu\/termek\/youth-expert-ultimate-corrective-serum-50-ml\/\" \/>\n<meta property=\"og:site_name\" content=\"Em\u0151ke Beauty Zone\" \/>\n<meta property=\"article:publisher\" content=\"https:\/\/www.facebook.com\/EmokeBeautyZone\" \/>\n<meta property=\"og:image\" content=\"https:\/\/emokebeautyzone.ro\/wp-content\/uploads\/2024\/05\/dermedics_ECM_roll-on_15ml.jpg\" \/>\n\t<meta property=\"og:image:width\" content=\"1667\" \/>\n\t<meta property=\"og:image:height\" content=\"2500\" \/>\n\t<meta property=\"og:image:type\" content=\"image\/jpeg\" \/>\n<meta name=\"twitter:card\" content=\"summary_large_image\" \/>\n<meta name=\"twitter:label1\" content=\"Becs\u00fclt olvas\u00e1si id\u0151\" \/>\n\t<meta name=\"twitter:data1\" content=\"2 perc\" \/>\n<script type=\"application\/ld+json\" class=\"yoast-schema-graph\">{\"@context\":\"https:\/\/schema.org\",\"@graph\":[{\"@type\":\"WebPage\",\"@id\":\"https:\/\/emokebeautyzone.ro\/produs\/youth-expert-ultimate-corrective-serum-50-ml\/\",\"url\":\"https:\/\/emokebeautyzone.ro\/produs\/youth-expert-ultimate-corrective-serum-50-ml\/\",\"name\":\"YOUTH EXPERT\u2122 Ultimate Corrective Serum - 50 ml - Em\u0151ke Beauty Zone\",\"isPartOf\":{\"@id\":\"https:\/\/emokebeautyzone.ro\/#website\"},\"primaryImageOfPage\":{\"@id\":\"https:\/\/emokebeautyzone.ro\/produs\/youth-expert-ultimate-corrective-serum-50-ml\/#primaryimage\"},\"image\":{\"@id\":\"https:\/\/emokebeautyzone.ro\/produs\/youth-expert-ultimate-corrective-serum-50-ml\/#primaryimage\"},\"thumbnailUrl\":\"https:\/\/emokebeautyzone.ro\/wp-content\/uploads\/2024\/05\/dermedics_ECM_roll-on_15ml.jpg\",\"datePublished\":\"2024-05-20T13:08:33+00:00\",\"breadcrumb\":{\"@id\":\"https:\/\/emokebeautyzone.ro\/produs\/youth-expert-ultimate-corrective-serum-50-ml\/#breadcrumb\"},\"inLanguage\":\"hu\",\"potentialAction\":[{\"@type\":\"ReadAction\",\"target\":[\"https:\/\/emokebeautyzone.ro\/produs\/youth-expert-ultimate-corrective-serum-50-ml\/\"]}]},{\"@type\":\"ImageObject\",\"inLanguage\":\"hu\",\"@id\":\"https:\/\/emokebeautyzone.ro\/produs\/youth-expert-ultimate-corrective-serum-50-ml\/#primaryimage\",\"url\":\"https:\/\/emokebeautyzone.ro\/wp-content\/uploads\/2024\/05\/dermedics_ECM_roll-on_15ml.jpg\",\"contentUrl\":\"https:\/\/emokebeautyzone.ro\/wp-content\/uploads\/2024\/05\/dermedics_ECM_roll-on_15ml.jpg\",\"width\":1667,\"height\":2500},{\"@type\":\"BreadcrumbList\",\"@id\":\"https:\/\/emokebeautyzone.ro\/produs\/youth-expert-ultimate-corrective-serum-50-ml\/#breadcrumb\",\"itemListElement\":[{\"@type\":\"ListItem\",\"position\":1,\"name\":\"Prima pagin\u0103\",\"item\":\"https:\/\/emokebeautyzone.ro\/\"},{\"@type\":\"ListItem\",\"position\":2,\"name\":\"Magazin\",\"item\":\"https:\/\/emokebeautyzone.ro\/magazin-emoke-beauty-zone-produse-profesionale-de-frumusete\/\"},{\"@type\":\"ListItem\",\"position\":3,\"name\":\"YOUTH EXPERT\u2122 Ultimate Corrective Serum &#8211; 50 ml\"}]},{\"@type\":\"WebSite\",\"@id\":\"https:\/\/emokebeautyzone.ro\/#website\",\"url\":\"https:\/\/emokebeautyzone.ro\/\",\"name\":\"Em\u0151ke Beauty Zone\",\"description\":\"Beauty Zone\",\"publisher\":{\"@id\":\"https:\/\/emokebeautyzone.ro\/#organization\"},\"potentialAction\":[{\"@type\":\"SearchAction\",\"target\":{\"@type\":\"EntryPoint\",\"urlTemplate\":\"https:\/\/emokebeautyzone.ro\/?s={search_term_string}\"},\"query-input\":{\"@type\":\"PropertyValueSpecification\",\"valueRequired\":true,\"valueName\":\"search_term_string\"}}],\"inLanguage\":\"hu\"},{\"@type\":\"Organization\",\"@id\":\"https:\/\/emokebeautyzone.ro\/#organization\",\"name\":\"Em\u0151ke Beauty Zone\",\"url\":\"https:\/\/emokebeautyzone.ro\/\",\"logo\":{\"@type\":\"ImageObject\",\"inLanguage\":\"hu\",\"@id\":\"https:\/\/emokebeautyzone.ro\/#\/schema\/logo\/image\/\",\"url\":\"https:\/\/emokebeautyzone.ro\/wp-content\/uploads\/2023\/01\/ebz3.jpg\",\"contentUrl\":\"https:\/\/emokebeautyzone.ro\/wp-content\/uploads\/2023\/01\/ebz3.jpg\",\"width\":1024,\"height\":577,\"caption\":\"Em\u0151ke Beauty Zone\"},\"image\":{\"@id\":\"https:\/\/emokebeautyzone.ro\/#\/schema\/logo\/image\/\"},\"sameAs\":[\"https:\/\/www.facebook.com\/EmokeBeautyZone\",\"https:\/\/www.instagram.com\/emokebeauty\/\",\"https:\/\/www.tiktok.com\/@emokebeautyzone?_t=8XNHVoBtmsw&_r=1\",\"https:\/\/mero.ro\/p\/emke-beauty-zone?absp=search_autocomplete&qid=50d505c8fda846417b5232705f6da5b9\"]}]}<\/script>\n<!-- \/ Yoast SEO plugin. -->","yoast_head_json":{"title":"YOUTH EXPERT\u2122 Ultimate Corrective Serum - 50 ml - Em\u0151ke Beauty Zone","robots":{"index":"index","follow":"follow","max-snippet":"max-snippet:-1","max-image-preview":"max-image-preview:large","max-video-preview":"max-video-preview:-1"},"canonical":"https:\/\/emokebeautyzone.ro\/hu\/termek\/youth-expert-ultimate-corrective-serum-50-ml\/","og_locale":"hu_HU","og_type":"article","og_title":"YOUTH EXPERT\u2122 Ultimate Corrective Serum - 50 ml - Em\u0151ke Beauty Zone","og_description":"YOUTH EXPERT\u2122 Ultimate Corrective Serum este un produs creat pentru regenerarea intensiva a matricei extracelulare deteriorate si pentru dezactivarea inflamatiei responsabile pentru degradarea tesutului. Ingrediente active: Lipodipeptide Tyrosyl-Arginyl + Rutin + Palmitoyl Oligopeptide + Palmitoyl Tetrapeptide-7 + Phaseolus Extract (Green Bean) + Mannuronate Silanol + 50 kDa Hyaluronic Acid Siguranta: Hipoalergenic. Fara parabeni, alcool, coloranti, [&hellip;]","og_url":"https:\/\/emokebeautyzone.ro\/hu\/termek\/youth-expert-ultimate-corrective-serum-50-ml\/","og_site_name":"Em\u0151ke Beauty Zone","article_publisher":"https:\/\/www.facebook.com\/EmokeBeautyZone","og_image":[{"width":1667,"height":2500,"url":"https:\/\/emokebeautyzone.ro\/wp-content\/uploads\/2024\/05\/dermedics_ECM_roll-on_15ml.jpg","type":"image\/jpeg"}],"twitter_card":"summary_large_image","twitter_misc":{"Becs\u00fclt olvas\u00e1si id\u0151":"2 perc"},"schema":{"@context":"https:\/\/schema.org","@graph":[{"@type":"WebPage","@id":"https:\/\/emokebeautyzone.ro\/produs\/youth-expert-ultimate-corrective-serum-50-ml\/","url":"https:\/\/emokebeautyzone.ro\/produs\/youth-expert-ultimate-corrective-serum-50-ml\/","name":"YOUTH EXPERT\u2122 Ultimate Corrective Serum - 50 ml - Em\u0151ke Beauty Zone","isPartOf":{"@id":"https:\/\/emokebeautyzone.ro\/#website"},"primaryImageOfPage":{"@id":"https:\/\/emokebeautyzone.ro\/produs\/youth-expert-ultimate-corrective-serum-50-ml\/#primaryimage"},"image":{"@id":"https:\/\/emokebeautyzone.ro\/produs\/youth-expert-ultimate-corrective-serum-50-ml\/#primaryimage"},"thumbnailUrl":"https:\/\/emokebeautyzone.ro\/wp-content\/uploads\/2024\/05\/dermedics_ECM_roll-on_15ml.jpg","datePublished":"2024-05-20T13:08:33+00:00","breadcrumb":{"@id":"https:\/\/emokebeautyzone.ro\/produs\/youth-expert-ultimate-corrective-serum-50-ml\/#breadcrumb"},"inLanguage":"hu","potentialAction":[{"@type":"ReadAction","target":["https:\/\/emokebeautyzone.ro\/produs\/youth-expert-ultimate-corrective-serum-50-ml\/"]}]},{"@type":"ImageObject","inLanguage":"hu","@id":"https:\/\/emokebeautyzone.ro\/produs\/youth-expert-ultimate-corrective-serum-50-ml\/#primaryimage","url":"https:\/\/emokebeautyzone.ro\/wp-content\/uploads\/2024\/05\/dermedics_ECM_roll-on_15ml.jpg","contentUrl":"https:\/\/emokebeautyzone.ro\/wp-content\/uploads\/2024\/05\/dermedics_ECM_roll-on_15ml.jpg","width":1667,"height":2500},{"@type":"BreadcrumbList","@id":"https:\/\/emokebeautyzone.ro\/produs\/youth-expert-ultimate-corrective-serum-50-ml\/#breadcrumb","itemListElement":[{"@type":"ListItem","position":1,"name":"Prima pagin\u0103","item":"https:\/\/emokebeautyzone.ro\/"},{"@type":"ListItem","position":2,"name":"Magazin","item":"https:\/\/emokebeautyzone.ro\/magazin-emoke-beauty-zone-produse-profesionale-de-frumusete\/"},{"@type":"ListItem","position":3,"name":"YOUTH EXPERT\u2122 Ultimate Corrective Serum &#8211; 50 ml"}]},{"@type":"WebSite","@id":"https:\/\/emokebeautyzone.ro\/#website","url":"https:\/\/emokebeautyzone.ro\/","name":"Em\u0151ke Beauty Zone","description":"Beauty Zone","publisher":{"@id":"https:\/\/emokebeautyzone.ro\/#organization"},"potentialAction":[{"@type":"SearchAction","target":{"@type":"EntryPoint","urlTemplate":"https:\/\/emokebeautyzone.ro\/?s={search_term_string}"},"query-input":{"@type":"PropertyValueSpecification","valueRequired":true,"valueName":"search_term_string"}}],"inLanguage":"hu"},{"@type":"Organization","@id":"https:\/\/emokebeautyzone.ro\/#organization","name":"Em\u0151ke Beauty Zone","url":"https:\/\/emokebeautyzone.ro\/","logo":{"@type":"ImageObject","inLanguage":"hu","@id":"https:\/\/emokebeautyzone.ro\/#\/schema\/logo\/image\/","url":"https:\/\/emokebeautyzone.ro\/wp-content\/uploads\/2023\/01\/ebz3.jpg","contentUrl":"https:\/\/emokebeautyzone.ro\/wp-content\/uploads\/2023\/01\/ebz3.jpg","width":1024,"height":577,"caption":"Em\u0151ke Beauty Zone"},"image":{"@id":"https:\/\/emokebeautyzone.ro\/#\/schema\/logo\/image\/"},"sameAs":["https:\/\/www.facebook.com\/EmokeBeautyZone","https:\/\/www.instagram.com\/emokebeauty\/","https:\/\/www.tiktok.com\/@emokebeautyzone?_t=8XNHVoBtmsw&_r=1","https:\/\/mero.ro\/p\/emke-beauty-zone?absp=search_autocomplete&qid=50d505c8fda846417b5232705f6da5b9"]}]}},"jetpack_sharing_enabled":true,"_links":{"self":[{"href":"https:\/\/emokebeautyzone.ro\/hu\/wp-json\/wp\/v2\/product\/1306","targetHints":{"allow":["GET"]}}],"collection":[{"href":"https:\/\/emokebeautyzone.ro\/hu\/wp-json\/wp\/v2\/product"}],"about":[{"href":"https:\/\/emokebeautyzone.ro\/hu\/wp-json\/wp\/v2\/types\/product"}],"wp:featuredmedia":[{"embeddable":true,"href":"https:\/\/emokebeautyzone.ro\/hu\/wp-json\/wp\/v2\/media\/1263"}],"wp:attachment":[{"href":"https:\/\/emokebeautyzone.ro\/hu\/wp-json\/wp\/v2\/media?parent=1306"}],"wp:term":[{"taxonomy":"product_brand","embeddable":true,"href":"https:\/\/emokebeautyzone.ro\/hu\/wp-json\/wp\/v2\/product_brand?post=1306"},{"taxonomy":"product_cat","embeddable":true,"href":"https:\/\/emokebeautyzone.ro\/hu\/wp-json\/wp\/v2\/product_cat?post=1306"},{"taxonomy":"product_tag","embeddable":true,"href":"https:\/\/emokebeautyzone.ro\/hu\/wp-json\/wp\/v2\/product_tag?post=1306"}],"curies":[{"name":"wp","href":"https:\/\/api.w.org\/{rel}","templated":true}]}}