

{"id":1305,"date":"2024-05-20T13:04:32","date_gmt":"2024-05-20T13:04:32","guid":{"rendered":"https:\/\/emokebeautyzone.ro\/?post_type=product&#038;p=1305"},"modified":"2024-05-20T13:04:32","modified_gmt":"2024-05-20T13:04:32","slug":"youth-expert-ultimate-corrective-cream-50-ml","status":"publish","type":"product","link":"https:\/\/emokebeautyzone.ro\/hu\/termek\/youth-expert-ultimate-corrective-cream-50-ml\/","title":{"rendered":"YOUTH EXPERT\u2122 Ultimate Corrective Cream &#8211; 50 ml"},"content":{"rendered":"<p>YOUTH EXPERT\u2122 Ultimate Corrective Cream este o crema anti-aging puternica creata special pentru tratamente intensive de redensificare si reconturare a fetei, a gatului si a decolteului cu rezultate reale\u2122. Aceasta crema este potrivita pentru ingrijirea zilnica pentru toate tipurile de piele, care si-au pierdut conturul si fermitatea.<\/p>\n<p>Ingrediente active:<\/p>\n<p>Componente principale \u2013 complexul FLEX-UP Sculpting\u2122:<\/p>\n<p>Stimuleaza factorii de regenerare naturala a pielii: proteine din placenta<br \/>\nRepara matricei extra-celulare (ECM):  Extract de Crocus Chrysanthus<br \/>\nImbunatateste rezistenta dermica: Acid Xymeninic (restructurarea arhitecturii tesuturilor)<br \/>\nContureaza si are efecte de lifting: Lipodipeptide Tyrosyl-Arginyl + Crystal Tears\u2122<br \/>\nComponente secundare:<\/p>\n<p>Nutritie: Apitoxina\/Venin de Albine (bogat in protein, peptide, fosfolipide, aminoacizi si minerale)<br \/>\nMicrocirculatie: Cafeina + Troxerutin (derrivat din extract de flori de salcam)<br \/>\nHidratare: Polyglyceryl-3 PCA + Acid Hialuronic 50kDa<br \/>\nRestaurare lipidica: Lauryl Olivate (dermolient hidrolipidic)<br \/>\nProtectie UV: filtre UV (ochelari de soare pentru piele\u2122)<br \/>\nAnti-oxidant: Vitamina E<br \/>\nInovatie:<\/p>\n<p>1. Tehnologia FLEX-UP Sculpting\u2122 este cel mai puternic system anti-gravitatie oferit de catre DERMEDICS\u00ae. Este o combinatie remarcabila a celor mai remarcabile ingredient anti-aging (care sunt deja cunoscute din gamele ECM si GEN\u2019X) cu cele main oi ingredient cosmetic disponibile in acest moment pe piata de beauty. Aceasta formula intensive a fost create special pentru redensificarea si reconturarea pielii, pentru a lupta impotriva pielii lasate cauzata de catre gravitatie  prin:<\/p>\n<p>Stimularea keratinocitelor pentru a favoriza cresterea factorilor  care pot imbunatati sinteza de colagen  si de elastina in derm (acest efect asupra fibroblastelor este comparabil cu cel al cresterii transformatoare (TGF-\u03b2), un factor natural de crestere implicat in sinteza ECM)<br \/>\nStimularea consumului de oxigen al celulelor epiteliale si al metabolismului celulelor<br \/>\nImbunatatirea proprietatilor biomecani  ale pielii si calitatea acestora<br \/>\nRestaureaza echilibrul ionic, precum si hidratarea tesuturilor si a celulelor<br \/>\nReactiveaza cele doua protein ale tineretii: KLOTHO* and FOXO**<br \/>\nReactiveaza genele tineretii implicate in activitatea celulara a pielii de a stimula: sinteza ARN-ului celular, repararea AND-ului, detoxifierea celulara, sinteza fibrilinei (o glicoproteina mare (~350 kDa), bogata in cisteina, care este o component principal a microfibrelor \u2013 efectele sale sunt reduse de imbatranire).<br \/>\n2. Tehnologia Sunglasses for the Skin\u2122 (ochelari de soare pentru piele) \u2013 filtre innovative UV incapsulate in micro-perle pentru a oferi protectie pielii si pentru a preveni contactul direct al pielii cu razele UV, asigurand pielii un confort optim, care permite astfel aplicare atat pet imp de zi, cat si seara. Filtrele UV sunt inactive pe timpul noptii.<\/p>\n<p>Indicatii de utilizare:<\/p>\n<p>Unisex: pentru femei si barbate, pentru pielea de toate tipurile<br \/>\nDeteriorarea aspectului conturului fetei si al gatului<br \/>\nLipsa elasticitatii si fermitatii pielii (pielea lasata)<br \/>\nPierderea considerabila a compacitatii pielii (o slaba jonctiune dermo-epidermala (DEJ))<br \/>\nO coloratie nesanatoasa a pielii, precum un simptom al unui nivel slab de nutritive si oxigenare<br \/>\nIngrijirea zilnica a pielii (aplicare pe timpul zilei si\/sau pe timpul noptii)<br \/>\nBeneficii:<\/p>\n<p>Reconturarea si remodelarea vizibilia a conturului fetei si gatului<br \/>\nReactivarea sintezei de colagen, elastina si de acid hialuronic<br \/>\nImbunatateste coeziunea si rezistenta pielii la gravitatie (lupta impotriva pielii lasate)<br \/>\nNutritie intensiva in protein, peptide, fosfolipide, aminoacizi si minerale<br \/>\nImbunatateste functionalitatea barierei lipidice a pielii pentru a preveni iritatiile si inflamtiile<br \/>\nOxigenare profunda si hidratare (reduce oboseala pielii)<br \/>\nImbunatateste microcirculatia si rezistenta capilara<br \/>\nOfera protective garantata impotriva razelor UV si a radicalilor liberi<br \/>\nTipuri de tratamente:<\/p>\n<p>Tratamente intensive de rendesificare si reconturare<br \/>\nStimulare a factorilor de regenerare naturali ai pielii<br \/>\nInversarea procesului de imbatranire pentru tenul matur<br \/>\nIntinerirea texturii pielii<br \/>\nTratamente impotrica gravitatiei (prevenire si reducere)<br \/>\nIngrijire zilnica<br \/>\nTratamente directionate pe rezultate vizibile  \u2013 imbunatatirea vizibila a texturii pielii prin folosirea regulata<br \/>\nCantitate: 50 ml<\/p>\n<p>Hipoalergenic | Fara parabeni | Fara Alcool | Fara Coloranti | Fara Alergeni si Fara Factori de Crestere Epidermici (EGF)<\/p>","protected":false},"excerpt":{"rendered":"<p>YOUTH EXPERT\u2122 Ultimate Corrective Cream este o crema anti-aging puternica creata special pentru tratamente intensive de redensificare si reconturare a fetei, a gatului si a decolteului cu rezultate reale\u2122. Aceasta crema este potrivita pentru ingrijirea zilnica pentru toate tipurile de piele, care si-au pierdut conturul si fermitatea. Ingrediente active: Componente principale \u2013 complexul FLEX-UP Sculpting\u2122: [&hellip;]<\/p>","protected":false},"featured_media":1262,"template":"","meta":{"ocean_post_layout":"","ocean_both_sidebars_style":"","ocean_both_sidebars_content_width":0,"ocean_both_sidebars_sidebars_width":0,"ocean_sidebar":"0","ocean_second_sidebar":"0","ocean_disable_margins":"enable","ocean_add_body_class":"","ocean_shortcode_before_top_bar":"","ocean_shortcode_after_top_bar":"","ocean_shortcode_before_header":"","ocean_shortcode_after_header":"","ocean_has_shortcode":"","ocean_shortcode_after_title":"","ocean_shortcode_before_footer_widgets":"","ocean_shortcode_after_footer_widgets":"","ocean_shortcode_before_footer_bottom":"","ocean_shortcode_after_footer_bottom":"","ocean_display_top_bar":"default","ocean_display_header":"default","ocean_header_style":"","ocean_center_header_left_menu":"0","ocean_custom_header_template":"0","ocean_custom_logo":0,"ocean_custom_retina_logo":0,"ocean_custom_logo_max_width":0,"ocean_custom_logo_tablet_max_width":0,"ocean_custom_logo_mobile_max_width":0,"ocean_custom_logo_max_height":0,"ocean_custom_logo_tablet_max_height":0,"ocean_custom_logo_mobile_max_height":0,"ocean_header_custom_menu":"0","ocean_menu_typo_font_family":"0","ocean_menu_typo_font_subset":"","ocean_menu_typo_font_size":0,"ocean_menu_typo_font_size_tablet":0,"ocean_menu_typo_font_size_mobile":0,"ocean_menu_typo_font_size_unit":"px","ocean_menu_typo_font_weight":"","ocean_menu_typo_font_weight_tablet":"","ocean_menu_typo_font_weight_mobile":"","ocean_menu_typo_transform":"","ocean_menu_typo_transform_tablet":"","ocean_menu_typo_transform_mobile":"","ocean_menu_typo_line_height":0,"ocean_menu_typo_line_height_tablet":0,"ocean_menu_typo_line_height_mobile":0,"ocean_menu_typo_line_height_unit":"","ocean_menu_typo_spacing":0,"ocean_menu_typo_spacing_tablet":0,"ocean_menu_typo_spacing_mobile":0,"ocean_menu_typo_spacing_unit":"","ocean_menu_link_color":"","ocean_menu_link_color_hover":"","ocean_menu_link_color_active":"","ocean_menu_link_background":"","ocean_menu_link_hover_background":"","ocean_menu_link_active_background":"","ocean_menu_social_links_bg":"","ocean_menu_social_hover_links_bg":"","ocean_menu_social_links_color":"","ocean_menu_social_hover_links_color":"","ocean_disable_title":"default","ocean_disable_heading":"default","ocean_post_title":"","ocean_post_subheading":"","ocean_post_title_style":"","ocean_post_title_background_color":"","ocean_post_title_background":0,"ocean_post_title_bg_image_position":"","ocean_post_title_bg_image_attachment":"","ocean_post_title_bg_image_repeat":"","ocean_post_title_bg_image_size":"","ocean_post_title_height":0,"ocean_post_title_bg_overlay":0.5,"ocean_post_title_bg_overlay_color":"","ocean_disable_breadcrumbs":"default","ocean_breadcrumbs_color":"","ocean_breadcrumbs_separator_color":"","ocean_breadcrumbs_links_color":"","ocean_breadcrumbs_links_hover_color":"","ocean_display_footer_widgets":"default","ocean_display_footer_bottom":"default","ocean_custom_footer_template":"0"},"product_brand":[],"product_cat":[38],"product_tag":[],"class_list":{"0":"post-1305","1":"product","2":"type-product","3":"status-publish","4":"has-post-thumbnail","6":"product_cat-dermedics","8":"entry","9":"has-media","11":"first","12":"instock","13":"shipping-taxable","14":"purchasable","15":"product-type-simple","16":"has-product-nav","17":"col","18":"span_1_of_3","19":"owp-content-center","20":"owp-thumbs-layout-horizontal","21":"owp-btn-normal","22":"owp-tabs-layout-horizontal","23":"has-no-thumbnails"},"yoast_head":"<!-- This site is optimized with the Yoast SEO plugin v25.2 - https:\/\/yoast.com\/wordpress\/plugins\/seo\/ -->\n<title>YOUTH EXPERT\u2122 Ultimate Corrective Cream - 50 ml - Em\u0151ke Beauty Zone<\/title>\n<meta name=\"robots\" content=\"index, follow, max-snippet:-1, max-image-preview:large, max-video-preview:-1\" \/>\n<link rel=\"canonical\" href=\"https:\/\/emokebeautyzone.ro\/hu\/termek\/youth-expert-ultimate-corrective-cream-50-ml\/\" \/>\n<meta property=\"og:locale\" content=\"hu_HU\" \/>\n<meta property=\"og:type\" content=\"article\" \/>\n<meta property=\"og:title\" content=\"YOUTH EXPERT\u2122 Ultimate Corrective Cream - 50 ml - Em\u0151ke Beauty Zone\" \/>\n<meta property=\"og:description\" content=\"YOUTH EXPERT\u2122 Ultimate Corrective Cream este o crema anti-aging puternica creata special pentru tratamente intensive de redensificare si reconturare a fetei, a gatului si a decolteului cu rezultate reale\u2122. Aceasta crema este potrivita pentru ingrijirea zilnica pentru toate tipurile de piele, care si-au pierdut conturul si fermitatea. Ingrediente active: Componente principale \u2013 complexul FLEX-UP Sculpting\u2122: [&hellip;]\" \/>\n<meta property=\"og:url\" content=\"https:\/\/emokebeautyzone.ro\/hu\/termek\/youth-expert-ultimate-corrective-cream-50-ml\/\" \/>\n<meta property=\"og:site_name\" content=\"Em\u0151ke Beauty Zone\" \/>\n<meta property=\"article:publisher\" content=\"https:\/\/www.facebook.com\/EmokeBeautyZone\" \/>\n<meta property=\"og:image\" content=\"https:\/\/emokebeautyzone.ro\/wp-content\/uploads\/2024\/05\/dermedics_ECM_cream_50ml.jpg\" \/>\n\t<meta property=\"og:image:width\" content=\"1667\" \/>\n\t<meta property=\"og:image:height\" content=\"2500\" \/>\n\t<meta property=\"og:image:type\" content=\"image\/jpeg\" \/>\n<meta name=\"twitter:card\" content=\"summary_large_image\" \/>\n<meta name=\"twitter:label1\" content=\"Becs\u00fclt olvas\u00e1si id\u0151\" \/>\n\t<meta name=\"twitter:data1\" content=\"3 perc\" \/>\n<script type=\"application\/ld+json\" class=\"yoast-schema-graph\">{\"@context\":\"https:\/\/schema.org\",\"@graph\":[{\"@type\":\"WebPage\",\"@id\":\"https:\/\/emokebeautyzone.ro\/produs\/youth-expert-ultimate-corrective-cream-50-ml\/\",\"url\":\"https:\/\/emokebeautyzone.ro\/produs\/youth-expert-ultimate-corrective-cream-50-ml\/\",\"name\":\"YOUTH EXPERT\u2122 Ultimate Corrective Cream - 50 ml - Em\u0151ke Beauty Zone\",\"isPartOf\":{\"@id\":\"https:\/\/emokebeautyzone.ro\/#website\"},\"primaryImageOfPage\":{\"@id\":\"https:\/\/emokebeautyzone.ro\/produs\/youth-expert-ultimate-corrective-cream-50-ml\/#primaryimage\"},\"image\":{\"@id\":\"https:\/\/emokebeautyzone.ro\/produs\/youth-expert-ultimate-corrective-cream-50-ml\/#primaryimage\"},\"thumbnailUrl\":\"https:\/\/emokebeautyzone.ro\/wp-content\/uploads\/2024\/05\/dermedics_ECM_cream_50ml.jpg\",\"datePublished\":\"2024-05-20T13:04:32+00:00\",\"breadcrumb\":{\"@id\":\"https:\/\/emokebeautyzone.ro\/produs\/youth-expert-ultimate-corrective-cream-50-ml\/#breadcrumb\"},\"inLanguage\":\"hu\",\"potentialAction\":[{\"@type\":\"ReadAction\",\"target\":[\"https:\/\/emokebeautyzone.ro\/produs\/youth-expert-ultimate-corrective-cream-50-ml\/\"]}]},{\"@type\":\"ImageObject\",\"inLanguage\":\"hu\",\"@id\":\"https:\/\/emokebeautyzone.ro\/produs\/youth-expert-ultimate-corrective-cream-50-ml\/#primaryimage\",\"url\":\"https:\/\/emokebeautyzone.ro\/wp-content\/uploads\/2024\/05\/dermedics_ECM_cream_50ml.jpg\",\"contentUrl\":\"https:\/\/emokebeautyzone.ro\/wp-content\/uploads\/2024\/05\/dermedics_ECM_cream_50ml.jpg\",\"width\":1667,\"height\":2500},{\"@type\":\"BreadcrumbList\",\"@id\":\"https:\/\/emokebeautyzone.ro\/produs\/youth-expert-ultimate-corrective-cream-50-ml\/#breadcrumb\",\"itemListElement\":[{\"@type\":\"ListItem\",\"position\":1,\"name\":\"Prima pagin\u0103\",\"item\":\"https:\/\/emokebeautyzone.ro\/\"},{\"@type\":\"ListItem\",\"position\":2,\"name\":\"Magazin\",\"item\":\"https:\/\/emokebeautyzone.ro\/magazin-emoke-beauty-zone-produse-profesionale-de-frumusete\/\"},{\"@type\":\"ListItem\",\"position\":3,\"name\":\"YOUTH EXPERT\u2122 Ultimate Corrective Cream &#8211; 50 ml\"}]},{\"@type\":\"WebSite\",\"@id\":\"https:\/\/emokebeautyzone.ro\/#website\",\"url\":\"https:\/\/emokebeautyzone.ro\/\",\"name\":\"Em\u0151ke Beauty Zone\",\"description\":\"Beauty Zone\",\"publisher\":{\"@id\":\"https:\/\/emokebeautyzone.ro\/#organization\"},\"potentialAction\":[{\"@type\":\"SearchAction\",\"target\":{\"@type\":\"EntryPoint\",\"urlTemplate\":\"https:\/\/emokebeautyzone.ro\/?s={search_term_string}\"},\"query-input\":{\"@type\":\"PropertyValueSpecification\",\"valueRequired\":true,\"valueName\":\"search_term_string\"}}],\"inLanguage\":\"hu\"},{\"@type\":\"Organization\",\"@id\":\"https:\/\/emokebeautyzone.ro\/#organization\",\"name\":\"Em\u0151ke Beauty Zone\",\"url\":\"https:\/\/emokebeautyzone.ro\/\",\"logo\":{\"@type\":\"ImageObject\",\"inLanguage\":\"hu\",\"@id\":\"https:\/\/emokebeautyzone.ro\/#\/schema\/logo\/image\/\",\"url\":\"https:\/\/emokebeautyzone.ro\/wp-content\/uploads\/2023\/01\/ebz3.jpg\",\"contentUrl\":\"https:\/\/emokebeautyzone.ro\/wp-content\/uploads\/2023\/01\/ebz3.jpg\",\"width\":1024,\"height\":577,\"caption\":\"Em\u0151ke Beauty Zone\"},\"image\":{\"@id\":\"https:\/\/emokebeautyzone.ro\/#\/schema\/logo\/image\/\"},\"sameAs\":[\"https:\/\/www.facebook.com\/EmokeBeautyZone\",\"https:\/\/www.instagram.com\/emokebeauty\/\",\"https:\/\/www.tiktok.com\/@emokebeautyzone?_t=8XNHVoBtmsw&_r=1\",\"https:\/\/mero.ro\/p\/emke-beauty-zone?absp=search_autocomplete&qid=50d505c8fda846417b5232705f6da5b9\"]}]}<\/script>\n<!-- \/ Yoast SEO plugin. -->","yoast_head_json":{"title":"YOUTH EXPERT\u2122 Ultimate Corrective Cream - 50 ml - Em\u0151ke Beauty Zone","robots":{"index":"index","follow":"follow","max-snippet":"max-snippet:-1","max-image-preview":"max-image-preview:large","max-video-preview":"max-video-preview:-1"},"canonical":"https:\/\/emokebeautyzone.ro\/hu\/termek\/youth-expert-ultimate-corrective-cream-50-ml\/","og_locale":"hu_HU","og_type":"article","og_title":"YOUTH EXPERT\u2122 Ultimate Corrective Cream - 50 ml - Em\u0151ke Beauty Zone","og_description":"YOUTH EXPERT\u2122 Ultimate Corrective Cream este o crema anti-aging puternica creata special pentru tratamente intensive de redensificare si reconturare a fetei, a gatului si a decolteului cu rezultate reale\u2122. Aceasta crema este potrivita pentru ingrijirea zilnica pentru toate tipurile de piele, care si-au pierdut conturul si fermitatea. Ingrediente active: Componente principale \u2013 complexul FLEX-UP Sculpting\u2122: [&hellip;]","og_url":"https:\/\/emokebeautyzone.ro\/hu\/termek\/youth-expert-ultimate-corrective-cream-50-ml\/","og_site_name":"Em\u0151ke Beauty Zone","article_publisher":"https:\/\/www.facebook.com\/EmokeBeautyZone","og_image":[{"width":1667,"height":2500,"url":"https:\/\/emokebeautyzone.ro\/wp-content\/uploads\/2024\/05\/dermedics_ECM_cream_50ml.jpg","type":"image\/jpeg"}],"twitter_card":"summary_large_image","twitter_misc":{"Becs\u00fclt olvas\u00e1si id\u0151":"3 perc"},"schema":{"@context":"https:\/\/schema.org","@graph":[{"@type":"WebPage","@id":"https:\/\/emokebeautyzone.ro\/produs\/youth-expert-ultimate-corrective-cream-50-ml\/","url":"https:\/\/emokebeautyzone.ro\/produs\/youth-expert-ultimate-corrective-cream-50-ml\/","name":"YOUTH EXPERT\u2122 Ultimate Corrective Cream - 50 ml - Em\u0151ke Beauty Zone","isPartOf":{"@id":"https:\/\/emokebeautyzone.ro\/#website"},"primaryImageOfPage":{"@id":"https:\/\/emokebeautyzone.ro\/produs\/youth-expert-ultimate-corrective-cream-50-ml\/#primaryimage"},"image":{"@id":"https:\/\/emokebeautyzone.ro\/produs\/youth-expert-ultimate-corrective-cream-50-ml\/#primaryimage"},"thumbnailUrl":"https:\/\/emokebeautyzone.ro\/wp-content\/uploads\/2024\/05\/dermedics_ECM_cream_50ml.jpg","datePublished":"2024-05-20T13:04:32+00:00","breadcrumb":{"@id":"https:\/\/emokebeautyzone.ro\/produs\/youth-expert-ultimate-corrective-cream-50-ml\/#breadcrumb"},"inLanguage":"hu","potentialAction":[{"@type":"ReadAction","target":["https:\/\/emokebeautyzone.ro\/produs\/youth-expert-ultimate-corrective-cream-50-ml\/"]}]},{"@type":"ImageObject","inLanguage":"hu","@id":"https:\/\/emokebeautyzone.ro\/produs\/youth-expert-ultimate-corrective-cream-50-ml\/#primaryimage","url":"https:\/\/emokebeautyzone.ro\/wp-content\/uploads\/2024\/05\/dermedics_ECM_cream_50ml.jpg","contentUrl":"https:\/\/emokebeautyzone.ro\/wp-content\/uploads\/2024\/05\/dermedics_ECM_cream_50ml.jpg","width":1667,"height":2500},{"@type":"BreadcrumbList","@id":"https:\/\/emokebeautyzone.ro\/produs\/youth-expert-ultimate-corrective-cream-50-ml\/#breadcrumb","itemListElement":[{"@type":"ListItem","position":1,"name":"Prima pagin\u0103","item":"https:\/\/emokebeautyzone.ro\/"},{"@type":"ListItem","position":2,"name":"Magazin","item":"https:\/\/emokebeautyzone.ro\/magazin-emoke-beauty-zone-produse-profesionale-de-frumusete\/"},{"@type":"ListItem","position":3,"name":"YOUTH EXPERT\u2122 Ultimate Corrective Cream &#8211; 50 ml"}]},{"@type":"WebSite","@id":"https:\/\/emokebeautyzone.ro\/#website","url":"https:\/\/emokebeautyzone.ro\/","name":"Em\u0151ke Beauty Zone","description":"Beauty Zone","publisher":{"@id":"https:\/\/emokebeautyzone.ro\/#organization"},"potentialAction":[{"@type":"SearchAction","target":{"@type":"EntryPoint","urlTemplate":"https:\/\/emokebeautyzone.ro\/?s={search_term_string}"},"query-input":{"@type":"PropertyValueSpecification","valueRequired":true,"valueName":"search_term_string"}}],"inLanguage":"hu"},{"@type":"Organization","@id":"https:\/\/emokebeautyzone.ro\/#organization","name":"Em\u0151ke Beauty Zone","url":"https:\/\/emokebeautyzone.ro\/","logo":{"@type":"ImageObject","inLanguage":"hu","@id":"https:\/\/emokebeautyzone.ro\/#\/schema\/logo\/image\/","url":"https:\/\/emokebeautyzone.ro\/wp-content\/uploads\/2023\/01\/ebz3.jpg","contentUrl":"https:\/\/emokebeautyzone.ro\/wp-content\/uploads\/2023\/01\/ebz3.jpg","width":1024,"height":577,"caption":"Em\u0151ke Beauty Zone"},"image":{"@id":"https:\/\/emokebeautyzone.ro\/#\/schema\/logo\/image\/"},"sameAs":["https:\/\/www.facebook.com\/EmokeBeautyZone","https:\/\/www.instagram.com\/emokebeauty\/","https:\/\/www.tiktok.com\/@emokebeautyzone?_t=8XNHVoBtmsw&_r=1","https:\/\/mero.ro\/p\/emke-beauty-zone?absp=search_autocomplete&qid=50d505c8fda846417b5232705f6da5b9"]}]}},"jetpack_sharing_enabled":true,"_links":{"self":[{"href":"https:\/\/emokebeautyzone.ro\/hu\/wp-json\/wp\/v2\/product\/1305","targetHints":{"allow":["GET"]}}],"collection":[{"href":"https:\/\/emokebeautyzone.ro\/hu\/wp-json\/wp\/v2\/product"}],"about":[{"href":"https:\/\/emokebeautyzone.ro\/hu\/wp-json\/wp\/v2\/types\/product"}],"wp:featuredmedia":[{"embeddable":true,"href":"https:\/\/emokebeautyzone.ro\/hu\/wp-json\/wp\/v2\/media\/1262"}],"wp:attachment":[{"href":"https:\/\/emokebeautyzone.ro\/hu\/wp-json\/wp\/v2\/media?parent=1305"}],"wp:term":[{"taxonomy":"product_brand","embeddable":true,"href":"https:\/\/emokebeautyzone.ro\/hu\/wp-json\/wp\/v2\/product_brand?post=1305"},{"taxonomy":"product_cat","embeddable":true,"href":"https:\/\/emokebeautyzone.ro\/hu\/wp-json\/wp\/v2\/product_cat?post=1305"},{"taxonomy":"product_tag","embeddable":true,"href":"https:\/\/emokebeautyzone.ro\/hu\/wp-json\/wp\/v2\/product_tag?post=1305"}],"curies":[{"name":"wp","href":"https:\/\/api.w.org\/{rel}","templated":true}]}}