

{"id":1304,"date":"2024-05-20T13:00:36","date_gmt":"2024-05-20T13:00:36","guid":{"rendered":"https:\/\/emokebeautyzone.ro\/?post_type=product&#038;p=1304"},"modified":"2024-05-20T13:00:36","modified_gmt":"2024-05-20T13:00:36","slug":"youth-expert-oil-white-deluxe-50-ml","status":"publish","type":"product","link":"https:\/\/emokebeautyzone.ro\/hu\/termek\/youth-expert-oil-white-deluxe-50-ml\/","title":{"rendered":"YOUTH EXPERT\u2122 Oil White Deluxe &#8211; 50 ml"},"content":{"rendered":"<p>YOUTH EXPERT\u2122 Oil White Deluxe [Melanin Control] by DERMEDICS\u00ae este o esen\u021ba eficienta sub forma de ulei conceputa pentru procedurile sigure si intensive de albire si luminozitate a pielii. Recomandat persoanelor cu ton de piele inchis la culoare care doresc sa-si lumineze tonul, dar si pentru reducerea aspectului de pistrui si decolorare al pielii provacat de acnee si foto-imbatranire (pete de varsta). Intensifica in mod semnificativ eficacitatea procedurilor care vizeaza uniformazare aspectului pielii.<\/p>\n<p>Ingrediente active principale:<\/p>\n<p>Albire &#038; protectia ADN-ului: con\u021binut ridicat de vitamina C solubila in ulei<br \/>\nReducerea Melaninei: Complexul de Albire \u201cPristine\u201d (contribuie la o schimbare albastra a tonului pielii pentru a oferi pielii aspectul de por\u021belan, rezultand o luminozitate si o stralucire sporita \u2013 \u201cpiele ca de portelan\u201d)<br \/>\nHranire in profunzime si preventia daunelor provocate de UVB: Ulei de Emu + Ulei de Argan + Ulei de Camelie + Ulei de Angelica + Ulei de Soia + Ulei de Caise + Ulei de Fructe de Masline + Ulei de Floarea Soarelui<br \/>\nAnti-oxidant: Vitamina E<br \/>\nSiguranta: <\/p>\n<p>Siguranta totala. Calitate de incredere.<br \/>\nSigur chiar si pentru utilizare pe termen lung.<br \/>\nFara coloranti, parabeni, alcool si conservanti.<br \/>\nINOVATIE:<\/p>\n<p>Inovatia Pristine Bright! &#8211; Ten fara cusur oferit de catre Tehnologia MELA-OUT\u2122 Brightening &#8211; o combinatie eficienta pentru o albire puternica si activi de stralucire pentru o piele radianta si depigmentata la scara reala stimulata cu un continut puternic de forma inovatoare a vitaminei C.<br \/>\nIndicatii pentru utilizare:<\/p>\n<p>Ideal pentru pielea asiatica, africana, indiana, araba si caucaziana<br \/>\nUnisex: atat pentru femei, cat si pentru barbati, dar si pentru pielea de toate tipurile<br \/>\nIngrijirea zilnica a fetei si a corpului<br \/>\nProceduri de albire intensive ce vizeaza reducerea continutului de melanina din piele: decolorare, ton inchis si \/ sau ton neuniform al pielii, hiperpigmentare, leziuni, melasma, pistrui, pete post-acneice, pete post-solare, pete de varsta, pete hipercromatice<br \/>\nEficacitatea ingredientelor active*:<\/p>\n<p>Efect de luminozitate vizibil asupra pielii si actiune antiinflamatoare<br \/>\nIndeplineste declaratiile prezentate ca instructiuni de utilizare<br \/>\nInhiba in siguranta procesul de pigmentare<br \/>\nNeutralizeaza radicalii liberi<br \/>\nOfera eficacitate anti-imbatranire<br \/>\nStimuleaza intens sinteza de colagen (datorita continutului ridicat de vitamina C)<br \/>\nTipuri de tratamente:<\/p>\n<p>Terapii de lux ce vizeaza reducerea continutului de melanina din piele<br \/>\nRegenerare profunda si hranirea in profunzime a pielii<br \/>\nTratamente ce vizeaza efectele vizibile &#8211; imbunatatirea texturii pielii de la prima aplicare!<br \/>\nAria de aplicare:<\/p>\n<p>Toate zonele pielii pentru care se doreste o piele mai luminoasa.<br \/>\nPielea cu hiperpigmentare, decolorare, pistrui si pete provocate de imbatranire (fata, gat, decolteu, maini si \/ sau alte zone necesare).<br \/>\nUtilizare la domiciliu:<\/p>\n<p>Rutina de ingrijire &#8211; seara: Aplicati 1-2 doze de ulei pe tenul curatat si lasati-l 1-2 minute sa patrunda in piele. Apoi, aplicati YOUTH EXPERT\u2122 Cream White Deluxe by DERMEDICS\u00ae.<br \/>\nPRECAUTII:<\/p>\n<p>Nu il aplicati dupa expunerea directa la UV \/ SOARE atunci cand productia de melanina este accelerata, deoarece veti provoca decoloratii instantanee si permanente ale pielii.<br \/>\nTineti minte ca procedurile pentru albire si luminozite nu trebuie efectuate daca intentionati sa faceti plaja sau daca intentionati sa mergeti la solar.<br \/>\nProcedurile de albire nu ar trebui efectuate pe timpul verii, cand impactul UV este cel mai mare. Mai ales, pe timpul verii, va recomandam folosirea zilnica a cremei SPF50 by DERMEDICS\u00ae. Eficacitatea WHITE OIL este cu siguranta cea mai puternica din cadrul WHITE SERIES by DERMEDICS\u00ae \u2013 pentru a evita decoloratiile, va rugam sa urmati instructiunile producatorului pentru a obtine efectele dorite si pentru a evita efectele secundare negative.<br \/>\nDoar pentru uz extern. A nu se lasa la indemana copiilor.<br \/>\nContraindicatii: hipersensibilitate la orice componenta a formularii.<br \/>\nRezultate: <\/p>\n<p>Imbunatatirea vizibila a starii pielii dupa o singura aplicare \/ tratament.<br \/>\nAplicarea regulata ofera imbunatatiri spectaculoase asupra calitatii pielii.<br \/>\nCantitate: 50 ml.<\/p>\n<p>* Eficacitatea ingredientelor active confirmate prin teste in vitro si in vivo prin aplicare regulata.<\/p>\n<p>Inregistrat in Uniunea Europeana ca produse cosmetice in conformitate cu Directiva cosmetica 76\/768 \/ CEE.<\/p>\n<p>Fabricat conform Bune Practici de Fabricare (GMP).<\/p>\n<p>Testat microbiologic. | NU ESTE TESTAT PE ANIMALE.<\/p>\n<p>Fisa tehnica de securitate a produsului (PSDS) disponibila la cerere.<\/p>\n<p>Fabricat in Polonia.<\/p>","protected":false},"excerpt":{"rendered":"<p>YOUTH EXPERT\u2122 Oil White Deluxe [Melanin Control] by DERMEDICS\u00ae este o esen\u021ba eficienta sub forma de ulei conceputa pentru procedurile sigure si intensive de albire si luminozitate a pielii. Recomandat persoanelor cu ton de piele inchis la culoare care doresc sa-si lumineze tonul, dar si pentru reducerea aspectului de pistrui si decolorare al pielii provacat [&hellip;]<\/p>","protected":false},"featured_media":1241,"template":"","meta":{"ocean_post_layout":"","ocean_both_sidebars_style":"","ocean_both_sidebars_content_width":0,"ocean_both_sidebars_sidebars_width":0,"ocean_sidebar":"0","ocean_second_sidebar":"0","ocean_disable_margins":"enable","ocean_add_body_class":"","ocean_shortcode_before_top_bar":"","ocean_shortcode_after_top_bar":"","ocean_shortcode_before_header":"","ocean_shortcode_after_header":"","ocean_has_shortcode":"","ocean_shortcode_after_title":"","ocean_shortcode_before_footer_widgets":"","ocean_shortcode_after_footer_widgets":"","ocean_shortcode_before_footer_bottom":"","ocean_shortcode_after_footer_bottom":"","ocean_display_top_bar":"default","ocean_display_header":"default","ocean_header_style":"","ocean_center_header_left_menu":"0","ocean_custom_header_template":"0","ocean_custom_logo":0,"ocean_custom_retina_logo":0,"ocean_custom_logo_max_width":0,"ocean_custom_logo_tablet_max_width":0,"ocean_custom_logo_mobile_max_width":0,"ocean_custom_logo_max_height":0,"ocean_custom_logo_tablet_max_height":0,"ocean_custom_logo_mobile_max_height":0,"ocean_header_custom_menu":"0","ocean_menu_typo_font_family":"0","ocean_menu_typo_font_subset":"","ocean_menu_typo_font_size":0,"ocean_menu_typo_font_size_tablet":0,"ocean_menu_typo_font_size_mobile":0,"ocean_menu_typo_font_size_unit":"px","ocean_menu_typo_font_weight":"","ocean_menu_typo_font_weight_tablet":"","ocean_menu_typo_font_weight_mobile":"","ocean_menu_typo_transform":"","ocean_menu_typo_transform_tablet":"","ocean_menu_typo_transform_mobile":"","ocean_menu_typo_line_height":0,"ocean_menu_typo_line_height_tablet":0,"ocean_menu_typo_line_height_mobile":0,"ocean_menu_typo_line_height_unit":"","ocean_menu_typo_spacing":0,"ocean_menu_typo_spacing_tablet":0,"ocean_menu_typo_spacing_mobile":0,"ocean_menu_typo_spacing_unit":"","ocean_menu_link_color":"","ocean_menu_link_color_hover":"","ocean_menu_link_color_active":"","ocean_menu_link_background":"","ocean_menu_link_hover_background":"","ocean_menu_link_active_background":"","ocean_menu_social_links_bg":"","ocean_menu_social_hover_links_bg":"","ocean_menu_social_links_color":"","ocean_menu_social_hover_links_color":"","ocean_disable_title":"default","ocean_disable_heading":"default","ocean_post_title":"","ocean_post_subheading":"","ocean_post_title_style":"","ocean_post_title_background_color":"","ocean_post_title_background":0,"ocean_post_title_bg_image_position":"","ocean_post_title_bg_image_attachment":"","ocean_post_title_bg_image_repeat":"","ocean_post_title_bg_image_size":"","ocean_post_title_height":0,"ocean_post_title_bg_overlay":0.5,"ocean_post_title_bg_overlay_color":"","ocean_disable_breadcrumbs":"default","ocean_breadcrumbs_color":"","ocean_breadcrumbs_separator_color":"","ocean_breadcrumbs_links_color":"","ocean_breadcrumbs_links_hover_color":"","ocean_display_footer_widgets":"default","ocean_display_footer_bottom":"default","ocean_custom_footer_template":"0"},"product_brand":[],"product_cat":[38],"product_tag":[],"class_list":{"0":"post-1304","1":"product","2":"type-product","3":"status-publish","4":"has-post-thumbnail","6":"product_cat-dermedics","8":"entry","9":"has-media","11":"first","12":"instock","13":"shipping-taxable","14":"purchasable","15":"product-type-simple","16":"has-product-nav","17":"col","18":"span_1_of_3","19":"owp-content-center","20":"owp-thumbs-layout-horizontal","21":"owp-btn-normal","22":"owp-tabs-layout-horizontal","23":"has-no-thumbnails"},"yoast_head":"<!-- This site is optimized with the Yoast SEO plugin v25.2 - https:\/\/yoast.com\/wordpress\/plugins\/seo\/ -->\n<title>YOUTH EXPERT\u2122 Oil White Deluxe - 50 ml - Em\u0151ke Beauty Zone<\/title>\n<meta name=\"robots\" content=\"index, follow, max-snippet:-1, max-image-preview:large, max-video-preview:-1\" \/>\n<link rel=\"canonical\" href=\"https:\/\/emokebeautyzone.ro\/hu\/termek\/youth-expert-oil-white-deluxe-50-ml\/\" \/>\n<meta property=\"og:locale\" content=\"hu_HU\" \/>\n<meta property=\"og:type\" content=\"article\" \/>\n<meta property=\"og:title\" content=\"YOUTH EXPERT\u2122 Oil White Deluxe - 50 ml - Em\u0151ke Beauty Zone\" \/>\n<meta property=\"og:description\" content=\"YOUTH EXPERT\u2122 Oil White Deluxe [Melanin Control] by DERMEDICS\u00ae este o esen\u021ba eficienta sub forma de ulei conceputa pentru procedurile sigure si intensive de albire si luminozitate a pielii. Recomandat persoanelor cu ton de piele inchis la culoare care doresc sa-si lumineze tonul, dar si pentru reducerea aspectului de pistrui si decolorare al pielii provacat [&hellip;]\" \/>\n<meta property=\"og:url\" content=\"https:\/\/emokebeautyzone.ro\/hu\/termek\/youth-expert-oil-white-deluxe-50-ml\/\" \/>\n<meta property=\"og:site_name\" content=\"Em\u0151ke Beauty Zone\" \/>\n<meta property=\"article:publisher\" content=\"https:\/\/www.facebook.com\/EmokeBeautyZone\" \/>\n<meta property=\"og:image\" content=\"https:\/\/emokebeautyzone.ro\/wp-content\/uploads\/2024\/05\/dermedics_WHITE_oil_50ml.jpg\" \/>\n\t<meta property=\"og:image:width\" content=\"1667\" \/>\n\t<meta property=\"og:image:height\" content=\"2500\" \/>\n\t<meta property=\"og:image:type\" content=\"image\/jpeg\" \/>\n<meta name=\"twitter:card\" content=\"summary_large_image\" \/>\n<meta name=\"twitter:label1\" content=\"Becs\u00fclt olvas\u00e1si id\u0151\" \/>\n\t<meta name=\"twitter:data1\" content=\"3 perc\" \/>\n<script type=\"application\/ld+json\" class=\"yoast-schema-graph\">{\"@context\":\"https:\/\/schema.org\",\"@graph\":[{\"@type\":\"WebPage\",\"@id\":\"https:\/\/emokebeautyzone.ro\/produs\/youth-expert-oil-white-deluxe-50-ml\/\",\"url\":\"https:\/\/emokebeautyzone.ro\/produs\/youth-expert-oil-white-deluxe-50-ml\/\",\"name\":\"YOUTH EXPERT\u2122 Oil White Deluxe - 50 ml - Em\u0151ke Beauty Zone\",\"isPartOf\":{\"@id\":\"https:\/\/emokebeautyzone.ro\/#website\"},\"primaryImageOfPage\":{\"@id\":\"https:\/\/emokebeautyzone.ro\/produs\/youth-expert-oil-white-deluxe-50-ml\/#primaryimage\"},\"image\":{\"@id\":\"https:\/\/emokebeautyzone.ro\/produs\/youth-expert-oil-white-deluxe-50-ml\/#primaryimage\"},\"thumbnailUrl\":\"https:\/\/emokebeautyzone.ro\/wp-content\/uploads\/2024\/05\/dermedics_WHITE_oil_50ml.jpg\",\"datePublished\":\"2024-05-20T13:00:36+00:00\",\"breadcrumb\":{\"@id\":\"https:\/\/emokebeautyzone.ro\/produs\/youth-expert-oil-white-deluxe-50-ml\/#breadcrumb\"},\"inLanguage\":\"hu\",\"potentialAction\":[{\"@type\":\"ReadAction\",\"target\":[\"https:\/\/emokebeautyzone.ro\/produs\/youth-expert-oil-white-deluxe-50-ml\/\"]}]},{\"@type\":\"ImageObject\",\"inLanguage\":\"hu\",\"@id\":\"https:\/\/emokebeautyzone.ro\/produs\/youth-expert-oil-white-deluxe-50-ml\/#primaryimage\",\"url\":\"https:\/\/emokebeautyzone.ro\/wp-content\/uploads\/2024\/05\/dermedics_WHITE_oil_50ml.jpg\",\"contentUrl\":\"https:\/\/emokebeautyzone.ro\/wp-content\/uploads\/2024\/05\/dermedics_WHITE_oil_50ml.jpg\",\"width\":1667,\"height\":2500},{\"@type\":\"BreadcrumbList\",\"@id\":\"https:\/\/emokebeautyzone.ro\/produs\/youth-expert-oil-white-deluxe-50-ml\/#breadcrumb\",\"itemListElement\":[{\"@type\":\"ListItem\",\"position\":1,\"name\":\"Prima pagin\u0103\",\"item\":\"https:\/\/emokebeautyzone.ro\/\"},{\"@type\":\"ListItem\",\"position\":2,\"name\":\"Magazin\",\"item\":\"https:\/\/emokebeautyzone.ro\/magazin-emoke-beauty-zone-produse-profesionale-de-frumusete\/\"},{\"@type\":\"ListItem\",\"position\":3,\"name\":\"YOUTH EXPERT\u2122 Oil White Deluxe &#8211; 50 ml\"}]},{\"@type\":\"WebSite\",\"@id\":\"https:\/\/emokebeautyzone.ro\/#website\",\"url\":\"https:\/\/emokebeautyzone.ro\/\",\"name\":\"Em\u0151ke Beauty Zone\",\"description\":\"Beauty Zone\",\"publisher\":{\"@id\":\"https:\/\/emokebeautyzone.ro\/#organization\"},\"potentialAction\":[{\"@type\":\"SearchAction\",\"target\":{\"@type\":\"EntryPoint\",\"urlTemplate\":\"https:\/\/emokebeautyzone.ro\/?s={search_term_string}\"},\"query-input\":{\"@type\":\"PropertyValueSpecification\",\"valueRequired\":true,\"valueName\":\"search_term_string\"}}],\"inLanguage\":\"hu\"},{\"@type\":\"Organization\",\"@id\":\"https:\/\/emokebeautyzone.ro\/#organization\",\"name\":\"Em\u0151ke Beauty Zone\",\"url\":\"https:\/\/emokebeautyzone.ro\/\",\"logo\":{\"@type\":\"ImageObject\",\"inLanguage\":\"hu\",\"@id\":\"https:\/\/emokebeautyzone.ro\/#\/schema\/logo\/image\/\",\"url\":\"https:\/\/emokebeautyzone.ro\/wp-content\/uploads\/2023\/01\/ebz3.jpg\",\"contentUrl\":\"https:\/\/emokebeautyzone.ro\/wp-content\/uploads\/2023\/01\/ebz3.jpg\",\"width\":1024,\"height\":577,\"caption\":\"Em\u0151ke Beauty Zone\"},\"image\":{\"@id\":\"https:\/\/emokebeautyzone.ro\/#\/schema\/logo\/image\/\"},\"sameAs\":[\"https:\/\/www.facebook.com\/EmokeBeautyZone\",\"https:\/\/www.instagram.com\/emokebeauty\/\",\"https:\/\/www.tiktok.com\/@emokebeautyzone?_t=8XNHVoBtmsw&_r=1\",\"https:\/\/mero.ro\/p\/emke-beauty-zone?absp=search_autocomplete&qid=50d505c8fda846417b5232705f6da5b9\"]}]}<\/script>\n<!-- \/ Yoast SEO plugin. -->","yoast_head_json":{"title":"YOUTH EXPERT\u2122 Oil White Deluxe - 50 ml - Em\u0151ke Beauty Zone","robots":{"index":"index","follow":"follow","max-snippet":"max-snippet:-1","max-image-preview":"max-image-preview:large","max-video-preview":"max-video-preview:-1"},"canonical":"https:\/\/emokebeautyzone.ro\/hu\/termek\/youth-expert-oil-white-deluxe-50-ml\/","og_locale":"hu_HU","og_type":"article","og_title":"YOUTH EXPERT\u2122 Oil White Deluxe - 50 ml - Em\u0151ke Beauty Zone","og_description":"YOUTH EXPERT\u2122 Oil White Deluxe [Melanin Control] by DERMEDICS\u00ae este o esen\u021ba eficienta sub forma de ulei conceputa pentru procedurile sigure si intensive de albire si luminozitate a pielii. Recomandat persoanelor cu ton de piele inchis la culoare care doresc sa-si lumineze tonul, dar si pentru reducerea aspectului de pistrui si decolorare al pielii provacat [&hellip;]","og_url":"https:\/\/emokebeautyzone.ro\/hu\/termek\/youth-expert-oil-white-deluxe-50-ml\/","og_site_name":"Em\u0151ke Beauty Zone","article_publisher":"https:\/\/www.facebook.com\/EmokeBeautyZone","og_image":[{"width":1667,"height":2500,"url":"https:\/\/emokebeautyzone.ro\/wp-content\/uploads\/2024\/05\/dermedics_WHITE_oil_50ml.jpg","type":"image\/jpeg"}],"twitter_card":"summary_large_image","twitter_misc":{"Becs\u00fclt olvas\u00e1si id\u0151":"3 perc"},"schema":{"@context":"https:\/\/schema.org","@graph":[{"@type":"WebPage","@id":"https:\/\/emokebeautyzone.ro\/produs\/youth-expert-oil-white-deluxe-50-ml\/","url":"https:\/\/emokebeautyzone.ro\/produs\/youth-expert-oil-white-deluxe-50-ml\/","name":"YOUTH EXPERT\u2122 Oil White Deluxe - 50 ml - Em\u0151ke Beauty Zone","isPartOf":{"@id":"https:\/\/emokebeautyzone.ro\/#website"},"primaryImageOfPage":{"@id":"https:\/\/emokebeautyzone.ro\/produs\/youth-expert-oil-white-deluxe-50-ml\/#primaryimage"},"image":{"@id":"https:\/\/emokebeautyzone.ro\/produs\/youth-expert-oil-white-deluxe-50-ml\/#primaryimage"},"thumbnailUrl":"https:\/\/emokebeautyzone.ro\/wp-content\/uploads\/2024\/05\/dermedics_WHITE_oil_50ml.jpg","datePublished":"2024-05-20T13:00:36+00:00","breadcrumb":{"@id":"https:\/\/emokebeautyzone.ro\/produs\/youth-expert-oil-white-deluxe-50-ml\/#breadcrumb"},"inLanguage":"hu","potentialAction":[{"@type":"ReadAction","target":["https:\/\/emokebeautyzone.ro\/produs\/youth-expert-oil-white-deluxe-50-ml\/"]}]},{"@type":"ImageObject","inLanguage":"hu","@id":"https:\/\/emokebeautyzone.ro\/produs\/youth-expert-oil-white-deluxe-50-ml\/#primaryimage","url":"https:\/\/emokebeautyzone.ro\/wp-content\/uploads\/2024\/05\/dermedics_WHITE_oil_50ml.jpg","contentUrl":"https:\/\/emokebeautyzone.ro\/wp-content\/uploads\/2024\/05\/dermedics_WHITE_oil_50ml.jpg","width":1667,"height":2500},{"@type":"BreadcrumbList","@id":"https:\/\/emokebeautyzone.ro\/produs\/youth-expert-oil-white-deluxe-50-ml\/#breadcrumb","itemListElement":[{"@type":"ListItem","position":1,"name":"Prima pagin\u0103","item":"https:\/\/emokebeautyzone.ro\/"},{"@type":"ListItem","position":2,"name":"Magazin","item":"https:\/\/emokebeautyzone.ro\/magazin-emoke-beauty-zone-produse-profesionale-de-frumusete\/"},{"@type":"ListItem","position":3,"name":"YOUTH EXPERT\u2122 Oil White Deluxe &#8211; 50 ml"}]},{"@type":"WebSite","@id":"https:\/\/emokebeautyzone.ro\/#website","url":"https:\/\/emokebeautyzone.ro\/","name":"Em\u0151ke Beauty Zone","description":"Beauty Zone","publisher":{"@id":"https:\/\/emokebeautyzone.ro\/#organization"},"potentialAction":[{"@type":"SearchAction","target":{"@type":"EntryPoint","urlTemplate":"https:\/\/emokebeautyzone.ro\/?s={search_term_string}"},"query-input":{"@type":"PropertyValueSpecification","valueRequired":true,"valueName":"search_term_string"}}],"inLanguage":"hu"},{"@type":"Organization","@id":"https:\/\/emokebeautyzone.ro\/#organization","name":"Em\u0151ke Beauty Zone","url":"https:\/\/emokebeautyzone.ro\/","logo":{"@type":"ImageObject","inLanguage":"hu","@id":"https:\/\/emokebeautyzone.ro\/#\/schema\/logo\/image\/","url":"https:\/\/emokebeautyzone.ro\/wp-content\/uploads\/2023\/01\/ebz3.jpg","contentUrl":"https:\/\/emokebeautyzone.ro\/wp-content\/uploads\/2023\/01\/ebz3.jpg","width":1024,"height":577,"caption":"Em\u0151ke Beauty Zone"},"image":{"@id":"https:\/\/emokebeautyzone.ro\/#\/schema\/logo\/image\/"},"sameAs":["https:\/\/www.facebook.com\/EmokeBeautyZone","https:\/\/www.instagram.com\/emokebeauty\/","https:\/\/www.tiktok.com\/@emokebeautyzone?_t=8XNHVoBtmsw&_r=1","https:\/\/mero.ro\/p\/emke-beauty-zone?absp=search_autocomplete&qid=50d505c8fda846417b5232705f6da5b9"]}]}},"jetpack_sharing_enabled":true,"_links":{"self":[{"href":"https:\/\/emokebeautyzone.ro\/hu\/wp-json\/wp\/v2\/product\/1304","targetHints":{"allow":["GET"]}}],"collection":[{"href":"https:\/\/emokebeautyzone.ro\/hu\/wp-json\/wp\/v2\/product"}],"about":[{"href":"https:\/\/emokebeautyzone.ro\/hu\/wp-json\/wp\/v2\/types\/product"}],"wp:featuredmedia":[{"embeddable":true,"href":"https:\/\/emokebeautyzone.ro\/hu\/wp-json\/wp\/v2\/media\/1241"}],"wp:attachment":[{"href":"https:\/\/emokebeautyzone.ro\/hu\/wp-json\/wp\/v2\/media?parent=1304"}],"wp:term":[{"taxonomy":"product_brand","embeddable":true,"href":"https:\/\/emokebeautyzone.ro\/hu\/wp-json\/wp\/v2\/product_brand?post=1304"},{"taxonomy":"product_cat","embeddable":true,"href":"https:\/\/emokebeautyzone.ro\/hu\/wp-json\/wp\/v2\/product_cat?post=1304"},{"taxonomy":"product_tag","embeddable":true,"href":"https:\/\/emokebeautyzone.ro\/hu\/wp-json\/wp\/v2\/product_tag?post=1304"}],"curies":[{"name":"wp","href":"https:\/\/api.w.org\/{rel}","templated":true}]}}