

{"id":218,"date":"2023-01-05T12:10:57","date_gmt":"2023-01-05T12:10:57","guid":{"rendered":"http:\/\/emokebeautyzone.ro\/?page_id=218"},"modified":"2025-05-05T08:57:28","modified_gmt":"2025-05-05T08:57:28","slug":"termeni-si-conditii-emoke-beauty-zone","status":"publish","type":"page","link":"https:\/\/emokebeautyzone.ro\/hu\/termeni-si-conditii-emoke-beauty-zone\/","title":{"rendered":"Felt\u00e9telek \u00e9s kik\u00f6t\u00e9sek"},"content":{"rendered":"<div data-elementor-type=\"wp-page\" data-elementor-id=\"218\" class=\"elementor elementor-218\" data-elementor-post-type=\"page\">\r\n\t\t\t\t\t\t<section class=\"elementor-section elementor-top-section elementor-element elementor-element-7d4ec6a elementor-section-boxed elementor-section-height-default elementor-section-height-default\" data-id=\"7d4ec6a\" data-element_type=\"section\">\r\n\t\t\t\t\t\t<div class=\"elementor-container elementor-column-gap-default\">\r\n\t\t\t\t\t<div class=\"elementor-column elementor-col-100 elementor-top-column elementor-element elementor-element-0ad0749\" data-id=\"0ad0749\" data-element_type=\"column\">\r\n\t\t\t<div class=\"elementor-widget-wrap elementor-element-populated\">\r\n\t\t\t\t\t\t<div class=\"elementor-element elementor-element-ce15b9e elementor-widget-divider--view-line elementor-widget elementor-widget-divider\" data-id=\"ce15b9e\" data-element_type=\"widget\" data-widget_type=\"divider.default\">\r\n\t\t\t\t<div class=\"elementor-widget-container\">\r\n\t\t\t\t\t\t\t<div class=\"elementor-divider\">\r\n\t\t\t<span class=\"elementor-divider-separator\">\r\n\t\t\t\t\t\t<\/span>\r\n\t\t<\/div>\r\n\t\t\t\t\t\t<\/div>\r\n\t\t\t\t<\/div>\r\n\t\t\t\t\t<\/div>\r\n\t\t<\/div>\r\n\t\t\t\t\t<\/div>\r\n\t\t<\/section>\r\n\t\t\t\t<section class=\"elementor-section elementor-top-section elementor-element elementor-element-a809171 elementor-section-boxed elementor-section-height-default elementor-section-height-default\" data-id=\"a809171\" data-element_type=\"section\">\r\n\t\t\t\t\t\t<div class=\"elementor-container elementor-column-gap-default\">\r\n\t\t\t\t\t<div class=\"elementor-column elementor-col-100 elementor-top-column elementor-element elementor-element-744d0c6\" data-id=\"744d0c6\" data-element_type=\"column\">\r\n\t\t\t<div class=\"elementor-widget-wrap elementor-element-populated\">\r\n\t\t\t\t\t\t<div class=\"elementor-element elementor-element-856d80b elementor-widget elementor-widget-text-editor\" data-id=\"856d80b\" data-element_type=\"widget\" data-widget_type=\"text-editor.default\">\r\n\t\t\t\t<div class=\"elementor-widget-container\">\r\n\t\t\t\t\t\t\t\t\t<ol><li><p>Introducere <br \/><br \/>Ace\u0219ti Termeni \u0219i condi\u021bii reprezint\u0103 acordul legal \u00eentre utilizator \u0219i proprietarii site-ului emokebeautyzone.ro. Prin utilizarea site-ului, sunte\u021bi de acord cu to\u021bi termenii \u0219i condi\u021biile acestui acord.<\/p><\/li><li><p>Drepturi de autor <br \/><br \/>Toate drepturile de autor asupra con\u021binutului de pe acest site, inclusiv, dar f\u0103r\u0103 a se limita la, text, grafic\u0103, imagini, sunete \u0219i clipuri video, sunt de\u021binute de proprietarii site-ului sau de c\u0103tre furnizorii ter\u021bi de con\u021binut \u0219i sunt protejate de legile na\u021bionale \u0219i interna\u021bionale de drepturi de autor.<\/p><\/li><li><p>Utilizarea site-ului <br \/><br \/>Utilizarea site-ului este permis\u0103 doar \u00een scopuri legale \u0219i conform acestor Termeni \u0219i condi\u021bii. Nu este permis\u0103 utilizarea site-ului \u00een scopuri comerciale, f\u0103r\u0103 acordul scris al proprietarilor site-ului. Utilizarea neautorizat\u0103 a site-ului poate duce la imposibilitatea de a utiliza site-ul \u00een viitor \u0219i poate implica ac\u021biuni legale.<\/p><\/li><li><p>Informa\u021bii personale <br \/><br \/>Pentru a utiliza anumite servicii sau func\u021bionalit\u0103\u021bi ale site-ului, este posibil s\u0103 vi se solicite s\u0103 furniza\u021bi anumite informa\u021bii personale. Prin furnizarea acestor informa\u021bii, sunte\u021bi de acord cu prelucrarea acestora de c\u0103tre proprietarii site-ului \u00een conformitate cu Politica de confiden\u021bialitate a site-ului.<\/p><\/li><li><p>Limite de responsabilitate <br \/><br \/>Site-ul \u0219i con\u021binutul s\u0103u sunt furnizate &#8222;a\u0219a cum sunt&#8221;, f\u0103r\u0103 garan\u021bii de nicio natur\u0103, explicite sau implicite. Proprietarii site-ului nu garanteaz\u0103 c\u0103 site-ul va fi disponibil f\u0103r\u0103 \u00eentreruperi sau erori \u0219i nu \u00ee\u0219i asum\u0103 nicio r\u0103spundere pentru orice pierdere sau daun\u0103 cauzat\u0103 de utilizarea site-ului.<\/p><\/li><li><p>Legile aplicabile <br \/><br \/>Ace\u0219ti Termeni \u0219i condi\u021bii sunt guverna\u021bi \u0219i vor fi interpretate \u00een conformitate cu legile Rom\u00e2niei. Orice litigiu care apare \u00een leg\u0103tur\u0103 cu ace\u0219ti Termeni \u0219i condi\u021bii va fi supus jurisdic\u021biei instan\u021belor din Rom\u00e2nia.<\/p><\/li><li><p>Modific\u0103ri ale Termenilor \u0219i condi\u021biilor <br \/><br \/>Proprietarii site-ului \u00ee\u0219i rezerv\u0103 dreptul de a modifica ace\u0219ti Termeni \u0219i condi\u021bii \u00een orice moment \u0219i f\u0103r\u0103 notificare prealabil\u0103. Este responsabilitatea utilizatorului s\u0103 verifice periodic aceast\u0103 pagin\u0103 pentru a fi la curent cu eventualele modific.<\/p><\/li><li><p>Politica de Retur<\/p><p>Conform Ordonantei nr. 34\/2014, privind regimul juridic al contractelor la distanta, produsele se returneaza in termen de 14 zile calendaristice, de la primirea coletului. In situatia mentionata mai sus, clientul are dreptul de a returna orice produs in termen de 14 zile calendaristice de la receptia acestuia si poate solicita returnarea sumei de bani, schimbarea cu un alt produs sau returnarea contravalorii sub forma de voucher. In aceste cazuri, valoarea in bani returnata, produsul inlocuit sau returnarea contravalorii sub forma de voucher, se refera strict la costul produselor, exclus taxele de expeditie.<\/p><p>Plata transportului aferenta produsului returnat sau a produsului trimis pentru inlocuire ii revine clientului.<\/p><p>In cazul in care se opteaza pentru:<\/p><ul><li>Inlocuirea cu un alt produs, acesta va fi expediat in cel mai scurt timp posibil urmand sa fiti contactat de unul dintre colegii nostri pentru comunicarea statusului noii livrari.<\/li><li>Rambursarea contravalorii produsului, aceasta va fi facuta in termen de 14 zile calendaristice de la receptionarea produselor returnate.<\/li><li>Returnarea contravalorii sub forma de voucher, pe care il puteti folosi intr-o viitoare comanda, aceasta va fi facuta in termen de maxim 5 zile de la receptionarea coletului cu produsele returnate.<\/li><\/ul><p>\u00a0<\/p><p>La retur sunt acceptate doar produsele care respecta intocmai forma in care ele au fost livrate, insotite de factura de achizitie.<\/p><p>Nu se admit la retur:<\/p><ul><li>Produse care au fost desfacute.<\/li><li>Produse care au fost testate sau utilizate.<\/li><li>Produse care nu au etichetele intacte, au sigilii rupte ori sterse.<\/li><li>Produse cu ambalajele deteriorate in orice fel.<\/li><\/ul><p>\u00a0<\/p><p>Daca produsul returnat este deteriorat, are semne clare de utilizare si nu ne permite re-comercializarea lui ne rezervam dreptul de a refuza produsul. Aceste masuri sunt specifice produselor cosmetice intrucat termenul de valabilitate al acestora se calculeaza incepand cu prima deschidere a ambalajului, iar odata cu utilizarea\/testarea lor apare riscul transmiterii de virusi prin transferul produsului altei persoane.<\/p><p>\u00a0<\/p><p>9. Procedura de returnare a produselor<\/p><p>\u00a0<\/p><ul><li>Asigurati-va ca produsul corespunde intocmai conditiilor de mai sus.<\/li><li>Contactati serviciul Relatii Clienti telefonic +40 (754) 816 788 sau +40 (748) 997 942<\/li><li>Ambalati produsul corespunzator pentru ca acesta sa fie ferit de socuri ce pot aparea in timpul transportului. Produsele care ajung retur in forma necorespunzatoare datorata ambalarii defectuoase nu vor putea beneficia de garantia returnarii.<\/li><\/ul><p>\u00a0<\/p><p>Expediati coletul la adresa: Em\u0151ke Beauty Zone S.R.L., Bld. Timisoarei, Nr. 47, Ap. 2, Miercurea-Ciuc, Jud. Harghita, prin orice serviciu de curierat rapid. Nu se accepta la retur colete cu plata ramburs.<\/p><p>Dupa receptionarea coletului veti fi contactat(a) de un membru al departamentului Relatii Clienti care se va ocupa de returul produsului dumneavoastra.<\/p><p>Daca produsul (produsele) nu respecta intocmai conditiile mentionate mai sus compania noastra isi rezerva dreptul de a nu accepta returul produselor. Contravaloarea transportului tur-retur cade in sarcina clientului.<\/p><\/li><\/ol>\t\t\t\t\t\t\t\t<\/div>\r\n\t\t\t\t<\/div>\r\n\t\t\t\t\t<\/div>\r\n\t\t<\/div>\r\n\t\t\t\t\t<\/div>\r\n\t\t<\/section>\r\n\t\t\t\t<\/div>","protected":false},"excerpt":{"rendered":"<p>Introducere Ace\u0219ti Termeni \u0219i condi\u021bii reprezint\u0103 acordul legal \u00eentre utilizator \u0219i proprietarii site-ului emokebeautyzone.ro. Prin utilizarea site-ului, sunte\u021bi de acord cu to\u021bi termenii \u0219i condi\u021biile acestui acord. Drepturi de autor Toate drepturile de autor asupra con\u021binutului de pe acest site, inclusiv, dar f\u0103r\u0103 a se limita la, text, grafic\u0103, imagini, sunete \u0219i clipuri video, sunt [&hellip;]<\/p>","protected":false},"author":1,"featured_media":0,"parent":0,"menu_order":0,"comment_status":"closed","ping_status":"closed","template":"","meta":{"ocean_post_layout":"","ocean_both_sidebars_style":"","ocean_both_sidebars_content_width":0,"ocean_both_sidebars_sidebars_width":0,"ocean_sidebar":"0","ocean_second_sidebar":"0","ocean_disable_margins":"enable","ocean_add_body_class":"","ocean_shortcode_before_top_bar":"","ocean_shortcode_after_top_bar":"","ocean_shortcode_before_header":"","ocean_shortcode_after_header":"","ocean_has_shortcode":"","ocean_shortcode_after_title":"","ocean_shortcode_before_footer_widgets":"","ocean_shortcode_after_footer_widgets":"","ocean_shortcode_before_footer_bottom":"","ocean_shortcode_after_footer_bottom":"","ocean_display_top_bar":"default","ocean_display_header":"default","ocean_header_style":"","ocean_center_header_left_menu":"0","ocean_custom_header_template":"0","ocean_custom_logo":0,"ocean_custom_retina_logo":0,"ocean_custom_logo_max_width":0,"ocean_custom_logo_tablet_max_width":0,"ocean_custom_logo_mobile_max_width":0,"ocean_custom_logo_max_height":0,"ocean_custom_logo_tablet_max_height":0,"ocean_custom_logo_mobile_max_height":0,"ocean_header_custom_menu":"0","ocean_menu_typo_font_family":"0","ocean_menu_typo_font_subset":"","ocean_menu_typo_font_size":0,"ocean_menu_typo_font_size_tablet":0,"ocean_menu_typo_font_size_mobile":0,"ocean_menu_typo_font_size_unit":"px","ocean_menu_typo_font_weight":"","ocean_menu_typo_font_weight_tablet":"","ocean_menu_typo_font_weight_mobile":"","ocean_menu_typo_transform":"","ocean_menu_typo_transform_tablet":"","ocean_menu_typo_transform_mobile":"","ocean_menu_typo_line_height":0,"ocean_menu_typo_line_height_tablet":0,"ocean_menu_typo_line_height_mobile":0,"ocean_menu_typo_line_height_unit":"","ocean_menu_typo_spacing":0,"ocean_menu_typo_spacing_tablet":0,"ocean_menu_typo_spacing_mobile":0,"ocean_menu_typo_spacing_unit":"","ocean_menu_link_color":"","ocean_menu_link_color_hover":"","ocean_menu_link_color_active":"","ocean_menu_link_background":"","ocean_menu_link_hover_background":"","ocean_menu_link_active_background":"","ocean_menu_social_links_bg":"","ocean_menu_social_hover_links_bg":"","ocean_menu_social_links_color":"","ocean_menu_social_hover_links_color":"","ocean_disable_title":"default","ocean_disable_heading":"default","ocean_post_title":"","ocean_post_subheading":"","ocean_post_title_style":"","ocean_post_title_background_color":"","ocean_post_title_background":0,"ocean_post_title_bg_image_position":"","ocean_post_title_bg_image_attachment":"","ocean_post_title_bg_image_repeat":"","ocean_post_title_bg_image_size":"","ocean_post_title_height":0,"ocean_post_title_bg_overlay":0.5,"ocean_post_title_bg_overlay_color":"","ocean_disable_breadcrumbs":"default","ocean_breadcrumbs_color":"","ocean_breadcrumbs_separator_color":"","ocean_breadcrumbs_links_color":"","ocean_breadcrumbs_links_hover_color":"","ocean_display_footer_widgets":"default","ocean_display_footer_bottom":"default","ocean_custom_footer_template":"0","footnotes":""},"class_list":["post-218","page","type-page","status-publish","hentry","entry","owp-thumbs-layout-horizontal","owp-btn-normal","owp-tabs-layout-horizontal","has-no-thumbnails","has-product-nav"],"yoast_head":"<!-- This site is optimized with the Yoast SEO plugin v25.2 - https:\/\/yoast.com\/wordpress\/plugins\/seo\/ -->\n<title>Termeni \u0219i condi\u021bii - Em\u0151ke Beauty Zone<\/title>\n<meta name=\"description\" content=\"Cite\u0219te termenii \u0219i condi\u021biile de utilizare a site-ului Em\u0151ke Beauty Zone. Afl\u0103 informa\u021bii despre comenzi, pl\u0103\u021bi, livr\u0103ri \u0219i drepturile consumatorilor.\" \/>\n<meta name=\"robots\" content=\"index, follow, max-snippet:-1, max-image-preview:large, max-video-preview:-1\" \/>\n<link rel=\"canonical\" href=\"https:\/\/emokebeautyzone.ro\/hu\/termeni-si-conditii-emoke-beauty-zone\/\" \/>\n<meta property=\"og:locale\" content=\"hu_HU\" \/>\n<meta property=\"og:type\" content=\"article\" \/>\n<meta property=\"og:title\" content=\"Termeni \u0219i condi\u021bii - Em\u0151ke Beauty Zone\" \/>\n<meta property=\"og:description\" content=\"Cite\u0219te termenii \u0219i condi\u021biile de utilizare a site-ului Em\u0151ke Beauty Zone. Afl\u0103 informa\u021bii despre comenzi, pl\u0103\u021bi, livr\u0103ri \u0219i drepturile consumatorilor.\" \/>\n<meta property=\"og:url\" content=\"https:\/\/emokebeautyzone.ro\/hu\/termeni-si-conditii-emoke-beauty-zone\/\" \/>\n<meta property=\"og:site_name\" content=\"Em\u0151ke Beauty Zone\" \/>\n<meta property=\"article:publisher\" content=\"https:\/\/www.facebook.com\/EmokeBeautyZone\" \/>\n<meta property=\"article:modified_time\" content=\"2025-05-05T08:57:28+00:00\" \/>\n<meta name=\"twitter:card\" content=\"summary_large_image\" \/>\n<meta name=\"twitter:label1\" content=\"Becs\u00fclt olvas\u00e1si id\u0151\" \/>\n\t<meta name=\"twitter:data1\" content=\"5 perc\" \/>\n<script type=\"application\/ld+json\" class=\"yoast-schema-graph\">{\"@context\":\"https:\/\/schema.org\",\"@graph\":[{\"@type\":\"WebPage\",\"@id\":\"https:\/\/emokebeautyzone.ro\/termeni-si-conditii-emoke-beauty-zone\/\",\"url\":\"https:\/\/emokebeautyzone.ro\/termeni-si-conditii-emoke-beauty-zone\/\",\"name\":\"Termeni \u0219i condi\u021bii - Em\u0151ke Beauty Zone\",\"isPartOf\":{\"@id\":\"https:\/\/emokebeautyzone.ro\/#website\"},\"datePublished\":\"2023-01-05T12:10:57+00:00\",\"dateModified\":\"2025-05-05T08:57:28+00:00\",\"description\":\"Cite\u0219te termenii \u0219i condi\u021biile de utilizare a site-ului Em\u0151ke Beauty Zone. Afl\u0103 informa\u021bii despre comenzi, pl\u0103\u021bi, livr\u0103ri \u0219i drepturile consumatorilor.\",\"breadcrumb\":{\"@id\":\"https:\/\/emokebeautyzone.ro\/termeni-si-conditii-emoke-beauty-zone\/#breadcrumb\"},\"inLanguage\":\"hu\",\"potentialAction\":[{\"@type\":\"ReadAction\",\"target\":[\"https:\/\/emokebeautyzone.ro\/termeni-si-conditii-emoke-beauty-zone\/\"]}]},{\"@type\":\"BreadcrumbList\",\"@id\":\"https:\/\/emokebeautyzone.ro\/termeni-si-conditii-emoke-beauty-zone\/#breadcrumb\",\"itemListElement\":[{\"@type\":\"ListItem\",\"position\":1,\"name\":\"Prima pagin\u0103\",\"item\":\"https:\/\/emokebeautyzone.ro\/\"},{\"@type\":\"ListItem\",\"position\":2,\"name\":\"Termeni \u0219i condi\u021bii\"}]},{\"@type\":\"WebSite\",\"@id\":\"https:\/\/emokebeautyzone.ro\/#website\",\"url\":\"https:\/\/emokebeautyzone.ro\/\",\"name\":\"Em\u0151ke Beauty Zone\",\"description\":\"Beauty Zone\",\"publisher\":{\"@id\":\"https:\/\/emokebeautyzone.ro\/#organization\"},\"potentialAction\":[{\"@type\":\"SearchAction\",\"target\":{\"@type\":\"EntryPoint\",\"urlTemplate\":\"https:\/\/emokebeautyzone.ro\/?s={search_term_string}\"},\"query-input\":{\"@type\":\"PropertyValueSpecification\",\"valueRequired\":true,\"valueName\":\"search_term_string\"}}],\"inLanguage\":\"hu\"},{\"@type\":\"Organization\",\"@id\":\"https:\/\/emokebeautyzone.ro\/#organization\",\"name\":\"Em\u0151ke Beauty Zone\",\"url\":\"https:\/\/emokebeautyzone.ro\/\",\"logo\":{\"@type\":\"ImageObject\",\"inLanguage\":\"hu\",\"@id\":\"https:\/\/emokebeautyzone.ro\/#\/schema\/logo\/image\/\",\"url\":\"https:\/\/emokebeautyzone.ro\/wp-content\/uploads\/2023\/01\/ebz3.jpg\",\"contentUrl\":\"https:\/\/emokebeautyzone.ro\/wp-content\/uploads\/2023\/01\/ebz3.jpg\",\"width\":1024,\"height\":577,\"caption\":\"Em\u0151ke Beauty Zone\"},\"image\":{\"@id\":\"https:\/\/emokebeautyzone.ro\/#\/schema\/logo\/image\/\"},\"sameAs\":[\"https:\/\/www.facebook.com\/EmokeBeautyZone\",\"https:\/\/www.instagram.com\/emokebeauty\/\",\"https:\/\/www.tiktok.com\/@emokebeautyzone?_t=8XNHVoBtmsw&_r=1\",\"https:\/\/mero.ro\/p\/emke-beauty-zone?absp=search_autocomplete&qid=50d505c8fda846417b5232705f6da5b9\"]}]}<\/script>\n<!-- \/ Yoast SEO plugin. -->","yoast_head_json":{"title":"Termeni \u0219i condi\u021bii - Em\u0151ke Beauty Zone","description":"Cite\u0219te termenii \u0219i condi\u021biile de utilizare a site-ului Em\u0151ke Beauty Zone. Afl\u0103 informa\u021bii despre comenzi, pl\u0103\u021bi, livr\u0103ri \u0219i drepturile consumatorilor.","robots":{"index":"index","follow":"follow","max-snippet":"max-snippet:-1","max-image-preview":"max-image-preview:large","max-video-preview":"max-video-preview:-1"},"canonical":"https:\/\/emokebeautyzone.ro\/hu\/termeni-si-conditii-emoke-beauty-zone\/","og_locale":"hu_HU","og_type":"article","og_title":"Termeni \u0219i condi\u021bii - Em\u0151ke Beauty Zone","og_description":"Cite\u0219te termenii \u0219i condi\u021biile de utilizare a site-ului Em\u0151ke Beauty Zone. Afl\u0103 informa\u021bii despre comenzi, pl\u0103\u021bi, livr\u0103ri \u0219i drepturile consumatorilor.","og_url":"https:\/\/emokebeautyzone.ro\/hu\/termeni-si-conditii-emoke-beauty-zone\/","og_site_name":"Em\u0151ke Beauty Zone","article_publisher":"https:\/\/www.facebook.com\/EmokeBeautyZone","article_modified_time":"2025-05-05T08:57:28+00:00","twitter_card":"summary_large_image","twitter_misc":{"Becs\u00fclt olvas\u00e1si id\u0151":"5 perc"},"schema":{"@context":"https:\/\/schema.org","@graph":[{"@type":"WebPage","@id":"https:\/\/emokebeautyzone.ro\/termeni-si-conditii-emoke-beauty-zone\/","url":"https:\/\/emokebeautyzone.ro\/termeni-si-conditii-emoke-beauty-zone\/","name":"Termeni \u0219i condi\u021bii - Em\u0151ke Beauty Zone","isPartOf":{"@id":"https:\/\/emokebeautyzone.ro\/#website"},"datePublished":"2023-01-05T12:10:57+00:00","dateModified":"2025-05-05T08:57:28+00:00","description":"Cite\u0219te termenii \u0219i condi\u021biile de utilizare a site-ului Em\u0151ke Beauty Zone. Afl\u0103 informa\u021bii despre comenzi, pl\u0103\u021bi, livr\u0103ri \u0219i drepturile consumatorilor.","breadcrumb":{"@id":"https:\/\/emokebeautyzone.ro\/termeni-si-conditii-emoke-beauty-zone\/#breadcrumb"},"inLanguage":"hu","potentialAction":[{"@type":"ReadAction","target":["https:\/\/emokebeautyzone.ro\/termeni-si-conditii-emoke-beauty-zone\/"]}]},{"@type":"BreadcrumbList","@id":"https:\/\/emokebeautyzone.ro\/termeni-si-conditii-emoke-beauty-zone\/#breadcrumb","itemListElement":[{"@type":"ListItem","position":1,"name":"Prima pagin\u0103","item":"https:\/\/emokebeautyzone.ro\/"},{"@type":"ListItem","position":2,"name":"Termeni \u0219i condi\u021bii"}]},{"@type":"WebSite","@id":"https:\/\/emokebeautyzone.ro\/#website","url":"https:\/\/emokebeautyzone.ro\/","name":"Em\u0151ke Beauty Zone","description":"Beauty Zone","publisher":{"@id":"https:\/\/emokebeautyzone.ro\/#organization"},"potentialAction":[{"@type":"SearchAction","target":{"@type":"EntryPoint","urlTemplate":"https:\/\/emokebeautyzone.ro\/?s={search_term_string}"},"query-input":{"@type":"PropertyValueSpecification","valueRequired":true,"valueName":"search_term_string"}}],"inLanguage":"hu"},{"@type":"Organization","@id":"https:\/\/emokebeautyzone.ro\/#organization","name":"Em\u0151ke Beauty Zone","url":"https:\/\/emokebeautyzone.ro\/","logo":{"@type":"ImageObject","inLanguage":"hu","@id":"https:\/\/emokebeautyzone.ro\/#\/schema\/logo\/image\/","url":"https:\/\/emokebeautyzone.ro\/wp-content\/uploads\/2023\/01\/ebz3.jpg","contentUrl":"https:\/\/emokebeautyzone.ro\/wp-content\/uploads\/2023\/01\/ebz3.jpg","width":1024,"height":577,"caption":"Em\u0151ke Beauty Zone"},"image":{"@id":"https:\/\/emokebeautyzone.ro\/#\/schema\/logo\/image\/"},"sameAs":["https:\/\/www.facebook.com\/EmokeBeautyZone","https:\/\/www.instagram.com\/emokebeauty\/","https:\/\/www.tiktok.com\/@emokebeautyzone?_t=8XNHVoBtmsw&_r=1","https:\/\/mero.ro\/p\/emke-beauty-zone?absp=search_autocomplete&qid=50d505c8fda846417b5232705f6da5b9"]}]}},"jetpack_sharing_enabled":true,"_links":{"self":[{"href":"https:\/\/emokebeautyzone.ro\/hu\/wp-json\/wp\/v2\/pages\/218","targetHints":{"allow":["GET"]}}],"collection":[{"href":"https:\/\/emokebeautyzone.ro\/hu\/wp-json\/wp\/v2\/pages"}],"about":[{"href":"https:\/\/emokebeautyzone.ro\/hu\/wp-json\/wp\/v2\/types\/page"}],"author":[{"embeddable":true,"href":"https:\/\/emokebeautyzone.ro\/hu\/wp-json\/wp\/v2\/users\/1"}],"replies":[{"embeddable":true,"href":"https:\/\/emokebeautyzone.ro\/hu\/wp-json\/wp\/v2\/comments?post=218"}],"version-history":[{"count":8,"href":"https:\/\/emokebeautyzone.ro\/hu\/wp-json\/wp\/v2\/pages\/218\/revisions"}],"predecessor-version":[{"id":2220,"href":"https:\/\/emokebeautyzone.ro\/hu\/wp-json\/wp\/v2\/pages\/218\/revisions\/2220"}],"wp:attachment":[{"href":"https:\/\/emokebeautyzone.ro\/hu\/wp-json\/wp\/v2\/media?parent=218"}],"curies":[{"name":"wp","href":"https:\/\/api.w.org\/{rel}","templated":true}]}}